{"id":979,"date":"2026-02-18T10:27:12","date_gmt":"2026-02-18T09:27:12","guid":{"rendered":"https:\/\/site.educa.madrid.org\/cp.julianbesteiro.getafe\/?page_id=979"},"modified":"2026-02-24T14:52:18","modified_gmt":"2026-02-24T13:52:18","slug":"plan-digital-de-centro-pdc","status":"publish","type":"page","link":"https:\/\/site.educa.madrid.org\/cp.julianbesteiro.getafe\/index.php\/plan-digital-de-centro-pdc\/","title":{"rendered":"Plan Digital de Centro (PDC)"},"content":{"rendered":"\n<div style=\"height:50px\" aria-hidden=\"true\" class=\"wp-block-spacer\"><\/div>\n\n\n\n<p>Plan dise\u00f1ado para mejorar las competencias digitales del alumnado y profesorado, asegurando que los profesores est\u00e9n bien formados para ense\u00f1ar estas habilidades, impulsando un proceso de ense\u00f1anza y aprendizaje m\u00e1s interactivo, aut\u00f3nomo y motivador. Los objetivos del programa son:<\/p>\n\n\n\n<ul class=\"wp-block-list\">\n<li>Mejorar las competencias digitales del alumnado, especialmente las referidas al pensamiento computacional y a la programaci\u00f3n.<\/li>\n\n\n\n<li>Implementar competencias digitales en el aula, a trav\u00e9s de la formaci\u00f3n del profesorado, de su acompa\u00f1amiento y de la elaboraci\u00f3n de recursos educativos digitales.<\/li>\n\n\n\n<li>Dotar al centro educativo del equipamiento necesario para desarrollar las competencias digitales del alumnado.<\/li>\n<\/ul>\n\n\n\n<p>Durante todo este proceso, el centro educativo contar\u00e1 con el apoyo de un Mentor de Rob\u00f3tica, quien ayudar\u00e1 a organizar, acompa\u00f1ar y formar al equipo docente para el mejor desarrollo de este Programa.<\/p>\n\n\n\n<figure class=\"wp-block-table\"><table class=\"has-fixed-layout\"><tbody><tr><td class=\"has-text-align-center\" data-align=\"center\">Plan Digital de centro<\/td><td class=\"has-text-align-center\" data-align=\"center\">\u00a0Consultar en apartado <br>\u00ab<a href=\"https:\/\/www.educa2.madrid.org\/web\/centro.cp.julianbesteiro.getafe\/documentos-institucionales\" target=\"_blank\" rel=\"noreferrer noopener\">Informaci\u00f3n a familias \/ Documentos institucionales<\/a>\u00ab<\/td><\/tr><\/tbody><\/table><\/figure>\n\n\n\n<div style=\"height:100px\" aria-hidden=\"true\" class=\"wp-block-spacer\"><\/div>\n","protected":false},"excerpt":{"rendered":"<p>Plan dise\u00f1ado para mejorar las competencias digitales del alumnado y profesorado, asegurando que los profesores est\u00e9n bien formados para ense\u00f1ar estas habilidades, impulsando un proceso de ense\u00f1anza y aprendizaje m\u00e1s &#8230;<\/p>\n","protected":false},"author":2,"featured_media":0,"parent":0,"menu_order":0,"comment_status":"closed","ping_status":"closed","template":"","meta":{"footnotes":""},"folder":[],"class_list":["post-979","page","type-page","status-publish","hentry"],"rttpg_featured_image_url":null,"rttpg_author":{"display_name":"tic.cp.julianbesteiro.getafe","author_link":"https:\/\/site.educa.madrid.org\/cp.julianbesteiro.getafe\/index.php\/author\/cuenta_tic-cp-julianbesteiro-getafe\/"},"rttpg_comment":0,"rttpg_category":false,"rttpg_excerpt":"Plan dise\u00f1ado para mejorar las competencias digitales del alumnado y profesorado, asegurando que los profesores est\u00e9n bien formados para ense\u00f1ar estas habilidades, impulsando un proceso de ense\u00f1anza y aprendizaje m\u00e1s ...","post_mailing_queue_ids":[],"_links":{"self":[{"href":"https:\/\/site.educa.madrid.org\/cp.julianbesteiro.getafe\/index.php\/wp-json\/wp\/v2\/pages\/979","targetHints":{"allow":["GET"]}}],"collection":[{"href":"https:\/\/site.educa.madrid.org\/cp.julianbesteiro.getafe\/index.php\/wp-json\/wp\/v2\/pages"}],"about":[{"href":"https:\/\/site.educa.madrid.org\/cp.julianbesteiro.getafe\/index.php\/wp-json\/wp\/v2\/types\/page"}],"author":[{"embeddable":true,"href":"https:\/\/site.educa.madrid.org\/cp.julianbesteiro.getafe\/index.php\/wp-json\/wp\/v2\/users\/2"}],"replies":[{"embeddable":true,"href":"https:\/\/site.educa.madrid.org\/cp.julianbesteiro.getafe\/index.php\/wp-json\/wp\/v2\/comments?post=979"}],"version-history":[{"count":4,"href":"https:\/\/site.educa.madrid.org\/cp.julianbesteiro.getafe\/index.php\/wp-json\/wp\/v2\/pages\/979\/revisions"}],"predecessor-version":[{"id":1250,"href":"https:\/\/site.educa.madrid.org\/cp.julianbesteiro.getafe\/index.php\/wp-json\/wp\/v2\/pages\/979\/revisions\/1250"}],"wp:attachment":[{"href":"https:\/\/site.educa.madrid.org\/cp.julianbesteiro.getafe\/index.php\/wp-json\/wp\/v2\/media?parent=979"}],"wp:term":[{"taxonomy":"folder","embeddable":true,"href":"https:\/\/site.educa.madrid.org\/cp.julianbesteiro.getafe\/index.php\/wp-json\/wp\/v2\/folder?post=979"}],"curies":[{"name":"wp","href":"https:\/\/api.w.org\/{rel}","templated":true}]}}