{"id":995,"date":"2026-02-18T10:40:08","date_gmt":"2026-02-18T09:40:08","guid":{"rendered":"https:\/\/site.educa.madrid.org\/cp.julianbesteiro.getafe\/?page_id=995"},"modified":"2026-03-20T13:40:07","modified_gmt":"2026-03-20T12:40:07","slug":"comedor-escolar","status":"publish","type":"page","link":"https:\/\/site.educa.madrid.org\/cp.julianbesteiro.getafe\/index.php\/comedor-escolar\/","title":{"rendered":"Comedor Escolar"},"content":{"rendered":"\n<p>El servicio de comedor no tiene car\u00e1cter obligatorio. Comienza a funcionar el primer d\u00eda lectivo del curso y finalizar\u00e1 el \u00faltimo, excepto para el alumnado de tres a\u00f1os (debido al periodo de adaptaci\u00f3n).&nbsp;El horario del comedor ser\u00e1 de 14:00 a 16:00 h (octubre a mayo) y de 13:00 a 15:00 h (septiembre y junio).&nbsp;<\/p>\n\n\n\n<p>Es obligatorio presentar el impreso de comedor cumplimentado en su totalidad todos los a\u00f1os (en septiembre antes del 1\u00ba d\u00eda de clase).<\/p>\n\n\n\n<div style=\"height:9px\" aria-hidden=\"true\" class=\"wp-block-spacer\"><\/div>\n\n\n<div class=\"wp-block-image\">\n<figure class=\"aligncenter size-large\"><img loading=\"lazy\" decoding=\"async\" width=\"1024\" height=\"559\" src=\"https:\/\/site.educa.madrid.org\/cp.julianbesteiro.getafe\/\/wp-content\/uploads\/cp.julianbesteiro.getafe\/2026\/03\/menu-comedor-1024x559.png\" alt=\"\" class=\"wp-image-1612\" srcset=\"https:\/\/site.educa.madrid.org\/cp.julianbesteiro.getafe\/\/wp-content\/uploads\/cp.julianbesteiro.getafe\/2026\/03\/menu-comedor-1024x559.png 1024w, https:\/\/site.educa.madrid.org\/cp.julianbesteiro.getafe\/\/wp-content\/uploads\/cp.julianbesteiro.getafe\/2026\/03\/menu-comedor-300x164.png 300w, https:\/\/site.educa.madrid.org\/cp.julianbesteiro.getafe\/\/wp-content\/uploads\/cp.julianbesteiro.getafe\/2026\/03\/menu-comedor-768x419.png 768w, https:\/\/site.educa.madrid.org\/cp.julianbesteiro.getafe\/\/wp-content\/uploads\/cp.julianbesteiro.getafe\/2026\/03\/menu-comedor.png 1408w\" sizes=\"auto, (max-width: 1024px) 100vw, 1024px\" \/><\/figure>\n<\/div>\n\n\n<div style=\"height:7px\" aria-hidden=\"true\" class=\"wp-block-spacer\"><\/div>\n\n\n\n<p class=\"has-text-align-center\">El <strong><mark style=\"background-color:rgba(0, 0, 0, 0)\" class=\"has-inline-color has-vivid-cyan-blue-color\">MEN\u00da DEL MES<\/mark><\/strong> lo puedes encontrar <strong><mark style=\"background-color:rgba(0, 0, 0, 0)\" class=\"has-inline-color has-vivid-cyan-blue-color\">en la aplicaci\u00f3n ROBLE<\/mark><\/strong> accediendo con tus claves de tutor\/a del alumno\/a.<\/p>\n\n\n\n<div style=\"height:5px\" aria-hidden=\"true\" class=\"wp-block-spacer\"><\/div>\n\n\n<div class=\"wp-block-image\">\n<figure class=\"aligncenter size-large\"><img loading=\"lazy\" decoding=\"async\" width=\"1024\" height=\"559\" src=\"https:\/\/site.educa.madrid.org\/cp.julianbesteiro.getafe\/\/wp-content\/uploads\/cp.julianbesteiro.getafe\/2026\/03\/imagen-comedor-dibujo-animado-1024x559.png\" alt=\"\" class=\"wp-image-1547\" srcset=\"https:\/\/site.educa.madrid.org\/cp.julianbesteiro.getafe\/\/wp-content\/uploads\/cp.julianbesteiro.getafe\/2026\/03\/imagen-comedor-dibujo-animado-1024x559.png 1024w, https:\/\/site.educa.madrid.org\/cp.julianbesteiro.getafe\/\/wp-content\/uploads\/cp.julianbesteiro.getafe\/2026\/03\/imagen-comedor-dibujo-animado-300x164.png 300w, https:\/\/site.educa.madrid.org\/cp.julianbesteiro.getafe\/\/wp-content\/uploads\/cp.julianbesteiro.getafe\/2026\/03\/imagen-comedor-dibujo-animado-768x419.png 768w, https:\/\/site.educa.madrid.org\/cp.julianbesteiro.getafe\/\/wp-content\/uploads\/cp.julianbesteiro.getafe\/2026\/03\/imagen-comedor-dibujo-animado.png 1408w\" sizes=\"auto, (max-width: 1024px) 100vw, 1024px\" \/><\/figure>\n<\/div>\n\n\n<p>A continuaci\u00f3n, puede descargar el coste del servicio por meses:<\/p>\n\n\n\n<figure class=\"wp-block-table\"><table class=\"has-fixed-layout\"><tbody><tr><td class=\"has-text-align-center\" data-align=\"center\">Impreso de comedor y normas<\/td><td class=\"has-text-align-center\" data-align=\"center\">Lo puedes encontrar en: <br>Secretar\u00eda \/ Impresos para secretar\u00eda<\/td><\/tr><tr><td class=\"has-text-align-center\" data-align=\"center\">Coste del servicio por mensualidades CURSO 2025-26<\/td><td class=\"has-text-align-center\" data-align=\"center\"><a href=\"https:\/\/www.educa2.madrid.org\/web\/educamadrid\/principal\/files\/2e347892-5a88-4852-8647-56d8871d0136\/CONTABILIDAD%20COMEDOR%20ESCOLAR%202025-26.pdf?t=1756987491226\" target=\"_blank\" rel=\"noreferrer noopener\"><a href=\"https:\/\/www.educa2.madrid.org\/web\/educamadrid\/principal\/files\/2e347892-5a88-4852-8647-56d8871d0136\/CONTABILIDAD%20COMEDOR%20ESCOLAR%202025-26%20%282%29.pdf?t=1771855986802\" target=\"_blank\" rel=\"noreferrer noopener\">Descargar<\/a><\/a><\/td><\/tr><\/tbody><\/table><\/figure>\n\n\n\n<h3 class=\"wp-block-heading\">SERVICIO DE COMEDOR (Requisitos y normas)<\/h3>\n\n\n\n<ul class=\"wp-block-list\">\n<li>Si alg\u00fan padre\/madre o tutor necesita recoger a un alumno durante este servicio deber\u00e1 estar autorizado. Si fuera otra persona distinta a las autorizadas la familia deber\u00e1 comunicarlo y la persona delegada acreditarse con D.N.I.<\/li>\n\n\n\n<li>El men\u00fa se entregar\u00e1 al alumno al comenzar el mes, tambi\u00e9n lo pueden encontrar en nuestra p\u00e1gina Web.<\/li>\n\n\n\n<li>Para obtener plaza debe estar al corriente de pago en el curso anterior.<\/li>\n\n\n\n<li>Dependiendo del n\u00famero de comensales habr\u00e1 uno o dos turnos de comida. Cuando exista solamente un turno, la comida ser\u00e1 de 14:00 a 15:00 h y de 15:00 a 16:00 h el alumnado, bajo vigilancia de las monitoras, realizar\u00e1 actividades en el patio o a cubierto en caso de lluvia. Cuando existan dos turnos, en el primer turno de 14:00 a 15:00 h, comer\u00e1n los alumnos m\u00e1s peque\u00f1os y en el segundo turno de 15:00 a 16:00 h el resto de alumnos, el resto del tiempo permanecer\u00e1n bajo la vigilancia de su monitor de comedor realizando actividades l\u00fadicas o recreativas.<\/li>\n\n\n\n<li>Se considera alumno fijo de comedor al usuario que lo utiliza al menos un mes seguido.<\/li>\n\n\n\n<li>Los alumnos que necesiten utilizar este servicio de forma eventual (d\u00edas sueltos) tendr\u00e1n un importe diario superior al de los alumnos que lo usan de manera habitual. Los alumnos eventuales siempre pagar\u00e1n por adelantado en la secretar\u00eda, de 9:05 a 10:00 h (si es posible el d\u00eda anterior), comunic\u00e1ndolo tambi\u00e9n al tutor. Si no se cumplen estos requisitos el alumno no har\u00e1 uso de este servicio. El colegio no comunicar\u00e1 a ning\u00fan alumno que se queda a comer.<\/li>\n\n\n\n<li>En todos los casos, los pagos se efectuar\u00e1n por domiciliaci\u00f3n bancaria la primera semana de cada mes, las familias indicar\u00e1n el n\u00famero de cuenta en el impreso de comedor, adjuntando fotocopia de la primera hoja de la cartilla, debiendo autorizar en el banco el cobro de la cuota.<\/li>\n\n\n\n<li>El mes de septiembre se abonar\u00e1 por semanas completas independientemente del n\u00famero de d\u00edas que haga uso del servicio.<\/li>\n\n\n\n<li>El coste mensual del Comedor Escolar ser\u00e1 el resultado de multiplicar el n\u00famero de d\u00edas lectivos de cada mes por el importe diario que marca la administraci\u00f3n. Anualmente se colgar\u00e1 en el tabl\u00f3n de anuncios el precio mensual del servicio. Todos los alumnos deben abonar el coste del servicio por adelantado.<\/li>\n\n\n\n<li>Los recibos devueltos o impagos por parte de las familias ser\u00e1n abonados en Secretar\u00eda en los tres d\u00edas posteriores a su notificaci\u00f3n por parte del colegio, incrementando al importe devuelto 3 \u20ac en concepto de penalizaci\u00f3n, en caso contrario causar\u00e1 baja del servicio hasta abonar la deuda. Si se devuelve un segundo recibo durante el curso escolar causar\u00e1 baja definitiva.<\/li>\n\n\n\n<li>Los alumnos que tengan cuotas pendientes durante el curso no podr\u00e1n hacer uso del servicio de comedor.<\/li>\n\n\n\n<li>Las bajas y altas del servicio se comunicar\u00e1n antes de finalizar el mes en curso para realizar los ajustes pertinentes.<\/li>\n\n\n\n<li>Las devoluciones se realizar\u00e1n en el mes siguiente y tendr\u00e1n que cumplir los siguientes criterios:\n<ul class=\"wp-block-list\">\n<li>A partir de tres d\u00edas consecutivos de ausencia y hasta el sexto d\u00eda, se devolver\u00e1 el 50% del importe diario.<\/li>\n\n\n\n<li>A partir del s\u00e9ptimo d\u00eda consecutivo de ausencia se devolver\u00e1 el 100% del importe diario.<\/li>\n\n\n\n<li>En caso de huelga que no afecte a la empresa que da el servicio se devolver\u00e1 el 50% del importe diario.<\/li>\n\n\n\n<li>A los alumnos becados solamente se les devolver\u00e1 el tanto por ciento que corresponda del dinero abonado, no del importe total de la beca.<\/li>\n\n\n\n<li>Si se realiza alguna actividad complementaria que implique comer fuera del colegio, el comedor preparar\u00e1 un picnic para los alumnos. Aunque el alumno no necesite el picnic no se devolver\u00e1 el importe de ese d\u00eda. Si la propia actividad lleva impl\u00edcita la comida (albergue, granjas, etc.) se devolver\u00e1 el 50% del importe de ese d\u00eda.<\/li>\n\n\n\n<li>No es necesario que las familias soliciten la devoluci\u00f3n en secretar\u00eda, mes a mes se revisar\u00e1n las asistencias y se proceder\u00e1 autom\u00e1ticamente a la devoluci\u00f3n.<\/li>\n<\/ul>\n<\/li>\n\n\n\n<li>Los alumnos que hayan recibido Reduccci\u00f3n de cuota de comedor abonar\u00e1n el importe estipulado para el tipo de reducci\u00f3n concedido. No se podr\u00e1n acumular los importes, en ning\u00fan, caso, los importes de este tipo de subvenciones.<\/li>\n\n\n\n<li>Los alumnos que presenten alg\u00fan tipo de alergia a determinados alimentos o enfermedad proceder\u00e1n de la siguiente manera: informarlo en el impreso de comedor y presentar el informe m\u00e9dico y la fotocopia en Secretar\u00eda: indicando el tipo de enfermedad o trastorno que padece (al\u00e9rgico, diabetes, celiaco, etc.) y los alimentos que no puede ingerir.<\/li>\n\n\n\n<li>Las normas de nuestro centro escolar son de obligado cumplimiento en el servicio de comedor escolar.<\/li>\n\n\n\n<li>Las familias si lo desean puedan hablar con la coordinadora o monitoras de comedor, previa cita, el d\u00eda de la semana que acuerden, siempre en horario de comedor.<\/li>\n\n\n\n<li>Cualquier incidencia, imputable a los alumnos, que pueda perturbar el normal desarrollo del servicio, determinar\u00e1 que se adopten las medidas que se consideren oportunas para asegurar su correcto funcionamiento, incluida la baja temporal o definitiva del alumno del servicio de comedor.<\/li>\n<\/ul>\n","protected":false},"excerpt":{"rendered":"<p>El servicio de comedor no tiene car\u00e1cter obligatorio. Comienza a funcionar el primer d\u00eda lectivo del curso y finalizar\u00e1 el \u00faltimo, excepto para el alumnado de tres a\u00f1os (debido al &#8230;<\/p>\n","protected":false},"author":2,"featured_media":0,"parent":0,"menu_order":0,"comment_status":"closed","ping_status":"closed","template":"","meta":{"footnotes":""},"folder":[],"class_list":["post-995","page","type-page","status-publish","hentry"],"rttpg_featured_image_url":null,"rttpg_author":{"display_name":"tic.cp.julianbesteiro.getafe","author_link":"https:\/\/site.educa.madrid.org\/cp.julianbesteiro.getafe\/index.php\/author\/cuenta_tic-cp-julianbesteiro-getafe\/"},"rttpg_comment":0,"rttpg_category":false,"rttpg_excerpt":"El servicio de comedor no tiene car\u00e1cter obligatorio. Comienza a funcionar el primer d\u00eda lectivo del curso y finalizar\u00e1 el \u00faltimo, excepto para el alumnado de tres a\u00f1os (debido al ...","post_mailing_queue_ids":[],"_links":{"self":[{"href":"https:\/\/site.educa.madrid.org\/cp.julianbesteiro.getafe\/index.php\/wp-json\/wp\/v2\/pages\/995","targetHints":{"allow":["GET"]}}],"collection":[{"href":"https:\/\/site.educa.madrid.org\/cp.julianbesteiro.getafe\/index.php\/wp-json\/wp\/v2\/pages"}],"about":[{"href":"https:\/\/site.educa.madrid.org\/cp.julianbesteiro.getafe\/index.php\/wp-json\/wp\/v2\/types\/page"}],"author":[{"embeddable":true,"href":"https:\/\/site.educa.madrid.org\/cp.julianbesteiro.getafe\/index.php\/wp-json\/wp\/v2\/users\/2"}],"replies":[{"embeddable":true,"href":"https:\/\/site.educa.madrid.org\/cp.julianbesteiro.getafe\/index.php\/wp-json\/wp\/v2\/comments?post=995"}],"version-history":[{"count":11,"href":"https:\/\/site.educa.madrid.org\/cp.julianbesteiro.getafe\/index.php\/wp-json\/wp\/v2\/pages\/995\/revisions"}],"predecessor-version":[{"id":1655,"href":"https:\/\/site.educa.madrid.org\/cp.julianbesteiro.getafe\/index.php\/wp-json\/wp\/v2\/pages\/995\/revisions\/1655"}],"wp:attachment":[{"href":"https:\/\/site.educa.madrid.org\/cp.julianbesteiro.getafe\/index.php\/wp-json\/wp\/v2\/media?parent=995"}],"wp:term":[{"taxonomy":"folder","embeddable":true,"href":"https:\/\/site.educa.madrid.org\/cp.julianbesteiro.getafe\/index.php\/wp-json\/wp\/v2\/folder?post=995"}],"curies":[{"name":"wp","href":"https:\/\/api.w.org\/{rel}","templated":true}]}}