{"id":998,"date":"2026-02-18T10:41:22","date_gmt":"2026-02-18T09:41:22","guid":{"rendered":"https:\/\/site.educa.madrid.org\/cp.julianbesteiro.getafe\/?page_id=998"},"modified":"2026-03-25T10:34:06","modified_gmt":"2026-03-25T09:34:06","slug":"ruta-escolar","status":"publish","type":"page","link":"https:\/\/site.educa.madrid.org\/cp.julianbesteiro.getafe\/index.php\/ruta-escolar\/","title":{"rendered":"Ruta escolar"},"content":{"rendered":"<div class=\"wp-block-image\">\n<figure class=\"aligncenter size-large is-resized\"><img loading=\"lazy\" decoding=\"async\" width=\"1024\" height=\"439\" src=\"https:\/\/site.educa.madrid.org\/cp.julianbesteiro.getafe\/\/wp-content\/uploads\/cp.julianbesteiro.getafe\/2026\/03\/Gemini_Generated_Image_qm9beqqm9beqqm9b-1024x439.png\" alt=\"\" class=\"wp-image-1680\" style=\"width:676px;height:auto\" srcset=\"https:\/\/site.educa.madrid.org\/cp.julianbesteiro.getafe\/\/wp-content\/uploads\/cp.julianbesteiro.getafe\/2026\/03\/Gemini_Generated_Image_qm9beqqm9beqqm9b-1024x439.png 1024w, https:\/\/site.educa.madrid.org\/cp.julianbesteiro.getafe\/\/wp-content\/uploads\/cp.julianbesteiro.getafe\/2026\/03\/Gemini_Generated_Image_qm9beqqm9beqqm9b-300x129.png 300w, https:\/\/site.educa.madrid.org\/cp.julianbesteiro.getafe\/\/wp-content\/uploads\/cp.julianbesteiro.getafe\/2026\/03\/Gemini_Generated_Image_qm9beqqm9beqqm9b-768x329.png 768w, https:\/\/site.educa.madrid.org\/cp.julianbesteiro.getafe\/\/wp-content\/uploads\/cp.julianbesteiro.getafe\/2026\/03\/Gemini_Generated_Image_qm9beqqm9beqqm9b-1536x658.png 1536w, https:\/\/site.educa.madrid.org\/cp.julianbesteiro.getafe\/\/wp-content\/uploads\/cp.julianbesteiro.getafe\/2026\/03\/Gemini_Generated_Image_qm9beqqm9beqqm9b.png 1568w\" sizes=\"auto, (max-width: 1024px) 100vw, 1024px\" \/><\/figure>\n<\/div>\n\n\n<p>La ruta escolar corre a cargo de la Comunidad de Madrid y es gratuita.<\/p>\n\n\n\n<p>Los alumnos ir\u00e1n acompa\u00f1ados durante la ruta de un monitor.<\/p>\n\n\n\n<p>Puedes descargar el impreso de ruta escolar para posteriormente entregarlo en secretar\u00eda:<\/p>\n\n\n\n<figure class=\"wp-block-table\"><table class=\"has-fixed-layout\"><tbody><tr><td class=\"has-text-align-center\" data-align=\"center\"><br>Impreso ruta escolar<br><\/td><td><br>Lo puedes encontrar en <a href=\"https:\/\/www.educa2.madrid.org\/web\/educamadrid\/principal\/files\/0b47edf7-ba46-4b27-82e5-bbe04bfe1c8a\/Solicitud%20ruta%20escolar%20anexo%20III%20EDITABLE.pdf?t=1688474084271\" target=\"_blank\" rel=\"noreferrer noopener\">Secretar\u00eda \/ impresos<\/a><br><\/td><\/tr><\/tbody><\/table><\/figure>\n\n\n\n<p><strong>&nbsp;Obligaciones de los alumnos usuarios del transporte<\/strong><\/p>\n\n\n\n<p>1. Los alumnos est\u00e1n obligados a cuidar el habit\u00e1culo de los veh\u00edculos de transporte y a seguir las indicaciones del conductor y, en su caso, del acompa\u00f1ante, con quienes deber\u00e1n mostrar en todo momento una actitud respetuosa, as\u00ed como con sus compa\u00f1eros.<\/p>\n\n\n\n<p>2. Cualquier incidencia imputable, a los alumnos que pueda perturbar el normal desarrollo del servicio, determinar\u00e1 que el Director del centro recabe la colaboraci\u00f3n de las familias y alumnos usuarios, adoptando las medidas que considere oportunas para asegurar su correcto funcionamiento, incluida la suspensi\u00f3n cautelar del transporte al alumno cuando su conducta afecte a la seguridad del veh\u00edculo.<\/p>\n\n\n\n<p>3. El transporte escolar es un servicio complementario y gratuito para el usuario, que se presta en los centros docentes p\u00fablicos de la Comunidad de Madrid cuya regulaci\u00f3n se encuentra recogida en la Orden 3793\/2005, de 21 de julio, de la Consejer\u00eda de Educaci\u00f3n.<\/p>\n\n\n\n<p>4. Lo dispuesto en el apartado anterior ser\u00e1 de aplicaci\u00f3n en los supuestos de incumplimiento de las obligaciones expresamente asumidas por el representante legal del alumno, en los t\u00e9rminos pactados que figuren en el impreso de autorizaci\u00f3n del uso del transporte.<\/p>\n\n\n\n<p>5. Est\u00e1 prohibido el uso de la ruta por personas o alumnos no autorizados.<\/p>\n\n\n\n<p><strong>&nbsp;Normas de utilizaci\u00f3n<\/strong><\/p>\n\n\n\n<p>1. Todas las familias con derecho a la utilizaci\u00f3n de ruta podr\u00e1n hacer uso de este servicio, siempre que existan plazas vacantes y hayan cumplimentado el impreso correspondiente. Si existiese m\u00e1s demanda que plazas, se realizar\u00e1 un sorteo p\u00fablico entre las nuevas solicitudes.<br>2. Las familias tendr\u00e1n que entregar la autorizaci\u00f3n cumplimentada en su totalidad y firmada a la Direcci\u00f3n del centro con anterioridad a su utilizaci\u00f3n.<br>3. Esta autorizaci\u00f3n tiene la duraci\u00f3n de un curso escolar, por ello deber\u00e1 entregarse al inicio de cada curso del 1 al 7 de septiembre.<br>4. La utilizaci\u00f3n de la ruta ser\u00e1 diaria en viaje de ida y vuelta, no de forma eventual.<br>5. Los alumnos que no vayan a utilizar la ruta, de manera excepcional y por motivos justificados, deber\u00e1n comunicarlo previamente por escrito a la Direcci\u00f3n del centro. En base a ello, si la Direcci\u00f3n no recibe dicha comunicaci\u00f3n escrita, los alumnos montar\u00e1n en la ruta.<br>6. Quedar\u00e1n a la espera de confirmaci\u00f3n de plaza los alumnos que utilizan los servicios de desayuno y\/o las actividades extraescolares, ya que, en caso de existir m\u00e1s demanda que plazas, tendr\u00e1n prioridad los alumnos que utilizan el servicio de manera diaria en viaje de ida y vuelta, tal y como marca la normativa.<br>7. En base a la norma anterior debe marcar los posibles servicios que desee o necesite utilizar: desayuno y\/o actividades extraescolares.<\/p>\n\n\n\n<div style=\"height:50px\" aria-hidden=\"true\" class=\"wp-block-spacer\"><\/div>\n\n\n\n<p>La ruta escolar corre a cargo de la Comunidad de Madrid.<\/p>\n\n\n\n<p>Los alumnos ir\u00e1n acompa\u00f1ados durante la ruta de un monitor.<\/p>\n\n\n\n<p>Puedes descargar el impreso de ruta escolar para posteriormente entregarlo en secretar\u00eda:<\/p>\n\n\n\n<figure class=\"wp-block-table\"><table class=\"has-fixed-layout\"><tbody><tr><td class=\"has-text-align-center\" data-align=\"center\">Impreso ruta escolar<\/td><td class=\"has-text-align-center\" data-align=\"center\">Lo puedes encontrar en Secretar\u00eda \/ impresos<\/td><\/tr><\/tbody><\/table><\/figure>\n\n\n\n<p>&nbsp;Obligaciones de los alumnos usuarios del transporte<\/p>\n\n\n\n<p>1. Los alumnos est\u00e1n obligados a cuidar el habit\u00e1culo de los veh\u00edculos de transporte y a seguir las indicaciones del conductor y, en su caso, del acompa\u00f1ante, con quienes deber\u00e1n mostrar en todo momento una actitud respetuosa, as\u00ed como con sus compa\u00f1eros.<br>2. Cualquier incidencia imputable, a los alumnos que pueda perturbar el normal desarrollo del servicio, determinar\u00e1 que el Director del centro recabe la colaboraci\u00f3n de las familias y alumnos usuarios, adoptando las medidas que considere oportunas para asegurar su correcto funcionamiento, incluida la suspensi\u00f3n cautelar del transporte al alumno cuando su conducta afecte a la seguridad del veh\u00edculo, ello de conformidad con lo dispuesto en el Decreto 136\/2002, de 25 de julio, por el que se establece el Marco Regulador de las Normas de Convivencia en los Centros Docentes de la Comunidad de Madrid.<br>3. Lo dispuesto en el apartado anterior ser\u00e1 de aplicaci\u00f3n en los supuestos de incumplimiento de las obligaciones expresamente asumidas por el representante legal del alumno, en los t\u00e9rminos pactados que figuren en el impreso de autorizaci\u00f3n del uso del transporte.<br>4. Est\u00e1 prohibido el uso de la ruta por personas o alumnos no autorizados.<\/p>\n\n\n\n<p>&nbsp;Normas de utilizaci\u00f3n<\/p>\n\n\n\n<p>1. Todas las familias con derecho a la utilizaci\u00f3n de ruta podr\u00e1n hacer uso de este servicio, siempre que existan plazas vacantes y hayan cumplimentado el impreso correspondiente. Si existiese m\u00e1s demanda que plazas, se realizar\u00e1 un sorteo p\u00fablico entre las nuevas solicitudes.<br>2. Las familias tendr\u00e1n que entregar la autorizaci\u00f3n cumplimentada en su totalidad y firmada a la Direcci\u00f3n del centro con anterioridad a su utilizaci\u00f3n.<br>3. Esta autorizaci\u00f3n tiene la duraci\u00f3n de un curso escolar, por ello deber\u00e1 entregarse al inicio de cada curso del 1 al 7 de septiembre.<br>4. La utilizaci\u00f3n de la ruta ser\u00e1 diaria en viaje de ida y vuelta, no de forma eventual.<br>5. Los alumnos que no vayan a utilizar la ruta, de manera excepcional y por motivos justificados, deber\u00e1n comunicarlo previamente por escrito a la Direcci\u00f3n del centro. En base a ello, si la Direcci\u00f3n no recibe dicha comunicaci\u00f3n escrita, los alumnos montar\u00e1n en la ruta.<br>6. Quedar\u00e1n a la espera de confirmaci\u00f3n de plaza los alumnos que utilizan los servicios de desayuno y\/o las actividades extraescolares, ya que, en caso de existir m\u00e1s demanda que plazas, tendr\u00e1n prioridad los alumnos que utilizan el servicio de manera diaria en viaje de ida y vuelta, tal y como marca la normativa.<br>7. En base a la norma anterior debe marcar los posibles servicios que desee o necesite utilizar: desayuno y\/o actividades extraescolares.<\/p>\n\n\n\n<div style=\"height:100px\" aria-hidden=\"true\" class=\"wp-block-spacer\"><\/div>\n","protected":false},"excerpt":{"rendered":"<p>La ruta escolar corre a cargo de la Comunidad de Madrid y es gratuita. Los alumnos ir\u00e1n acompa\u00f1ados durante la ruta de un monitor. Puedes descargar el impreso de ruta &#8230;<\/p>\n","protected":false},"author":2,"featured_media":0,"parent":0,"menu_order":0,"comment_status":"closed","ping_status":"closed","template":"","meta":{"footnotes":""},"folder":[],"class_list":["post-998","page","type-page","status-publish","hentry"],"rttpg_featured_image_url":null,"rttpg_author":{"display_name":"tic.cp.julianbesteiro.getafe","author_link":"https:\/\/site.educa.madrid.org\/cp.julianbesteiro.getafe\/index.php\/author\/cuenta_tic-cp-julianbesteiro-getafe\/"},"rttpg_comment":0,"rttpg_category":false,"rttpg_excerpt":"La ruta escolar corre a cargo de la Comunidad de Madrid y es gratuita. Los alumnos ir\u00e1n acompa\u00f1ados durante la ruta de un monitor. Puedes descargar el impreso de ruta ...","post_mailing_queue_ids":[],"_links":{"self":[{"href":"https:\/\/site.educa.madrid.org\/cp.julianbesteiro.getafe\/index.php\/wp-json\/wp\/v2\/pages\/998","targetHints":{"allow":["GET"]}}],"collection":[{"href":"https:\/\/site.educa.madrid.org\/cp.julianbesteiro.getafe\/index.php\/wp-json\/wp\/v2\/pages"}],"about":[{"href":"https:\/\/site.educa.madrid.org\/cp.julianbesteiro.getafe\/index.php\/wp-json\/wp\/v2\/types\/page"}],"author":[{"embeddable":true,"href":"https:\/\/site.educa.madrid.org\/cp.julianbesteiro.getafe\/index.php\/wp-json\/wp\/v2\/users\/2"}],"replies":[{"embeddable":true,"href":"https:\/\/site.educa.madrid.org\/cp.julianbesteiro.getafe\/index.php\/wp-json\/wp\/v2\/comments?post=998"}],"version-history":[{"count":10,"href":"https:\/\/site.educa.madrid.org\/cp.julianbesteiro.getafe\/index.php\/wp-json\/wp\/v2\/pages\/998\/revisions"}],"predecessor-version":[{"id":1682,"href":"https:\/\/site.educa.madrid.org\/cp.julianbesteiro.getafe\/index.php\/wp-json\/wp\/v2\/pages\/998\/revisions\/1682"}],"wp:attachment":[{"href":"https:\/\/site.educa.madrid.org\/cp.julianbesteiro.getafe\/index.php\/wp-json\/wp\/v2\/media?parent=998"}],"wp:term":[{"taxonomy":"folder","embeddable":true,"href":"https:\/\/site.educa.madrid.org\/cp.julianbesteiro.getafe\/index.php\/wp-json\/wp\/v2\/folder?post=998"}],"curies":[{"name":"wp","href":"https:\/\/api.w.org\/{rel}","templated":true}]}}