{"id":1353,"date":"2023-01-26T10:25:46","date_gmt":"2023-01-26T09:25:46","guid":{"rendered":"https:\/\/site.educa.madrid.org\/cp.lagaviota.torrejondeardoz\/?page_id=1353"},"modified":"2023-02-01T14:18:36","modified_gmt":"2023-02-01T13:18:36","slug":"comunicacion-digital-con-las-familias","status":"publish","type":"page","link":"https:\/\/site.educa.madrid.org\/cp.lagaviota.torrejondeardoz\/index.php\/comunicacion-digital-con-las-familias\/","title":{"rendered":"Comunicaci\u00f3n digital con las familias"},"content":{"rendered":"<p>Tal y como est\u00e1 recogido en el Plan de Acci\u00f3n Tutorial, la comunicaci\u00f3n digital del centro con las familias se har\u00e1 a trav\u00e9s de las siguientes plataformas autorizadas por la Comunidad de Madrid:<\/p>\n<ul>\n<li><a href=\"https:\/\/raices.madrid.org\/raiz_app\/jsp\/portal\/portalraices.html\">RA\u00cdCES\/ROBLE<\/a><\/li>\n<li>Recursos Educamadrid:\n<ul>\n<li>Correo Educamadrid del centro: <a href=\"mailto:cp.lagaviota.torrej\u00f3ndeardoz@educa.madrid.org\">lagaviota.torrej\u00f3ndeardoz@educa.madrid.org<\/a><\/li>\n<li>Correo Educamadrid de profesores<\/li>\n<li><a href=\"https:\/\/mediateca.educa.madrid.org\/\">Mediateca<\/a><\/li>\n<li><a href=\"https:\/\/cloud.educa.madrid.org\/index.php\/login\">Cloud<\/a><\/li>\n<\/ul>\n<\/li>\n<li><a href=\"https:\/\/www.microsoft.com\/es-es\/microsoft-teams\/log-in\">Teams Educamadrid<\/a><\/li>\n<\/ul>\n\n\n<p>Adem\u00e1s, las familias y alumnos cuentan con recursos educativos, tales como:<\/p>\n\n\n\n<ul class=\"wp-block-list\"><li><a href=\"https:\/\/madread.educa.madrid.org\/\">MadRead<\/a><\/li><li><a href=\"https:\/\/www.e-vocacion.es\/site\/idioma\">Santillana<\/a><\/li><li><a href=\"https:\/\/www.blinklearning.com\/portal\/home\">Richmond<\/a><\/li><\/ul>\n\n\n\n<p><\/p>\n","protected":false},"excerpt":{"rendered":"<p>Tal y como est\u00e1 recogido en el Plan de Acci\u00f3n Tutorial, la comunicaci\u00f3n digital del centro con las familias [&hellip;]<\/p>\n","protected":false},"author":3,"featured_media":0,"parent":0,"menu_order":0,"comment_status":"closed","ping_status":"closed","template":"","meta":{"footnotes":""},"folder":[],"class_list":["post-1353","page","type-page","status-publish","hentry"],"rttpg_featured_image_url":null,"rttpg_author":{"display_name":"cp.lagaviota.torrejondeardoz","author_link":"https:\/\/site.educa.madrid.org\/cp.lagaviota.torrejondeardoz\/index.php\/author\/cuenta_cp-lagaviota-torrejondeardoz\/"},"rttpg_comment":0,"rttpg_category":false,"rttpg_excerpt":"Tal y como est\u00e1 recogido en el Plan de Acci\u00f3n Tutorial, la comunicaci\u00f3n digital del centro con las familias [&hellip;]","post_mailing_queue_ids":[],"_links":{"self":[{"href":"https:\/\/site.educa.madrid.org\/cp.lagaviota.torrejondeardoz\/index.php\/wp-json\/wp\/v2\/pages\/1353","targetHints":{"allow":["GET"]}}],"collection":[{"href":"https:\/\/site.educa.madrid.org\/cp.lagaviota.torrejondeardoz\/index.php\/wp-json\/wp\/v2\/pages"}],"about":[{"href":"https:\/\/site.educa.madrid.org\/cp.lagaviota.torrejondeardoz\/index.php\/wp-json\/wp\/v2\/types\/page"}],"author":[{"embeddable":true,"href":"https:\/\/site.educa.madrid.org\/cp.lagaviota.torrejondeardoz\/index.php\/wp-json\/wp\/v2\/users\/3"}],"replies":[{"embeddable":true,"href":"https:\/\/site.educa.madrid.org\/cp.lagaviota.torrejondeardoz\/index.php\/wp-json\/wp\/v2\/comments?post=1353"}],"version-history":[{"count":7,"href":"https:\/\/site.educa.madrid.org\/cp.lagaviota.torrejondeardoz\/index.php\/wp-json\/wp\/v2\/pages\/1353\/revisions"}],"predecessor-version":[{"id":1403,"href":"https:\/\/site.educa.madrid.org\/cp.lagaviota.torrejondeardoz\/index.php\/wp-json\/wp\/v2\/pages\/1353\/revisions\/1403"}],"wp:attachment":[{"href":"https:\/\/site.educa.madrid.org\/cp.lagaviota.torrejondeardoz\/index.php\/wp-json\/wp\/v2\/media?parent=1353"}],"wp:term":[{"taxonomy":"folder","embeddable":true,"href":"https:\/\/site.educa.madrid.org\/cp.lagaviota.torrejondeardoz\/index.php\/wp-json\/wp\/v2\/folder?post=1353"}],"curies":[{"name":"wp","href":"https:\/\/api.w.org\/{rel}","templated":true}]}}