{"id":412,"date":"2021-11-04T13:55:42","date_gmt":"2021-11-04T12:55:42","guid":{"rendered":"https:\/\/site.educa.madrid.org\/cp.lagaviota.torrejondeardoz\/?page_id=412"},"modified":"2021-11-05T14:39:59","modified_gmt":"2021-11-05T13:39:59","slug":"escolarizacion-preferente-alumnos-tea","status":"publish","type":"page","link":"https:\/\/site.educa.madrid.org\/cp.lagaviota.torrejondeardoz\/index.php\/escolarizacion-preferente-alumnos-tea\/","title":{"rendered":"Escolarizaci\u00f3n preferente alumnos TEA"},"content":{"rendered":"<p><img loading=\"lazy\" decoding=\"async\" class=\"alignnone  wp-image-416 aligncenter\" src=\"https:\/\/site.educa.madrid.org\/cp.lagaviota.torrejondeardoz\/\/wp-content\/uploads\/cp.lagaviota.torrejondeardoz\/2021\/11\/autismo-e1636030944616-300x248.jpg\" alt=\"\" width=\"155\" height=\"128\" srcset=\"https:\/\/site.educa.madrid.org\/cp.lagaviota.torrejondeardoz\/\/wp-content\/uploads\/cp.lagaviota.torrejondeardoz\/2021\/11\/autismo-e1636030944616-300x248.jpg 300w, https:\/\/site.educa.madrid.org\/cp.lagaviota.torrejondeardoz\/\/wp-content\/uploads\/cp.lagaviota.torrejondeardoz\/2021\/11\/autismo-e1636030944616.jpg 626w\" sizes=\"auto, (max-width: 155px) 100vw, 155px\" \/><\/p>\n<p>Los centros ordinarios de escolarizaci\u00f3n preferente para alumnado con necesidades educativas especiales derivadas de\u00a0Trastornos\u00a0Generalizados\u00a0del Desarrollo son<strong>\u00a0<\/strong>experiencias de atenci\u00f3n educativa especializada\u00a0en centros ordinarios, Incluyen una red de apoyos educativos extensos y especializados orientados a facilitar el desarrollo y adquisici\u00f3n de competencias personales y aprendizajes funcionales.\u00a0<\/p>\n<p>La atenci\u00f3n preferente, representa una se\u00f1a de identidad para todo el centro escolar y sus implicaciones deben reflejarse en los distintos elementos que componen el Proyecto Educativo del Centro. Su puesta en marcha requiere la implicaci\u00f3n de toda la Comunidad Educativa y de los profesionales que integran la Red de Orientaci\u00f3n Educativa, destac\u00e1ndose, en el caso de los centros de escolarizaci\u00f3n preferente para alumnado con Trastornos generalizados del Desarrollo, el papel que desempe\u00f1a el Equipo de Orientaci\u00f3n Educativa y Psicopedag\u00f3gica (EOEP) espec\u00edfico de Alteraciones Graves del Desarrollo, de la Comunidad de Madrid.<\/p>\n<p>En estos centros, el alumno est\u00e1 matriculado en un aula ordinaria del centro, y participa en aquellas actividades en las que se puede integrar, tanto a nivel social como a nivel acad\u00e9mico, con el resto de sus compa\u00f1eros. La propuesta de escolarizaci\u00f3n preferente supone una planificaci\u00f3n de apoyos extensos y especializados que facilite el acceso al curr\u00edculo ordinario. En este sentido, se habilita\u00a0 un espacio espec\u00edfico, el \u201caula Soles\u201d, en el que el alumno pasa una parte de la jornada escolar mientras que el resto del tiempo asiste a\u00a0 su grupo de referencia. La distribuci\u00f3n del tiempo de permanencia en ambos espacios, aula de apoyo y el aula ordinaria, es definida, para cada alumno, en funci\u00f3n de sus posibilidades, con el objetivo de ir aumentando progresivamente su permanencia en el aula de referencia. En t\u00e9rminos generales se busca que el alumno permanezca en el aula de referencia entre 1\/3 y 2\/3 del tiempo lectivo semanal y que el resto del tiempo est\u00e9 atendido desde el aula de apoyo.\u00a0<\/p>\n<p>\u00a0<\/p>\n<p>Para el desarrollo de esta experiencia, en el centro contamos con dos recursos personales extraordinarios: un maestro de la especialidad en Pedagog\u00eda Terap\u00e9utica y Lenguaje y un Integrador Social, que colaboran con el tutor del aula de referencia y dem\u00e1s especialistas y personal del centro. La atenci\u00f3n educativa se ofrece mediante una metodolog\u00eda basada en la distribuci\u00f3n del espacio por rincones de trabajo, con objetivos y materiales diferenciados y en la utilizaci\u00f3n de claves visuales y sistemas alternativos de comunicaci\u00f3n.<\/p>\n\n\n<p><\/p>\n","protected":false},"excerpt":{"rendered":"<p>Los centros ordinarios de escolarizaci\u00f3n preferente para alumnado con necesidades educativas especiales derivadas de\u00a0Trastornos\u00a0Generalizados\u00a0del Desarrollo son\u00a0experiencias de atenci\u00f3n educativa [&hellip;]<\/p>\n","protected":false},"author":3,"featured_media":0,"parent":0,"menu_order":0,"comment_status":"closed","ping_status":"closed","template":"","meta":{"footnotes":""},"folder":[],"class_list":["post-412","page","type-page","status-publish","hentry"],"rttpg_featured_image_url":null,"rttpg_author":{"display_name":"cp.lagaviota.torrejondeardoz","author_link":"https:\/\/site.educa.madrid.org\/cp.lagaviota.torrejondeardoz\/index.php\/author\/cuenta_cp-lagaviota-torrejondeardoz\/"},"rttpg_comment":0,"rttpg_category":false,"rttpg_excerpt":"Los centros ordinarios de escolarizaci\u00f3n preferente para alumnado con necesidades educativas especiales derivadas de\u00a0Trastornos\u00a0Generalizados\u00a0del Desarrollo son\u00a0experiencias de atenci\u00f3n educativa [&hellip;]","post_mailing_queue_ids":[],"_links":{"self":[{"href":"https:\/\/site.educa.madrid.org\/cp.lagaviota.torrejondeardoz\/index.php\/wp-json\/wp\/v2\/pages\/412","targetHints":{"allow":["GET"]}}],"collection":[{"href":"https:\/\/site.educa.madrid.org\/cp.lagaviota.torrejondeardoz\/index.php\/wp-json\/wp\/v2\/pages"}],"about":[{"href":"https:\/\/site.educa.madrid.org\/cp.lagaviota.torrejondeardoz\/index.php\/wp-json\/wp\/v2\/types\/page"}],"author":[{"embeddable":true,"href":"https:\/\/site.educa.madrid.org\/cp.lagaviota.torrejondeardoz\/index.php\/wp-json\/wp\/v2\/users\/3"}],"replies":[{"embeddable":true,"href":"https:\/\/site.educa.madrid.org\/cp.lagaviota.torrejondeardoz\/index.php\/wp-json\/wp\/v2\/comments?post=412"}],"version-history":[{"count":4,"href":"https:\/\/site.educa.madrid.org\/cp.lagaviota.torrejondeardoz\/index.php\/wp-json\/wp\/v2\/pages\/412\/revisions"}],"predecessor-version":[{"id":619,"href":"https:\/\/site.educa.madrid.org\/cp.lagaviota.torrejondeardoz\/index.php\/wp-json\/wp\/v2\/pages\/412\/revisions\/619"}],"wp:attachment":[{"href":"https:\/\/site.educa.madrid.org\/cp.lagaviota.torrejondeardoz\/index.php\/wp-json\/wp\/v2\/media?parent=412"}],"wp:term":[{"taxonomy":"folder","embeddable":true,"href":"https:\/\/site.educa.madrid.org\/cp.lagaviota.torrejondeardoz\/index.php\/wp-json\/wp\/v2\/folder?post=412"}],"curies":[{"name":"wp","href":"https:\/\/api.w.org\/{rel}","templated":true}]}}