{"id":822,"date":"2022-02-22T09:46:05","date_gmt":"2022-02-22T08:46:05","guid":{"rendered":"https:\/\/site.educa.madrid.org\/cp.lagaviota.torrejondeardoz\/?page_id=822"},"modified":"2026-04-10T13:03:20","modified_gmt":"2026-04-10T11:03:20","slug":"admision-educacion-infantil-0-a-3-anos","status":"publish","type":"page","link":"https:\/\/site.educa.madrid.org\/cp.lagaviota.torrejondeardoz\/index.php\/admision-educacion-infantil-0-a-3-anos\/","title":{"rendered":"Admisi\u00f3n Educaci\u00f3n Infantil 0 a 3 a\u00f1os"},"content":{"rendered":"<p>La Comunidad de Madrid autoriz\u00f3 la implantaci\u00f3n del primer ciclo de Educaci\u00f3n Infantil (0-3 a\u00f1os) desde el curso 2022-2023 en nuestro centro.<br \/>Se abre el proceso de admisi\u00f3n de alumnos en centros p\u00fablicos sostenidos con fondos p\u00fablicos que imparten primer ciclo de Educaci\u00f3n Infantil de la Comunidad de Madrid para el curso 2026\/2027.<\/p>\n<p>El plazo de presentaci\u00f3n de solicitudes es del <strong>11 al 25 de marzo de 2026<\/strong>, ambos inclusive.<\/p>\n<p>Pueden consultar la normativa reguladora del proceso de admisi\u00f3n en el siguiente enlace:<\/p>\n<ul>\n<li><a href=\"https:\/\/site.educa.madrid.org\/cp.lagaviota.torrejondeardoz\/\/wp-content\/uploads\/cp.lagaviota.torrejondeardoz\/2025\/03\/ORDEN-ADMISION.pdf\">Orden 123\/2015, de 26 de enero, de la Consejer\u00eda de Educaci\u00f3n, Juventud y Deporte<\/a>, sobre<br \/>admisi\u00f3n de alumnos de primer ciclo de Educaci\u00f3n Infantil en centros p\u00fablicos y en centros<br \/>privados sostenidos con fondos p\u00fablicos de la Comunidad de Madrid.<\/li>\n<li><a href=\"https:\/\/site.educa.madrid.org\/cp.lagaviota.torrejondeardoz\/\/wp-content\/uploads\/cp.lagaviota.torrejondeardoz\/2026\/01\/1o-CICLO-RESOLUCION-26-11-2025BOCM-20251209-18.pdf\">Resoluci\u00f3n conjunta de las Viceconsejer\u00edas de Pol\u00edtica Educativa en la que se dictan instrucciones sobre la participaci\u00f3n en el proceso de admisi\u00f3n de alumnos del primer ciclo de Educaci\u00f3n Infantil<\/a><\/li>\n<\/ul>\n\n\n<p>Las vacantes existentes en cada uno de los centros que integran el SAE desglosadas por niveles, los criterios de baremaci\u00f3n del apartado cuarto as\u00ed como la informaci\u00f3n general pueden consultarlos en los siguientes enlaces:<\/p>\n\n\n\n<p><\/p>\n\n\n\n<p class=\"has-text-align-center\"><a href=\"https:\/\/site.educa.madrid.org\/cp.lagaviota.torrejondeardoz\/\/wp-content\/uploads\/cp.lagaviota.torrejondeardoz\/2026\/03\/hoja_informativa_escuelas_infantiles_2026-27.pdf\">HOJA INFORMATIVA CONSEJER\u00cdA DE EDUCACI\u00d3N, CIENCIA Y UNIVERSIDADES<\/a><\/p>\n\n\n\n<p class=\"has-text-align-center\"><a href=\"https:\/\/site.educa.madrid.org\/cp.lagaviota.torrejondeardoz\/\/wp-content\/uploads\/cp.lagaviota.torrejondeardoz\/2026\/03\/INFORMACION-ADMISION-1o-CICLO.pdf\">INFORMACI\u00d3N ADMISI\u00d3N ESCUELA INFANTIL CEIP LA GAVIOTA<\/a><\/p>\n\n\n\n<p class=\"has-text-align-center\"><a href=\"https:\/\/site.educa.madrid.org\/cp.lagaviota.torrejondeardoz\/\/wp-content\/uploads\/cp.lagaviota.torrejondeardoz\/2026\/03\/CRITERIO-APARTADO-4.pdf\">CRITERIOS BAREMACI\u00d3N APARTADO 4<\/a><\/p>\n\n\n\n<p class=\"has-text-align-center\"><a href=\"https:\/\/site.educa.madrid.org\/cp.lagaviota.torrejondeardoz\/\/wp-content\/uploads\/cp.lagaviota.torrejondeardoz\/2026\/03\/VACANTES-ESCUELA-INFANTIL-CEIP-LA-GAVIOTA.pdf\">VACANTES CEIP LA GAVIOTA CURSO 2026\/2027<\/a><\/p>\n\n\n\n<p class=\"has-text-align-center\">VACANTES ESCUELAS INFANTILES TORREJ\u00d3N DE ARDOZ CURSO 2026\/2027<\/p>\n\n\n\n<p class=\"has-text-align-center\">CENTROS DE EDUCACI\u00d3N INFANTIL 0-3 A\u00d1OS TORREJ\u00d3N DE ARDOZ<\/p>\n\n\n\n<p class=\"has-text-align-center\"><a href=\"https:\/\/site.educa.madrid.org\/cp.lagaviota.torrejondeardoz\/\/wp-content\/uploads\/cp.lagaviota.torrejondeardoz\/2026\/04\/RESULTADOSORTEOPUBLICOPOSIBLESEMPATES.pdf\">RESULTADO SORTEO P\u00daBLICO PARA RESOLVER EMPATES EN LA ADMISI\u00d3N DE ALUMNOS<\/a><\/p>\n\n\n\n<p><strong>PROCESO EXTRAORDINARIO<\/strong><\/p>\n\n\n\n<ol class=\"wp-block-list\">\n<li>Una vez finalizado el plazo de matriculaci\u00f3n se abrir\u00e1 un proceso extraordinario de admisi\u00f3n.<\/li>\n\n\n\n<li>Para participar en este proceso hay un modelo espec\u00edfico de solicitud que tambi\u00e9n se puede tramitar telem\u00e1ticamente o bien descargar de la p\u00e1gina web <a href=\"https:\/\/site.educa.madrid.org\/cp.lagaviota.torrejondeardoz\/\/wp-content\/uploads\/cp.lagaviota.torrejondeardoz\/2024\/09\/solicitud_admision_autocumplimentable_extraordinaria_escuelas_infantiles.pdf\">comunidad.madrid\/url\/admision-educacion-infantil<\/a> y <strong>entregar en el centro solicitado.<\/strong><\/li>\n\n\n\n<li>En el proceso extraordinario solo se puede incluir un centro por cada solicitud, si bien puede presentarse solicitud a m\u00e1s de un centro.<\/li>\n\n\n\n<li>Las direcciones de los centros incorporar\u00e1n a la lista de espera las solicitudes recibidas en el proceso extraordinario de admisi\u00f3n siguiendo su orden de presentaci\u00f3n telem\u00e1tica o entrega en el centro. En este proceso ya no se aplica el baremo de admisi\u00f3n.<\/li>\n\n\n\n<li>Podr\u00e1n presentarse solicitudes en proceso extraordinario hasta el  para el curso 2025-2026 hasta el 14 de mayo de 2026, fecha en la que termina la matriculaci\u00f3n del proceso extraordinario.<\/li>\n\n\n\n<li>Los SAE para alumnos con NEE podr\u00e1n proponer la escolarizaci\u00f3n de alumnado NEE durante todo el curso escolar.<\/li>\n<\/ol>\n","protected":false},"excerpt":{"rendered":"<p>La Comunidad de Madrid autoriz\u00f3 la implantaci\u00f3n del primer ciclo de Educaci\u00f3n Infantil (0-3 a\u00f1os) desde el curso 2022-2023 [&hellip;]<\/p>\n","protected":false},"author":3,"featured_media":0,"parent":0,"menu_order":0,"comment_status":"closed","ping_status":"closed","template":"","meta":{"footnotes":""},"folder":[],"class_list":["post-822","page","type-page","status-publish","hentry"],"rttpg_featured_image_url":null,"rttpg_author":{"display_name":"cp.lagaviota.torrejondeardoz","author_link":"https:\/\/site.educa.madrid.org\/cp.lagaviota.torrejondeardoz\/index.php\/author\/cuenta_cp-lagaviota-torrejondeardoz\/"},"rttpg_comment":0,"rttpg_category":false,"rttpg_excerpt":"La Comunidad de Madrid autoriz\u00f3 la implantaci\u00f3n del primer ciclo de Educaci\u00f3n Infantil (0-3 a\u00f1os) desde el curso 2022-2023 [&hellip;]","post_mailing_queue_ids":[],"_links":{"self":[{"href":"https:\/\/site.educa.madrid.org\/cp.lagaviota.torrejondeardoz\/index.php\/wp-json\/wp\/v2\/pages\/822","targetHints":{"allow":["GET"]}}],"collection":[{"href":"https:\/\/site.educa.madrid.org\/cp.lagaviota.torrejondeardoz\/index.php\/wp-json\/wp\/v2\/pages"}],"about":[{"href":"https:\/\/site.educa.madrid.org\/cp.lagaviota.torrejondeardoz\/index.php\/wp-json\/wp\/v2\/types\/page"}],"author":[{"embeddable":true,"href":"https:\/\/site.educa.madrid.org\/cp.lagaviota.torrejondeardoz\/index.php\/wp-json\/wp\/v2\/users\/3"}],"replies":[{"embeddable":true,"href":"https:\/\/site.educa.madrid.org\/cp.lagaviota.torrejondeardoz\/index.php\/wp-json\/wp\/v2\/comments?post=822"}],"version-history":[{"count":50,"href":"https:\/\/site.educa.madrid.org\/cp.lagaviota.torrejondeardoz\/index.php\/wp-json\/wp\/v2\/pages\/822\/revisions"}],"predecessor-version":[{"id":2762,"href":"https:\/\/site.educa.madrid.org\/cp.lagaviota.torrejondeardoz\/index.php\/wp-json\/wp\/v2\/pages\/822\/revisions\/2762"}],"wp:attachment":[{"href":"https:\/\/site.educa.madrid.org\/cp.lagaviota.torrejondeardoz\/index.php\/wp-json\/wp\/v2\/media?parent=822"}],"wp:term":[{"taxonomy":"folder","embeddable":true,"href":"https:\/\/site.educa.madrid.org\/cp.lagaviota.torrejondeardoz\/index.php\/wp-json\/wp\/v2\/folder?post=822"}],"curies":[{"name":"wp","href":"https:\/\/api.w.org\/{rel}","templated":true}]}}