{"id":168,"date":"2021-11-09T14:18:37","date_gmt":"2021-11-09T13:18:37","guid":{"rendered":"https:\/\/site.educa.madrid.org\/cp.lanavata.galapagar\/?page_id=168"},"modified":"2025-06-30T13:03:45","modified_gmt":"2025-06-30T11:03:45","slug":"ensenanzas","status":"publish","type":"page","link":"https:\/\/site.educa.madrid.org\/cp.lanavata.galapagar\/index.php\/ensenanzas\/","title":{"rendered":"PROYECTO EDUCATIVO DE CENTRO"},"content":{"rendered":"<div class=\"n2_clear\"><ss3-force-full-width data-overflow-x=\"body\" data-horizontal-selector=\"body\"><div class=\"n2-section-smartslider fitvidsignore  n2_clear\" data-ssid=\"2\" tabindex=\"0\" role=\"region\" aria-label=\"Slider\"><div id=\"n2-ss-2-align\" class=\"n2-ss-align\"><div class=\"n2-padding\"><div id=\"n2-ss-2\" data-creator=\"Smart Slider 3\" data-responsive=\"fullwidth\" class=\"n2-ss-slider n2-ow n2-has-hover n2notransition  \"><div class=\"n2-ss-slider-wrapper-inside\">\n        <div class=\"n2-ss-slider-1 n2_ss__touch_element n2-ow\">\n            <div class=\"n2-ss-slider-2 n2-ow\">\n                                                    <div class=\"n2-ss-background-animation n2-ow\"><\/div>\n                                <div class=\"n2-ss-slider-3 n2-ow\">\n\n                    <div class=\"n2-ss-slide-backgrounds n2-ow-all\"><div class=\"n2-ss-slide-background\" data-public-id=\"1\" data-mode=\"fill\"><div class=\"n2-ss-slide-background-image\" data-blur=\"0\" data-opacity=\"78\" data-x=\"50\" data-y=\"50\" data-alt=\"\" data-title=\"\" style=\"opacity:0.78\"><picture class=\"skip-lazy\" data-skip-lazy=\"1\"><img decoding=\"async\" src=\"\/\/site.educa.madrid.org\/cp.lanavata.galapagar\/\/wp-content\/uploads\/cp.lanavata.galapagar\/2021\/11\/IMG_20211111_161203-scaled.jpg\" alt=\"\" title=\"\" loading=\"lazy\" class=\"skip-lazy\" data-skip-lazy=\"1\"><\/picture><\/div><div data-color=\"RGBA(255,255,255,0)\" style=\"background-color: RGBA(255,255,255,0);\" class=\"n2-ss-slide-background-color\"><\/div><\/div><div class=\"n2-ss-slide-background\" data-public-id=\"2\" data-mode=\"fill\"><div class=\"n2-ss-slide-background-image\" data-blur=\"0\" data-opacity=\"74\" data-x=\"50\" data-y=\"50\" data-alt=\"\" data-title=\"\" style=\"opacity:0.74\"><picture class=\"skip-lazy\" data-skip-lazy=\"1\"><img decoding=\"async\" src=\"\/\/site.educa.madrid.org\/cp.lanavata.galapagar\/\/wp-content\/uploads\/cp.lanavata.galapagar\/2021\/11\/IMG_20211111_162234-scaled.jpg\" alt=\"\" title=\"\" loading=\"lazy\" class=\"skip-lazy\" data-skip-lazy=\"1\"><\/picture><\/div><div data-color=\"RGBA(255,255,255,0)\" style=\"background-color: RGBA(255,255,255,0);\" class=\"n2-ss-slide-background-color\"><\/div><\/div><div class=\"n2-ss-slide-background\" data-public-id=\"3\" data-mode=\"fill\"><div class=\"n2-ss-slide-background-image\" data-blur=\"0\" data-opacity=\"70\" data-x=\"50\" data-y=\"50\" data-alt=\"\" data-title=\"\" style=\"opacity:0.7\"><picture class=\"skip-lazy\" data-skip-lazy=\"1\"><img decoding=\"async\" src=\"\/\/site.educa.madrid.org\/cp.lanavata.galapagar\/\/wp-content\/uploads\/cp.lanavata.galapagar\/2021\/11\/IMG_20211111_160705-scaled.jpg\" alt=\"\" title=\"\" loading=\"lazy\" class=\"skip-lazy\" data-skip-lazy=\"1\"><\/picture><\/div><div data-color=\"RGBA(255,255,255,0)\" style=\"background-color: RGBA(255,255,255,0);\" class=\"n2-ss-slide-background-color\"><\/div><\/div><div class=\"n2-ss-slide-background\" data-public-id=\"4\" data-mode=\"fill\"><div class=\"n2-ss-slide-background-image\" data-blur=\"0\" data-opacity=\"76\" data-x=\"50\" data-y=\"50\" data-alt=\"\" data-title=\"\" style=\"opacity:0.76\"><picture class=\"skip-lazy\" data-skip-lazy=\"1\"><img decoding=\"async\" src=\"\/\/site.educa.madrid.org\/cp.lanavata.galapagar\/\/wp-content\/uploads\/cp.lanavata.galapagar\/2021\/11\/IMG_20211111_161411-1-scaled.jpg\" alt=\"\" title=\"\" loading=\"lazy\" class=\"skip-lazy\" data-skip-lazy=\"1\"><\/picture><\/div><div data-color=\"RGBA(255,255,255,0)\" style=\"background-color: RGBA(255,255,255,0);\" class=\"n2-ss-slide-background-color\"><\/div><\/div><div class=\"n2-ss-slide-background\" data-public-id=\"5\" data-mode=\"fill\"><div class=\"n2-ss-slide-background-image\" data-blur=\"0\" data-opacity=\"72\" data-x=\"50\" data-y=\"50\" data-alt=\"\" data-title=\"\" style=\"opacity:0.72\"><picture class=\"skip-lazy\" data-skip-lazy=\"1\"><img decoding=\"async\" src=\"\/\/site.educa.madrid.org\/cp.lanavata.galapagar\/\/wp-content\/uploads\/cp.lanavata.galapagar\/2021\/11\/IMG_20211111_162243-scaled.jpg\" alt=\"\" title=\"\" loading=\"lazy\" class=\"skip-lazy\" data-skip-lazy=\"1\"><\/picture><\/div><div data-color=\"RGBA(255,255,255,0)\" style=\"background-color: RGBA(255,255,255,0);\" class=\"n2-ss-slide-background-color\"><\/div><\/div><div class=\"n2-ss-slide-background\" data-public-id=\"6\" data-mode=\"fill\"><div class=\"n2-ss-slide-background-image\" data-blur=\"0\" data-opacity=\"68\" data-x=\"44\" data-y=\"36\" data-alt=\"\" data-title=\"\" style=\"opacity:0.68;--ss-o-pos-x:44%;--ss-o-pos-y:36%\"><picture class=\"skip-lazy\" data-skip-lazy=\"1\"><img decoding=\"async\" src=\"\/\/site.educa.madrid.org\/cp.lanavata.galapagar\/\/wp-content\/uploads\/cp.lanavata.galapagar\/2021\/11\/IMG_20211111_160654-scaled.jpg\" alt=\"\" title=\"\" loading=\"lazy\" class=\"skip-lazy\" data-skip-lazy=\"1\"><\/picture><\/div><div data-gradient=\"vertical\" data-color-start=\"RGBA(255,255,255,0)\" data-color-end=\"RGBA(255,255,255,0)\" style=\"background:linear-gradient(to bottom, RGBA(255,255,255,0) 0%,RGBA(255,255,255,0) 100%);\" class=\"n2-ss-slide-background-color\"><\/div><\/div><\/div>                    <div class=\"n2-ss-slider-4 n2-ow\">\n                        <svg xmlns=\"http:\/\/www.w3.org\/2000\/svg\" viewBox=\"0 0 1200 600\" data-related-device=\"desktopPortrait\" class=\"n2-ow n2-ss-preserve-size n2-ss-preserve-size--slider n2-ss-slide-limiter\"><\/svg><div data-first=\"1\" data-slide-duration=\"0\" data-id=\"4\" data-slide-public-id=\"1\" data-title=\"\u00bfQU\u00c9 ENTENDEMOS POR EDUCACI\u00d3N?\" class=\"n2-ss-slide n2-ow  n2-ss-slide-4\"><div role=\"note\" class=\"n2-ss-slide--focus\" tabindex=\"-1\">\u00bfQU\u00c9 ENTENDEMOS POR EDUCACI\u00d3N?<\/div><div class=\"n2-ss-layers-container n2-ss-slide-limiter n2-ow\"><div class=\"n2-ss-layer n2-ow n-uc-7NDZqQqEqhbw\" data-sstype=\"slide\" data-pm=\"default\"><div class=\"n2-ss-layer n2-ow n-uc-192bcce84b257\" data-pm=\"default\" data-sstype=\"content\" data-hasbackground=\"0\"><div class=\"n2-ss-section-main-content n2-ss-layer-with-background n2-ss-layer-content n2-ow n-uc-192bcce84b257-inner\"><div class=\"n2-ss-layer n2-ow n-uc-dKFtCVo4A6cB\" data-pm=\"normal\" data-sstype=\"layer\"><div id=\"n2-ss-2item1\" class=\"n2-font-577e3e94d392c80545fffaf7623e9404-hover n2-style-701e3e9bf79f435545c2b14fd9a6246d-heading   n2-ss-item-content n2-ss-text n2-ow\" style=\"display:block;\">\u00bfQU\u00c9 ENTENDEMOS POR EDUCACI\u00d3N?<\/div><\/div><div class=\"n2-ss-layer n2-ow n-uc-9BG6TpEcebQ8\" data-pm=\"normal\" data-sstype=\"layer\"><div class=\"n2-ss-item-content n2-ss-text n2-ow-all\"><div class=\"\"><p class=\"n2-font-dc38d5cb9e0aee3406eb800003cf30db-paragraph  n2-style-b35834208f56f667ace2a5559dad8be2-heading  \">El pleno desarrollo de las capacidades del alumnado. Es decir, una educaci\u00f3n integral en conocimientos, destrezas y valores morales en todos los \u00e1mbitos de la vida (personal, familiar y social).<\/p>\n<p class=\"n2-font-dc38d5cb9e0aee3406eb800003cf30db-paragraph  n2-style-b35834208f56f667ace2a5559dad8be2-heading  \">El proceso de formaci\u00f3n de personas cr\u00edticas, aut\u00f3nomas, cooperativas, fomentando su originalidad, creatividad y capacidad de adaptaci\u00f3n a nuevas situaciones.<\/p>\n<p class=\"n2-font-dc38d5cb9e0aee3406eb800003cf30db-paragraph  n2-style-b35834208f56f667ace2a5559dad8be2-heading  \">El trabajo en equipo del profesorado, buscando el fomento de nuevos valores y actitudes que enriquezcan las relaciones entre las personas, tanto dentro de la escuela como entre \u00e9sta y su entorno.<\/p>\n<\/div><\/div><\/div><div class=\"n2-ss-layer n2-ow n-uc-bG3GmCB5H8ZD\" data-pm=\"normal\" data-sstype=\"layer\"><div id=\"n2-ss-2item3\" class=\"n2-font-577e3e94d392c80545fffaf7623e9404-hover   n2-ss-item-content n2-ss-text n2-ow\" style=\"display:block;\"><\/div><\/div><\/div><\/div><\/div><\/div><\/div><div data-slide-duration=\"0\" data-id=\"5\" data-slide-public-id=\"2\" data-title=\"Nuestras Prioridades\" class=\"n2-ss-slide n2-ow  n2-ss-slide-5\"><div role=\"note\" class=\"n2-ss-slide--focus\" tabindex=\"-1\">Nuestras Prioridades<\/div><div class=\"n2-ss-layers-container n2-ss-slide-limiter n2-ow\"><div class=\"n2-ss-layer n2-ow n-uc-vBnqilnhDyTa\" data-sstype=\"slide\" data-pm=\"default\"><div class=\"n2-ss-layer n2-ow n-uc-132491b0fa517\" data-pm=\"default\" data-sstype=\"content\" data-hasbackground=\"0\"><div class=\"n2-ss-section-main-content n2-ss-layer-with-background n2-ss-layer-content n2-ow n-uc-132491b0fa517-inner\"><div class=\"n2-ss-layer n2-ow n-uc-Uv2BO16ctZGq\" data-pm=\"normal\" data-sstype=\"layer\"><div id=\"n2-ss-2item4\" class=\"n2-font-577e3e94d392c80545fffaf7623e9404-hover n2-style-f3c10e42ffec8a5476680edc57295acd-heading   n2-ss-item-content n2-ss-text n2-ow\" style=\"display:block;\">NUESTRAS PRIORIDADES<\/div><\/div><div class=\"n2-ss-layer n2-ow n-uc-DFc1VF3e7fRs\" data-pm=\"normal\" data-sstype=\"layer\"><div class=\"n2-ss-item-content n2-ss-text n2-ow-all\"><div class=\"\"><p class=\"n2-font-b870ccf548622567991ac70cdd481482-paragraph  n2-style-b35834208f56f667ace2a5559dad8be2-heading  \">LA DIVERSIDAD: Entendida desde el respeto a las diferencias individuales y desde el an\u00e1lisis de las caracter\u00edsticas de nuestro alumnado como eje de la actividad docente.<\/p>\n<p class=\"n2-font-b870ccf548622567991ac70cdd481482-paragraph  n2-style-b35834208f56f667ace2a5559dad8be2-heading  \">LA COMUNICACI\u00d3N: Entendida como la capacidad de expresar y comprender los diferentes lenguajes y aplicarlos al intercambio comunicativo entre las personas.<\/p>\n<p class=\"n2-font-b870ccf548622567991ac70cdd481482-paragraph  n2-style-b35834208f56f667ace2a5559dad8be2-heading  \">LA PARTICIPACI\u00d3N DIRECTA: Que hace de todos y cada uno de los miembros de la Comunidad Educativa protagonistas de la acci\u00f3n educadora que se lleva a cabo en la escuela y es la base del proyecto de convivencia del centro.<\/p>\n<p class=\"n2-font-b870ccf548622567991ac70cdd481482-paragraph  n2-style-b35834208f56f667ace2a5559dad8be2-heading  \">LA EDUCACI\u00d3N AMBIENTAL: Construyendo una escuela abierta al medio natural, social, cultural y promoviendo actitudes de investigaci\u00f3n, cuidado y mejora del mismo a trav\u00e9s de la comisi\u00f3n de ECOESCUELA.<\/p>\n<p class=\"n2-font-b870ccf548622567991ac70cdd481482-paragraph  n2-style-b35834208f56f667ace2a5559dad8be2-heading  \">LA CONVIVENCIA: Los anteriores principios determinan un modelo de convivencia y una forma de relaci\u00f3n entre las personas que pone en juego diferentes valores, formas de organizaci\u00f3n, sistemas de relaci\u00f3n, pautas para afrontar conflictos y modos de expresar los sentimientos.<\/p>\n<\/div><\/div><\/div><\/div><\/div><\/div><\/div><\/div><div data-slide-duration=\"0\" data-id=\"6\" data-slide-public-id=\"3\" data-title=\"Hacia donde queremos caminar\" class=\"n2-ss-slide n2-ow  n2-ss-slide-6\"><div role=\"note\" class=\"n2-ss-slide--focus\" tabindex=\"-1\">Hacia donde queremos caminar<\/div><div class=\"n2-ss-layers-container n2-ss-slide-limiter n2-ow\"><div class=\"n2-ss-layer n2-ow n-uc-BaShpQ8Kgfgq\" data-sstype=\"slide\" data-pm=\"default\"><div class=\"n2-ss-layer n2-ow n-uc-1174cc221a80a\" data-pm=\"default\" data-sstype=\"content\" data-hasbackground=\"0\"><div class=\"n2-ss-section-main-content n2-ss-layer-with-background n2-ss-layer-content n2-ow n-uc-1174cc221a80a-inner\"><div class=\"n2-ss-layer n2-ow n-uc-7OYp6EeAmZb8\" data-pm=\"normal\" data-sstype=\"layer\"><div id=\"n2-ss-2item6\" class=\"n2-font-577e3e94d392c80545fffaf7623e9404-hover n2-style-0151c80fb17669fdfd526ce51a88ad6d-heading   n2-ss-item-content n2-ss-text n2-ow\" style=\"display:block;\">HACIA DONDE QUEREMOS CAMINAR<\/div><\/div><div class=\"n2-ss-layer n2-ow n-uc-R9VIl020E06c\" data-pm=\"normal\" data-sstype=\"layer\"><div class=\"n2-ss-item-content n2-ss-text n2-ow-all\"><div class=\"\"><p class=\"n2-font-83526fc64a4a0ae7f05bbb899859cf3a-paragraph  n2-style-b35834208f56f667ace2a5559dad8be2-heading  \">Tratamos de <b>APRENDER INVESTIGANDO<\/b>, bajo los criterios de investigaci\u00f3n-acci\u00f3n, partiendo de las necesidades e intereses del alumnado pero teniendo en cuenta el marco legal y con el objetivo de que el aprendizaje sea \u00fatil para toda la vida.<br \/>\nHacia una <b>ENSE\u00d1ANZA ACTIVA<\/b>, pues sabemos que el aprendizaje es un proceso de construcci\u00f3n personal y social del conocimiento, interactivo y abierto, en el que el saber se elabora por medio de la reestructuraci\u00f3n activa y continua de las ideas que se tienen del mundo.<br \/>\nAl plantearse el conocimiento a partir de un conjunto de hip\u00f3tesis de trabajo que se experimentan e investigan, la <b>PARTICIPACI\u00d3N ACTIVA <\/b>del alumnado es fundamental.<\/p>\n<\/div><\/div><\/div><\/div><\/div><\/div><\/div><\/div><div data-slide-duration=\"0\" data-id=\"8\" data-slide-public-id=\"4\" data-title=\"Hacia donde queremos caminar 2\" class=\"n2-ss-slide n2-ow  n2-ss-slide-8\"><div role=\"note\" class=\"n2-ss-slide--focus\" tabindex=\"-1\">Hacia donde queremos caminar 2<\/div><div class=\"n2-ss-layers-container n2-ss-slide-limiter n2-ow\"><div class=\"n2-ss-layer n2-ow n-uc-u5uLzjx2oFKz\" data-sstype=\"slide\" data-pm=\"default\"><div class=\"n2-ss-layer n2-ow n-uc-10de0b8014e60\" data-pm=\"default\" data-sstype=\"content\" data-hasbackground=\"0\"><div class=\"n2-ss-section-main-content n2-ss-layer-with-background n2-ss-layer-content n2-ow n-uc-10de0b8014e60-inner\"><div class=\"n2-ss-layer n2-ow n-uc-CRwfqGPVPduA\" data-pm=\"normal\" data-sstype=\"layer\"><div class=\"n2-ss-item-content n2-ss-text n2-ow-all\"><div class=\"\"><p class=\"n2-font-83526fc64a4a0ae7f05bbb899859cf3a-paragraph  n2-style-b35834208f56f667ace2a5559dad8be2-heading  \">Tambi\u00e9n lo es el ofrecer la posibilidad de acceder y utilizar la <b>informaci\u00f3n en diferentes soportes<\/b> (inform\u00e1tico, libros, enciclopedias, atlas, prensa, documentaci\u00f3n variada de Internet\u2026). En la etapa de primaria cada alumno tiene cuadernillos de trabajo en las \u00e1reas de lengua, matem\u00e1ticas e ingl\u00e9s y hay libros de texto compartidos cuyo uso determina el equipo docente, as\u00ed como otro tipo de material did\u00e1ctico e inform\u00e1tico. El material es compartido por todos, favoreci\u00e9ndose as\u00ed la igualdad.<br \/>\nLos <b>RECURSOS<\/b> son, por tanto, fundamentales para esta forma de trabajar y esto hace necesario el organizarlos y gestionarlos de forma compartida a trav\u00e9s de la Asociaci\u00f3n Gestora de Material y Visitas que garantiza la participaci\u00f3n de todo el alumnado en todas las actividades.<\/p>\n<\/div><\/div><\/div><\/div><\/div><\/div><\/div><\/div><div data-slide-duration=\"0\" data-id=\"7\" data-slide-public-id=\"5\" data-title=\"IMG_20211111_162243\" class=\"n2-ss-slide n2-ow  n2-ss-slide-7\"><div role=\"note\" class=\"n2-ss-slide--focus\" tabindex=\"-1\">IMG_20211111_162243<\/div><div class=\"n2-ss-layers-container n2-ss-slide-limiter n2-ow\"><div class=\"n2-ss-layer n2-ow n-uc-inp00LpIO4bV\" data-sstype=\"slide\" data-pm=\"default\"><div class=\"n2-ss-layer n2-ow n-uc-1e0b59fb7cc80\" data-pm=\"default\" data-sstype=\"content\" data-hasbackground=\"0\"><div class=\"n2-ss-section-main-content n2-ss-layer-with-background n2-ss-layer-content n2-ow n-uc-1e0b59fb7cc80-inner\"><div class=\"n2-ss-layer n2-ow n-uc-YJGkTe14mLrC\" data-pm=\"normal\" data-sstype=\"layer\"><div id=\"n2-ss-2item9\" class=\"n2-font-577e3e94d392c80545fffaf7623e9404-hover n2-style-0151c80fb17669fdfd526ce51a88ad6d-heading   n2-ss-item-content n2-ss-text n2-ow\" style=\"display:block;\">\u00bfY DENTRO DE LAS AULAS?<\/div><\/div><div class=\"n2-ss-layer n2-ow n-uc-TlRXc6H3nhJ6\" data-pm=\"normal\" data-sstype=\"layer\"><div class=\"n2-ss-item-content n2-ss-text n2-ow-all\"><div class=\"\"><p class=\"n2-font-b870ccf548622567991ac70cdd481482-paragraph  n2-style-b35834208f56f667ace2a5559dad8be2-heading  \"><b>LAS ASAMBLEAS DE CLASE<\/b>: Un lugar de encuentro y comunicaci\u00f3n en el hacemos propuestas, comentamos noticias, hablamos de nuestras cosas y elegimos algunos de los proyectos para organizar nuestro trabajo. Tambi\u00e9n resolvemos los conflictos y acordamos entre todos las normas. Adem\u00e1s hacemos propuestas para la \u201cAsamblea de Representantes\u201d quincenal.<br \/>\n<b>LOS PROYECTOS DE INVESTIGACI\u00d3N: <\/b>Son los temas de trabajo que nos permiten relacionar \u201clo nuevo\u201d con lo que ya sabemos y organizar los contenidos del curr\u00edculo. Despiertan el inter\u00e9s, el pensamiento y las emociones as\u00ed como potencian la colaboraci\u00f3n y la autonom\u00eda personal.<br \/>\n<b>LA ORGANIZACI\u00d3N DEL TRABAJO EN ZONAS O RINCONES <\/b> nos da la posibilidad de elegir, de tomar decisiones, de ser responsables y aut\u00f3nomos.<br \/>\n<b>LAS ACTIVIDADES DE GRAN GRUPO<\/b>: Las maestras estimulan el aprendizaje, refuerzan, explican, eval\u00faan\u2026<\/p>\n<\/div><\/div><\/div><\/div><\/div><\/div><\/div><\/div><div data-slide-duration=\"0\" data-id=\"9\" data-slide-public-id=\"6\" data-title=\"IMG_20211111_160654\" class=\"n2-ss-slide n2-ow  n2-ss-slide-9\"><div role=\"note\" class=\"n2-ss-slide--focus\" tabindex=\"-1\">IMG_20211111_160654<\/div><div class=\"n2-ss-layers-container n2-ss-slide-limiter n2-ow\"><div class=\"n2-ss-layer n2-ow n-uc-HjCdDV1ZNSKh\" data-sstype=\"slide\" data-pm=\"default\"><div class=\"n2-ss-layer n2-ow n-uc-1c076afdf8320\" data-pm=\"default\" data-sstype=\"content\" data-hasbackground=\"0\"><div class=\"n2-ss-section-main-content n2-ss-layer-with-background n2-ss-layer-content n2-ow n-uc-1c076afdf8320-inner\"><div class=\"n2-ss-layer n2-ow n-uc-mo4rwLjHr8WW\" data-pm=\"normal\" data-sstype=\"layer\"><div class=\"n2-ss-item-content n2-ss-text n2-ow-all\"><div class=\"\"><p class=\"n2-font-ea3e71c39fc2c53ae37f6452e04e36fb-paragraph  n2-style-b35834208f56f667ace2a5559dad8be2-heading  \"><b>LA ATENCI\u00d3N A LA DIVERSIDAD:<\/b> Se establecen apoyos y refuerzos para el alumnado que m\u00e1s lo necesita cuando los recursos humanos lo permiten. Tambi\u00e9n se realizan agrupamientos flexibles y actividades de ampliaci\u00f3n.<br \/>\n<b>LAS VISITAS EDUCATIVAS:<\/b> Fundamentales en una escuela que prepara para la vida y que se relaciona con su entorno natural, cultural y social. En ellas el medio se convierte en un lugar de observaci\u00f3n, recogida de datos, b\u00fasqueda de informaci\u00f3n y disfrute.<br \/>\n<b>TIC:<\/b> Se incorporan al aula como recurso y competencia educativa. Contamos con una dotaci\u00f3n de ordenador, ca\u00f1\u00f3n y pantalla para cada clase as\u00ed como un aula de inform\u00e1tica y dos aulas con una pizarra digital interactiva. Adem\u00e1s hemos recibido una amplia dotaci\u00f3n de tablets y port\u00e1tiles <\/p>\n<\/div><\/div><\/div><\/div><\/div><\/div><\/div><\/div>                    <\/div>\n\n                                    <\/div>\n            <\/div>\n        <\/div>\n        <div class=\"n2-ss-slider-controls n2-ss-slider-controls-absolute-left-center\"><div style=\"--widget-offset:15px;\" class=\"n2-ss-widget nextend-arrow n2-ow-all nextend-arrow-previous  nextend-arrow-animated-fade\" data-hide-mobileportrait=\"1\" id=\"n2-ss-2-arrow-previous\" role=\"button\" aria-label=\"previous arrow\" tabindex=\"0\"><img loading=\"lazy\" decoding=\"async\" width=\"32\" height=\"32\" class=\"skip-lazy\" data-skip-lazy=\"1\" src=\"data:image\/svg+xml;base64,PHN2ZyB3aWR0aD0iMzIiIGhlaWdodD0iMzIiIHZpZXdCb3g9IjAgMCAzMiAzMiIgeG1sbnM9Imh0dHA6Ly93d3cudzMub3JnLzIwMDAvc3ZnIj4KICAgIDxwYXRoIGQ9Ik0xMS40MzMgMTUuOTkyTDIyLjY5IDUuNzEyYy4zOTMtLjM5LjM5My0xLjAzIDAtMS40Mi0uMzkzLS4zOS0xLjAzLS4zOS0xLjQyMyAwbC0xMS45OCAxMC45NGMtLjIxLjIxLS4zLjQ5LS4yODUuNzYtLjAxNS4yOC4wNzUuNTYuMjg0Ljc3bDExLjk4IDEwLjk0Yy4zOTMuMzkgMS4wMy4zOSAxLjQyNCAwIC4zOTMtLjQuMzkzLTEuMDMgMC0xLjQybC0xMS4yNTctMTAuMjkiCiAgICAgICAgICBmaWxsPSIjZmZmZmZmIiBvcGFjaXR5PSIwLjgiIGZpbGwtcnVsZT0iZXZlbm9kZCIvPgo8L3N2Zz4=\" alt=\"previous arrow\"><\/div><\/div><div class=\"n2-ss-slider-controls n2-ss-slider-controls-absolute-right-center\"><div style=\"--widget-offset:15px;\" class=\"n2-ss-widget nextend-arrow n2-ow-all nextend-arrow-next  nextend-arrow-animated-fade\" data-hide-mobileportrait=\"1\" id=\"n2-ss-2-arrow-next\" role=\"button\" aria-label=\"next arrow\" tabindex=\"0\"><img loading=\"lazy\" decoding=\"async\" width=\"32\" height=\"32\" class=\"skip-lazy\" data-skip-lazy=\"1\" src=\"data:image\/svg+xml;base64,PHN2ZyB3aWR0aD0iMzIiIGhlaWdodD0iMzIiIHZpZXdCb3g9IjAgMCAzMiAzMiIgeG1sbnM9Imh0dHA6Ly93d3cudzMub3JnLzIwMDAvc3ZnIj4KICAgIDxwYXRoIGQ9Ik0xMC43MjIgNC4yOTNjLS4zOTQtLjM5LTEuMDMyLS4zOS0xLjQyNyAwLS4zOTMuMzktLjM5MyAxLjAzIDAgMS40MmwxMS4yODMgMTAuMjgtMTEuMjgzIDEwLjI5Yy0uMzkzLjM5LS4zOTMgMS4wMiAwIDEuNDIuMzk1LjM5IDEuMDMzLjM5IDEuNDI3IDBsMTIuMDA3LTEwLjk0Yy4yMS0uMjEuMy0uNDkuMjg0LS43Ny4wMTQtLjI3LS4wNzYtLjU1LS4yODYtLjc2TDEwLjcyIDQuMjkzeiIKICAgICAgICAgIGZpbGw9IiNmZmZmZmYiIG9wYWNpdHk9IjAuOCIgZmlsbC1ydWxlPSJldmVub2RkIi8+Cjwvc3ZnPg==\" alt=\"next arrow\"><\/div><\/div><\/div><\/div><ss3-loader><\/ss3-loader><\/div><\/div><div class=\"n2_clear\"><\/div><\/div><\/ss3-force-full-width><\/div>\n\n\n<object data=\"pdf?#zoom=85&amp;scrollbar=0&amp;toolbar=0&amp;navpanes=0\" type=\"application\/pdf\">\n    <embed src=\"https:\/\/site.educa.madrid.org\/cp.lanavata.galapagar\/\/wp-content\/uploads\/cp.lanavata.galapagar\/2025\/06\/PEC-CEIP-LA-NAVATA.pdf\" type=\"application\/pdf\" style=\"max-width: 1600px; width: 100%; height: 500px; display: block; margin: auto;\">\n    <\/object>\n","protected":false},"excerpt":{"rendered":"","protected":false},"author":2,"featured_media":0,"parent":0,"menu_order":0,"comment_status":"closed","ping_status":"closed","template":"","meta":{"footnotes":""},"folder":[],"class_list":["post-168","page","type-page","status-publish","hentry"],"rttpg_featured_image_url":null,"rttpg_author":{"display_name":"tic.cp.lanavata.galapagar","author_link":"https:\/\/site.educa.madrid.org\/cp.lanavata.galapagar\/index.php\/author\/cuenta_tic-cp-lanavata-galapagar\/"},"rttpg_comment":0,"rttpg_category":false,"rttpg_excerpt":null,"post_mailing_queue_ids":[],"_links":{"self":[{"href":"https:\/\/site.educa.madrid.org\/cp.lanavata.galapagar\/index.php\/wp-json\/wp\/v2\/pages\/168","targetHints":{"allow":["GET"]}}],"collection":[{"href":"https:\/\/site.educa.madrid.org\/cp.lanavata.galapagar\/index.php\/wp-json\/wp\/v2\/pages"}],"about":[{"href":"https:\/\/site.educa.madrid.org\/cp.lanavata.galapagar\/index.php\/wp-json\/wp\/v2\/types\/page"}],"author":[{"embeddable":true,"href":"https:\/\/site.educa.madrid.org\/cp.lanavata.galapagar\/index.php\/wp-json\/wp\/v2\/users\/2"}],"replies":[{"embeddable":true,"href":"https:\/\/site.educa.madrid.org\/cp.lanavata.galapagar\/index.php\/wp-json\/wp\/v2\/comments?post=168"}],"version-history":[{"count":26,"href":"https:\/\/site.educa.madrid.org\/cp.lanavata.galapagar\/index.php\/wp-json\/wp\/v2\/pages\/168\/revisions"}],"predecessor-version":[{"id":1842,"href":"https:\/\/site.educa.madrid.org\/cp.lanavata.galapagar\/index.php\/wp-json\/wp\/v2\/pages\/168\/revisions\/1842"}],"wp:attachment":[{"href":"https:\/\/site.educa.madrid.org\/cp.lanavata.galapagar\/index.php\/wp-json\/wp\/v2\/media?parent=168"}],"wp:term":[{"taxonomy":"folder","embeddable":true,"href":"https:\/\/site.educa.madrid.org\/cp.lanavata.galapagar\/index.php\/wp-json\/wp\/v2\/folder?post=168"}],"curies":[{"name":"wp","href":"https:\/\/api.w.org\/{rel}","templated":true}]}}