{"id":1769,"date":"2025-02-21T11:40:59","date_gmt":"2025-02-21T10:40:59","guid":{"rendered":"https:\/\/site.educa.madrid.org\/cp.lanavata.galapagar\/?page_id=1769"},"modified":"2026-02-25T15:27:55","modified_gmt":"2026-02-25T14:27:55","slug":"informacion-a-las-familias","status":"publish","type":"page","link":"https:\/\/site.educa.madrid.org\/cp.lanavata.galapagar\/index.php\/informacion-a-las-familias\/","title":{"rendered":"INFORMACI\u00d3N A LAS FAMILIAS"},"content":{"rendered":"<div id=\"pl-gb1769-6a0360f783cf6\"  class=\"panel-layout panel-layout\" ><div id=\"pg-gb1769-6a0360f783cf6-0\"  class=\"panel-grid panel-no-style\" ><div id=\"pgc-gb1769-6a0360f783cf6-0-0\"  class=\"panel-grid-cell\"  data-weight=\"1\" ><div id=\"panel-gb1769-6a0360f783cf6-0-0-0\" class=\"so-panel widget widget_sow-tabs panel-first-child panel-last-child\" data-index=\"0\" data-style=\"{&quot;background_image_attachment&quot;:false,&quot;background_display&quot;:&quot;tile&quot;,&quot;background_image_size&quot;:&quot;full&quot;,&quot;background_image_opacity&quot;:&quot;100&quot;,&quot;border_thickness&quot;:&quot;1px&quot;,&quot;link_overlay_new_window&quot;:&quot;&quot;}\" ><div\n\t\t\t\n\t\t\tclass=\"so-widget-sow-tabs so-widget-sow-tabs-default-202691d72718\"\n\t\t\t\n\t\t><h3 class=\"widget-title\">INFORMACI\u00d3N A FAMILIAS<\/h3><div class=\"sow-tabs\">\n\t<div class=\"sow-tabs-tab-container\" role=\"tablist\">\n\t\t\t<div\n\t\t\tclass=\"sow-tabs-tab sow-tabs-tab-selected\"\n\t\t\trole=\"tab\"\n\t\t\tdata-anchor=\"oferta-educativa\"\n\t\t\taria-selected=\"true\"\n\t\t\ttabindex=\"0\"\n\t\t>\n\t\t\t<div class=\"sow-tabs-title sow-tabs-title-icon-left\">\n\t\t\t\t\t\t\t\tOferta Educativa\t\t\t\t\t\t\t<\/div>\n\t\t<\/div>\n\t\t\t<div\n\t\t\tclass=\"sow-tabs-tab\"\n\t\t\trole=\"tab\"\n\t\t\tdata-anchor=\"servicios-complementarios\"\n\t\t\taria-selected=\"false\"\n\t\t\ttabindex=\"0\"\n\t\t>\n\t\t\t<div class=\"sow-tabs-title sow-tabs-title-icon-left\">\n\t\t\t\t\t\t\t\tServicios Complementarios\t\t\t\t\t\t\t<\/div>\n\t\t<\/div>\n\t\t\t<div\n\t\t\tclass=\"sow-tabs-tab\"\n\t\t\trole=\"tab\"\n\t\t\tdata-anchor=\"programas-y-proyectos-educativos\"\n\t\t\taria-selected=\"false\"\n\t\t\ttabindex=\"0\"\n\t\t>\n\t\t\t<div class=\"sow-tabs-title sow-tabs-title-icon-left\">\n\t\t\t\t\t\t\t\tProgramas y Proyectos Educativos\t\t\t\t\t\t\t<\/div>\n\t\t<\/div>\n\t\t\t<div\n\t\t\tclass=\"sow-tabs-tab\"\n\t\t\trole=\"tab\"\n\t\t\tdata-anchor=\"normas-de-organizaci%c3%b3n-y-funcionamiento\"\n\t\t\taria-selected=\"false\"\n\t\t\ttabindex=\"0\"\n\t\t>\n\t\t\t<div class=\"sow-tabs-title sow-tabs-title-icon-left\">\n\t\t\t\t\t\t\t\tNormas de Organizaci\u00f3n y Funcionamiento\t\t\t\t\t\t\t<\/div>\n\t\t<\/div>\n\t\t\t<div\n\t\t\tclass=\"sow-tabs-tab\"\n\t\t\trole=\"tab\"\n\t\t\tdata-anchor=\"contacto\"\n\t\t\taria-selected=\"false\"\n\t\t\ttabindex=\"0\"\n\t\t>\n\t\t\t<div class=\"sow-tabs-title sow-tabs-title-icon-left\">\n\t\t\t\t\t\t\t\tContacto\t\t\t\t\t\t\t<\/div>\n\t\t<\/div>\n\t\t\t<div\n\t\t\tclass=\"sow-tabs-tab\"\n\t\t\trole=\"tab\"\n\t\t\tdata-anchor=\"resultados-del-centro-en-pruebas-externas\"\n\t\t\taria-selected=\"false\"\n\t\t\ttabindex=\"0\"\n\t\t>\n\t\t\t<div class=\"sow-tabs-title sow-tabs-title-icon-left\">\n\t\t\t\t\t\t\t\tResultados del centro en pruebas externas\t\t\t\t\t\t\t<\/div>\n\t\t<\/div>\n\t\t<\/div>\n\n\t<div class=\"sow-tabs-panel-container\">\n\t\t\t<div class=\"sow-tabs-panel\">\n\t\t\t<div\n\t\t\t\tclass=\"sow-tabs-panel-content\"\n\t\t\t\trole=\"tabpanel\"\n\t\t\t\taria-hidden=\"false\"\n\t\t\t>\n\t\t\t\t<p><strong>Oferta Educativa en el CEIP\u00a0 LA NAVATA<\/strong><\/p>\n<p>En el CEIP La Navata encontramos la siguiente oferta educativa<\/p>\n<p><strong>Educaci\u00f3n Infantil (2\u00ba Ciclo - 3, 4 y 5 a\u00f1os):<\/strong><\/p>\n<p>Los\u00a0<strong>pilares del cole<\/strong>\u00a0se desarrollan de manera trasversal a trav\u00e9s de actividades del d\u00eda a d\u00eda<strong>:<\/strong><\/p>\n<ul>\n<li>Desde la mirada y el respeto a la infancia, aceptamos y valoramos la\u00a0<strong>DIVERSIDAD<\/strong>\u00a0como fuente de enriquecimiento (funcional, familiar, cultural, religiosa, sexual, emocional\u2026).<\/li>\n<li>Nos\u00a0<strong>COMUNICAMOS<\/strong>\u00a0y relacionamos a trav\u00e9s de los diferentes lenguajes con iguales, maestras, familias, personal no docente y todas esas personas con las que nos vamos encontrando en el camino.<\/li>\n<li><strong>PARTICIPACI\u00d3N DIRECTA<\/strong>\u00a0de toda la comunidad educativa en las salidas, actividades de aula, talleres, proyectos\u2026 estando abiertas a la relaci\u00f3n, implicaci\u00f3n y participaci\u00f3n de toda persona que quiera aportar.<\/li>\n<li><strong>EDUCACI\u00d3N AMBIENTAL<\/strong>\u00a0el contacto con la naturaleza (huerto, entorno cercano, rocas, reducci\u00f3n de residuos, consumo responsable de la energ\u00eda\u2026)<\/li>\n<li><strong>CONVIVENCIA<\/strong>\u00a0resoluci\u00f3n consciente de los conflictos (\u201cHablar hasta comprenderse\u201d).<\/li>\n<\/ul>\n<p><strong>Educaci\u00f3n Primaria:<\/strong><\/p>\n<p>La etapa de Educaci\u00f3n Primaria esta dividida en tres ciclos, y estos a su vez en dos niveles cada uno:<\/p>\n<ul>\n<li>1\u00ba de primaria (6 a\u00f1os)<\/li>\n<li>2\u00ba de primaria (7 a\u00f1os)<\/li>\n<li>3\u00ba de primaria\u00a0(8 a\u00f1os)<\/li>\n<li>4\u00ba de primaria (9 a\u00f1os)<\/li>\n<li>5\u00ba de primaria (10 a\u00f1os)<\/li>\n<li>6\u00ba de primaria (11 a\u00f1os)<\/li>\n<\/ul>\n<blockquote class=\"wp-block-quote\">\n<p><em>La finalidad de la Educaci\u00f3n Primaria ser\u00e1 proporcionar a todos los ni\u00f1os una educaci\u00f3n com\u00fan que haga posible la adquisici\u00f3n de los elementos b\u00e1sicos culturales, los aprendizajes relativos a la expresi\u00f3n oral, a la lectura, a la escritura y al c\u00e1lculo aritm\u00e9tico, as\u00ed como una progresiva autonom\u00eda de acci\u00f3n en su medio.<\/em><\/p>\n<\/blockquote>\n<p>&nbsp;<\/p>\n<p><strong>Jornada Escolar Partida:<\/strong><\/p>\n<p>Horario regular: 9:00 a 12:30 \/ 12:30 a 14:30 comedor \/ 14:30 a 16:00<\/p>\n<p>Horario de septiembre y junio: De 9:00 a 13:00 horas.<\/p>\n<p><strong>Centro de Escolarizaci\u00f3n Preferente TEA:<\/strong><\/p>\n<p>Desde el curso 20-21 nuestro colegio es Centro Preferente de escolarizaci\u00f3n para alumnado con TEA (Trastorno del Espectro Autista). Es desde entonces que contamos con nuestra Aula Ubuntu.<\/p>\n<p>Pero \u00bfQu\u00e9 es el TEA y qu\u00e9 implica ser un centro preferente?<\/p>\n<p>[embed]https:\/\/youtu.be\/pgWU2eYLJ0I?si=q0IgDR_VPlqX4Aj6[\/embed]<\/p>\n<p><strong>Ense\u00f1anza Religiosa:<\/strong><\/p>\n<p><strong>L<\/strong>as familias matricular a sus hijos en clases de Religi\u00f3n Cat\u00f3lica o Medidas de Atenci\u00f3n Educativa.<\/p>\n<p>&nbsp;<\/p>\n<p>&nbsp;<\/p>\n\t\t\t<\/div>\n\t\t<\/div>\n\t\t\t<div class=\"sow-tabs-panel\">\n\t\t\t<div\n\t\t\t\tclass=\"sow-tabs-panel-content\"\n\t\t\t\trole=\"tabpanel\"\n\t\t\t\taria-hidden=\"true\"\n\t\t\t>\n\t\t\t\t<p>En el CEIP La Navata, gracias a la implicaci\u00f3n y trabajo de la AFA (Asociaci\u00f3n de familias) contamos con servicios complementarios al horario regular.<\/p>\n<p>A continuaci\u00f3n, encontrar\u00e1n informaci\u00f3n detallada sobre cada uno de estos servicios:<\/p>\n<p><strong>\"Primeros del Cole\" (Actividad de la AFA):<\/strong><\/p>\n<p>Esta actividad, ofrecida por la AFA, est\u00e1 pensada para facilitar la conciliaci\u00f3n familiar y laboral. Se realiza de 7:30 a 9:00 horas. Para m\u00e1s informaci\u00f3n, pueden consultar <a href=\"https:\/\/site.educa.madrid.org\/cp.lanavata.galapagar\/index.php\/asociacion-de-familias-afa\/\">aqu\u00ed<\/a>.<\/p>\n<p><strong>Servicio de Comedor Escolar:<\/strong><\/p>\n<p>Nuestro servicio de comedor escolar funciona de 12:30 a 14:30 , con un horario adaptado en junio y septiembre de 13:00 a 15:00 horas. La empresa que lo desarrolla es ARCE.<\/p>\n<p><strong>Actividades Extraescolares propuestas por la AFA<\/strong><\/p>\n<p>Despu\u00e9s de la jornada, se ofrecemos actividades variadas entre las 16:00 a 17:45 horas ( en funci\u00f3n de la actividad). M\u00e1s informaci\u00f3n en <a href=\"https:\/\/site.educa.madrid.org\/cp.lanavata.galapagar\/index.php\/asociacion-de-familias-afa\/\">el blog de la AFA.<\/a><\/p>\n<p>Para las familias que tengan derecho a \u00e9l seg\u00fan la legislaci\u00f3n vigente, ofrecemos servicio de transporte escolar. Para conocer todos los detalles sobre este servicio, por favor visite este\u00a0<a href=\"https:\/\/site.educa.madrid.org\/cp.lanavata.galapagar\/index.php\/ruta\/\">enlace<\/a>.<\/p>\n\t\t\t<\/div>\n\t\t<\/div>\n\t\t\t<div class=\"sow-tabs-panel\">\n\t\t\t<div\n\t\t\t\tclass=\"sow-tabs-panel-content\"\n\t\t\t\trole=\"tabpanel\"\n\t\t\t\taria-hidden=\"true\"\n\t\t\t>\n\t\t\t\t<p>Somos un centro educativo p\u00fablico del municipio de Galapagar que naci\u00f3 en el curso 1995-96 al amparo de la ley (LOGSE), con la intenci\u00f3n de hacer realidad los principios de calidad que entendemos debe tener la Escuela P\u00fablica.<\/p>\n<p>Profesorado, alumnado, familias y personal no docente vamos construyendo d\u00eda a d\u00eda un centro escolar con personalidad propia, ajust\u00e1ndonos al an\u00e1lisis de la realidad y a las necesidades de cada momento. \u00c9sta no es una tarea f\u00e1cil, pues la normativa actual, la diversidad en la estabilidad de nuestro claustro, la ratio de alumnos y las necesidades de \u00e9stos configuran un escenario que en ocasiones es complicado, a la vez que apasionante.<\/p>\n<p>Os dejamos aqu\u00ed el enlace con toda la informaci\u00f3n. <a href=\"https:\/\/site.educa.madrid.org\/cp.lanavata.galapagar\/index.php\/ensenanzas\/\">ENLACE<\/a><\/p>\n<p>&nbsp;<\/p>\n\t\t\t<\/div>\n\t\t<\/div>\n\t\t\t<div class=\"sow-tabs-panel\">\n\t\t\t<div\n\t\t\t\tclass=\"sow-tabs-panel-content\"\n\t\t\t\trole=\"tabpanel\"\n\t\t\t\taria-hidden=\"true\"\n\t\t\t>\n\t\t\t\t<header class=\"header options\">\n<div class=\"content-options cms-content-a09d1c3a-d1fe-4de2-91fd-4f868c98a43b autoclear\">\n<header class=\"header options\">\n<div class=\"content-options cms-content-a09d1c3a-d1fe-4de2-91fd-4f868c98a43b autoclear\">La convivencia en el centro es uno de los ejes que enmarcan el Proyecto Educativo desde sus inicios y que presupone un modelo de convivencia acorde con el modelo de educaci\u00f3n que promovemos.<\/div>\n<\/header>\n<div class=\"description autoclear\">\n<div class=\"main-content autoclear\"><\/div>\n<\/div>\n<h2 class=\"wp-block-heading has-huge-font-size\">NORMAS DE CONVIVENCIA<\/h2>\n<p>Entendemos que la convivencia de todas las personas que forman parte de esta Comunidad Educativa y todas<br \/>\nlas normas que la regulen, deben estar enmarcadas por las siguientes:<\/p>\n<ol class=\"wp-block-list\">\n<li>La asistencia regular a clase. Es necesario justificar las faltas.<\/li>\n<li>La puntualidad a todas las actividades y momentos.<\/li>\n<li>Mantener una actitud correcta en el aula y en los diferentes espacios.<\/li>\n<li>El respeto a los adultos, tanto profesorado como resto de personal del centro.<\/li>\n<li>El respeto hacia los compa\u00f1eros, no permiti\u00e9ndose en ning\u00fan caso el ejercicio de la violencia f\u00edsica o verbal.<\/li>\n<li>El cuidado y respeto a todos los materiales del centro.<\/li>\n<li>El cuidado de las instalaciones y del edificio escolar.<\/li>\n<li>El respeto a la normativa vigente en las actividades de transporte y comedor escolar.<\/li>\n<li>Todos los adultos que forman parte de la comunidad educativa y especialmente el profesorado, tienen que estar involucrados en el mantenimiento de un buen clima de convivencia y en el cumplimiento de las normas establecidas.<\/li>\n<\/ol>\n<h1 class=\"wp-block-heading\">LA COMISI\u00d3N DE BIENESTAR<\/h1>\n<p>Recientes desarrollos legislativos introducen una nueva figura, la de la coordinadora o coordinador de bienestar y protecci\u00f3n de la infancia y la adolescencia en los centros educativos. Concretamente, la Ley Org\u00e1nica 8\/2021, de 4 de junio de protecci\u00f3n integral a la infancia y la adolescencia frente a la violencia , que incluye el nombramiento de dicho coordinador o coordinadora de bienestar.<\/p>\n<p>Durante el curso 2025-2026 la Coordinadora de Bienestar ser\u00e1 Laura Pe\u00f1a (que tambi\u00e9n es la secretaria del centro). No obstante, hemos decidido trabajar en forma de <strong>Comisi\u00f3n de Bienestar<\/strong>\u00a0, y no como una figura aislada dada la importancia que como centro conferimos a la Convivencia en el centro. En esta comisi\u00f3n est\u00e1 presente la Coordinadora de Bienestar , el equipo directivo, la Orientadora ( en los casos que se considera necesario)<\/p>\n<\/div>\n<\/header>\n<div class=\"description autoclear\">\n<div class=\"main-content autoclear\"><a href=\"https:\/\/site.educa.madrid.org\/cp.lanavata.galapagar\/index.php\/plan-de-convivencia\/\" target=\"_blank\" rel=\"noopener\">ENLACE PLAN DE CONVIVENCIA<\/a><br \/>\n&nbsp;\n<\/div>\n<\/div>\n\t\t\t<\/div>\n\t\t<\/div>\n\t\t\t<div class=\"sow-tabs-panel\">\n\t\t\t<div\n\t\t\t\tclass=\"sow-tabs-panel-content\"\n\t\t\t\trole=\"tabpanel\"\n\t\t\t\taria-hidden=\"true\"\n\t\t\t>\n\t\t\t\t<p><strong>\u00a0<\/strong><strong>Direcci\u00f3n Postal:<\/strong> Calle Estanque, 8 - Galapagar, CP: 28420<\/p>\n<p><strong>Tel\u00e9fono:\u00a0<\/strong>91 858 39 99<\/p>\n<p><strong>Correo secretaria:<\/strong> secretaria.cp.lanavata.galapagar@educa.madrid.org<\/p>\n<p><strong>Correo Jefatura de Estudios<\/strong>:jestudios.cp.lanavata.galapagar@educa.madrid.org<\/p>\n<p><strong>Correo Direcci\u00f3n:<\/strong> cp.lanavata.galapagar@educa.madrid.org<\/p>\n<p><strong>Horario de Secretar\u00eda:\u00a0<\/strong>Lunes y Mi\u00e9rcoles de 9.00 a 10.00 \/ Martes y Jueves de 15.15 a 16.15\/ Viernes de 12.30 a 13.30<\/p>\n\t\t\t<\/div>\n\t\t<\/div>\n\t\t\t<div class=\"sow-tabs-panel\">\n\t\t\t<div\n\t\t\t\tclass=\"sow-tabs-panel-content\"\n\t\t\t\trole=\"tabpanel\"\n\t\t\t\taria-hidden=\"true\"\n\t\t\t>\n\t\t\t\t<p><strong>Resultado pruebas externas cursos 23\/ 24 y 24\/ 25<\/strong>: <a href=\"https:\/\/site.educa.madrid.org\/cp.lanavata.galapagar\/\/wp-content\/uploads\/cp.lanavata.galapagar\/2026\/02\/Resultados-p.externas-24-25.pdf\">ENLACE p.externas <\/a><\/p>\n\t\t\t<\/div>\n\t\t<\/div>\n\t\t<\/div>\n<\/div>\n<\/div><\/div><\/div><\/div><\/div>","protected":false},"excerpt":{"rendered":"","protected":false},"author":2,"featured_media":0,"parent":0,"menu_order":0,"comment_status":"closed","ping_status":"closed","template":"","meta":{"footnotes":""},"folder":[],"class_list":["post-1769","page","type-page","status-publish","hentry"],"rttpg_featured_image_url":null,"rttpg_author":{"display_name":"tic.cp.lanavata.galapagar","author_link":"https:\/\/site.educa.madrid.org\/cp.lanavata.galapagar\/index.php\/author\/cuenta_tic-cp-lanavata-galapagar\/"},"rttpg_comment":0,"rttpg_category":false,"rttpg_excerpt":null,"post_mailing_queue_ids":[],"_links":{"self":[{"href":"https:\/\/site.educa.madrid.org\/cp.lanavata.galapagar\/index.php\/wp-json\/wp\/v2\/pages\/1769","targetHints":{"allow":["GET"]}}],"collection":[{"href":"https:\/\/site.educa.madrid.org\/cp.lanavata.galapagar\/index.php\/wp-json\/wp\/v2\/pages"}],"about":[{"href":"https:\/\/site.educa.madrid.org\/cp.lanavata.galapagar\/index.php\/wp-json\/wp\/v2\/types\/page"}],"author":[{"embeddable":true,"href":"https:\/\/site.educa.madrid.org\/cp.lanavata.galapagar\/index.php\/wp-json\/wp\/v2\/users\/2"}],"replies":[{"embeddable":true,"href":"https:\/\/site.educa.madrid.org\/cp.lanavata.galapagar\/index.php\/wp-json\/wp\/v2\/comments?post=1769"}],"version-history":[{"count":7,"href":"https:\/\/site.educa.madrid.org\/cp.lanavata.galapagar\/index.php\/wp-json\/wp\/v2\/pages\/1769\/revisions"}],"predecessor-version":[{"id":2044,"href":"https:\/\/site.educa.madrid.org\/cp.lanavata.galapagar\/index.php\/wp-json\/wp\/v2\/pages\/1769\/revisions\/2044"}],"wp:attachment":[{"href":"https:\/\/site.educa.madrid.org\/cp.lanavata.galapagar\/index.php\/wp-json\/wp\/v2\/media?parent=1769"}],"wp:term":[{"taxonomy":"folder","embeddable":true,"href":"https:\/\/site.educa.madrid.org\/cp.lanavata.galapagar\/index.php\/wp-json\/wp\/v2\/folder?post=1769"}],"curies":[{"name":"wp","href":"https:\/\/api.w.org\/{rel}","templated":true}]}}