{"id":1844,"date":"2025-06-30T13:32:53","date_gmt":"2025-06-30T11:32:53","guid":{"rendered":"https:\/\/site.educa.madrid.org\/cp.lanavata.galapagar\/?page_id=1844"},"modified":"2025-06-30T13:52:10","modified_gmt":"2025-06-30T11:52:10","slug":"consejo-escolar","status":"publish","type":"page","link":"https:\/\/site.educa.madrid.org\/cp.lanavata.galapagar\/index.php\/consejo-escolar\/","title":{"rendered":"Consejo Escolar"},"content":{"rendered":"<p>El Consejo Escolar constituye el \u00f3rgano donde convergen las voces de la comunidad educativa: familias, profesorado y personal no docente. En nuestro modelo de colegio participativo, este espacio de encuentro y di\u00e1logo permite que las familias sean protagonistas activas en la construcci\u00f3n del proyecto educativo. A trav\u00e9s del Consejo Escolar se fortalece el sentido de comunidad y se asegura que las decisiones que afectan a la educaci\u00f3n de nuestro alumnado sean fruto del consenso y la participaci\u00f3n.<\/p>\n<p><img loading=\"lazy\" decoding=\"async\" class=\"size-medium wp-image-1846 aligncenter\" src=\"https:\/\/site.educa.madrid.org\/cp.lanavata.galapagar\/\/wp-content\/uploads\/cp.lanavata.galapagar\/2025\/06\/RENOVACION-CONSEJO-ESCOLAR-1-300x200.png\" alt=\"\" width=\"300\" height=\"200\" srcset=\"https:\/\/site.educa.madrid.org\/cp.lanavata.galapagar\/\/wp-content\/uploads\/cp.lanavata.galapagar\/2025\/06\/RENOVACION-CONSEJO-ESCOLAR-1-300x200.png 300w, https:\/\/site.educa.madrid.org\/cp.lanavata.galapagar\/\/wp-content\/uploads\/cp.lanavata.galapagar\/2025\/06\/RENOVACION-CONSEJO-ESCOLAR-1-391x260.png 391w, https:\/\/site.educa.madrid.org\/cp.lanavata.galapagar\/\/wp-content\/uploads\/cp.lanavata.galapagar\/2025\/06\/RENOVACION-CONSEJO-ESCOLAR-1-272x182.png 272w, https:\/\/site.educa.madrid.org\/cp.lanavata.galapagar\/\/wp-content\/uploads\/cp.lanavata.galapagar\/2025\/06\/RENOVACION-CONSEJO-ESCOLAR-1.png 600w\" sizes=\"auto, (max-width: 300px) 100vw, 300px\" \/><\/p>\n<p style=\"text-align: center;\">Puedes contactar con las familias representantes en el consejo escolar en el email:<\/p>\n<p style=\"text-align: center;\">familiasconsejeraslanavata@gmail.com<\/p>\n\n\n<h2 class=\"wp-block-heading\">Comisiones del consejo escolar:<\/h2>\n\n\n\n<div class=\"wp-block-media-text alignwide is-stacked-on-mobile\" style=\"grid-template-columns:26% auto\"><figure class=\"wp-block-media-text__media\"><img loading=\"lazy\" decoding=\"async\" width=\"1024\" height=\"683\" src=\"https:\/\/site.educa.madrid.org\/cp.lanavata.galapagar\/\/wp-content\/uploads\/cp.lanavata.galapagar\/2021\/11\/tomato-2776824_1920-1024x683.jpg\" alt=\"\" class=\"wp-image-637 size-full\" srcset=\"https:\/\/site.educa.madrid.org\/cp.lanavata.galapagar\/\/wp-content\/uploads\/cp.lanavata.galapagar\/2021\/11\/tomato-2776824_1920-1024x683.jpg 1024w, https:\/\/site.educa.madrid.org\/cp.lanavata.galapagar\/\/wp-content\/uploads\/cp.lanavata.galapagar\/2021\/11\/tomato-2776824_1920-300x200.jpg 300w, https:\/\/site.educa.madrid.org\/cp.lanavata.galapagar\/\/wp-content\/uploads\/cp.lanavata.galapagar\/2021\/11\/tomato-2776824_1920-768x512.jpg 768w, https:\/\/site.educa.madrid.org\/cp.lanavata.galapagar\/\/wp-content\/uploads\/cp.lanavata.galapagar\/2021\/11\/tomato-2776824_1920-391x260.jpg 391w, https:\/\/site.educa.madrid.org\/cp.lanavata.galapagar\/\/wp-content\/uploads\/cp.lanavata.galapagar\/2021\/11\/tomato-2776824_1920-1536x1024.jpg 1536w, https:\/\/site.educa.madrid.org\/cp.lanavata.galapagar\/\/wp-content\/uploads\/cp.lanavata.galapagar\/2021\/11\/tomato-2776824_1920-272x182.jpg 272w, https:\/\/site.educa.madrid.org\/cp.lanavata.galapagar\/\/wp-content\/uploads\/cp.lanavata.galapagar\/2021\/11\/tomato-2776824_1920.jpg 1920w\" sizes=\"auto, (max-width: 1024px) 100vw, 1024px\" \/><\/figure><div class=\"wp-block-media-text__content\">\n<p class=\"has-large-font-size\">COMISI\u00d3N DE COMEDOR Y SALUD<\/p>\n\n\n\n<p>Se encarga de recoger el sentir de las familias y hacer propuestas para la mejora del servicio de comedor escolar. Se integra dentro de esta comisi\u00f3n la de salud para trabajar sobre alergias y protocolos a tener en cuenta . <\/p>\n<\/div><\/div>\n\n\n\n<hr class=\"wp-block-separator has-alpha-channel-opacity\"\/>\n\n\n\n<div class=\"wp-block-media-text alignwide is-stacked-on-mobile\" style=\"grid-template-columns:26% auto\"><figure class=\"wp-block-media-text__media\"><img loading=\"lazy\" decoding=\"async\" width=\"1024\" height=\"683\" src=\"https:\/\/site.educa.madrid.org\/cp.lanavata.galapagar\/\/wp-content\/uploads\/cp.lanavata.galapagar\/2021\/11\/hands-2847508_1920-1024x683.jpg\" alt=\"\" class=\"wp-image-626 size-full\" srcset=\"https:\/\/site.educa.madrid.org\/cp.lanavata.galapagar\/\/wp-content\/uploads\/cp.lanavata.galapagar\/2021\/11\/hands-2847508_1920-1024x683.jpg 1024w, https:\/\/site.educa.madrid.org\/cp.lanavata.galapagar\/\/wp-content\/uploads\/cp.lanavata.galapagar\/2021\/11\/hands-2847508_1920-300x200.jpg 300w, https:\/\/site.educa.madrid.org\/cp.lanavata.galapagar\/\/wp-content\/uploads\/cp.lanavata.galapagar\/2021\/11\/hands-2847508_1920-768x512.jpg 768w, https:\/\/site.educa.madrid.org\/cp.lanavata.galapagar\/\/wp-content\/uploads\/cp.lanavata.galapagar\/2021\/11\/hands-2847508_1920-391x260.jpg 391w, https:\/\/site.educa.madrid.org\/cp.lanavata.galapagar\/\/wp-content\/uploads\/cp.lanavata.galapagar\/2021\/11\/hands-2847508_1920-1536x1024.jpg 1536w, https:\/\/site.educa.madrid.org\/cp.lanavata.galapagar\/\/wp-content\/uploads\/cp.lanavata.galapagar\/2021\/11\/hands-2847508_1920-272x182.jpg 272w, https:\/\/site.educa.madrid.org\/cp.lanavata.galapagar\/\/wp-content\/uploads\/cp.lanavata.galapagar\/2021\/11\/hands-2847508_1920.jpg 1920w\" sizes=\"auto, (max-width: 1024px) 100vw, 1024px\" \/><\/figure><div class=\"wp-block-media-text__content\">\n<p class=\"has-large-font-size\">COMISI\u00d3N DE CONVIVENCIA<\/p>\n\n\n\n<p>Se encarga de realizar propuestas para mejorar la convivencia en el centro. <\/p>\n<\/div><\/div>\n\n\n\n<hr class=\"wp-block-separator has-alpha-channel-opacity\"\/>\n\n\n\n<div class=\"wp-block-media-text alignwide is-stacked-on-mobile\" style=\"grid-template-columns:26% auto\"><figure class=\"wp-block-media-text__media\"><img loading=\"lazy\" decoding=\"async\" width=\"640\" height=\"360\" src=\"https:\/\/site.educa.madrid.org\/cp.lanavata.galapagar\/\/wp-content\/uploads\/cp.lanavata.galapagar\/2025\/06\/presupuesto-proyecto-800x450.width-640-1.jpg\" alt=\"\" class=\"wp-image-1856 size-full\" srcset=\"https:\/\/site.educa.madrid.org\/cp.lanavata.galapagar\/\/wp-content\/uploads\/cp.lanavata.galapagar\/2025\/06\/presupuesto-proyecto-800x450.width-640-1.jpg 640w, https:\/\/site.educa.madrid.org\/cp.lanavata.galapagar\/\/wp-content\/uploads\/cp.lanavata.galapagar\/2025\/06\/presupuesto-proyecto-800x450.width-640-1-300x169.jpg 300w\" sizes=\"auto, (max-width: 640px) 100vw, 640px\" \/><\/figure><div class=\"wp-block-media-text__content\">\n<p class=\"has-large-font-size\">COMISI\u00d3N ECON\u00d3MICA<\/p>\n\n\n\n<p>Se encarga de revisar los presupuestos del centro y es informada del balance econ\u00f3mico del centro. <\/p>\n<\/div><\/div>\n\n\n\n<p><\/p>\n","protected":false},"excerpt":{"rendered":"<p>El Consejo Escolar constituye el \u00f3rgano donde convergen las voces de la comunidad educativa: familias, profesorado y personal no docente. En nuestro modelo de colegio participativo, este espacio de encuentro y di\u00e1logo permite que las familias sean protagonistas activas en la construcci\u00f3n del proyecto educativo. A trav\u00e9s del Consejo Escolar se fortalece el sentido de [&hellip;]<\/p>\n","protected":false},"author":3,"featured_media":0,"parent":0,"menu_order":0,"comment_status":"closed","ping_status":"closed","template":"","meta":{"footnotes":""},"folder":[],"class_list":["post-1844","page","type-page","status-publish","hentry"],"rttpg_featured_image_url":null,"rttpg_author":{"display_name":"cp.lanavata.galapagar","author_link":"https:\/\/site.educa.madrid.org\/cp.lanavata.galapagar\/index.php\/author\/cuenta_cp-lanavata-galapagar\/"},"rttpg_comment":0,"rttpg_category":false,"rttpg_excerpt":"El Consejo Escolar constituye el \u00f3rgano donde convergen las voces de la comunidad educativa: familias, profesorado y personal no docente. En nuestro modelo de colegio participativo, este espacio de encuentro y di\u00e1logo permite que las familias sean protagonistas activas en la construcci\u00f3n del proyecto educativo. A trav\u00e9s del Consejo Escolar se fortalece el sentido de&hellip;","post_mailing_queue_ids":[],"_links":{"self":[{"href":"https:\/\/site.educa.madrid.org\/cp.lanavata.galapagar\/index.php\/wp-json\/wp\/v2\/pages\/1844","targetHints":{"allow":["GET"]}}],"collection":[{"href":"https:\/\/site.educa.madrid.org\/cp.lanavata.galapagar\/index.php\/wp-json\/wp\/v2\/pages"}],"about":[{"href":"https:\/\/site.educa.madrid.org\/cp.lanavata.galapagar\/index.php\/wp-json\/wp\/v2\/types\/page"}],"author":[{"embeddable":true,"href":"https:\/\/site.educa.madrid.org\/cp.lanavata.galapagar\/index.php\/wp-json\/wp\/v2\/users\/3"}],"replies":[{"embeddable":true,"href":"https:\/\/site.educa.madrid.org\/cp.lanavata.galapagar\/index.php\/wp-json\/wp\/v2\/comments?post=1844"}],"version-history":[{"count":4,"href":"https:\/\/site.educa.madrid.org\/cp.lanavata.galapagar\/index.php\/wp-json\/wp\/v2\/pages\/1844\/revisions"}],"predecessor-version":[{"id":1857,"href":"https:\/\/site.educa.madrid.org\/cp.lanavata.galapagar\/index.php\/wp-json\/wp\/v2\/pages\/1844\/revisions\/1857"}],"wp:attachment":[{"href":"https:\/\/site.educa.madrid.org\/cp.lanavata.galapagar\/index.php\/wp-json\/wp\/v2\/media?parent=1844"}],"wp:term":[{"taxonomy":"folder","embeddable":true,"href":"https:\/\/site.educa.madrid.org\/cp.lanavata.galapagar\/index.php\/wp-json\/wp\/v2\/folder?post=1844"}],"curies":[{"name":"wp","href":"https:\/\/api.w.org\/{rel}","templated":true}]}}