{"id":2084,"date":"2026-04-21T12:18:03","date_gmt":"2026-04-21T10:18:03","guid":{"rendered":"https:\/\/site.educa.madrid.org\/cp.lanavata.galapagar\/?page_id=2084"},"modified":"2026-05-08T14:25:30","modified_gmt":"2026-05-08T12:25:30","slug":"radio-la-navata","status":"publish","type":"page","link":"https:\/\/site.educa.madrid.org\/cp.lanavata.galapagar\/index.php\/radio-la-navata\/","title":{"rendered":"RADIO LA NAVATA"},"content":{"rendered":"<p>En este curso 2.025\/ 2.026 \u00a1ESTAMOS DE ESTRENO! Tenemos un nuevo espacio:<\/p>\n<p><strong>LA RADIO ESCOLAR DEL CEIP LA NAVATA<\/strong>.<\/p>\n<p><img loading=\"lazy\" decoding=\"async\" class=\"alignnone size-medium wp-image-2091 aligncenter\" src=\"https:\/\/site.educa.madrid.org\/cp.lanavata.galapagar\/\/wp-content\/uploads\/cp.lanavata.galapagar\/2026\/04\/RADIO-LA-NAVATA-300x300.png\" alt=\"\" width=\"300\" height=\"300\" srcset=\"https:\/\/site.educa.madrid.org\/cp.lanavata.galapagar\/\/wp-content\/uploads\/cp.lanavata.galapagar\/2026\/04\/RADIO-LA-NAVATA-300x300.png 300w, https:\/\/site.educa.madrid.org\/cp.lanavata.galapagar\/\/wp-content\/uploads\/cp.lanavata.galapagar\/2026\/04\/RADIO-LA-NAVATA-150x150.png 150w, https:\/\/site.educa.madrid.org\/cp.lanavata.galapagar\/\/wp-content\/uploads\/cp.lanavata.galapagar\/2026\/04\/RADIO-LA-NAVATA-400x400.png 400w, https:\/\/site.educa.madrid.org\/cp.lanavata.galapagar\/\/wp-content\/uploads\/cp.lanavata.galapagar\/2026\/04\/RADIO-LA-NAVATA-100x100.png 100w, https:\/\/site.educa.madrid.org\/cp.lanavata.galapagar\/\/wp-content\/uploads\/cp.lanavata.galapagar\/2026\/04\/RADIO-LA-NAVATA.png 472w\" sizes=\"auto, (max-width: 300px) 100vw, 300px\" \/><\/p>\n<p>A lo largo del curso, los distintos equipos preparar\u00e1n programas en directo y en diferido donde contar\u00e1n lo que hacemos en clase, lo que aprendemos y otras secciones interesantes y divertidas.<\/p>\n<p>Las familias podr\u00e9is escucharlos en directo a trav\u00e9s de un enlace y, si no pod\u00e9is en ese momento, tambi\u00e9n estar\u00e1n disponibles despu\u00e9s en la Mediateca de Radio del CEIP La Navata en el siguiente enlace:\u00a0<a href=\"https:\/\/mediateca.educa.madrid.org\/usuario\/radio.cp.lanavata.galapagar\/videos\" target=\"_blank\" rel=\"noopener noreferrer\">https:\/\/mediateca.educa.madrid.org\/usuario\/radio.cp.lanavata.galapagar\/videos<\/a><\/p>\n<p>Una forma m\u00e1s de compartir, aprender y disfrutar.<\/p>\n<p>\u00a1NOS ESCUCHAMOS!<\/p>\n<p><strong>Enlace para retransmisiones en directo de 1\u00ba de primaria:<\/strong><\/p>\n<p>Salvo necesidad de cambio por criterios pedag\u00f3gicos y de organizaci\u00f3n, emitiremos:<\/p>\n<p><strong>Dinosaurios 1\u00baA: los jueves a las 15:20<\/strong><\/p>\n<p><strong>Animalistas 1\u00baB: los jueves a las 15:30<\/strong><\/p>\n\n\n<p><\/p>\n","protected":false},"excerpt":{"rendered":"<p>En este curso 2.025\/ 2.026 \u00a1ESTAMOS DE ESTRENO! Tenemos un nuevo espacio: LA RADIO ESCOLAR DEL CEIP LA NAVATA. A lo largo del curso, los distintos equipos preparar\u00e1n programas en directo y en diferido donde contar\u00e1n lo que hacemos en clase, lo que aprendemos y otras secciones interesantes y divertidas. Las familias podr\u00e9is escucharlos en [&hellip;]<\/p>\n","protected":false},"author":2,"featured_media":0,"parent":0,"menu_order":0,"comment_status":"closed","ping_status":"closed","template":"","meta":{"footnotes":""},"folder":[],"class_list":["post-2084","page","type-page","status-publish","hentry"],"rttpg_featured_image_url":null,"rttpg_author":{"display_name":"tic.cp.lanavata.galapagar","author_link":"https:\/\/site.educa.madrid.org\/cp.lanavata.galapagar\/index.php\/author\/cuenta_tic-cp-lanavata-galapagar\/"},"rttpg_comment":0,"rttpg_category":false,"rttpg_excerpt":"En este curso 2.025\/ 2.026 \u00a1ESTAMOS DE ESTRENO! Tenemos un nuevo espacio: LA RADIO ESCOLAR DEL CEIP LA NAVATA. A lo largo del curso, los distintos equipos preparar\u00e1n programas en directo y en diferido donde contar\u00e1n lo que hacemos en clase, lo que aprendemos y otras secciones interesantes y divertidas. Las familias podr\u00e9is escucharlos en&hellip;","post_mailing_queue_ids":[],"_links":{"self":[{"href":"https:\/\/site.educa.madrid.org\/cp.lanavata.galapagar\/index.php\/wp-json\/wp\/v2\/pages\/2084","targetHints":{"allow":["GET"]}}],"collection":[{"href":"https:\/\/site.educa.madrid.org\/cp.lanavata.galapagar\/index.php\/wp-json\/wp\/v2\/pages"}],"about":[{"href":"https:\/\/site.educa.madrid.org\/cp.lanavata.galapagar\/index.php\/wp-json\/wp\/v2\/types\/page"}],"author":[{"embeddable":true,"href":"https:\/\/site.educa.madrid.org\/cp.lanavata.galapagar\/index.php\/wp-json\/wp\/v2\/users\/2"}],"replies":[{"embeddable":true,"href":"https:\/\/site.educa.madrid.org\/cp.lanavata.galapagar\/index.php\/wp-json\/wp\/v2\/comments?post=2084"}],"version-history":[{"count":9,"href":"https:\/\/site.educa.madrid.org\/cp.lanavata.galapagar\/index.php\/wp-json\/wp\/v2\/pages\/2084\/revisions"}],"predecessor-version":[{"id":2105,"href":"https:\/\/site.educa.madrid.org\/cp.lanavata.galapagar\/index.php\/wp-json\/wp\/v2\/pages\/2084\/revisions\/2105"}],"wp:attachment":[{"href":"https:\/\/site.educa.madrid.org\/cp.lanavata.galapagar\/index.php\/wp-json\/wp\/v2\/media?parent=2084"}],"wp:term":[{"taxonomy":"folder","embeddable":true,"href":"https:\/\/site.educa.madrid.org\/cp.lanavata.galapagar\/index.php\/wp-json\/wp\/v2\/folder?post=2084"}],"curies":[{"name":"wp","href":"https:\/\/api.w.org\/{rel}","templated":true}]}}