{"id":477,"date":"2021-11-13T11:55:02","date_gmt":"2021-11-13T10:55:02","guid":{"rendered":"https:\/\/site.educa.madrid.org\/cp.lanavata.galapagar\/?page_id=477"},"modified":"2024-09-18T13:15:00","modified_gmt":"2024-09-18T11:15:00","slug":"alumnado","status":"publish","type":"page","link":"https:\/\/site.educa.madrid.org\/cp.lanavata.galapagar\/index.php\/alumnado\/","title":{"rendered":"ALUMNADO"},"content":{"rendered":"\n<p>Somos un centro de l\u00ednea dos (dos aulas en cada nivel).<\/p>\n\n\n\n<p>Contamos con seis aulas de EDUCACI\u00d3N INFANTIL y doce de EDUCACI\u00d3N PRIMARIA.<\/p>\n\n\n\n<p>Actualmente somos 440 ni\u00f1os y ni\u00f1as (140 en Educaci\u00f3n Infantil y 300 en Primaria).<\/p>\n\n\n\n<p>Del total del alumnado, el 95% utiliza el servicio de comedor escolar (138 infantil y 302 primaria) y el 35% el transporte o ruta escolar (26 infantil y 134 primaria).<\/p>\n\n\n\n<p>Cada 15 d\u00edas dos <strong>ALUMNOS REPRESENTANTES<\/strong> de cada aula de primaria, una chica y un chico, se re\u00fanen con la coordinadora del comedor y con la directora en la ASAMBLEA DE REPRESENTANTES. All\u00ed se plantean propuestas de mejora del d\u00eda a d\u00eda del centro, felicitaciones y preocupaciones que aporta cada aula para, desde la reflexi\u00f3n com\u00fan, tratar de buscar un consenso y actuar en la mejora.<\/p>\n\n\n\n<p>Ese mismo d\u00eda se re\u00fanen tambi\u00e9n dos <strong>ALUMNOS ECOEXPLORADORES<\/strong> de cada aula de primaria, una chica y un chico, con la secretaria del centro y representante de la ECOESCUELA para llevar a cabo acciones de mejora en el centro en materia de medio ambiente y sostenibilidad.<\/p>\n\n\n\n<p>Asimismo, la coordinadora de bienestar (Jefatura de Estudios) se re\u00fane peri\u00f3dicamente con los ALUMNOS MEDIADORES de 4\u00ba, 5\u00ba y 6\u00ba para trabajar sobre la MEJORA DE LA CONVIVENCIA en el centro, implic\u00e1ndoles a estos en la resoluci\u00f3n y mejora de los problemas del d\u00eda a d\u00eda, en especial en los patios.<\/p>\n\n\n\n<p>En todas estas asambleas se busca mejorar la din\u00e1mica del centro con la implicaci\u00f3n del alumnado, escuchando sus propuestas y necesidades y canaliz\u00e1ndolas para que sean, en la medida de lo posible, una realidad.<\/p>\n\n\n\n<figure class=\"wp-block-image aligncenter size-large is-style-rounded\"><img loading=\"lazy\" decoding=\"async\" width=\"640\" height=\"480\" src=\"https:\/\/site.educa.madrid.org\/cp.lanavata.galapagar\/\/wp-content\/uploads\/cp.lanavata.galapagar\/2021\/11\/IMGP0643.jpg\" alt=\"\" class=\"wp-image-181\" srcset=\"https:\/\/site.educa.madrid.org\/cp.lanavata.galapagar\/\/wp-content\/uploads\/cp.lanavata.galapagar\/2021\/11\/IMGP0643.jpg 640w, https:\/\/site.educa.madrid.org\/cp.lanavata.galapagar\/\/wp-content\/uploads\/cp.lanavata.galapagar\/2021\/11\/IMGP0643-300x225.jpg 300w\" sizes=\"auto, (max-width: 640px) 100vw, 640px\" \/><\/figure>\n\n\n\n<h2 class=\"wp-block-heading\"><\/h2>\n","protected":false},"excerpt":{"rendered":"<p>Somos un centro de l\u00ednea dos (dos aulas en cada nivel). Contamos con seis aulas de EDUCACI\u00d3N INFANTIL y doce de EDUCACI\u00d3N PRIMARIA. Actualmente somos 440 ni\u00f1os y ni\u00f1as (140 en Educaci\u00f3n Infantil y 300 en Primaria). Del total del alumnado, el 95% utiliza el servicio de comedor escolar (138 infantil y 302 primaria) y [&hellip;]<\/p>\n","protected":false},"author":2,"featured_media":0,"parent":0,"menu_order":0,"comment_status":"closed","ping_status":"closed","template":"","meta":{"footnotes":""},"folder":[],"class_list":["post-477","page","type-page","status-publish","hentry"],"rttpg_featured_image_url":null,"rttpg_author":{"display_name":"tic.cp.lanavata.galapagar","author_link":"https:\/\/site.educa.madrid.org\/cp.lanavata.galapagar\/index.php\/author\/cuenta_tic-cp-lanavata-galapagar\/"},"rttpg_comment":0,"rttpg_category":false,"rttpg_excerpt":"Somos un centro de l\u00ednea dos (dos aulas en cada nivel). Contamos con seis aulas de EDUCACI\u00d3N INFANTIL y doce de EDUCACI\u00d3N PRIMARIA. Actualmente somos 440 ni\u00f1os y ni\u00f1as (140 en Educaci\u00f3n Infantil y 300 en Primaria). Del total del alumnado, el 95% utiliza el servicio de comedor escolar (138 infantil y 302 primaria) y&hellip;","post_mailing_queue_ids":[],"_links":{"self":[{"href":"https:\/\/site.educa.madrid.org\/cp.lanavata.galapagar\/index.php\/wp-json\/wp\/v2\/pages\/477","targetHints":{"allow":["GET"]}}],"collection":[{"href":"https:\/\/site.educa.madrid.org\/cp.lanavata.galapagar\/index.php\/wp-json\/wp\/v2\/pages"}],"about":[{"href":"https:\/\/site.educa.madrid.org\/cp.lanavata.galapagar\/index.php\/wp-json\/wp\/v2\/types\/page"}],"author":[{"embeddable":true,"href":"https:\/\/site.educa.madrid.org\/cp.lanavata.galapagar\/index.php\/wp-json\/wp\/v2\/users\/2"}],"replies":[{"embeddable":true,"href":"https:\/\/site.educa.madrid.org\/cp.lanavata.galapagar\/index.php\/wp-json\/wp\/v2\/comments?post=477"}],"version-history":[{"count":8,"href":"https:\/\/site.educa.madrid.org\/cp.lanavata.galapagar\/index.php\/wp-json\/wp\/v2\/pages\/477\/revisions"}],"predecessor-version":[{"id":1618,"href":"https:\/\/site.educa.madrid.org\/cp.lanavata.galapagar\/index.php\/wp-json\/wp\/v2\/pages\/477\/revisions\/1618"}],"wp:attachment":[{"href":"https:\/\/site.educa.madrid.org\/cp.lanavata.galapagar\/index.php\/wp-json\/wp\/v2\/media?parent=477"}],"wp:term":[{"taxonomy":"folder","embeddable":true,"href":"https:\/\/site.educa.madrid.org\/cp.lanavata.galapagar\/index.php\/wp-json\/wp\/v2\/folder?post=477"}],"curies":[{"name":"wp","href":"https:\/\/api.w.org\/{rel}","templated":true}]}}