{"id":487,"date":"2021-11-14T11:48:11","date_gmt":"2021-11-14T10:48:11","guid":{"rendered":"https:\/\/site.educa.madrid.org\/cp.lanavata.galapagar\/?page_id=487"},"modified":"2026-03-06T14:37:34","modified_gmt":"2026-03-06T13:37:34","slug":"personal-no-docente","status":"publish","type":"page","link":"https:\/\/site.educa.madrid.org\/cp.lanavata.galapagar\/index.php\/personal-no-docente\/","title":{"rendered":"PERSONAL NO DOCENTE"},"content":{"rendered":"<div class=\"portlet-content\">\n<div class=\" portlet-content-container\">\n<div class=\"portlet-body\">\n<div class=\"portlet-content-body\">\n<div class=\"porlet-content-inner-body\">\n<div id=\"_advanced_content_menu_WAR_cms_tools_INSTANCE_i7PHzx0Z4gDx_-wrapper\" class=\"acm acm-horizontal autoclear\">\n<div id=\"_advanced_content_menu_WAR_cms_tools_INSTANCE_i7PHzx0Z4gDx_-content\" class=\"acm-content\">\n<div class=\"acm-filters-items-list\">\n<div class=\"detailed-list\">\n<div id=\"contentElement_9c2c81ff-f3c0-416d-bf13-473a2d7c5520\" class=\"cms-content detail\">\n<article id=\"cms-content-9c2c81ff-f3c0-416d-bf13-473a2d7c5520\" class=\"html-page\">\n<div class=\"description autoclear\">\n<div class=\"main-content autoclear\">\n<h2>NUESTRO PERSONAL NO DOCENTE:<\/h2>\n<ul>\n<li><strong>ADMINISTRACI\u00d3N:<\/strong> <strong>ISABEL<\/strong><\/li>\n<li><strong>CONSERJE:<\/strong> JOS\u00c9 MANUEL<\/li>\n<li><strong>T\u00c9CNICO III: CARLOS<\/strong><\/li>\n<li><strong>T\u00c9CNICO SUPERIOR EN INTEGRACI\u00d3N SOCIAL: EDURNE Y LAURA<\/strong><\/li>\n<li><strong>FISIOTERAPEUTA: MAR\u00cdA<\/strong><\/li>\n<li><strong>ENFERMERA:<\/strong> <strong>ANABEL<\/strong><\/li>\n<li><strong>COCINA:<\/strong> <strong>EMI, ALEJANDRA, BEGO\u00d1A, ELI, CONCHI Y PILI<\/strong><\/li>\n<li><strong>COORDINADORA DE COMEDOR:CHUS<\/strong><\/li>\n<li><strong>COORDINADORA DE COMEDOR INFANTIL:\u00a0CHUS<\/strong><\/li>\n<li><strong>COORDINADORA DE COMEDOR PRIMARIA:\u00a0ANA<\/strong><\/li>\n<li><strong>MONITORAS DE COMEDOR: <\/strong>\n<ul>\n<li><strong>3 a\u00f1os A: ANA<\/strong><\/li>\n<li><strong>3 A\u00d1OS B: MACARENA<\/strong><\/li>\n<li><strong>APOYO DE 3 A\u00d1OS: ROSA<\/strong><\/li>\n<li><strong>4 a\u00f1os A: PEPI<\/strong><\/li>\n<li><strong>4 a\u00f1os B: MARIBEL<\/strong><\/li>\n<li><strong>5 a\u00f1os A: LUISA<br \/><\/strong><\/li>\n<li><strong>5 a\u00f1os B: ISABEL<br \/><\/strong><\/li>\n<li><strong>APOYO DE 4 Y 5 A\u00d1OS : CECILIA<\/strong><\/li>\n<li><strong>1\u00ba EP: M\u00aa CARMEN<br \/><\/strong><\/li>\n<li><strong>2\u00ba EP: PABLO<br \/><\/strong><\/li>\n<li><strong>3\u00ba EP: ISABEL<\/strong><\/li>\n<li><strong>4\u00ba EP: M\u00d3NICA<\/strong><\/li>\n<li><strong>5\u00ba EP: MARTA<\/strong><\/li>\n<li><strong>6\u00ba EP: ESPE<\/strong><\/li>\n<\/ul>\n<\/li>\n<li><strong>PRIMEROS DEL COLE:<\/strong> <strong>ANA, ESPERANZA Y ANA<\/strong><\/li>\n<li><strong>RATITO M\u00c1S: ESPE Y ANA<\/strong><\/li>\n<li><strong>MONITORAS DE TRANSPORTE ESCOLAR:<\/strong> <strong>MARISOL<\/strong> ,\u00a0 <strong>MARIBEL<\/strong> Y <strong>CHUS<\/strong>\u00a0<\/li>\n<li><strong>PERSONAL DE LIMPIEZA: ANA, MARIBEL, POLIA, CARMEN, AISHA y ANA.<\/strong><\/li>\n<\/ul>\n<\/div>\n<\/div>\n<\/article>\n<\/div>\n<\/div>\n<\/div>\n<\/div>\n<\/div>\n<\/div>\n<\/div>\n<\/div>\n<\/div>\n<\/div>\n\n\n<p><\/p>\n","protected":false},"excerpt":{"rendered":"<p>NUESTRO PERSONAL NO DOCENTE: ADMINISTRACI\u00d3N: ISABEL CONSERJE: JOS\u00c9 MANUEL T\u00c9CNICO III: CARLOS T\u00c9CNICO SUPERIOR EN INTEGRACI\u00d3N SOCIAL: EDURNE Y LAURA FISIOTERAPEUTA: MAR\u00cdA ENFERMERA: ANABEL COCINA: EMI, ALEJANDRA, BEGO\u00d1A, ELI, CONCHI Y PILI COORDINADORA DE COMEDOR:CHUS COORDINADORA DE COMEDOR INFANTIL:\u00a0CHUS COORDINADORA DE COMEDOR PRIMARIA:\u00a0ANA MONITORAS DE COMEDOR: 3 a\u00f1os A: ANA 3 A\u00d1OS B: MACARENA APOYO [&hellip;]<\/p>\n","protected":false},"author":2,"featured_media":0,"parent":0,"menu_order":0,"comment_status":"closed","ping_status":"closed","template":"","meta":{"footnotes":""},"folder":[],"class_list":["post-487","page","type-page","status-publish","hentry"],"rttpg_featured_image_url":null,"rttpg_author":{"display_name":"tic.cp.lanavata.galapagar","author_link":"https:\/\/site.educa.madrid.org\/cp.lanavata.galapagar\/index.php\/author\/cuenta_tic-cp-lanavata-galapagar\/"},"rttpg_comment":0,"rttpg_category":false,"rttpg_excerpt":"NUESTRO PERSONAL NO DOCENTE: ADMINISTRACI\u00d3N: ISABEL CONSERJE: JOS\u00c9 MANUEL T\u00c9CNICO III: CARLOS T\u00c9CNICO SUPERIOR EN INTEGRACI\u00d3N SOCIAL: EDURNE Y LAURA FISIOTERAPEUTA: MAR\u00cdA ENFERMERA: ANABEL COCINA: EMI, ALEJANDRA, BEGO\u00d1A, ELI, CONCHI Y PILI COORDINADORA DE COMEDOR:CHUS COORDINADORA DE COMEDOR INFANTIL:\u00a0CHUS COORDINADORA DE COMEDOR PRIMARIA:\u00a0ANA MONITORAS DE COMEDOR: 3 a\u00f1os A: ANA 3 A\u00d1OS B: MACARENA APOYO&hellip;","post_mailing_queue_ids":[],"_links":{"self":[{"href":"https:\/\/site.educa.madrid.org\/cp.lanavata.galapagar\/index.php\/wp-json\/wp\/v2\/pages\/487","targetHints":{"allow":["GET"]}}],"collection":[{"href":"https:\/\/site.educa.madrid.org\/cp.lanavata.galapagar\/index.php\/wp-json\/wp\/v2\/pages"}],"about":[{"href":"https:\/\/site.educa.madrid.org\/cp.lanavata.galapagar\/index.php\/wp-json\/wp\/v2\/types\/page"}],"author":[{"embeddable":true,"href":"https:\/\/site.educa.madrid.org\/cp.lanavata.galapagar\/index.php\/wp-json\/wp\/v2\/users\/2"}],"replies":[{"embeddable":true,"href":"https:\/\/site.educa.madrid.org\/cp.lanavata.galapagar\/index.php\/wp-json\/wp\/v2\/comments?post=487"}],"version-history":[{"count":9,"href":"https:\/\/site.educa.madrid.org\/cp.lanavata.galapagar\/index.php\/wp-json\/wp\/v2\/pages\/487\/revisions"}],"predecessor-version":[{"id":2052,"href":"https:\/\/site.educa.madrid.org\/cp.lanavata.galapagar\/index.php\/wp-json\/wp\/v2\/pages\/487\/revisions\/2052"}],"wp:attachment":[{"href":"https:\/\/site.educa.madrid.org\/cp.lanavata.galapagar\/index.php\/wp-json\/wp\/v2\/media?parent=487"}],"wp:term":[{"taxonomy":"folder","embeddable":true,"href":"https:\/\/site.educa.madrid.org\/cp.lanavata.galapagar\/index.php\/wp-json\/wp\/v2\/folder?post=487"}],"curies":[{"name":"wp","href":"https:\/\/api.w.org\/{rel}","templated":true}]}}