{"id":501,"date":"2021-11-14T12:20:22","date_gmt":"2021-11-14T11:20:22","guid":{"rendered":"https:\/\/site.educa.madrid.org\/cp.lanavata.galapagar\/?page_id=501"},"modified":"2024-03-05T11:52:27","modified_gmt":"2024-03-05T10:52:27","slug":"asociacion-de-familias-afa","status":"publish","type":"page","link":"https:\/\/site.educa.madrid.org\/cp.lanavata.galapagar\/index.php\/asociacion-de-familias-afa\/","title":{"rendered":"ASOCIACI\u00d3N DE FAMILIAS (AFA)"},"content":{"rendered":"\n<p><\/p>\n\n\n\n<h1 class=\"wp-block-heading\">\u00bfQU\u00c9 ES EL AFA?<\/h1>\n\n\n\n<div class=\"wp-block-buttons is-content-justification-center is-layout-flex wp-container-core-buttons-is-layout-a89b3969 wp-block-buttons-is-layout-flex\">\n<div class=\"wp-block-button\"><a class=\"wp-block-button__link has-white-color has-luminous-dusk-gradient-background has-text-color has-background wp-element-button\" href=\"https:\/\/afalanavata.blogspot.com\/\" target=\"_blank\" rel=\"noreferrer noopener\">P\u00c1GINA WEB DEL A.F.A<\/a><\/div>\n<\/div>\n\n\n\n<figure class=\"wp-block-image alignleft size-large is-resized\"><img loading=\"lazy\" decoding=\"async\" src=\"https:\/\/site.educa.madrid.org\/cp.lanavata.galapagar\/\/wp-content\/uploads\/cp.lanavata.galapagar\/2021\/11\/Logo_p.jpg\" alt=\"\" class=\"wp-image-422\" width=\"143\" height=\"133\"\/><\/figure>\n\n\n\n<p>La Asociaci\u00f3n es el lugar de encuentro de madres y padres.<\/p>\n\n\n\n<p>Legalmente, es una entidad sin \u00e1nimo de lucro a la que pueden asociarse voluntariamente todos los padres y madres que tienen hijos\/as matriculado\/as en nuestro centro educativo<\/p>\n\n\n\n<p>En su p\u00e1gina web pod\u00e9is encontrar toda la informaci\u00f3n sobre las actividades y eventos que organiza<\/p>\n\n\n\n<p>Cada a\u00f1o, a primeros de curso, elige entre sus socios a la Junta Directiva.<\/p>\n\n\n\n<h1 class=\"wp-block-heading\"><strong>\u00bfEN QU\u00c9 ACTIVIDADES PARTICIPA?<\/strong><\/h1>\n\n\n\n<ul class=\"wp-block-list\">\n<li>Mantiene reuniones peri\u00f3dicas con la Direcci\u00f3n del centro y con la Consejer\u00eda de Educaci\u00f3n de Galapagar.<\/li>\n\n\n\n<li>Tiene un representante propio en el Consejo Escolar, m\u00e1ximo \u00f3rgano de decisi\u00f3n en el colegio y se re\u00fane peri\u00f3dicamente con la direcci\u00f3n para tratar asuntos de inter\u00e9s.<\/li>\n\n\n\n<li> Mantiene reuniones con las AFA\/AFAs de los centros educativos de Galapagar.<\/li>\n\n\n\n<li>Organiza y gestiona el servicio de \u201cPrimeros del Cole\u201d durante todo el curso escolar, el \u201cRatito m\u00e1s\u201d en los meses de septiembre y junio, y \u201cLudoteca\u201d los d\u00edas sin cole.<\/li>\n\n\n\n<li>Organiza actividades extraescolares para el alumnado, padres y madres, adem\u00e1s de sendas y talleres.<\/li>\n\n\n\n<li>Colabora en los talleres, en la Fiesta del Proyecto y en las actividades generales del centro.<\/li>\n\n\n\n<li>Organiza la Fiesta de la Solidaridad.<\/li>\n\n\n\n<li>Organiza y gestiona las guarder\u00edas para que las familias podamos asistir a todas las reuniones que se convocan en el centro (aula, vocales, Consejo Escolar, etc.)<\/li>\n<\/ul>\n\n\n\n<h1 class=\"wp-block-heading\"><strong>Pod\u00e9is contactar con el AFA:<\/strong><\/h1>\n\n\n\n<p>&#8211; En la direcci\u00f3n de correo electr\u00f3nico: <a href=\"mailto:afalanavata@gmail.com\" target=\"_blank\" rel=\"noreferrer noopener\">afalanavata@gmail.com<\/a><\/p>\n\n\n\n<p><strong>&#8211;<\/strong> A trav\u00e9s de nuestra p\u00e1gina de&nbsp;<a rel=\"noreferrer noopener\" href=\"https:\/\/www.facebook.com\/afalanavata\/\" target=\"_blank\">Facebook<\/a><strong>.<\/strong><\/p>\n\n\n\n<p><strong>&#8211; <\/strong>A trav\u00e9s del buz\u00f3n del AFA que se encuentra en la puerta principal del edificio de primaria.<\/p>\n\n\n\n<p>Si ninguno de estos medios son adecuados para vuestra familia, ponte en contacto con la direcci\u00f3n del centro y<br>os pondr\u00e1 en contacto, telef\u00f3nicamente, con el AFA.<\/p>\n\n\n\n<h2 class=\"wp-block-heading\"><strong>\u00bfEs obligatorio ser socios del AFA?<\/strong><\/h2>\n\n\n\n<p>No. La asociaci\u00f3n es voluntaria, pero es una buena forma de colaborar y permite beneficiarse de las ventajas que<br>esto supone: reducci\u00f3n de precios en las actividades, guarder\u00edas gratis, beneficios de los servicios de la FAPA, informaci\u00f3n a trav\u00e9s del correo electr\u00f3nico, etc<\/p>\n\n\n\n<h2 class=\"wp-block-heading\"><strong>\u00bfC\u00f3mo se paga la cuota del AFA?<\/strong><\/h2>\n\n\n\n<p>La cuota por curso escolar y por familia es de 22,00 \u20ac. Su pago se hace, preferiblemente, por domiciliaci\u00f3n bancaria<br>aunque tambi\u00e9n puede abonarse en efectivo<\/p>\n\n\n\n<div class=\"wp-block-columns is-layout-flex wp-container-core-columns-is-layout-28f84493 wp-block-columns-is-layout-flex\">\n<div class=\"wp-block-column is-layout-flow wp-block-column-is-layout-flow\">\n<div class=\"wp-block-buttons is-layout-flex wp-block-buttons-is-layout-flex\">\n<div class=\"wp-block-button\"><a class=\"wp-block-button__link has-luminous-vivid-amber-to-luminous-vivid-orange-gradient-background has-background wp-element-button\" href=\"https:\/\/docs.google.com\/forms\/d\/e\/1FAIpQLSfD678SKI7OY8yIhpDQuYBumlOkuseXKnhsQtp_bSilMV45AQ\/viewform?gxids=7628\" target=\"_blank\" rel=\"noreferrer noopener\">FORMULARIO DE INSCRIPCI\u00d3N AL AFA<\/a><\/div>\n<\/div>\n<\/div>\n<\/div>\n\n\n\n<h1 class=\"wp-block-heading\">SERVICIOS DEL AFA<\/h1>\n\n\n\n<h2 class=\"wp-block-heading\">PRIMEROS DEL COLE<\/h2>\n\n\n\n<p><strong>\u00bfQu\u00e9 son los Primeros del Cole?<\/strong><br>Es un servicio organizado por el AFA durante todo el curso escolar que est\u00e1 pensado para facilitar la conciliaci\u00f3n<br>de la vida familiar y profesional a las familias, ofreciendo la posibilidad de dejar a sus hijos\/as desde las 7:30 en el colegio.<br>Se trata de ofrecer al ni\u00f1o un espacio en el que comenzar la ma\u00f1ana desayunando, jugando, haciendo alguna manualidad y compartiendo el tiempo con sus compa\u00f1eros.<\/p>\n\n\n\n<p><br>Este a\u00f1o, para poder hacer uso del servicio de este servicio, hay que mandar un email avisando de los d\u00edas de uso con<br>al menos 24 horas de antelaci\u00f3n a <a rel=\"noreferrer noopener\" href=\"mailto:primerosdelcolelanavata@gmail.com\" target=\"_blank\">primerosdelcolelanavata@gmail.com<\/a><\/p>\n\n\n\n<p><br><strong>Horario:<\/strong> Desde las 7:30 h. hasta las 9:00 h. (las monitoras se ocupan de que todo el alumnado vaya a sus clases<br>acompa\u00f1ando en persona a los de infantil)<br><strong>Ubicaci\u00f3n: <\/strong>Comedor grande<br><strong>Desayuno:<\/strong> se realiza a partir de las 8:00 h. y existe un men\u00fa diario \u00fanico para todo el alumnado que var\u00eda de lunes a<br>viernes. El servicio es flexible, de manera que ofrece la opci\u00f3n de desayunar o no en el colegio.<\/p>\n\n\n\n<figure class=\"wp-block-image size-large is-resized\"><img loading=\"lazy\" decoding=\"async\" src=\"https:\/\/site.educa.madrid.org\/cp.lanavata.galapagar\/\/wp-content\/uploads\/cp.lanavata.galapagar\/2024\/02\/primeros-del-cole-1024x677.png\" alt=\"\" class=\"wp-image-1527\" width=\"707\" height=\"467\" srcset=\"https:\/\/site.educa.madrid.org\/cp.lanavata.galapagar\/\/wp-content\/uploads\/cp.lanavata.galapagar\/2024\/02\/primeros-del-cole-1024x677.png 1024w, https:\/\/site.educa.madrid.org\/cp.lanavata.galapagar\/\/wp-content\/uploads\/cp.lanavata.galapagar\/2024\/02\/primeros-del-cole-300x198.png 300w, https:\/\/site.educa.madrid.org\/cp.lanavata.galapagar\/\/wp-content\/uploads\/cp.lanavata.galapagar\/2024\/02\/primeros-del-cole-768x508.png 768w, https:\/\/site.educa.madrid.org\/cp.lanavata.galapagar\/\/wp-content\/uploads\/cp.lanavata.galapagar\/2024\/02\/primeros-del-cole.png 1036w\" sizes=\"auto, (max-width: 707px) 100vw, 707px\" \/><\/figure>\n\n\n\n<p><br><strong>Horario:<\/strong> Desde las 7:30 h. hasta las 9:00 h. (las monitoras se ocupan de que todo el alumnado vaya a sus clases<br>acompa\u00f1ando en persona a los de infantil)<br><strong>Ubicaci\u00f3n: <\/strong>Comedor grande<br><strong>Desayuno:<\/strong> se realiza a partir de las 8:00 h. y existe un men\u00fa diario \u00fanico para todo el alumnado que var\u00eda de lunes a<br>viernes. El servicio es flexible, de manera que ofrece la opci\u00f3n de desayunar o no en el colegio.<\/p>\n\n\n\n<figure class=\"wp-block-image size-large is-resized\"><img loading=\"lazy\" decoding=\"async\" src=\"https:\/\/site.educa.madrid.org\/cp.lanavata.galapagar\/\/wp-content\/uploads\/cp.lanavata.galapagar\/2024\/02\/primeros-del-cole-1024x677.png\" alt=\"\" class=\"wp-image-1527\" width=\"707\" height=\"467\" srcset=\"https:\/\/site.educa.madrid.org\/cp.lanavata.galapagar\/\/wp-content\/uploads\/cp.lanavata.galapagar\/2024\/02\/primeros-del-cole-1024x677.png 1024w, https:\/\/site.educa.madrid.org\/cp.lanavata.galapagar\/\/wp-content\/uploads\/cp.lanavata.galapagar\/2024\/02\/primeros-del-cole-300x198.png 300w, https:\/\/site.educa.madrid.org\/cp.lanavata.galapagar\/\/wp-content\/uploads\/cp.lanavata.galapagar\/2024\/02\/primeros-del-cole-768x508.png 768w, https:\/\/site.educa.madrid.org\/cp.lanavata.galapagar\/\/wp-content\/uploads\/cp.lanavata.galapagar\/2024\/02\/primeros-del-cole.png 1036w\" sizes=\"auto, (max-width: 707px) 100vw, 707px\" \/><\/figure>\n\n\n\n<figure class=\"wp-block-image size-full is-resized\"><img loading=\"lazy\" decoding=\"async\" src=\"https:\/\/site.educa.madrid.org\/cp.lanavata.galapagar\/\/wp-content\/uploads\/cp.lanavata.galapagar\/2024\/02\/ratito-mas-1.png\" alt=\"\" class=\"wp-image-1528\" width=\"488\" height=\"332\" srcset=\"https:\/\/site.educa.madrid.org\/cp.lanavata.galapagar\/\/wp-content\/uploads\/cp.lanavata.galapagar\/2024\/02\/ratito-mas-1.png 642w, https:\/\/site.educa.madrid.org\/cp.lanavata.galapagar\/\/wp-content\/uploads\/cp.lanavata.galapagar\/2024\/02\/ratito-mas-1-300x204.png 300w\" sizes=\"auto, (max-width: 488px) 100vw, 488px\" \/><\/figure>\n\n\n\n<p><strong>\u00bfQu\u00e9 hay que hacer para poder utilizar los servicios?<\/strong><br>Hay que rellenar el cup\u00f3n adjunto y depositarlo en el buz\u00f3n del AFA o enviarlo por correo electr\u00f3nico dentro de cada periodo de inscripci\u00f3n. <\/p>\n\n\n\n<div class=\"wp-block-file\"><a id=\"wp-block-file--media-b7bfa843-fd71-4ce4-b6d1-d0a13e1b7e55\" href=\"https:\/\/site.educa.madrid.org\/cp.lanavata.galapagar\/\/wp-content\/uploads\/cp.lanavata.galapagar\/2021\/11\/inscripcion-ratito-mas-primeros-del-cole-ocioteca-1.png\">Inscripci\u00f3n ratito m\u00e1s y primeros del cole<\/a><a href=\"https:\/\/site.educa.madrid.org\/cp.lanavata.galapagar\/\/wp-content\/uploads\/cp.lanavata.galapagar\/2021\/11\/inscripcion-ratito-mas-primeros-del-cole-ocioteca-1.png\" class=\"wp-block-file__button wp-element-button\" download aria-describedby=\"wp-block-file--media-b7bfa843-fd71-4ce4-b6d1-d0a13e1b7e55\">Descarga<\/a><\/div>\n\n\n\n<h2 class=\"wp-block-heading\">ACTIVIDADES EXTRAESCOLARES <\/h2>\n\n\n\n<p>Desde octubre hasta mayo se ofrece un cat\u00e1logo de actividades extraescolares deportivas, intelectuales y art\u00edsticas. Estas son las actividades propuestas para este curso:<\/p>\n\n\n\n<div data-wp-interactive=\"core\/file\" class=\"wp-block-file\"><object data-wp-bind--hidden=\"!state.hasPdfPreview\" hidden class=\"wp-block-file__embed\" data=\"https:\/\/site.educa.madrid.org\/cp.lanavata.galapagar\/\/wp-content\/uploads\/cp.lanavata.galapagar\/2024\/02\/extraescolares-2023-24-horarios-tarifas-y-descripcion.pdf\" type=\"application\/pdf\" style=\"width:100%;height:600px\" aria-label=\"Incrustado de extraescolares-2023-24-horarios-tarifas-y-descripcion.\"><\/object><a id=\"wp-block-file--media-bd48a0b6-5e8f-46c8-b4ec-0176233f892b\" href=\"https:\/\/site.educa.madrid.org\/cp.lanavata.galapagar\/\/wp-content\/uploads\/cp.lanavata.galapagar\/2024\/02\/extraescolares-2023-24-horarios-tarifas-y-descripcion.pdf\">extraescolares-2023-24-horarios-tarifas-y-descripcion<\/a><a href=\"https:\/\/site.educa.madrid.org\/cp.lanavata.galapagar\/\/wp-content\/uploads\/cp.lanavata.galapagar\/2024\/02\/extraescolares-2023-24-horarios-tarifas-y-descripcion.pdf\" class=\"wp-block-file__button wp-element-button\" download aria-describedby=\"wp-block-file--media-bd48a0b6-5e8f-46c8-b4ec-0176233f892b\">Descarga<\/a><\/div>\n","protected":false},"excerpt":{"rendered":"<p>\u00bfQU\u00c9 ES EL AFA? La Asociaci\u00f3n es el lugar de encuentro de madres y padres. Legalmente, es una entidad sin \u00e1nimo de lucro a la que pueden asociarse voluntariamente todos los padres y madres que tienen hijos\/as matriculado\/as en nuestro centro educativo En su p\u00e1gina web pod\u00e9is encontrar toda la informaci\u00f3n sobre las actividades y [&hellip;]<\/p>\n","protected":false},"author":2,"featured_media":0,"parent":0,"menu_order":0,"comment_status":"closed","ping_status":"closed","template":"","meta":{"footnotes":""},"folder":[],"class_list":["post-501","page","type-page","status-publish","hentry"],"rttpg_featured_image_url":null,"rttpg_author":{"display_name":"tic.cp.lanavata.galapagar","author_link":"https:\/\/site.educa.madrid.org\/cp.lanavata.galapagar\/index.php\/author\/cuenta_tic-cp-lanavata-galapagar\/"},"rttpg_comment":0,"rttpg_category":false,"rttpg_excerpt":"\u00bfQU\u00c9 ES EL AFA? La Asociaci\u00f3n es el lugar de encuentro de madres y padres. Legalmente, es una entidad sin \u00e1nimo de lucro a la que pueden asociarse voluntariamente todos los padres y madres que tienen hijos\/as matriculado\/as en nuestro centro educativo En su p\u00e1gina web pod\u00e9is encontrar toda la informaci\u00f3n sobre las actividades y&hellip;","post_mailing_queue_ids":[],"_links":{"self":[{"href":"https:\/\/site.educa.madrid.org\/cp.lanavata.galapagar\/index.php\/wp-json\/wp\/v2\/pages\/501","targetHints":{"allow":["GET"]}}],"collection":[{"href":"https:\/\/site.educa.madrid.org\/cp.lanavata.galapagar\/index.php\/wp-json\/wp\/v2\/pages"}],"about":[{"href":"https:\/\/site.educa.madrid.org\/cp.lanavata.galapagar\/index.php\/wp-json\/wp\/v2\/types\/page"}],"author":[{"embeddable":true,"href":"https:\/\/site.educa.madrid.org\/cp.lanavata.galapagar\/index.php\/wp-json\/wp\/v2\/users\/2"}],"replies":[{"embeddable":true,"href":"https:\/\/site.educa.madrid.org\/cp.lanavata.galapagar\/index.php\/wp-json\/wp\/v2\/comments?post=501"}],"version-history":[{"count":11,"href":"https:\/\/site.educa.madrid.org\/cp.lanavata.galapagar\/index.php\/wp-json\/wp\/v2\/pages\/501\/revisions"}],"predecessor-version":[{"id":1559,"href":"https:\/\/site.educa.madrid.org\/cp.lanavata.galapagar\/index.php\/wp-json\/wp\/v2\/pages\/501\/revisions\/1559"}],"wp:attachment":[{"href":"https:\/\/site.educa.madrid.org\/cp.lanavata.galapagar\/index.php\/wp-json\/wp\/v2\/media?parent=501"}],"wp:term":[{"taxonomy":"folder","embeddable":true,"href":"https:\/\/site.educa.madrid.org\/cp.lanavata.galapagar\/index.php\/wp-json\/wp\/v2\/folder?post=501"}],"curies":[{"name":"wp","href":"https:\/\/api.w.org\/{rel}","templated":true}]}}