{"id":549,"date":"2021-11-14T20:39:07","date_gmt":"2021-11-14T19:39:07","guid":{"rendered":"https:\/\/site.educa.madrid.org\/cp.lanavata.galapagar\/?page_id=549"},"modified":"2025-11-17T12:35:03","modified_gmt":"2025-11-17T11:35:03","slug":"servicios-del-a-f-a","status":"publish","type":"page","link":"https:\/\/site.educa.madrid.org\/cp.lanavata.galapagar\/index.php\/servicios-del-a-f-a\/","title":{"rendered":"SERVICIOS DEL A.F.A"},"content":{"rendered":"\n<h2 class=\"wp-block-heading\">PRIMEROS DEL COLE<\/h2>\n\n\n\n<p><strong>\u00bfQu\u00e9 son los Primeros del Cole?<\/strong><br>Es un servicio organizado por la AFA durante todo el curso escolar que est\u00e1 pensado para facilitar la conciliaci\u00f3n<br>de la vida familiar y profesional a las familias, ofreciendo la posibilidad de dejar a sus hijos\/as desde las 7:30 en el colegio.<br>Se trata de ofrecer al ni\u00f1o un espacio en el que comenzar la ma\u00f1ana desayunando, jugando, haciendo alguna manualidad y compartiendo el tiempo con sus compa\u00f1eros.<\/p>\n\n\n\n<p><br>Este a\u00f1o, para poder hacer uso del servicio de este servicio, hay que mandar un email avisando de los d\u00edas de uso con<br>al menos 24 horas de antelaci\u00f3n a <a rel=\"noreferrer noopener\" href=\"mailto:primerosdelcolelanavata@gmail.com\" target=\"_blank\">primerosdelcolelanavata@gmail.com<\/a><\/p>\n\n\n\n<p><br><strong>Horario:<\/strong> Desde las 7:30 h. hasta las 9:00 h. (las monitoras se ocupan de que todo el alumnado vaya a sus clases<br>acompa\u00f1ando en persona a los de infantil)<br><strong>Ubicaci\u00f3n: <\/strong>Comedor grande<br><strong>Desayuno:<\/strong> se realiza a partir de las 8:00 h. y existe un men\u00fa diario \u00fanico para todo el alumnado que var\u00eda de lunes a<br>viernes. El servicio es flexible, de manera que ofrece la opci\u00f3n de desayunar o no en el colegio.<\/p>\n\n\n\n<figure class=\"wp-block-image size-large is-resized\"><img loading=\"lazy\" decoding=\"async\" width=\"1024\" height=\"677\" src=\"https:\/\/site.educa.madrid.org\/cp.lanavata.galapagar\/\/wp-content\/uploads\/cp.lanavata.galapagar\/2024\/02\/primeros-del-cole-1024x677.png\" alt=\"\" class=\"wp-image-1527\" style=\"width:707px;height:467px\" srcset=\"https:\/\/site.educa.madrid.org\/cp.lanavata.galapagar\/\/wp-content\/uploads\/cp.lanavata.galapagar\/2024\/02\/primeros-del-cole-1024x677.png 1024w, https:\/\/site.educa.madrid.org\/cp.lanavata.galapagar\/\/wp-content\/uploads\/cp.lanavata.galapagar\/2024\/02\/primeros-del-cole-300x198.png 300w, https:\/\/site.educa.madrid.org\/cp.lanavata.galapagar\/\/wp-content\/uploads\/cp.lanavata.galapagar\/2024\/02\/primeros-del-cole-768x508.png 768w, https:\/\/site.educa.madrid.org\/cp.lanavata.galapagar\/\/wp-content\/uploads\/cp.lanavata.galapagar\/2024\/02\/primeros-del-cole-391x260.png 391w, https:\/\/site.educa.madrid.org\/cp.lanavata.galapagar\/\/wp-content\/uploads\/cp.lanavata.galapagar\/2024\/02\/primeros-del-cole.png 1036w\" sizes=\"auto, (max-width: 1024px) 100vw, 1024px\" \/><\/figure>\n\n\n\n<h2 class=\"wp-block-heading\">RATITO M\u00c1S<\/h2>\n\n\n\n<p><strong>\u00bfQu\u00e9 es el Ratito M\u00e1s?<\/strong><br>Es un servicio organizado por la AFA durante los meses en los que hay jornada reducida (<strong>junio y septiembre<\/strong>). Ampl\u00eda el horario de recogida hasta las 16:00 \u00f3 17:00 (seg\u00fan demanda).<\/p>\n\n\n\n<p>Para saber c\u00f3mo gestionar inscripciones y otras cuestiones, se debe consultar el <a href=\"https:\/\/afalanavata.blogspot.com\/p\/extraescolares.html\">blog de AFA La Navata<\/a>: <a href=\"https:\/\/afalanavata.blogspot.com\/\">https:\/\/afalanavata.blogspot.com\/<\/a> o escribir al siguiente email: <a href=\"mailto:ratitomaslanavata@gmail.com\">ratitomaslanavata@gmail.com<\/a><strong><\/strong><\/p>\n\n\n\n<p><br><\/p>\n\n\n\n<h2 class=\"wp-block-heading\">ACTIVIDADES EXTRAESCOLARES <\/h2>\n\n\n\n<p>Desde octubre hasta mayo se ofrece un <strong>cat\u00e1logo de actividades extraescolares deportivas, intelectuales y art\u00edsticas <\/strong>para facilitar la conciliaci\u00f3n y ofrecer un espacio de recreo y disfrute a nuestras\/os\/es hijas\/os\/es.<\/p>\n\n\n\n<p>El <strong>horario de extraescolares es de 16 a 17.15h<\/strong>. El alumnado cuenta con 15 minutos para merendar y las actividades se desarrolla entre las 16.15h y las 17.15h que finalizan.<\/p>\n\n\n\n<p>Para saber m\u00e1s sobre las actividades propuestas, gestionar inscripciones y otras cuestiones, se debe consultar el <a href=\"https:\/\/afalanavata.blogspot.com\/p\/extraescolares.html\">blog de AFA La Navata<\/a>: <a href=\"https:\/\/afalanavata.blogspot.com\/\">https:\/\/afalanavata.blogspot.com\/<\/a> &nbsp;o escribir al siguiente email: <a href=\"mailto:extraescolareslanavata@gmail.com\">extraescolareslanavata@gmail.com<\/a>.<\/p>\n\n\n\n<p><\/p>\n","protected":false},"excerpt":{"rendered":"<p>PRIMEROS DEL COLE \u00bfQu\u00e9 son los Primeros del Cole?Es un servicio organizado por la AFA durante todo el curso escolar que est\u00e1 pensado para facilitar la conciliaci\u00f3nde la vida familiar y profesional a las familias, ofreciendo la posibilidad de dejar a sus hijos\/as desde las 7:30 en el colegio.Se trata de ofrecer al ni\u00f1o un [&hellip;]<\/p>\n","protected":false},"author":2,"featured_media":0,"parent":0,"menu_order":0,"comment_status":"closed","ping_status":"closed","template":"","meta":{"footnotes":""},"folder":[],"class_list":["post-549","page","type-page","status-publish","hentry"],"rttpg_featured_image_url":null,"rttpg_author":{"display_name":"tic.cp.lanavata.galapagar","author_link":"https:\/\/site.educa.madrid.org\/cp.lanavata.galapagar\/index.php\/author\/cuenta_tic-cp-lanavata-galapagar\/"},"rttpg_comment":0,"rttpg_category":false,"rttpg_excerpt":"PRIMEROS DEL COLE \u00bfQu\u00e9 son los Primeros del Cole?Es un servicio organizado por la AFA durante todo el curso escolar que est\u00e1 pensado para facilitar la conciliaci\u00f3nde la vida familiar y profesional a las familias, ofreciendo la posibilidad de dejar a sus hijos\/as desde las 7:30 en el colegio.Se trata de ofrecer al ni\u00f1o un&hellip;","post_mailing_queue_ids":[],"_links":{"self":[{"href":"https:\/\/site.educa.madrid.org\/cp.lanavata.galapagar\/index.php\/wp-json\/wp\/v2\/pages\/549","targetHints":{"allow":["GET"]}}],"collection":[{"href":"https:\/\/site.educa.madrid.org\/cp.lanavata.galapagar\/index.php\/wp-json\/wp\/v2\/pages"}],"about":[{"href":"https:\/\/site.educa.madrid.org\/cp.lanavata.galapagar\/index.php\/wp-json\/wp\/v2\/types\/page"}],"author":[{"embeddable":true,"href":"https:\/\/site.educa.madrid.org\/cp.lanavata.galapagar\/index.php\/wp-json\/wp\/v2\/users\/2"}],"replies":[{"embeddable":true,"href":"https:\/\/site.educa.madrid.org\/cp.lanavata.galapagar\/index.php\/wp-json\/wp\/v2\/comments?post=549"}],"version-history":[{"count":11,"href":"https:\/\/site.educa.madrid.org\/cp.lanavata.galapagar\/index.php\/wp-json\/wp\/v2\/pages\/549\/revisions"}],"predecessor-version":[{"id":1977,"href":"https:\/\/site.educa.madrid.org\/cp.lanavata.galapagar\/index.php\/wp-json\/wp\/v2\/pages\/549\/revisions\/1977"}],"wp:attachment":[{"href":"https:\/\/site.educa.madrid.org\/cp.lanavata.galapagar\/index.php\/wp-json\/wp\/v2\/media?parent=549"}],"wp:term":[{"taxonomy":"folder","embeddable":true,"href":"https:\/\/site.educa.madrid.org\/cp.lanavata.galapagar\/index.php\/wp-json\/wp\/v2\/folder?post=549"}],"curies":[{"name":"wp","href":"https:\/\/api.w.org\/{rel}","templated":true}]}}