{"id":580,"date":"2021-11-14T21:27:17","date_gmt":"2021-11-14T20:27:17","guid":{"rendered":"https:\/\/site.educa.madrid.org\/cp.lanavata.galapagar\/?page_id=580"},"modified":"2021-11-14T21:27:17","modified_gmt":"2021-11-14T20:27:17","slug":"plan-lector-desvan","status":"publish","type":"page","link":"https:\/\/site.educa.madrid.org\/cp.lanavata.galapagar\/index.php\/plan-lector-desvan\/","title":{"rendered":"PLAN LECTOR + DESV\u00c1N"},"content":{"rendered":"<header class=\"header options\">\n<h1>Plan lector + desv\u00e1n<\/h1>\n<div class=\"content-options cms-content-2a0eaeaf-57e7-45f5-9049-7c370ecb06cc autoclear\"><\/div>\n<\/header>\n<div class=\"description autoclear\">\n<div class=\"main-content autoclear\">\n<p>En el proyecto educativo del centro se contempla como uno de los ejes principales\u00a0<strong>la comunicaci\u00f3n.<\/strong>\u00a0Entendida en su sentido m\u00e1s amplio y desde la expresi\u00f3n de los diferentes lenguajes que la favorecen: lenguaje verbal y no verbal, pl\u00e1stico, musical, dram\u00e1tico, matem\u00e1tico, tecnol\u00f3gico\u2026. El objetivo fundamental es potenciar la relaci\u00f3n con los dem\u00e1s, con el entorno m\u00e1s inmediato y con el m\u00e1s significativo para los ni\u00f1os y las ni\u00f1as.<\/p>\n<p>Desde este punto de vista el aprendizaje de lectura\u00a0<strong>es un proceso<\/strong>\u00a0que se inicia con la propia vida y termina, s\u00f3lo, con ella. Cuando los alumnos llegan al centro (a los tres a\u00f1os) ya tienen muchos conocimientos sobre lo que es leer, sobre el significado de la informaci\u00f3n que procesan: visual, gr\u00e1fica, verbal, etc. Nuestro reto como profesionales es recoger esos intereses, esos conocimientos y poco a poco irle dando forma hasta llegar a consolidar el proceso lector como \u201cmodelo adulto\u201d. Por eso es fundamental el trabajo que se hace en educaci\u00f3n infantil. Es un continuo que se inicia (para nosotros) en las aulas de tres a\u00f1os y se va desarrollando en una secuencia acorde con las capacidades, necesidades e intereses de los alumnos. Evidentemente sin olvidar lo que el curr\u00edculo de cada ciclo va estableciendo.<\/p>\n<p>Por \u00faltimo, entendemos que este proceso\u00a0<strong>es individual,<\/strong>\u00a0que est\u00e1 condicionado por las caracter\u00edsticas de cada ni\u00f1o o ni\u00f1a, su origen, sus necesidades educativas, su situaci\u00f3n sociofamiliar, etc. Nuestro papel, como educadores es ir acompa\u00f1ando a cada uno, motivando, animando, enriqueciendo sus posibilidades\u2026 partiendo de muchas situaciones diferentes y de variedad de materiales que le pongan \u201cen situaci\u00f3n de leer\u201d, creando un clima afectivamente favorable que despierte la curiosidad por los libros. De ah\u00ed que suscribamos los derechos del lector de Jos\u00e9 Manuel Pennac.<\/p>\n<h3>PRINCIPIOS GENERALES<\/h3>\n<div class=\"destacado_verde\">\n<p><strong>En nuestra escuela creemos que:<\/strong><\/p>\n<p>Leer es llevar a cabo un\u00a0<strong>ejercicio mental complejo<\/strong>\u00a0y exigente.<\/p>\n<p>Leer es\u00a0<strong>comprender,<\/strong>\u00a0implica el aprendizaje y el uso de diversas estrategias para hallar significados en los textos.<\/p>\n<p>Leer es conseguir el equilibrio entre\u00a0<strong>emoci\u00f3n y saber.<\/strong><\/p>\n<p>Leer\u00a0<strong>es conversar\u00a0<\/strong>con alguien que ha escrito el texto.<\/p>\n<p>El deseo de leer constituye la condici\u00f3n esencial para el aprendizaje no s\u00f3lo de la lectura sino que es<strong>\u00a0el soporte<\/strong>\u00a0indispensable en los dem\u00e1s aprendizajes.<\/p>\n<p>Leer es la actividad que mejor rima con\u00a0<strong>placer<\/strong>. El placer de leer, de encontrar de descubrir de imaginar, de penetrar en la cultura es distinto en cada uno. Cada cual hace el viaje a su manera, seg\u00fan sus capacidades y sus necesidades. Porque el acto de leer es ante todo un acto de\u00a0<strong>libertad.<\/strong><\/p>\n<\/div>\n<h3>DERECHOS DEL LECTOR<\/h3>\n<div class=\"destacado_gris\">\n<p><strong>\u201cComo una novela\u201d<\/strong><\/p>\n<p>1.- Derecho a no leer.<\/p>\n<p>2.- Derecho a saltarse p\u00e1ginas.<\/p>\n<p>3.- Derecho a no terminar un libro.<\/p>\n<p>4.- Derecho a releer.<\/p>\n<p>5.- Derecho a hojear.<\/p>\n<p>6.- Derecho a leer cualquier cosa.<\/p>\n<p>7.- Derecho a dejar volar la imaginaci\u00f3n.<\/p>\n<p>8.- Derecho a leer en cualquier lugar.<\/p>\n<p>9.- Derecho a leer en voz alta.<\/p>\n<p>10.- Derecho a leer.<\/p>\n<p><strong>Daniel Pennac,\u00a0<em>Como una novela<\/em>, Anagrama, 176 pags, ISBN:\u00a0978-84-339-1367-8<\/strong><\/p>\n<\/div>\n<\/div>\n<\/div>\n","protected":false},"excerpt":{"rendered":"<p>Plan lector + desv\u00e1n En el proyecto educativo del centro se contempla como uno de los ejes principales\u00a0la comunicaci\u00f3n.\u00a0Entendida en su sentido m\u00e1s amplio y desde la expresi\u00f3n de los diferentes lenguajes que la favorecen: lenguaje verbal y no verbal, pl\u00e1stico, musical, dram\u00e1tico, matem\u00e1tico, tecnol\u00f3gico\u2026. El objetivo fundamental es potenciar la relaci\u00f3n con los dem\u00e1s, [&hellip;]<\/p>\n","protected":false},"author":2,"featured_media":0,"parent":0,"menu_order":0,"comment_status":"closed","ping_status":"closed","template":"","meta":{"footnotes":""},"folder":[],"class_list":["post-580","page","type-page","status-publish","hentry"],"rttpg_featured_image_url":null,"rttpg_author":{"display_name":"tic.cp.lanavata.galapagar","author_link":"https:\/\/site.educa.madrid.org\/cp.lanavata.galapagar\/index.php\/author\/cuenta_tic-cp-lanavata-galapagar\/"},"rttpg_comment":0,"rttpg_category":false,"rttpg_excerpt":"Plan lector + desv\u00e1n En el proyecto educativo del centro se contempla como uno de los ejes principales\u00a0la comunicaci\u00f3n.\u00a0Entendida en su sentido m\u00e1s amplio y desde la expresi\u00f3n de los diferentes lenguajes que la favorecen: lenguaje verbal y no verbal, pl\u00e1stico, musical, dram\u00e1tico, matem\u00e1tico, tecnol\u00f3gico\u2026. El objetivo fundamental es potenciar la relaci\u00f3n con los dem\u00e1s,&hellip;","post_mailing_queue_ids":[],"_links":{"self":[{"href":"https:\/\/site.educa.madrid.org\/cp.lanavata.galapagar\/index.php\/wp-json\/wp\/v2\/pages\/580","targetHints":{"allow":["GET"]}}],"collection":[{"href":"https:\/\/site.educa.madrid.org\/cp.lanavata.galapagar\/index.php\/wp-json\/wp\/v2\/pages"}],"about":[{"href":"https:\/\/site.educa.madrid.org\/cp.lanavata.galapagar\/index.php\/wp-json\/wp\/v2\/types\/page"}],"author":[{"embeddable":true,"href":"https:\/\/site.educa.madrid.org\/cp.lanavata.galapagar\/index.php\/wp-json\/wp\/v2\/users\/2"}],"replies":[{"embeddable":true,"href":"https:\/\/site.educa.madrid.org\/cp.lanavata.galapagar\/index.php\/wp-json\/wp\/v2\/comments?post=580"}],"version-history":[{"count":1,"href":"https:\/\/site.educa.madrid.org\/cp.lanavata.galapagar\/index.php\/wp-json\/wp\/v2\/pages\/580\/revisions"}],"predecessor-version":[{"id":581,"href":"https:\/\/site.educa.madrid.org\/cp.lanavata.galapagar\/index.php\/wp-json\/wp\/v2\/pages\/580\/revisions\/581"}],"wp:attachment":[{"href":"https:\/\/site.educa.madrid.org\/cp.lanavata.galapagar\/index.php\/wp-json\/wp\/v2\/media?parent=580"}],"wp:term":[{"taxonomy":"folder","embeddable":true,"href":"https:\/\/site.educa.madrid.org\/cp.lanavata.galapagar\/index.php\/wp-json\/wp\/v2\/folder?post=580"}],"curies":[{"name":"wp","href":"https:\/\/api.w.org\/{rel}","templated":true}]}}