{"id":582,"date":"2021-11-14T21:27:48","date_gmt":"2021-11-14T20:27:48","guid":{"rendered":"https:\/\/site.educa.madrid.org\/cp.lanavata.galapagar\/?page_id=582"},"modified":"2026-01-27T15:57:10","modified_gmt":"2026-01-27T14:57:10","slug":"plan-de-convivencia","status":"publish","type":"page","link":"https:\/\/site.educa.madrid.org\/cp.lanavata.galapagar\/index.php\/plan-de-convivencia\/","title":{"rendered":"PLAN DE CONVIVENCIA"},"content":{"rendered":"\n<div data-wp-interactive=\"core\/file\" class=\"wp-block-file\"><object data-wp-bind--hidden=\"!state.hasPdfPreview\" hidden class=\"wp-block-file__embed\" data=\"https:\/\/site.educa.madrid.org\/cp.lanavata.galapagar\/\/wp-content\/uploads\/cp.lanavata.galapagar\/2026\/01\/Plan-de-Convivencia-REVISADO-Diciembre-2023.pdf\" type=\"application\/pdf\" style=\"width:100%;height:600px\" aria-label=\"Incrustado de Plan de Convivencia REVISADO Diciembre 2023.\"><\/object><a id=\"wp-block-file--media-0f68e608-57c4-433d-922c-ef5977733379\" href=\"https:\/\/site.educa.madrid.org\/cp.lanavata.galapagar\/\/wp-content\/uploads\/cp.lanavata.galapagar\/2026\/01\/Plan-de-Convivencia-REVISADO-Diciembre-2023.pdf\">Plan de Convivencia REVISADO Diciembre 2023<\/a><a href=\"https:\/\/site.educa.madrid.org\/cp.lanavata.galapagar\/\/wp-content\/uploads\/cp.lanavata.galapagar\/2026\/01\/Plan-de-Convivencia-REVISADO-Diciembre-2023.pdf\" class=\"wp-block-file__button wp-element-button\" download aria-describedby=\"wp-block-file--media-0f68e608-57c4-433d-922c-ef5977733379\">Descarga<\/a><\/div>\n\n\n<header class=\"header options\">\n<div class=\"content-options cms-content-a09d1c3a-d1fe-4de2-91fd-4f868c98a43b autoclear\"><span style=\"font-size: inherit;\">La convivencia en el centro es uno de los ejes que enmarcan el Proyecto Educativo desde sus inicios y que presupone un modelo de convivencia acorde con el modelo de educaci\u00f3n que promovemos.<\/span><\/div>\n<\/header>\n<div class=\"description autoclear\">\n<div class=\"main-content autoclear\">\n<\/div>\n<\/div>\n\n\n<div class=\"wp-block-buttons alignwide is-layout-flex wp-block-buttons-is-layout-flex\"><\/div>\n\n\n\n<p><\/p>\n\n\n\n<p><\/p>\n\n\n\n<h2 class=\"wp-block-heading has-huge-font-size\">NORMAS DE CONVIVENCIA<\/h2>\n\n\n\n<p>Entendemos que la convivencia de todas las personas que forman parte de esta Comunidad Educativa y todas<br>las normas que la regulen, deben estar enmarcadas por las siguientes:<\/p>\n\n\n\n<ol class=\"wp-block-list\">\n<li>La asistencia regular a clase. Es necesario justificar las faltas.<\/li>\n\n\n\n<li>La puntualidad a todas las actividades y momentos.<\/li>\n\n\n\n<li>Mantener una actitud correcta en el aula y en los diferentes espacios.<\/li>\n\n\n\n<li>El respeto a los adultos, tanto profesorado como resto de personal del centro.<\/li>\n\n\n\n<li>El respeto hacia los compa\u00f1eros, no permiti\u00e9ndose en ning\u00fan caso el ejercicio de la violencia f\u00edsica o verbal.<\/li>\n\n\n\n<li>El cuidado y respeto a todos los materiales del centro.<\/li>\n\n\n\n<li>El cuidado de las instalaciones y del edificio escolar.<\/li>\n\n\n\n<li>El respeto a la normativa vigente en las actividades de transporte y comedor escolar.<\/li>\n\n\n\n<li>Todos los adultos que forman parte de la comunidad educativa y especialmente el profesorado, tienen que estar involucrados en el mantenimiento de un buen clima de convivencia y en el cumplimiento de las normas establecidas.<\/li>\n<\/ol>\n\n\n\n<h1 class=\"wp-block-heading\">LA COMISI\u00d3N DE BIENESTAR<\/h1>\n\n\n\n<p>Recientes desarrollos legislativos introducen una nueva figura, la de la coordinadora o coordinador de bienestar y protecci\u00f3n de la infancia y la adolescencia en los centros educativos. Concretamente, la Ley Org\u00e1nica 8\/2021, de 4 de junio de protecci\u00f3n integral a la infancia y la adolescencia frente a la violencia , que incluye el nombramiento de dicho coordinador o coordinadora de bienestar.<\/p>\n\n\n\n<p>Durante este curso 2024-2025 la Coordinadora de Bienestar ser\u00e1 Laura Pe\u00f1a (que tambi\u00e9n es la secretaria del centro). No obstante, hemos decidido trabajar en forma de <strong>Comisi\u00f3n de Bienestar<\/strong> , y no como una figura aislada dada la importancia que como centro conferimos a la Convivencia en el centro. En esta comisi\u00f3n est\u00e1 presente la Coordinadora de Bienestar , el equipo directivo, la Orientadora ( en los casos que se considera necesario)\u00a0<\/p>\n\n\n\n<h1 class=\"wp-block-heading\">\u00bfC\u00d3MO ACTUAMOS ANTE UN INCIDENTE EN CONVIVENCIA?<\/h1>\n\n\n\n<p>En el siguiente documento, elaborado en el curso 24-25, resumimos y exponemos para las familias los ejes fundamentales de la convivencia y las l\u00edneas b\u00e1sicas de nuestro Plan de Convivencia.<\/p>\n\n\n\n<div data-wp-interactive=\"core\/file\" class=\"wp-block-file\"><object data-wp-bind--hidden=\"!state.hasPdfPreview\" hidden class=\"wp-block-file__embed\" data=\"https:\/\/site.educa.madrid.org\/cp.lanavata.galapagar\/\/wp-content\/uploads\/cp.lanavata.galapagar\/2026\/01\/CUADERNO-DE-CONVIVENCIA-para-Familias-25-26.pdf\" type=\"application\/pdf\" style=\"width:100%;height:600px\" aria-label=\"Incrustado de _CUADERNO DE CONVIVENCIA para Familias 25 26.\"><\/object><a id=\"wp-block-file--media-3790ecc9-2851-41e8-919c-370c47eb5701\" href=\"https:\/\/site.educa.madrid.org\/cp.lanavata.galapagar\/\/wp-content\/uploads\/cp.lanavata.galapagar\/2026\/01\/CUADERNO-DE-CONVIVENCIA-para-Familias-25-26.pdf\">_CUADERNO DE CONVIVENCIA para Familias 25 26<\/a><a href=\"https:\/\/site.educa.madrid.org\/cp.lanavata.galapagar\/\/wp-content\/uploads\/cp.lanavata.galapagar\/2026\/01\/CUADERNO-DE-CONVIVENCIA-para-Familias-25-26.pdf\" class=\"wp-block-file__button wp-element-button\" download aria-describedby=\"wp-block-file--media-3790ecc9-2851-41e8-919c-370c47eb5701\">Descarga<\/a><\/div>\n","protected":false},"excerpt":{"rendered":"<p>La convivencia en el centro es uno de los ejes que enmarcan el Proyecto Educativo desde sus inicios y que presupone un modelo de convivencia acorde con el modelo de educaci\u00f3n que promovemos. NORMAS DE CONVIVENCIA Entendemos que la convivencia de todas las personas que forman parte de esta Comunidad Educativa y todaslas normas que [&hellip;]<\/p>\n","protected":false},"author":2,"featured_media":0,"parent":0,"menu_order":0,"comment_status":"closed","ping_status":"closed","template":"","meta":{"footnotes":""},"folder":[],"class_list":["post-582","page","type-page","status-publish","hentry"],"rttpg_featured_image_url":null,"rttpg_author":{"display_name":"tic.cp.lanavata.galapagar","author_link":"https:\/\/site.educa.madrid.org\/cp.lanavata.galapagar\/index.php\/author\/cuenta_tic-cp-lanavata-galapagar\/"},"rttpg_comment":0,"rttpg_category":false,"rttpg_excerpt":"La convivencia en el centro es uno de los ejes que enmarcan el Proyecto Educativo desde sus inicios y que presupone un modelo de convivencia acorde con el modelo de educaci\u00f3n que promovemos. NORMAS DE CONVIVENCIA Entendemos que la convivencia de todas las personas que forman parte de esta Comunidad Educativa y todaslas normas que&hellip;","post_mailing_queue_ids":[],"_links":{"self":[{"href":"https:\/\/site.educa.madrid.org\/cp.lanavata.galapagar\/index.php\/wp-json\/wp\/v2\/pages\/582","targetHints":{"allow":["GET"]}}],"collection":[{"href":"https:\/\/site.educa.madrid.org\/cp.lanavata.galapagar\/index.php\/wp-json\/wp\/v2\/pages"}],"about":[{"href":"https:\/\/site.educa.madrid.org\/cp.lanavata.galapagar\/index.php\/wp-json\/wp\/v2\/types\/page"}],"author":[{"embeddable":true,"href":"https:\/\/site.educa.madrid.org\/cp.lanavata.galapagar\/index.php\/wp-json\/wp\/v2\/users\/2"}],"replies":[{"embeddable":true,"href":"https:\/\/site.educa.madrid.org\/cp.lanavata.galapagar\/index.php\/wp-json\/wp\/v2\/comments?post=582"}],"version-history":[{"count":24,"href":"https:\/\/site.educa.madrid.org\/cp.lanavata.galapagar\/index.php\/wp-json\/wp\/v2\/pages\/582\/revisions"}],"predecessor-version":[{"id":2030,"href":"https:\/\/site.educa.madrid.org\/cp.lanavata.galapagar\/index.php\/wp-json\/wp\/v2\/pages\/582\/revisions\/2030"}],"wp:attachment":[{"href":"https:\/\/site.educa.madrid.org\/cp.lanavata.galapagar\/index.php\/wp-json\/wp\/v2\/media?parent=582"}],"wp:term":[{"taxonomy":"folder","embeddable":true,"href":"https:\/\/site.educa.madrid.org\/cp.lanavata.galapagar\/index.php\/wp-json\/wp\/v2\/folder?post=582"}],"curies":[{"name":"wp","href":"https:\/\/api.w.org\/{rel}","templated":true}]}}