{"id":619,"date":"2021-11-15T12:56:45","date_gmt":"2021-11-15T11:56:45","guid":{"rendered":"https:\/\/site.educa.madrid.org\/cp.lanavata.galapagar\/?page_id=619"},"modified":"2025-06-30T13:42:22","modified_gmt":"2025-06-30T11:42:22","slug":"comisiones-de-participacion","status":"publish","type":"page","link":"https:\/\/site.educa.madrid.org\/cp.lanavata.galapagar\/index.php\/comisiones-de-participacion\/","title":{"rendered":"COMISIONES DE PARTICIPACI\u00d3N"},"content":{"rendered":"\n<p>Una v\u00eda de participaci\u00f3n directa de las familias en el centro es la colaboraci\u00f3n con las Comisiones de participaci\u00f3n. Se tratan de comisiones mixtas, en las que tambi\u00e9n participa el profesorado, cuya labor es la de dinamizar diferentes aspectos del proyecto del centro. <\/p>\n\n\n\n<p>Si quieres participar en las comisiones rellena el siguiente formulario:<\/p>\n\n\n\n<div class=\"wp-block-buttons is-layout-flex wp-block-buttons-is-layout-flex\">\n<div class=\"wp-block-button\"><a class=\"wp-block-button__link has-vivid-cyan-blue-to-vivid-purple-gradient-background has-background wp-element-button\" href=\"https:\/\/docs.google.com\/forms\/d\/e\/1FAIpQLSdamecnlHk53HHGw9fAXPHSzqFr9t7SaPDcHIhAWZT0TVCBrQ\/viewform?usp=sf_link\" target=\"_blank\" rel=\"noreferrer noopener\">FORMULARIO DE PARTICIPACI\u00d3N EN LAS COMISONES<\/a><\/div>\n<\/div>\n\n\n\n<p>Actualmente las comisiones en funcionamiento son las siguientes: <\/p>\n\n\n\n<div class=\"wp-block-media-text alignwide is-stacked-on-mobile\" style=\"grid-template-columns:26% auto\"><figure class=\"wp-block-media-text__media\"><img loading=\"lazy\" decoding=\"async\" width=\"1024\" height=\"683\" src=\"https:\/\/site.educa.madrid.org\/cp.lanavata.galapagar\/\/wp-content\/uploads\/cp.lanavata.galapagar\/2021\/11\/nature-3289812_1920-1-1024x683.jpg\" alt=\"\" class=\"wp-image-635 size-full\" srcset=\"https:\/\/site.educa.madrid.org\/cp.lanavata.galapagar\/\/wp-content\/uploads\/cp.lanavata.galapagar\/2021\/11\/nature-3289812_1920-1-1024x683.jpg 1024w, https:\/\/site.educa.madrid.org\/cp.lanavata.galapagar\/\/wp-content\/uploads\/cp.lanavata.galapagar\/2021\/11\/nature-3289812_1920-1-300x200.jpg 300w, https:\/\/site.educa.madrid.org\/cp.lanavata.galapagar\/\/wp-content\/uploads\/cp.lanavata.galapagar\/2021\/11\/nature-3289812_1920-1-768x512.jpg 768w, https:\/\/site.educa.madrid.org\/cp.lanavata.galapagar\/\/wp-content\/uploads\/cp.lanavata.galapagar\/2021\/11\/nature-3289812_1920-1-391x260.jpg 391w, https:\/\/site.educa.madrid.org\/cp.lanavata.galapagar\/\/wp-content\/uploads\/cp.lanavata.galapagar\/2021\/11\/nature-3289812_1920-1-1536x1024.jpg 1536w, https:\/\/site.educa.madrid.org\/cp.lanavata.galapagar\/\/wp-content\/uploads\/cp.lanavata.galapagar\/2021\/11\/nature-3289812_1920-1-272x182.jpg 272w, https:\/\/site.educa.madrid.org\/cp.lanavata.galapagar\/\/wp-content\/uploads\/cp.lanavata.galapagar\/2021\/11\/nature-3289812_1920-1.jpg 1920w\" sizes=\"auto, (max-width: 1024px) 100vw, 1024px\" \/><\/figure><div class=\"wp-block-media-text__content\">\n<p class=\"has-large-font-size\">COMISI\u00d3N DE ECOESCUELA Y MOVILIDAD<\/p>\n\n\n\n<p>Se encarga de la conciencia ecol\u00f3gica y sostenible del centro. Realiza tareas en el huerto escolar, dinamiza acciones en pro de la sostenibilidad , del ahorro energ\u00e9tico, del cuidado de nuestro entorno, etc. <\/p>\n\n\n\n<div class=\"wp-block-buttons is-layout-flex wp-block-buttons-is-layout-flex\">\n<div class=\"wp-block-button\"><a class=\"wp-block-button__link has-vivid-green-cyan-background-color has-background wp-element-button\" href=\"http:\/\/ecoescuelalanavata.blogspot.com\/\" target=\"_blank\" rel=\"noreferrer noopener\">BLOG DE LA ECOESCUELA<\/a><\/div>\n<\/div>\n<\/div><\/div>\n\n\n\n<hr class=\"wp-block-separator has-css-opacity\"\/>\n\n\n\n<div class=\"wp-block-media-text alignwide is-stacked-on-mobile\" style=\"grid-template-columns:26% auto\"><figure class=\"wp-block-media-text__media\"><img loading=\"lazy\" decoding=\"async\" width=\"1024\" height=\"683\" src=\"https:\/\/site.educa.madrid.org\/cp.lanavata.galapagar\/\/wp-content\/uploads\/cp.lanavata.galapagar\/2021\/11\/books-5211309_1920-1024x683.jpg\" alt=\"\" class=\"wp-image-636 size-full\" srcset=\"https:\/\/site.educa.madrid.org\/cp.lanavata.galapagar\/\/wp-content\/uploads\/cp.lanavata.galapagar\/2021\/11\/books-5211309_1920-1024x683.jpg 1024w, https:\/\/site.educa.madrid.org\/cp.lanavata.galapagar\/\/wp-content\/uploads\/cp.lanavata.galapagar\/2021\/11\/books-5211309_1920-300x200.jpg 300w, https:\/\/site.educa.madrid.org\/cp.lanavata.galapagar\/\/wp-content\/uploads\/cp.lanavata.galapagar\/2021\/11\/books-5211309_1920-768x512.jpg 768w, https:\/\/site.educa.madrid.org\/cp.lanavata.galapagar\/\/wp-content\/uploads\/cp.lanavata.galapagar\/2021\/11\/books-5211309_1920-391x260.jpg 391w, https:\/\/site.educa.madrid.org\/cp.lanavata.galapagar\/\/wp-content\/uploads\/cp.lanavata.galapagar\/2021\/11\/books-5211309_1920-1536x1024.jpg 1536w, https:\/\/site.educa.madrid.org\/cp.lanavata.galapagar\/\/wp-content\/uploads\/cp.lanavata.galapagar\/2021\/11\/books-5211309_1920-272x182.jpg 272w, https:\/\/site.educa.madrid.org\/cp.lanavata.galapagar\/\/wp-content\/uploads\/cp.lanavata.galapagar\/2021\/11\/books-5211309_1920.jpg 1920w\" sizes=\"auto, (max-width: 1024px) 100vw, 1024px\" \/><\/figure><div class=\"wp-block-media-text__content\">\n<p class=\"has-large-font-size\">COMISI\u00d3N DE BIBLIOTECA<\/p>\n\n\n\n<p>Es la responsable de la organizaci\u00f3n y gesti\u00f3n de nuestra biblioteca de centro, o \u00abDesv\u00e1n\u00bb. Tambi\u00e9n dinamiza actividades relacionadas con la promoci\u00f3n de la lectura <\/p>\n\n\n\n<div class=\"wp-block-buttons is-layout-flex wp-block-buttons-is-layout-flex\">\n<div class=\"wp-block-button\"><a class=\"wp-block-button__link has-cool-to-warm-spectrum-gradient-background has-background wp-element-button\" href=\"https:\/\/desvandelanavata.blogspot.com\/\" target=\"_blank\" rel=\"noreferrer noopener\">BLOG DEL DESV\u00c1N<\/a><\/div>\n<\/div>\n<\/div><\/div>\n\n\n\n<div class=\"wp-block-media-text alignwide is-stacked-on-mobile\" style=\"grid-template-columns:26% auto\"><figure class=\"wp-block-media-text__media\"><img loading=\"lazy\" decoding=\"async\" width=\"720\" height=\"380\" src=\"https:\/\/site.educa.madrid.org\/cp.lanavata.galapagar\/\/wp-content\/uploads\/cp.lanavata.galapagar\/2021\/11\/Fin-de-Curso-2018-19-720x380-1.jpg\" alt=\"\" class=\"wp-image-854 size-full\" srcset=\"https:\/\/site.educa.madrid.org\/cp.lanavata.galapagar\/\/wp-content\/uploads\/cp.lanavata.galapagar\/2021\/11\/Fin-de-Curso-2018-19-720x380-1.jpg 720w, https:\/\/site.educa.madrid.org\/cp.lanavata.galapagar\/\/wp-content\/uploads\/cp.lanavata.galapagar\/2021\/11\/Fin-de-Curso-2018-19-720x380-1-300x158.jpg 300w\" sizes=\"auto, (max-width: 720px) 100vw, 720px\" \/><\/figure><div class=\"wp-block-media-text__content\">\n<p class=\"has-large-font-size\">COMISI\u00d3N DE VIAJE DE FIN DE CURSO<\/p>\n\n\n\n<p>La conforman las familias de 6\u00ba, y se encarga de organizar las actividades en torno al viaje de fin de curso del alumnado de 6\u00ba de primaria<\/p>\n<\/div><\/div>\n\n\n\n<p><\/p>\n","protected":false},"excerpt":{"rendered":"<p>Una v\u00eda de participaci\u00f3n directa de las familias en el centro es la colaboraci\u00f3n con las Comisiones de participaci\u00f3n. Se tratan de comisiones mixtas, en las que tambi\u00e9n participa el profesorado, cuya labor es la de dinamizar diferentes aspectos del proyecto del centro. Si quieres participar en las comisiones rellena el siguiente formulario: Actualmente las [&hellip;]<\/p>\n","protected":false},"author":2,"featured_media":0,"parent":0,"menu_order":0,"comment_status":"closed","ping_status":"closed","template":"","meta":{"footnotes":""},"folder":[],"class_list":["post-619","page","type-page","status-publish","hentry"],"rttpg_featured_image_url":null,"rttpg_author":{"display_name":"tic.cp.lanavata.galapagar","author_link":"https:\/\/site.educa.madrid.org\/cp.lanavata.galapagar\/index.php\/author\/cuenta_tic-cp-lanavata-galapagar\/"},"rttpg_comment":0,"rttpg_category":false,"rttpg_excerpt":"Una v\u00eda de participaci\u00f3n directa de las familias en el centro es la colaboraci\u00f3n con las Comisiones de participaci\u00f3n. Se tratan de comisiones mixtas, en las que tambi\u00e9n participa el profesorado, cuya labor es la de dinamizar diferentes aspectos del proyecto del centro. Si quieres participar en las comisiones rellena el siguiente formulario: Actualmente las&hellip;","post_mailing_queue_ids":[],"_links":{"self":[{"href":"https:\/\/site.educa.madrid.org\/cp.lanavata.galapagar\/index.php\/wp-json\/wp\/v2\/pages\/619","targetHints":{"allow":["GET"]}}],"collection":[{"href":"https:\/\/site.educa.madrid.org\/cp.lanavata.galapagar\/index.php\/wp-json\/wp\/v2\/pages"}],"about":[{"href":"https:\/\/site.educa.madrid.org\/cp.lanavata.galapagar\/index.php\/wp-json\/wp\/v2\/types\/page"}],"author":[{"embeddable":true,"href":"https:\/\/site.educa.madrid.org\/cp.lanavata.galapagar\/index.php\/wp-json\/wp\/v2\/users\/2"}],"replies":[{"embeddable":true,"href":"https:\/\/site.educa.madrid.org\/cp.lanavata.galapagar\/index.php\/wp-json\/wp\/v2\/comments?post=619"}],"version-history":[{"count":10,"href":"https:\/\/site.educa.madrid.org\/cp.lanavata.galapagar\/index.php\/wp-json\/wp\/v2\/pages\/619\/revisions"}],"predecessor-version":[{"id":1851,"href":"https:\/\/site.educa.madrid.org\/cp.lanavata.galapagar\/index.php\/wp-json\/wp\/v2\/pages\/619\/revisions\/1851"}],"wp:attachment":[{"href":"https:\/\/site.educa.madrid.org\/cp.lanavata.galapagar\/index.php\/wp-json\/wp\/v2\/media?parent=619"}],"wp:term":[{"taxonomy":"folder","embeddable":true,"href":"https:\/\/site.educa.madrid.org\/cp.lanavata.galapagar\/index.php\/wp-json\/wp\/v2\/folder?post=619"}],"curies":[{"name":"wp","href":"https:\/\/api.w.org\/{rel}","templated":true}]}}