{"id":973,"date":"2022-03-20T09:34:46","date_gmt":"2022-03-20T08:34:46","guid":{"rendered":"https:\/\/site.educa.madrid.org\/cp.lanavata.galapagar\/?page_id=973"},"modified":"2026-01-16T11:49:10","modified_gmt":"2026-01-16T10:49:10","slug":"puertas-abiertas-a-la-navata","status":"publish","type":"page","link":"https:\/\/site.educa.madrid.org\/cp.lanavata.galapagar\/index.php\/puertas-abiertas-a-la-navata\/","title":{"rendered":"PUERTAS ABIERTAS A LA NAVATA 2.026"},"content":{"rendered":"\n<p><\/p>\n\n\n\n<p><\/p>\n\n\n\n<p>En este curso 2.025\/ 2.026  las jornadas de puertas abiertas en nuestro centro se celebrar\u00e1n en dos d\u00edas distintos: martes 10 de febrero de 9:35 a 11:00 y martes 17 de febrero de 14:35 a 15:50.<\/p>\n\n\n\n<p><\/p>\n\n\n\n<p>Si est\u00e1is interesados en acudir rellenad este<a href=\"https:\/\/formularios.educa.madrid.org\/index.php\/561628?lang=es\">\u00a0<strong>formulario\u00a0<\/strong><\/a>para que podamos estimar el n\u00famero de personas participantes. <strong>Os pedimos que veng\u00e1is sin hij@s <\/strong>porque la visita es en horario lectivo y queremos reducir la disrupci\u00f3n en la din\u00e1mica del centro.<\/p>\n\n\n\n<p><\/p>\n\n\n\n<p>Esta secci\u00f3n est\u00e1 dedicada tanto a los que vais a asistir a la Jornada de Puertas Abiertas como a los que no pod\u00e9is hacerlo y necesit\u00e1is algo m\u00e1s de informaci\u00f3n sobre c\u00f3mo trabajamos en La Navata.<\/p>\n\n\n\n<p>Por un lado, esta es un a presentaci\u00f3n resumen de nuestro proyecto educativo y nuestra filosof\u00eda de centro: <\/p>\n\n\n\n<object data=\"pdf?#zoom=85&amp;scrollbar=0&amp;toolbar=0&amp;navpanes=0\" type=\"application\/pdf\">\n    <embed src=\"https:\/\/site.educa.madrid.org\/cp.lanavata.galapagar\/\/wp-content\/uploads\/cp.lanavata.galapagar\/2022\/03\/PUERTAS-ABIERTAS.pdf\" type=\"application\/pdf\" style=\"max-width: 800px; width: 66%; height: 500px; display: block; margin: auto;\">\n    <\/object>\n\n\n\n<p>Si quer\u00e9is saber algo m\u00e1s sobre c\u00f3mo trabajamos en el ciclo de E. INFANTIL (3- 6  a\u00f1os) nuestras compa\u00f1eras han creado esta presentaci\u00f3n: <\/p>\n\n\n\n<object data=\"pdf?#zoom=85&amp;scrollbar=0&amp;toolbar=0&amp;navpanes=0\" type=\"application\/pdf\">\n    <embed src=\"https:\/\/site.educa.madrid.org\/cp.lanavata.galapagar\/\/wp-content\/uploads\/cp.lanavata.galapagar\/2022\/03\/infantil-jornadas-navata.pdf\" type=\"application\/pdf\" style=\"max-width: 800px; width: 66%; height: 500px; display: block; margin: auto;\">\n    <\/object>\n\n\n\n<p>Si os preocupa c\u00f3mo es el paso a primaria, esta tan temida transici\u00f3n, y c\u00f3mo se trabaja en nuestro centro, no dej\u00e9is de ver el v\u00eddeo que ha preparado el equipo de 1\u00ba ciclo de primaria: <\/p>\n\n\n\n<figure class=\"wp-block-embed is-type-video is-provider-youtube wp-block-embed-youtube wp-embed-aspect-16-9 wp-has-aspect-ratio\"><div class=\"wp-block-embed__wrapper\">\n<iframe loading=\"lazy\" title=\"jornada de puertas abiertas paso a primaria\" width=\"640\" height=\"360\" src=\"https:\/\/www.youtube.com\/embed\/tdR0DE2aU6U?feature=oembed\" frameborder=\"0\" allow=\"accelerometer; autoplay; clipboard-write; encrypted-media; gyroscope; picture-in-picture; web-share\" referrerpolicy=\"strict-origin-when-cross-origin\" allowfullscreen><\/iframe>\n<\/div><\/figure>\n\n\n\n<p>Y de esta forma trabajamos los proyectos en nuestro centro, desde infantil hasta 6\u00ba de primaria, ajustando, eso s\u00ed, el desarrollo del proyecto a las necesidades de cada edad :<\/p>\n\n\n\n<object data=\"pdf?#zoom=85&amp;scrollbar=0&amp;toolbar=0&amp;navpanes=0\" type=\"application\/pdf\">\n    <embed src=\"https:\/\/site.educa.madrid.org\/cp.lanavata.galapagar\/\/wp-content\/uploads\/cp.lanavata.galapagar\/2022\/03\/PRESENTACION-PROYECTOS.pdf\" type=\"application\/pdf\" style=\"max-width: 800px; width: 66%; height: 500px; display: block; margin: auto;\">\n    <\/object>\n\n\n\n<p>Y no podemos olvidar que desde el curso 2020-2021 somos <a href=\"https:\/\/site.educa.madrid.org\/cp.lanavata.galapagar\/index.php\/centro-preferente-tea\/\" target=\"_blank\" rel=\"noreferrer noopener\">centro preferente de escolarizaci\u00f3n del alumnado con TEA.<\/a> Un gran reto transformador para toda nuestra comunidad educativa que ha hecho que la diversidad (de todas formas y colores) tenga un protagonismo especial: <\/p>\n\n\n\n<object data=\"pdf?#zoom=85&amp;scrollbar=0&amp;toolbar=0&amp;navpanes=0\" type=\"application\/pdf\">\n    <embed src=\"https:\/\/site.educa.madrid.org\/cp.lanavata.galapagar\/\/wp-content\/uploads\/cp.lanavata.galapagar\/2022\/03\/INFORMACION-COLEGIO-PREFERENTE-PARA-ALUMNADO-CON-TEA.pdf\" type=\"application\/pdf\" style=\"max-width: 800px; width: 66%; height: 500px; display: block; margin: auto;\">\n    <\/object>\n\n\n\n<p><\/p>\n\n\n\n<p><\/p>\n","protected":false},"excerpt":{"rendered":"<p>En este curso 2.025\/ 2.026 las jornadas de puertas abiertas en nuestro centro se celebrar\u00e1n en dos d\u00edas distintos: martes 10 de febrero de 9:35 a 11:00 y martes 17 de febrero de 14:35 a 15:50. Si est\u00e1is interesados en acudir rellenad este\u00a0formulario\u00a0para que podamos estimar el n\u00famero de personas participantes. Os pedimos que veng\u00e1is [&hellip;]<\/p>\n","protected":false},"author":2,"featured_media":0,"parent":0,"menu_order":0,"comment_status":"closed","ping_status":"closed","template":"","meta":{"footnotes":""},"folder":[],"class_list":["post-973","page","type-page","status-publish","hentry"],"rttpg_featured_image_url":null,"rttpg_author":{"display_name":"tic.cp.lanavata.galapagar","author_link":"https:\/\/site.educa.madrid.org\/cp.lanavata.galapagar\/index.php\/author\/cuenta_tic-cp-lanavata-galapagar\/"},"rttpg_comment":0,"rttpg_category":false,"rttpg_excerpt":"En este curso 2.025\/ 2.026 las jornadas de puertas abiertas en nuestro centro se celebrar\u00e1n en dos d\u00edas distintos: martes 10 de febrero de 9:35 a 11:00 y martes 17 de febrero de 14:35 a 15:50. Si est\u00e1is interesados en acudir rellenad este\u00a0formulario\u00a0para que podamos estimar el n\u00famero de personas participantes. Os pedimos que veng\u00e1is&hellip;","post_mailing_queue_ids":[],"_links":{"self":[{"href":"https:\/\/site.educa.madrid.org\/cp.lanavata.galapagar\/index.php\/wp-json\/wp\/v2\/pages\/973","targetHints":{"allow":["GET"]}}],"collection":[{"href":"https:\/\/site.educa.madrid.org\/cp.lanavata.galapagar\/index.php\/wp-json\/wp\/v2\/pages"}],"about":[{"href":"https:\/\/site.educa.madrid.org\/cp.lanavata.galapagar\/index.php\/wp-json\/wp\/v2\/types\/page"}],"author":[{"embeddable":true,"href":"https:\/\/site.educa.madrid.org\/cp.lanavata.galapagar\/index.php\/wp-json\/wp\/v2\/users\/2"}],"replies":[{"embeddable":true,"href":"https:\/\/site.educa.madrid.org\/cp.lanavata.galapagar\/index.php\/wp-json\/wp\/v2\/comments?post=973"}],"version-history":[{"count":25,"href":"https:\/\/site.educa.madrid.org\/cp.lanavata.galapagar\/index.php\/wp-json\/wp\/v2\/pages\/973\/revisions"}],"predecessor-version":[{"id":2010,"href":"https:\/\/site.educa.madrid.org\/cp.lanavata.galapagar\/index.php\/wp-json\/wp\/v2\/pages\/973\/revisions\/2010"}],"wp:attachment":[{"href":"https:\/\/site.educa.madrid.org\/cp.lanavata.galapagar\/index.php\/wp-json\/wp\/v2\/media?parent=973"}],"wp:term":[{"taxonomy":"folder","embeddable":true,"href":"https:\/\/site.educa.madrid.org\/cp.lanavata.galapagar\/index.php\/wp-json\/wp\/v2\/folder?post=973"}],"curies":[{"name":"wp","href":"https:\/\/api.w.org\/{rel}","templated":true}]}}