{"id":1714,"date":"2020-06-29T16:45:53","date_gmt":"2020-06-29T16:45:53","guid":{"rendered":"https:\/\/site.educa.madrid.org\/cp.losrosales.madrid\/?page_id=1714"},"modified":"2025-06-11T15:32:19","modified_gmt":"2025-06-11T13:32:19","slug":"matriculacion-2020-21","status":"publish","type":"page","link":"https:\/\/site.educa.madrid.org\/cp.losrosales.madrid\/index.php\/matriculacion-2020-21\/","title":{"rendered":"MATRICULACI\u00d3N 2025\/26"},"content":{"rendered":"\n<h2 class=\"wp-block-heading has-text-align-left\"><strong>PLAZO DE MATRICULACI\u00d3N  (<\/strong>del 12 al 26 de junio)<\/h2>\n\n\n\n<h2 class=\"wp-block-heading\">MATRICULACI\u00d3N SECRETAR\u00cdA COLEGIO<\/h2>\n\n\n\n<p> A continuaci\u00f3n os dejamos la informaci\u00f3n relativa a la matriculaci\u00f3n en nuestro centro, con todos los documentos necesarios a aportar para la realizaci\u00f3n de la misma.<\/p>\n\n\n\n<p>Toda la informaci\u00f3n y los documentos a cumplimentar en relaci\u00f3n a las actividades extraescolares organizadas por la AMPA del centro se encuentran publicadas en la pesta\u00f1a AMPA.<\/p>\n\n\n\n<div class=\"wp-block-file\"><a id=\"wp-block-file--media-c735328c-2fea-489a-af1a-47cf1d2ce62c\" href=\"https:\/\/site.educa.madrid.org\/cp.losrosales.madrid\/\/wp-content\/uploads\/cp.losrosales.madrid\/2022\/06\/Aplicacion-ROBLE_Alumnos-nueva-matriculacion-Informativo-3.pdf\">Aplicacion-ROBLE_Alumnos-nueva-matriculacion-Informativo-3<\/a><a href=\"https:\/\/site.educa.madrid.org\/cp.losrosales.madrid\/\/wp-content\/uploads\/cp.losrosales.madrid\/2022\/06\/Aplicacion-ROBLE_Alumnos-nueva-matriculacion-Informativo-3.pdf\" class=\"wp-block-file__button wp-element-button\" download aria-describedby=\"wp-block-file--media-c735328c-2fea-489a-af1a-47cf1d2ce62c\">Descarga<\/a><\/div>\n\n\n\n<div class=\"wp-block-file\"><a id=\"wp-block-file--media-515d074f-9040-4fa6-978d-79f25c6d630e\" href=\"https:\/\/site.educa.madrid.org\/cp.losrosales.madrid\/\/wp-content\/uploads\/cp.losrosales.madrid\/2022\/06\/Autorizacion-Actividades-Extraescolares.pdf\">Autorizacion-Actividades-Extraescolares<\/a><a href=\"https:\/\/site.educa.madrid.org\/cp.losrosales.madrid\/\/wp-content\/uploads\/cp.losrosales.madrid\/2022\/06\/Autorizacion-Actividades-Extraescolares.pdf\" class=\"wp-block-file__button wp-element-button\" download aria-describedby=\"wp-block-file--media-515d074f-9040-4fa6-978d-79f25c6d630e\">Descarga<\/a><\/div>\n\n\n\n<div class=\"wp-block-file\"><a id=\"wp-block-file--media-55630e89-0ffa-4bfc-8adb-6c29844fe75a\" href=\"https:\/\/site.educa.madrid.org\/cp.losrosales.madrid\/\/wp-content\/uploads\/cp.losrosales.madrid\/2022\/06\/Consentimiento-Imagenes-y-Datos-Personales.pdf\">Consentimiento-Imagenes-y-Datos-Personales<\/a><a href=\"https:\/\/site.educa.madrid.org\/cp.losrosales.madrid\/\/wp-content\/uploads\/cp.losrosales.madrid\/2022\/06\/Consentimiento-Imagenes-y-Datos-Personales.pdf\" class=\"wp-block-file__button wp-element-button\" download aria-describedby=\"wp-block-file--media-55630e89-0ffa-4bfc-8adb-6c29844fe75a\">Descarga<\/a><\/div>\n\n\n\n<div class=\"wp-block-file\"><a id=\"wp-block-file--media-e57761b2-e2c0-41f9-b975-c11ee1b2c9e5\" href=\"https:\/\/site.educa.madrid.org\/cp.losrosales.madrid\/\/wp-content\/uploads\/cp.losrosales.madrid\/2022\/06\/Declaracion-Responsable-cumplimentar-si-procede.pdf\">Declaracion-Responsable-cumplimentar-si-procede<\/a><a href=\"https:\/\/site.educa.madrid.org\/cp.losrosales.madrid\/\/wp-content\/uploads\/cp.losrosales.madrid\/2022\/06\/Declaracion-Responsable-cumplimentar-si-procede.pdf\" class=\"wp-block-file__button wp-element-button\" download aria-describedby=\"wp-block-file--media-e57761b2-e2c0-41f9-b975-c11ee1b2c9e5\">Descarga<\/a><\/div>\n\n\n\n<div class=\"wp-block-file\"><a id=\"wp-block-file--media-ea0bba95-2b2e-4a16-8a74-ccd60434165e\" href=\"https:\/\/site.educa.madrid.org\/cp.losrosales.madrid\/\/wp-content\/uploads\/cp.losrosales.madrid\/2022\/06\/Equipacion-Deportiva-Rosales-Informativo.pdf\">Equipacion-Deportiva-Rosales-Informativo<\/a><a href=\"https:\/\/site.educa.madrid.org\/cp.losrosales.madrid\/\/wp-content\/uploads\/cp.losrosales.madrid\/2022\/06\/Equipacion-Deportiva-Rosales-Informativo.pdf\" class=\"wp-block-file__button wp-element-button\" download aria-describedby=\"wp-block-file--media-ea0bba95-2b2e-4a16-8a74-ccd60434165e\">Descarga<\/a><\/div>\n\n\n\n<div class=\"wp-block-file\"><a id=\"wp-block-file--media-40a25ac9-29ef-4f3a-b31e-aa2d1ddfeb28\" href=\"https:\/\/site.educa.madrid.org\/cp.losrosales.madrid\/\/wp-content\/uploads\/cp.losrosales.madrid\/2022\/06\/Ficha-Recogida-Datos.pdf\">Ficha-Recogida-Datos<\/a><a href=\"https:\/\/site.educa.madrid.org\/cp.losrosales.madrid\/\/wp-content\/uploads\/cp.losrosales.madrid\/2022\/06\/Ficha-Recogida-Datos.pdf\" class=\"wp-block-file__button wp-element-button\" download aria-describedby=\"wp-block-file--media-40a25ac9-29ef-4f3a-b31e-aa2d1ddfeb28\">Descarga<\/a><\/div>\n\n\n\n<div class=\"wp-block-file\"><a id=\"wp-block-file--media-bf0d0b74-4f97-4aaf-b6fe-c7fa341ff9fc\" href=\"https:\/\/site.educa.madrid.org\/cp.losrosales.madrid\/\/wp-content\/uploads\/cp.losrosales.madrid\/2022\/06\/GUIA-ACTUACION-Progenitores-Separados-Informativo.pdf\">GUIA-ACTUACION-Progenitores-Separados-Informativo<\/a><a href=\"https:\/\/site.educa.madrid.org\/cp.losrosales.madrid\/\/wp-content\/uploads\/cp.losrosales.madrid\/2022\/06\/GUIA-ACTUACION-Progenitores-Separados-Informativo.pdf\" class=\"wp-block-file__button wp-element-button\" download aria-describedby=\"wp-block-file--media-bf0d0b74-4f97-4aaf-b6fe-c7fa341ff9fc\">Descarga<\/a><\/div>\n\n\n\n<div class=\"wp-block-file\"><a id=\"wp-block-file--media-efe0579e-a3dc-49fc-b1e0-7446909e554b\" href=\"https:\/\/site.educa.madrid.org\/cp.losrosales.madrid\/\/wp-content\/uploads\/cp.losrosales.madrid\/2022\/06\/GUIA_PATRIA-POTESTAD-COMPARTIDA-2018Informativo-.pdf\">GUIA_PATRIA-POTESTAD-COMPARTIDA-2018Informativo-<\/a><a href=\"https:\/\/site.educa.madrid.org\/cp.losrosales.madrid\/\/wp-content\/uploads\/cp.losrosales.madrid\/2022\/06\/GUIA_PATRIA-POTESTAD-COMPARTIDA-2018Informativo-.pdf\" class=\"wp-block-file__button wp-element-button\" download aria-describedby=\"wp-block-file--media-efe0579e-a3dc-49fc-b1e0-7446909e554b\">Descarga<\/a><\/div>\n\n\n\n<div class=\"wp-block-file\"><a id=\"wp-block-file--media-211675ba-7487-41a1-bd8b-1d40d6fd26d3\" href=\"https:\/\/site.educa.madrid.org\/cp.losrosales.madrid\/\/wp-content\/uploads\/cp.losrosales.madrid\/2022\/06\/Opcion-Ensenanzas_-Religion-Valores.pdf\">Opci\u00f3n-Ense\u00f1anzas_-Religi\u00f3n-Valores<\/a><a href=\"https:\/\/site.educa.madrid.org\/cp.losrosales.madrid\/\/wp-content\/uploads\/cp.losrosales.madrid\/2022\/06\/Opcion-Ensenanzas_-Religion-Valores.pdf\" class=\"wp-block-file__button wp-element-button\" download aria-describedby=\"wp-block-file--media-211675ba-7487-41a1-bd8b-1d40d6fd26d3\">Descarga<\/a><\/div>\n\n\n\n<h3 class=\"wp-block-heading\"><\/h3>\n\n\n\n<h3 class=\"wp-block-heading\">Orientaciones para el periodo de adaptaci\u00f3n de ni\u00f1os de 3 a\u00f1os <\/h3>\n\n\n\n<div class=\"wp-block-file\"><a id=\"wp-block-file--media-c2162b1e-0feb-40a5-ab13-0c3cef2de858\" href=\"https:\/\/site.educa.madrid.org\/cp.losrosales.madrid\/\/wp-content\/uploads\/cp.losrosales.madrid\/2023\/06\/orientaciones-3-anos.pdf\">Orientaciones-3-anos<\/a><a href=\"https:\/\/site.educa.madrid.org\/cp.losrosales.madrid\/\/wp-content\/uploads\/cp.losrosales.madrid\/2023\/06\/orientaciones-3-anos.pdf\" class=\"wp-block-file__button wp-element-button\" download aria-describedby=\"wp-block-file--media-c2162b1e-0feb-40a5-ab13-0c3cef2de858\">Descarga<\/a><\/div>\n\n\n\n<p><\/p>\n","protected":false},"excerpt":{"rendered":"<p>PLAZO DE MATRICULACI\u00d3N (del 12 al 26 de junio) MATRICULACI\u00d3N SECRETAR\u00cdA COLEGIO A continuaci\u00f3n os dejamos la informaci\u00f3n relativa a la matriculaci\u00f3n en nuestro centro, con todos los documentos necesarios &#8230;<\/p>\n","protected":false},"author":3,"featured_media":0,"parent":0,"menu_order":0,"comment_status":"closed","ping_status":"closed","template":"","meta":{"footnotes":""},"folder":[],"class_list":["post-1714","page","type-page","status-publish","hentry"],"rttpg_featured_image_url":null,"rttpg_author":{"display_name":"cp.losrosales.madrid","author_link":"https:\/\/site.educa.madrid.org\/cp.losrosales.madrid\/index.php\/author\/cuenta_cp-losrosales-madrid\/"},"rttpg_comment":0,"rttpg_category":false,"rttpg_excerpt":"PLAZO DE MATRICULACI\u00d3N (del 12 al 26 de junio) MATRICULACI\u00d3N SECRETAR\u00cdA COLEGIO A continuaci\u00f3n os dejamos la informaci\u00f3n relativa a la matriculaci\u00f3n en nuestro centro, con todos los documentos necesarios ...","post_mailing_queue_ids":[],"_links":{"self":[{"href":"https:\/\/site.educa.madrid.org\/cp.losrosales.madrid\/index.php\/wp-json\/wp\/v2\/pages\/1714","targetHints":{"allow":["GET"]}}],"collection":[{"href":"https:\/\/site.educa.madrid.org\/cp.losrosales.madrid\/index.php\/wp-json\/wp\/v2\/pages"}],"about":[{"href":"https:\/\/site.educa.madrid.org\/cp.losrosales.madrid\/index.php\/wp-json\/wp\/v2\/types\/page"}],"author":[{"embeddable":true,"href":"https:\/\/site.educa.madrid.org\/cp.losrosales.madrid\/index.php\/wp-json\/wp\/v2\/users\/3"}],"replies":[{"embeddable":true,"href":"https:\/\/site.educa.madrid.org\/cp.losrosales.madrid\/index.php\/wp-json\/wp\/v2\/comments?post=1714"}],"version-history":[{"count":24,"href":"https:\/\/site.educa.madrid.org\/cp.losrosales.madrid\/index.php\/wp-json\/wp\/v2\/pages\/1714\/revisions"}],"predecessor-version":[{"id":7069,"href":"https:\/\/site.educa.madrid.org\/cp.losrosales.madrid\/index.php\/wp-json\/wp\/v2\/pages\/1714\/revisions\/7069"}],"wp:attachment":[{"href":"https:\/\/site.educa.madrid.org\/cp.losrosales.madrid\/index.php\/wp-json\/wp\/v2\/media?parent=1714"}],"wp:term":[{"taxonomy":"folder","embeddable":true,"href":"https:\/\/site.educa.madrid.org\/cp.losrosales.madrid\/index.php\/wp-json\/wp\/v2\/folder?post=1714"}],"curies":[{"name":"wp","href":"https:\/\/api.w.org\/{rel}","templated":true}]}}