{"id":1769,"date":"2020-07-09T11:10:49","date_gmt":"2020-07-09T11:10:49","guid":{"rendered":"https:\/\/site.educa.madrid.org\/cp.losrosales.madrid\/?page_id=1769"},"modified":"2022-10-20T18:25:05","modified_gmt":"2022-10-20T16:25:05","slug":"aplicacion-roble","status":"publish","type":"page","link":"https:\/\/site.educa.madrid.org\/cp.losrosales.madrid\/index.php\/aplicacion-roble\/","title":{"rendered":"APLICACI\u00d3N ROBLE"},"content":{"rendered":"\n<p>Les dejamos informaci\u00f3n relativa a la web\/aplicaci\u00f3n ROBLE de Educamadrid. Tambi\u00e9n distintos enlaces a gu\u00edas de utilizaci\u00f3n de dicha plataforma oficial.<\/p>\n\n\n\n<p>Para poder acceder a dicho programa las familias tienen que tener unas\u00a0<strong>credenciales<\/strong>\u00a0y unas\u00a0<strong>claves<\/strong>\u00a0proporcionadas por el centro v\u00eda email, una vez realizada la matriculaci\u00f3n de su hijo\/a.<\/p>\n\n\n\n<p>Una vez que las familias tienen dichas claves, la primera vez que acceden,<strong> deben hacerlo a trav\u00e9s de la p\u00e1gina web\u00a0que se indica en el documento enviado con usuario  y, ser\u00e1 desde un ordenador de mesa, port\u00e1til o Tablet.<\/strong><\/p>\n\n\n\n<p><strong> El sistema obligar\u00e1 al cambio de contrase\u00f1a y actualizaci\u00f3n de datos. Es muy importante introducir el correo electr\u00f3nico.<\/strong><\/p>\n\n\n\n<p>Desde ese momento, se podr\u00e1 entrar a la aplicaci\u00f3n indistintamente por la misma direcci\u00f3n de internet o trav\u00e9s de la\u00a0<strong>APP Roble\u00a0<\/strong>(puede descargarse de Google Play para dispositivos Android y tambi\u00e9n de Apple Store para dispositivos iOS).<\/p>\n\n\n\n<p>Aquellos padres que a su vez sean docentes o tengan acceso a Ra\u00edces, no necesitar\u00e1n solicitar nueva contrase\u00f1a. Tampoco ser\u00e1 necesaria una nueva clave si ya tienen acceso al sistema ROBLE como padres de otro alumno.<\/p>\n\n\n\n<figure class=\"wp-block-image size-large\"><img loading=\"lazy\" decoding=\"async\" width=\"724\" height=\"1024\" src=\"https:\/\/site.educa.madrid.org\/cp.losrosales.madrid\/\/wp-content\/uploads\/cp.losrosales.madrid\/2020\/07\/INFORMACI\u00d3N-WEB-ROBLES_page-0001-724x1024.jpg\" alt=\"\" class=\"wp-image-1770\" srcset=\"https:\/\/site.educa.madrid.org\/cp.losrosales.madrid\/\/wp-content\/uploads\/cp.losrosales.madrid\/2020\/07\/INFORMACI\u00d3N-WEB-ROBLES_page-0001-724x1024.jpg 724w, https:\/\/site.educa.madrid.org\/cp.losrosales.madrid\/\/wp-content\/uploads\/cp.losrosales.madrid\/2020\/07\/INFORMACI\u00d3N-WEB-ROBLES_page-0001-212x300.jpg 212w, https:\/\/site.educa.madrid.org\/cp.losrosales.madrid\/\/wp-content\/uploads\/cp.losrosales.madrid\/2020\/07\/INFORMACI\u00d3N-WEB-ROBLES_page-0001-768x1086.jpg 768w, https:\/\/site.educa.madrid.org\/cp.losrosales.madrid\/\/wp-content\/uploads\/cp.losrosales.madrid\/2020\/07\/INFORMACI\u00d3N-WEB-ROBLES_page-0001-1086x1536.jpg 1086w, https:\/\/site.educa.madrid.org\/cp.losrosales.madrid\/\/wp-content\/uploads\/cp.losrosales.madrid\/2020\/07\/INFORMACI\u00d3N-WEB-ROBLES_page-0001-1200x1697.jpg 1200w, https:\/\/site.educa.madrid.org\/cp.losrosales.madrid\/\/wp-content\/uploads\/cp.losrosales.madrid\/2020\/07\/INFORMACI\u00d3N-WEB-ROBLES_page-0001.jpg 1240w\" sizes=\"auto, (max-width: 724px) 100vw, 724px\" \/><\/figure>\n\n\n\n<div class=\"wp-block-buttons is-layout-flex wp-block-buttons-is-layout-flex\">\n<div class=\"wp-block-button is-style-fill\"><a class=\"wp-block-button__link has-dark-gray-color has-white-background-color has-text-color has-background\" href=\"https:\/\/raices.madrid.org\/raiz_app\/jsp\/portal\/portalraices.html\" target=\"_blank\" rel=\"noreferrer noopener\">acceso al portal ra\u00edces<\/a><\/div>\n\n\n\n<div class=\"wp-block-button\"><a class=\"wp-block-button__link has-dark-gray-color has-white-background-color has-text-color has-background\" href=\"https:\/\/play.google.com\/store\/apps\/details?id=org.madrid.raiz.roble&amp;gl=ES\" target=\"_blank\" rel=\"noreferrer noopener\">app roble android<\/a><\/div>\n\n\n\n<div class=\"wp-block-button\"><a class=\"wp-block-button__link has-dark-gray-color has-white-background-color has-text-color has-background\" href=\"https:\/\/apps.apple.com\/es\/app\/roble\/id1458472789\" target=\"_blank\" rel=\"noreferrer noopener\">app roble apple<\/a><\/div>\n\n\n\n<div class=\"wp-block-button\"><a class=\"wp-block-button__link has-dark-gray-color has-white-background-color has-text-color has-background\" href=\"http:\/\/cloud.educa.madrid.org\/index.php\/s\/USbYdHG2f835Uwn\" target=\"_blank\" rel=\"noreferrer noopener\">gu\u00eda roble  web<\/a><\/div>\n\n\n\n<div class=\"wp-block-button\"><a class=\"wp-block-button__link has-dark-gray-color has-white-background-color has-text-color has-background\" href=\"http:\/\/cloud.educa.madrid.org\/index.php\/s\/M2vrhL9fnTk3MQ8\" target=\"_blank\" rel=\"noreferrer noopener\">desbloqueo ventanas emergentes<\/a><\/div>\n\n\n\n<div class=\"wp-block-button\"><a class=\"wp-block-button__link has-dark-gray-color has-white-background-color has-text-color has-background\" href=\"http:\/\/cloud.educa.madrid.org\/index.php\/s\/y3Qk5WwZZbUT2xW\" target=\"_blank\" rel=\"noreferrer noopener\">gu\u00eda roble app<\/a><\/div>\n\n\n\n<div class=\"wp-block-button\"><a class=\"wp-block-button__link has-dark-gray-color has-white-background-color has-text-color has-background\" href=\"http:\/\/cloud.educa.madrid.org\/index.php\/s\/AsIrBVnt15eWcA1\" target=\"_blank\" rel=\"noreferrer noopener\">seguimiento acad\u00e9mico<\/a><\/div>\n<\/div>\n\n\n\n<div class=\"wp-block-file\"><a id=\"wp-block-file--media-4fcd89d7-f35b-45a6-8310-3c58a9ed77e6\" href=\"https:\/\/site.educa.madrid.org\/cp.losrosales.madrid\/\/wp-content\/uploads\/cp.losrosales.madrid\/2020\/09\/CIRCULAR-ROBLE-1.pdf\">CIRCULAR-ROBLE-1<\/a><a href=\"https:\/\/site.educa.madrid.org\/cp.losrosales.madrid\/\/wp-content\/uploads\/cp.losrosales.madrid\/2020\/09\/CIRCULAR-ROBLE-1.pdf\" class=\"wp-block-file__button\" download aria-describedby=\"wp-block-file--media-4fcd89d7-f35b-45a6-8310-3c58a9ed77e6\">Descarga<\/a><\/div>\n\n\n\n<div class=\"wp-block-file\"><a id=\"wp-block-file--media-21e8f47a-19c0-45f5-944e-696f9a4c2eff\" href=\"https:\/\/site.educa.madrid.org\/cp.losrosales.madrid\/\/wp-content\/uploads\/cp.losrosales.madrid\/2020\/09\/20200924_nuevo_procedimiento_credenciales_raices-roble.pdf\">20200924_nuevo_procedimiento_credenciales_raices-roble<\/a><a href=\"https:\/\/site.educa.madrid.org\/cp.losrosales.madrid\/\/wp-content\/uploads\/cp.losrosales.madrid\/2020\/09\/20200924_nuevo_procedimiento_credenciales_raices-roble.pdf\" class=\"wp-block-file__button\" download aria-describedby=\"wp-block-file--media-21e8f47a-19c0-45f5-944e-696f9a4c2eff\">Descarga<\/a><\/div>\n\n\n\n<p><\/p>\n","protected":false},"excerpt":{"rendered":"<p>Les dejamos informaci\u00f3n relativa a la web\/aplicaci\u00f3n ROBLE de Educamadrid. Tambi\u00e9n distintos enlaces a gu\u00edas de utilizaci\u00f3n de dicha plataforma oficial. Para poder acceder a dicho programa las familias tienen &#8230;<\/p>\n","protected":false},"author":3,"featured_media":0,"parent":0,"menu_order":0,"comment_status":"closed","ping_status":"closed","template":"","meta":{"footnotes":""},"folder":[],"class_list":["post-1769","page","type-page","status-publish","hentry"],"rttpg_featured_image_url":null,"rttpg_author":{"display_name":"cp.losrosales.madrid","author_link":"https:\/\/site.educa.madrid.org\/cp.losrosales.madrid\/index.php\/author\/cuenta_cp-losrosales-madrid\/"},"rttpg_comment":0,"rttpg_category":false,"rttpg_excerpt":"Les dejamos informaci\u00f3n relativa a la web\/aplicaci\u00f3n ROBLE de Educamadrid. Tambi\u00e9n distintos enlaces a gu\u00edas de utilizaci\u00f3n de dicha plataforma oficial. Para poder acceder a dicho programa las familias tienen ...","post_mailing_queue_ids":[],"_links":{"self":[{"href":"https:\/\/site.educa.madrid.org\/cp.losrosales.madrid\/index.php\/wp-json\/wp\/v2\/pages\/1769","targetHints":{"allow":["GET"]}}],"collection":[{"href":"https:\/\/site.educa.madrid.org\/cp.losrosales.madrid\/index.php\/wp-json\/wp\/v2\/pages"}],"about":[{"href":"https:\/\/site.educa.madrid.org\/cp.losrosales.madrid\/index.php\/wp-json\/wp\/v2\/types\/page"}],"author":[{"embeddable":true,"href":"https:\/\/site.educa.madrid.org\/cp.losrosales.madrid\/index.php\/wp-json\/wp\/v2\/users\/3"}],"replies":[{"embeddable":true,"href":"https:\/\/site.educa.madrid.org\/cp.losrosales.madrid\/index.php\/wp-json\/wp\/v2\/comments?post=1769"}],"version-history":[{"count":8,"href":"https:\/\/site.educa.madrid.org\/cp.losrosales.madrid\/index.php\/wp-json\/wp\/v2\/pages\/1769\/revisions"}],"predecessor-version":[{"id":4455,"href":"https:\/\/site.educa.madrid.org\/cp.losrosales.madrid\/index.php\/wp-json\/wp\/v2\/pages\/1769\/revisions\/4455"}],"wp:attachment":[{"href":"https:\/\/site.educa.madrid.org\/cp.losrosales.madrid\/index.php\/wp-json\/wp\/v2\/media?parent=1769"}],"wp:term":[{"taxonomy":"folder","embeddable":true,"href":"https:\/\/site.educa.madrid.org\/cp.losrosales.madrid\/index.php\/wp-json\/wp\/v2\/folder?post=1769"}],"curies":[{"name":"wp","href":"https:\/\/api.w.org\/{rel}","templated":true}]}}