{"id":1940,"date":"2021-05-12T07:34:12","date_gmt":"2021-05-12T07:34:12","guid":{"rendered":"https:\/\/site.educa.madrid.org\/cp.losrosales.madrid\/?page_id=1940"},"modified":"2023-09-13T14:16:04","modified_gmt":"2023-09-13T12:16:04","slug":"becas-y-ayudas","status":"publish","type":"page","link":"https:\/\/site.educa.madrid.org\/cp.losrosales.madrid\/index.php\/becas-y-ayudas\/","title":{"rendered":"BECAS Y AYUDAS"},"content":{"rendered":"\n<h2 class=\"wp-block-heading\">Becas comedor 2023\/2024 (Antiguo precio reducido)<\/h2>\n\n\n\n<div class=\"wp-block-file\"><a id=\"wp-block-file--media-b09bd14c-4a37-458e-b438-18216073fc31\" href=\"https:\/\/site.educa.madrid.org\/cp.losrosales.madrid\/\/wp-content\/uploads\/cp.losrosales.madrid\/2023\/06\/BECAS-COMEDOR.pdf\">NORMAS REGULADORAS BECAS COMEDOR<\/a><a href=\"https:\/\/site.educa.madrid.org\/cp.losrosales.madrid\/\/wp-content\/uploads\/cp.losrosales.madrid\/2023\/06\/BECAS-COMEDOR.pdf\" class=\"wp-block-file__button wp-element-button\" download aria-describedby=\"wp-block-file--media-b09bd14c-4a37-458e-b438-18216073fc31\">Descarga<\/a><\/div>\n\n\n\n<div class=\"wp-block-file\"><a id=\"wp-block-file--media-388fc78e-8a42-45e3-b68c-a8d6cd59210b\" href=\"https:\/\/site.educa.madrid.org\/cp.losrosales.madrid\/\/wp-content\/uploads\/cp.losrosales.madrid\/2023\/06\/Informacion-familias-becas-comedor.pdf\">Informacion-familias-becas-comedor<\/a><a href=\"https:\/\/site.educa.madrid.org\/cp.losrosales.madrid\/\/wp-content\/uploads\/cp.losrosales.madrid\/2023\/06\/Informacion-familias-becas-comedor.pdf\" class=\"wp-block-file__button wp-element-button\" download aria-describedby=\"wp-block-file--media-388fc78e-8a42-45e3-b68c-a8d6cd59210b\">Descarga<\/a><\/div>\n\n\n\n<div class=\"wp-block-file\"><a id=\"wp-block-file--media-ce423cf4-a28c-4e2c-a81e-ed9367a2e235\" href=\"https:\/\/site.educa.madrid.org\/cp.losrosales.madrid\/\/wp-content\/uploads\/cp.losrosales.madrid\/2023\/06\/Solicitud-beca-comedor.pdf\">Solicitud-beca-comedor<\/a><a href=\"https:\/\/site.educa.madrid.org\/cp.losrosales.madrid\/\/wp-content\/uploads\/cp.losrosales.madrid\/2023\/06\/Solicitud-beca-comedor.pdf\" class=\"wp-block-file__button wp-element-button\" download aria-describedby=\"wp-block-file--media-ce423cf4-a28c-4e2c-a81e-ed9367a2e235\">Descarga<\/a><\/div>\n\n\n\n<div class=\"wp-block-file\"><a id=\"wp-block-file--media-112fc70b-18f3-48f8-a6e2-25adc69a83d9\" href=\"https:\/\/site.educa.madrid.org\/cp.losrosales.madrid\/\/wp-content\/uploads\/cp.losrosales.madrid\/2023\/09\/modelo-subsanacion1963FR1_23v2-1.pdf\"><strong>modelo-subsanacion1963FR1_23v2-1<\/strong><\/a><a href=\"https:\/\/site.educa.madrid.org\/cp.losrosales.madrid\/\/wp-content\/uploads\/cp.losrosales.madrid\/2023\/09\/modelo-subsanacion1963FR1_23v2-1.pdf\" class=\"wp-block-file__button wp-element-button\" download aria-describedby=\"wp-block-file--media-112fc70b-18f3-48f8-a6e2-25adc69a83d9\">Descarga<\/a><\/div>\n\n\n\n<h2 class=\"wp-block-heading\">Becas y ayudas para alumnos con necesidad espec\u00edfica de apoyo educativo<\/h2>\n\n\n\n<p><a href=\"https:\/\/www.educacionyfp.gob.es\/servicios-al-ciudadano\/catalogo\/estudiantes\/becas-ayudas\/para-estudiar\/deportivas\/necesidad-especifica-apoyo-educativo.html\">https:\/\/www.educacionyfp.gob.es\/servicios-al-ciudadano\/catalogo\/estudiantes\/becas-ayudas\/para-estudiar\/deportivas\/necesidad-especifica-apoyo-educativo.html<\/a><\/p>\n\n\n\n<h2 class=\"wp-block-heading\">Precio reducido comedor curso 22-23<\/h2>\n\n\n\n<p>C\u00d3DIGO DE CENTRO: 28006214<\/p>\n\n\n\n<div class=\"wp-block-file\"><a id=\"wp-block-file--media-eb9eaacd-1696-4948-9db0-10b5ab150c13\" href=\"https:\/\/site.educa.madrid.org\/cp.losrosales.madrid\/\/wp-content\/uploads\/cp.losrosales.madrid\/2022\/06\/circular-preciosreducidos-22-23.pdf\">circular-preciosreducidos-22-23<\/a><a href=\"https:\/\/site.educa.madrid.org\/cp.losrosales.madrid\/\/wp-content\/uploads\/cp.losrosales.madrid\/2022\/06\/circular-preciosreducidos-22-23.pdf\" class=\"wp-block-file__button wp-element-button\" download aria-describedby=\"wp-block-file--media-eb9eaacd-1696-4948-9db0-10b5ab150c13\">Descarga<\/a><\/div>\n\n\n\n<div class=\"wp-block-file\"><a id=\"wp-block-file--media-a352ac09-52e9-4507-8355-1cc7d0dee4e2\" href=\"https:\/\/site.educa.madrid.org\/cp.losrosales.madrid\/\/wp-content\/uploads\/cp.losrosales.madrid\/2022\/06\/Solicitud-curso-2022-23-1.docx\">Solicitud-curso-2022-23-1<\/a><a href=\"https:\/\/site.educa.madrid.org\/cp.losrosales.madrid\/\/wp-content\/uploads\/cp.losrosales.madrid\/2022\/06\/Solicitud-curso-2022-23-1.docx\" class=\"wp-block-file__button wp-element-button\" download aria-describedby=\"wp-block-file--media-a352ac09-52e9-4507-8355-1cc7d0dee4e2\">Descarga<\/a><\/div>\n\n\n\n<h2 class=\"wp-block-heading\">Pr\u00e9stamo libros infantil 23-24<\/h2>\n\n\n\n<p>Pr\u00e9stamo de libros Educaci\u00f3n Infantil en desventaja socioecon\u00f3mica y alumnado con necesidades educativas especiales.<\/p>\n\n\n\n<div class=\"wp-block-file\"><a id=\"wp-block-file--media-e6baa174-302b-44f9-b4fc-e07241523b78\" href=\"https:\/\/site.educa.madrid.org\/cp.losrosales.madrid\/\/wp-content\/uploads\/cp.losrosales.madrid\/2023\/06\/Prestamo-Infantil-2023-24.pdf\">Pr\u00e9stamo Infantil 2023-24<\/a><a href=\"https:\/\/site.educa.madrid.org\/cp.losrosales.madrid\/\/wp-content\/uploads\/cp.losrosales.madrid\/2023\/06\/Prestamo-Infantil-2023-24.pdf\" class=\"wp-block-file__button wp-element-button\" download aria-describedby=\"wp-block-file--media-e6baa174-302b-44f9-b4fc-e07241523b78\">Descarga<\/a><\/div>\n\n\n\n<p><\/p>\n\n\n\n<p><\/p>\n\n\n\n<h2 class=\"wp-block-heading\">Pr\u00e9stamo libros primaria 23-24<\/h2>\n\n\n\n<div class=\"wp-block-file\"><a id=\"wp-block-file--media-398c1c28-d6dc-42fe-a97a-98d378c61ea1\" href=\"https:\/\/site.educa.madrid.org\/cp.losrosales.madrid\/\/wp-content\/uploads\/cp.losrosales.madrid\/2023\/06\/CIRCULAR-FAMILIAS-ACCEDE-23-24.pdf\">CIRCULAR-FAMILIAS-ACCEDE-23-24<\/a><a href=\"https:\/\/site.educa.madrid.org\/cp.losrosales.madrid\/\/wp-content\/uploads\/cp.losrosales.madrid\/2023\/06\/CIRCULAR-FAMILIAS-ACCEDE-23-24.pdf\" class=\"wp-block-file__button wp-element-button\" download aria-describedby=\"wp-block-file--media-398c1c28-d6dc-42fe-a97a-98d378c61ea1\">Descarga<\/a><\/div>\n\n\n\n<div class=\"wp-block-file\"><a id=\"wp-block-file--media-57d58b14-592d-41ec-9d4a-f07acf25af38\" href=\"https:\/\/site.educa.madrid.org\/cp.losrosales.madrid\/\/wp-content\/uploads\/cp.losrosales.madrid\/2021\/05\/FORMULARIO-ADSCRIPCION-ACCEDE.pdf\">FORMULARIO-ADSCRIPCION-ACCEDE<\/a><a href=\"https:\/\/site.educa.madrid.org\/cp.losrosales.madrid\/\/wp-content\/uploads\/cp.losrosales.madrid\/2021\/05\/FORMULARIO-ADSCRIPCION-ACCEDE.pdf\" class=\"wp-block-file__button wp-element-button\" download aria-describedby=\"wp-block-file--media-57d58b14-592d-41ec-9d4a-f07acf25af38\">Descarga<\/a><\/div>\n\n\n\n<p><\/p>\n\n\n\n<div class=\"wp-block-file\"><a id=\"wp-block-file--media-789f325a-89e4-4da0-92ba-3fe9316738d7\" href=\"https:\/\/site.educa.madrid.org\/cp.losrosales.madrid\/\/wp-content\/uploads\/cp.losrosales.madrid\/2021\/05\/FORMULARIO-RENUNCIA-ACCEDE.pdf\">FORMULARIO-RENUNCIA-ACCEDE<\/a><a href=\"https:\/\/site.educa.madrid.org\/cp.losrosales.madrid\/\/wp-content\/uploads\/cp.losrosales.madrid\/2021\/05\/FORMULARIO-RENUNCIA-ACCEDE.pdf\" class=\"wp-block-file__button wp-element-button\" download aria-describedby=\"wp-block-file--media-789f325a-89e4-4da0-92ba-3fe9316738d7\">Descarga<\/a><\/div>\n\n\n\n<p><\/p>\n","protected":false},"excerpt":{"rendered":"<p>Becas comedor 2023\/2024 (Antiguo precio reducido) Becas y ayudas para alumnos con necesidad espec\u00edfica de apoyo educativo https:\/\/www.educacionyfp.gob.es\/servicios-al-ciudadano\/catalogo\/estudiantes\/becas-ayudas\/para-estudiar\/deportivas\/necesidad-especifica-apoyo-educativo.html Precio reducido comedor curso 22-23 C\u00d3DIGO DE CENTRO: 28006214 Pr\u00e9stamo libros infantil &#8230;<\/p>\n","protected":false},"author":3,"featured_media":0,"parent":0,"menu_order":0,"comment_status":"closed","ping_status":"closed","template":"","meta":{"footnotes":""},"folder":[],"class_list":["post-1940","page","type-page","status-publish","hentry"],"rttpg_featured_image_url":null,"rttpg_author":{"display_name":"cp.losrosales.madrid","author_link":"https:\/\/site.educa.madrid.org\/cp.losrosales.madrid\/index.php\/author\/cuenta_cp-losrosales-madrid\/"},"rttpg_comment":0,"rttpg_category":false,"rttpg_excerpt":"Becas comedor 2023\/2024 (Antiguo precio reducido) Becas y ayudas para alumnos con necesidad espec\u00edfica de apoyo educativo https:\/\/www.educacionyfp.gob.es\/servicios-al-ciudadano\/catalogo\/estudiantes\/becas-ayudas\/para-estudiar\/deportivas\/necesidad-especifica-apoyo-educativo.html Precio reducido comedor curso 22-23 C\u00d3DIGO DE CENTRO: 28006214 Pr\u00e9stamo libros infantil ...","post_mailing_queue_ids":[],"_links":{"self":[{"href":"https:\/\/site.educa.madrid.org\/cp.losrosales.madrid\/index.php\/wp-json\/wp\/v2\/pages\/1940","targetHints":{"allow":["GET"]}}],"collection":[{"href":"https:\/\/site.educa.madrid.org\/cp.losrosales.madrid\/index.php\/wp-json\/wp\/v2\/pages"}],"about":[{"href":"https:\/\/site.educa.madrid.org\/cp.losrosales.madrid\/index.php\/wp-json\/wp\/v2\/types\/page"}],"author":[{"embeddable":true,"href":"https:\/\/site.educa.madrid.org\/cp.losrosales.madrid\/index.php\/wp-json\/wp\/v2\/users\/3"}],"replies":[{"embeddable":true,"href":"https:\/\/site.educa.madrid.org\/cp.losrosales.madrid\/index.php\/wp-json\/wp\/v2\/comments?post=1940"}],"version-history":[{"count":24,"href":"https:\/\/site.educa.madrid.org\/cp.losrosales.madrid\/index.php\/wp-json\/wp\/v2\/pages\/1940\/revisions"}],"predecessor-version":[{"id":5209,"href":"https:\/\/site.educa.madrid.org\/cp.losrosales.madrid\/index.php\/wp-json\/wp\/v2\/pages\/1940\/revisions\/5209"}],"wp:attachment":[{"href":"https:\/\/site.educa.madrid.org\/cp.losrosales.madrid\/index.php\/wp-json\/wp\/v2\/media?parent=1940"}],"wp:term":[{"taxonomy":"folder","embeddable":true,"href":"https:\/\/site.educa.madrid.org\/cp.losrosales.madrid\/index.php\/wp-json\/wp\/v2\/folder?post=1940"}],"curies":[{"name":"wp","href":"https:\/\/api.w.org\/{rel}","templated":true}]}}