{"id":205,"date":"2019-09-29T11:39:32","date_gmt":"2019-09-29T11:39:32","guid":{"rendered":"https:\/\/site.educa.madrid.org\/cp.losrosales.madrid\/?page_id=205"},"modified":"2023-09-18T15:50:41","modified_gmt":"2023-09-18T13:50:41","slug":"a-m-p-a","status":"publish","type":"page","link":"https:\/\/site.educa.madrid.org\/cp.losrosales.madrid\/index.php\/a-m-p-a\/","title":{"rendered":"A.M.P.A"},"content":{"rendered":"<div class=\"wp-block-image\">\n<figure class=\"aligncenter is-resized\"><img loading=\"lazy\" decoding=\"async\" src=\"https:\/\/site.educa.madrid.org\/cp.losrosales.madrid\/\/wp-content\/uploads\/cp.losrosales.madrid\/2019\/11\/logo-ampa-los-rosales.jpg\" alt=\"\" class=\"wp-image-378\" width=\"574\" height=\"170\" srcset=\"https:\/\/site.educa.madrid.org\/cp.losrosales.madrid\/\/wp-content\/uploads\/cp.losrosales.madrid\/2019\/11\/logo-ampa-los-rosales.jpg 513w, https:\/\/site.educa.madrid.org\/cp.losrosales.madrid\/\/wp-content\/uploads\/cp.losrosales.madrid\/2019\/11\/logo-ampa-los-rosales-300x89.jpg 300w\" sizes=\"auto, (max-width: 574px) 100vw, 574px\" \/><figcaption class=\"wp-element-caption\"><br><\/figcaption><\/figure>\n<\/div>\n\n\n<blockquote class=\"wp-block-quote is-layout-flow wp-block-quote-is-layout-flow\">\n<h2 class=\"wp-block-heading\">CONOCE NUESTRA WEB, ACTIVIDADES EXTRAESCOLARES Y HAZTE SOCIO<\/h2>\n\n\n\n<p><\/p>\n\n\n\n<p><a href=\"https:\/\/ampalosrosalesvillaverde.com\/\">https:\/\/ampalosrosalesvillaverde.com\/<\/a><\/p>\n<\/blockquote>\n\n\n\n<h2 class=\"wp-block-heading\">QUI\u00c9NES SOMOS<\/h2>\n\n\n\n<p>El AMPA lo forman todas las familias asociadas y est\u00e1 representada por:<\/p>\n\n\n\n<ul class=\"wp-block-list\">\n<li>Presidenta: Virginia Ortega Fraile<\/li>\n\n\n\n<li>Secretaria: M\u00f3nica Lavandeira Pena<\/li>\n\n\n\n<li>Tesorera: Mayka Lozano Martin<\/li>\n\n\n\n<li>Vocales: \u00c1ngel Luis Rubio Fern\u00e1ndez y Sara Mohr Arias<\/li>\n<\/ul>\n\n\n\n<h3 class=\"wp-block-heading\">C\u00d3MO CONTACTAR CON NOSOTROS<\/h3>\n\n\n\n<p>C\u00d3MO CONTACTAR CON NOSOTROS<\/p>\n\n\n\n<ul class=\"wp-block-list\">\n<li>Por email:&nbsp;<a href=\"mailto:apalosrosalesvillaverde@gmail.com\">apalosrosalesvillaverde@gmail.com<\/a><\/li>\n\n\n\n<li>Por tel\u00e9fono y whatsapp: 625 075 473&nbsp;<\/li>\n\n\n\n<li>La comunicaci\u00f3n AMPA-familias se realizar\u00e1 a trav\u00e9s del correo electr\u00f3nico y publicaciones en la nueva web del\u00a0AMPA\u00a0<a rel=\"noreferrer noopener\" href=\"https:\/\/urldefense.com\/v3\/__https:\/\/ampalosrosalesvillaverde.com\/__;!!D9dNQwwGXtA!Ue42NLVFI7fs0rB0H9QBmo8deHr3syyywJ1TYxvRyETEWF3M37rzVy_HeJJgInYJBFawlpgtoUSXwgpH_wAxvPJwUFVLVDFNYOtnExOz$\" target=\"_blank\">https:\/\/ampalosrosalesvillaverde.com\/<\/a><\/li>\n<\/ul>\n\n\n\n<h3 class=\"wp-block-heading\">ACTIVIDADES REALIZADAS<\/h3>\n\n\n\n<ul class=\"wp-block-list\">\n<li>Los d\u00edas lectivos laborables y los periodos vacacionales os informamos de excursiones, actividades o campamentos urbanos para conciliar la vida familiar y laboral.<\/li>\n\n\n\n<li>Colaboramos con el centro en la realizaci\u00f3n de actividades complementarias tales como Navidad, Jornadas Culturales o San Isidro.<\/li>\n\n\n\n<li>Realizamos fiesta para todos los alumnos en Fin de Curso.<\/li>\n\n\n\n<li>Damos un servicio de biblioteca para adultos y alumnos de 5\u00baP y 6\u00baP en la sala del AMPA.<\/li>\n\n\n\n<li>Subvencionamos a los asociados parte del viaje de fin de curso de 6\u00baP y colaboramos en el mercadillo para la recaudaci\u00f3n de fondos.<\/li>\n\n\n\n<li>En AMPA participa y defiende la educaci\u00f3n p\u00fablica, participando en la FAPA, plataformas educativas y grupos de asociaciones por la construcci\u00f3n de un instituto en el barrio.<\/li>\n\n\n\n<li>Realizamos reuniones mensuales con el equipo directivo para conocer de primera mano la situaci\u00f3n del centro.<\/li>\n\n\n\n<li>Representamos a los socios en el Consejo Escolar.<\/li>\n<\/ul>\n","protected":false},"excerpt":{"rendered":"<p>CONOCE NUESTRA WEB, ACTIVIDADES EXTRAESCOLARES Y HAZTE SOCIO https:\/\/ampalosrosalesvillaverde.com\/ QUI\u00c9NES SOMOS El AMPA lo forman todas las familias asociadas y est\u00e1 representada por: C\u00d3MO CONTACTAR CON NOSOTROS C\u00d3MO CONTACTAR CON &#8230;<\/p>\n","protected":false},"author":3,"featured_media":0,"parent":0,"menu_order":0,"comment_status":"closed","ping_status":"closed","template":"","meta":{"footnotes":""},"folder":[],"class_list":["post-205","page","type-page","status-publish","hentry"],"rttpg_featured_image_url":null,"rttpg_author":{"display_name":"cp.losrosales.madrid","author_link":"https:\/\/site.educa.madrid.org\/cp.losrosales.madrid\/index.php\/author\/cuenta_cp-losrosales-madrid\/"},"rttpg_comment":0,"rttpg_category":false,"rttpg_excerpt":"CONOCE NUESTRA WEB, ACTIVIDADES EXTRAESCOLARES Y HAZTE SOCIO https:\/\/ampalosrosalesvillaverde.com\/ QUI\u00c9NES SOMOS El AMPA lo forman todas las familias asociadas y est\u00e1 representada por: C\u00d3MO CONTACTAR CON NOSOTROS C\u00d3MO CONTACTAR CON ...","post_mailing_queue_ids":[],"_links":{"self":[{"href":"https:\/\/site.educa.madrid.org\/cp.losrosales.madrid\/index.php\/wp-json\/wp\/v2\/pages\/205","targetHints":{"allow":["GET"]}}],"collection":[{"href":"https:\/\/site.educa.madrid.org\/cp.losrosales.madrid\/index.php\/wp-json\/wp\/v2\/pages"}],"about":[{"href":"https:\/\/site.educa.madrid.org\/cp.losrosales.madrid\/index.php\/wp-json\/wp\/v2\/types\/page"}],"author":[{"embeddable":true,"href":"https:\/\/site.educa.madrid.org\/cp.losrosales.madrid\/index.php\/wp-json\/wp\/v2\/users\/3"}],"replies":[{"embeddable":true,"href":"https:\/\/site.educa.madrid.org\/cp.losrosales.madrid\/index.php\/wp-json\/wp\/v2\/comments?post=205"}],"version-history":[{"count":40,"href":"https:\/\/site.educa.madrid.org\/cp.losrosales.madrid\/index.php\/wp-json\/wp\/v2\/pages\/205\/revisions"}],"predecessor-version":[{"id":5229,"href":"https:\/\/site.educa.madrid.org\/cp.losrosales.madrid\/index.php\/wp-json\/wp\/v2\/pages\/205\/revisions\/5229"}],"wp:attachment":[{"href":"https:\/\/site.educa.madrid.org\/cp.losrosales.madrid\/index.php\/wp-json\/wp\/v2\/media?parent=205"}],"wp:term":[{"taxonomy":"folder","embeddable":true,"href":"https:\/\/site.educa.madrid.org\/cp.losrosales.madrid\/index.php\/wp-json\/wp\/v2\/folder?post=205"}],"curies":[{"name":"wp","href":"https:\/\/api.w.org\/{rel}","templated":true}]}}