{"id":449,"date":"2019-11-21T19:09:30","date_gmt":"2019-11-21T19:09:30","guid":{"rendered":"https:\/\/site.educa.madrid.org\/cp.losrosales.madrid\/?page_id=449"},"modified":"2024-01-10T20:17:55","modified_gmt":"2024-01-10T19:17:55","slug":"enfermeria","status":"publish","type":"page","link":"https:\/\/site.educa.madrid.org\/cp.losrosales.madrid\/index.php\/enfermeria\/","title":{"rendered":"ENFERMER\u00cdA"},"content":{"rendered":"\n<p>En la planta baja del edificio de primaria se encuentra un espacio habilitado para asistir en los primeros auxilios a nuestros alumnos con  el material sanitario necesario.<\/p>\n\n\n<div class=\"wp-block-image\">\n<figure class=\"aligncenter\"><img decoding=\"async\" src=\"https:\/\/site.educa.madrid.org\/cp.losrosales.madrid\/\/wp-content\/uploads\/cp.losrosales.madrid\/2019\/11\/542fbffd945855db2a514fa17487cd75-1.jpg\" alt=\"La imagen tiene un atributo ALT vac\u00edo; su nombre de archivo es 542fbffd945855db2a514fa17487cd75-1.jpg\"\/><\/figure>\n<\/div>\n\n\n<p>&nbsp;<strong>NO<\/strong>&nbsp;se administrar\u00e1n medicamentos a los alumnos, a excepci\u00f3n de los tratamientos cr\u00f3nicos (por ejemplo: diabetes y uso de aerosoles) para los cuales ser\u00e1 necesario el informe m\u00e9dico en el que conste la patolog\u00eda y la medicaci\u00f3n correspondiente, as\u00ed como autorizaci\u00f3n escrita de padres o tutores legales. Este informe debe actualizarse cada curso y siempre que haya variaci\u00f3n en el tratamiento.<\/p>\n\n\n\n<h4 class=\"wp-block-heading\">EDUCACI\u00d3N PARA UN CONSUMO SALUDABLE:MODELO NUTRISCORE<\/h4>\n\n\n<div class=\"wp-block-image\">\n<figure class=\"aligncenter size-large\"><img loading=\"lazy\" decoding=\"async\" width=\"1024\" height=\"640\" src=\"https:\/\/site.educa.madrid.org\/cp.losrosales.madrid\/\/wp-content\/uploads\/cp.losrosales.madrid\/2022\/01\/NUTRISCORE-1-1024x640.png\" alt=\"\" class=\"wp-image-3442\" srcset=\"https:\/\/site.educa.madrid.org\/cp.losrosales.madrid\/\/wp-content\/uploads\/cp.losrosales.madrid\/2022\/01\/NUTRISCORE-1-1024x640.png 1024w, https:\/\/site.educa.madrid.org\/cp.losrosales.madrid\/\/wp-content\/uploads\/cp.losrosales.madrid\/2022\/01\/NUTRISCORE-1-300x188.png 300w, https:\/\/site.educa.madrid.org\/cp.losrosales.madrid\/\/wp-content\/uploads\/cp.losrosales.madrid\/2022\/01\/NUTRISCORE-1-768x480.png 768w, https:\/\/site.educa.madrid.org\/cp.losrosales.madrid\/\/wp-content\/uploads\/cp.losrosales.madrid\/2022\/01\/NUTRISCORE-1-1200x750.png 1200w, https:\/\/site.educa.madrid.org\/cp.losrosales.madrid\/\/wp-content\/uploads\/cp.losrosales.madrid\/2022\/01\/NUTRISCORE-1.png 1440w\" sizes=\"auto, (max-width: 1024px) 100vw, 1024px\" \/><\/figure>\n<\/div>\n\n<div class=\"wp-block-image\">\n<figure class=\"aligncenter size-large is-resized\"><img loading=\"lazy\" decoding=\"async\" src=\"https:\/\/site.educa.madrid.org\/cp.losrosales.madrid\/\/wp-content\/uploads\/cp.losrosales.madrid\/2022\/01\/NUTRISCORE-2.png\" alt=\"\" class=\"wp-image-3443\" width=\"628\" height=\"439\" srcset=\"https:\/\/site.educa.madrid.org\/cp.losrosales.madrid\/\/wp-content\/uploads\/cp.losrosales.madrid\/2022\/01\/NUTRISCORE-2.png 572w, https:\/\/site.educa.madrid.org\/cp.losrosales.madrid\/\/wp-content\/uploads\/cp.losrosales.madrid\/2022\/01\/NUTRISCORE-2-300x210.png 300w\" sizes=\"auto, (max-width: 628px) 100vw, 628px\" \/><\/figure>\n<\/div>\n\n\n<p><a href=\"https:\/\/www.aesan.gob.es\/AECOSAN\/web\/para_el_consumidor\/seccion\/informacion_Nutri_Score.htm\">https:\/\/www.aesan.gob.es\/AECOSAN\/web\/para_el_consumidor\/seccion\/informacion_Nutri_Score.htm<\/a><\/p>\n\n\n\n<p><strong><em><span class=\"has-inline-color has-bright-blue-color\">Mindfulness <\/span><\/em><\/strong><\/p>\n\n\n\n<figure class=\"wp-block-image size-large\"><img loading=\"lazy\" decoding=\"async\" width=\"304\" height=\"166\" src=\"https:\/\/site.educa.madrid.org\/cp.losrosales.madrid\/\/wp-content\/uploads\/cp.losrosales.madrid\/2021\/05\/mindfulness.jpg\" alt=\"\" class=\"wp-image-2657\" srcset=\"https:\/\/site.educa.madrid.org\/cp.losrosales.madrid\/\/wp-content\/uploads\/cp.losrosales.madrid\/2021\/05\/mindfulness.jpg 304w, https:\/\/site.educa.madrid.org\/cp.losrosales.madrid\/\/wp-content\/uploads\/cp.losrosales.madrid\/2021\/05\/mindfulness-300x164.jpg 300w\" sizes=\"auto, (max-width: 304px) 100vw, 304px\" \/><\/figure>\n\n\n\n<div class=\"wp-block-file\"><a id=\"wp-block-file--media-d2d89090-ab89-43fa-846d-4f9c91be9712\" href=\"https:\/\/site.educa.madrid.org\/cp.losrosales.madrid\/\/wp-content\/uploads\/cp.losrosales.madrid\/2021\/05\/MINDFULNESS-LINKS-1.pdf\">MINDFULNESS-LINKS-1<\/a><a href=\"https:\/\/site.educa.madrid.org\/cp.losrosales.madrid\/\/wp-content\/uploads\/cp.losrosales.madrid\/2021\/05\/MINDFULNESS-LINKS-1.pdf\" class=\"wp-block-file__button wp-element-button\" download aria-describedby=\"wp-block-file--media-d2d89090-ab89-43fa-846d-4f9c91be9712\">Descarga<\/a><\/div>\n\n\n\n<p><\/p>\n\n\n\n<p><\/p>\n\n\n\n<p><\/p>\n\n\n\n<h3 class=\"wp-block-heading\">ENLACES INTERESANTES A TEMAS DE SALUD DE NUESTROS HIJOS:<\/h3>\n\n\n\n<figure class=\"wp-block-gallery has-nested-images columns-default is-cropped wp-block-gallery-1 is-layout-flex wp-block-gallery-is-layout-flex\">\n<figure class=\"wp-block-image size-large\"><img loading=\"lazy\" decoding=\"async\" width=\"608\" height=\"863\" data-id=\"458\" src=\"https:\/\/site.educa.madrid.org\/cp.losrosales.madrid\/\/wp-content\/uploads\/cp.losrosales.madrid\/2019\/11\/primerosauxilios.jpg\" alt=\"\" class=\"wp-image-458\" srcset=\"https:\/\/site.educa.madrid.org\/cp.losrosales.madrid\/\/wp-content\/uploads\/cp.losrosales.madrid\/2019\/11\/primerosauxilios.jpg 608w, https:\/\/site.educa.madrid.org\/cp.losrosales.madrid\/\/wp-content\/uploads\/cp.losrosales.madrid\/2019\/11\/primerosauxilios-211x300.jpg 211w\" sizes=\"auto, (max-width: 608px) 100vw, 608px\" \/><figcaption class=\"wp-element-caption\"><a aria-label=\"PRIMEROS AUXILIOS (abre en una nueva pesta\u00f1a)\" href=\"http:\/\/www.092cr.net\/doc\/guia%20primeros%20auxilios%20para%20padres%20y%20madres.pdf\" target=\"_blank\" rel=\"noreferrer noopener\"><strong><code>PRIMEROS AUXILIOS<\/code><\/strong><\/a><\/figcaption><\/figure>\n\n\n\n<figure class=\"wp-block-image size-large\"><img loading=\"lazy\" decoding=\"async\" width=\"550\" height=\"550\" data-id=\"459\" src=\"https:\/\/site.educa.madrid.org\/cp.losrosales.madrid\/\/wp-content\/uploads\/cp.losrosales.madrid\/2019\/11\/oral-hygiene-for-children.jpg\" alt=\"\" class=\"wp-image-459\" srcset=\"https:\/\/site.educa.madrid.org\/cp.losrosales.madrid\/\/wp-content\/uploads\/cp.losrosales.madrid\/2019\/11\/oral-hygiene-for-children.jpg 550w, https:\/\/site.educa.madrid.org\/cp.losrosales.madrid\/\/wp-content\/uploads\/cp.losrosales.madrid\/2019\/11\/oral-hygiene-for-children-150x150.jpg 150w, https:\/\/site.educa.madrid.org\/cp.losrosales.madrid\/\/wp-content\/uploads\/cp.losrosales.madrid\/2019\/11\/oral-hygiene-for-children-300x300.jpg 300w\" sizes=\"auto, (max-width: 550px) 100vw, 550px\" \/><figcaption class=\"wp-element-caption\"><a aria-label=\"SALUD BUCODENTAL (abre en una nueva pesta\u00f1a)\" href=\"https:\/\/drive.google.com\/file\/d\/1rxiUwiMP8IfJKu9YAsUldihOp_Tqgyfe\/view?usp=sharing\" target=\"_blank\" rel=\"noreferrer noopener\"><strong><code>SALUD BUCODENTA<\/code><\/strong><code>L<\/code><\/a><\/figcaption><\/figure>\n\n\n\n<figure class=\"wp-block-image size-large\"><img loading=\"lazy\" decoding=\"async\" width=\"634\" height=\"438\" data-id=\"460\" src=\"https:\/\/site.educa.madrid.org\/cp.losrosales.madrid\/\/wp-content\/uploads\/cp.losrosales.madrid\/2019\/11\/13006-piojos.jpg\" alt=\"\" class=\"wp-image-460\" srcset=\"https:\/\/site.educa.madrid.org\/cp.losrosales.madrid\/\/wp-content\/uploads\/cp.losrosales.madrid\/2019\/11\/13006-piojos.jpg 634w, https:\/\/site.educa.madrid.org\/cp.losrosales.madrid\/\/wp-content\/uploads\/cp.losrosales.madrid\/2019\/11\/13006-piojos-300x207.jpg 300w\" sizes=\"auto, (max-width: 634px) 100vw, 634px\" \/><figcaption class=\"wp-element-caption\"><a aria-label=\"PIOJOS (abre en una nueva pesta\u00f1a)\" href=\"https:\/\/drive.google.com\/file\/d\/1xFFrHy2SzDTnPiKE43dk90bt0QGYgVmm\/view?usp=sharing\" target=\"_blank\" rel=\"noreferrer noopener\"><strong><code>PIOJOS<\/code><\/strong><\/a><\/figcaption><\/figure>\n\n\n\n<figure class=\"wp-block-image size-large\"><img loading=\"lazy\" decoding=\"async\" width=\"800\" height=\"481\" data-id=\"461\" src=\"https:\/\/site.educa.madrid.org\/cp.losrosales.madrid\/\/wp-content\/uploads\/cp.losrosales.madrid\/2019\/11\/diabetes-infantil.jpg\" alt=\"\" class=\"wp-image-461\" srcset=\"https:\/\/site.educa.madrid.org\/cp.losrosales.madrid\/\/wp-content\/uploads\/cp.losrosales.madrid\/2019\/11\/diabetes-infantil.jpg 800w, https:\/\/site.educa.madrid.org\/cp.losrosales.madrid\/\/wp-content\/uploads\/cp.losrosales.madrid\/2019\/11\/diabetes-infantil-300x180.jpg 300w, https:\/\/site.educa.madrid.org\/cp.losrosales.madrid\/\/wp-content\/uploads\/cp.losrosales.madrid\/2019\/11\/diabetes-infantil-768x462.jpg 768w\" sizes=\"auto, (max-width: 800px) 100vw, 800px\" \/><figcaption class=\"wp-element-caption\"><a aria-label=\"DIABETES INFANTIL (abre en una nueva pesta\u00f1a)\" href=\"https:\/\/drive.google.com\/file\/d\/1iD1g4bn635UFYTHYzob_btcsSsLL7pg9\/view?usp=sharing\" target=\"_blank\" rel=\"noreferrer noopener\"><strong><code>DIABETES INFANTIL<\/code><\/strong><\/a><\/figcaption><\/figure>\n\n\n\n<figure class=\"wp-block-image size-large\"><img loading=\"lazy\" decoding=\"async\" width=\"980\" height=\"654\" data-id=\"462\" src=\"https:\/\/site.educa.madrid.org\/cp.losrosales.madrid\/\/wp-content\/uploads\/cp.losrosales.madrid\/2019\/11\/FAMILIA-Y-SALUD.jpg\" alt=\"\" class=\"wp-image-462\" srcset=\"https:\/\/site.educa.madrid.org\/cp.losrosales.madrid\/\/wp-content\/uploads\/cp.losrosales.madrid\/2019\/11\/FAMILIA-Y-SALUD.jpg 980w, https:\/\/site.educa.madrid.org\/cp.losrosales.madrid\/\/wp-content\/uploads\/cp.losrosales.madrid\/2019\/11\/FAMILIA-Y-SALUD-300x200.jpg 300w, https:\/\/site.educa.madrid.org\/cp.losrosales.madrid\/\/wp-content\/uploads\/cp.losrosales.madrid\/2019\/11\/FAMILIA-Y-SALUD-768x513.jpg 768w\" sizes=\"auto, (max-width: 980px) 100vw, 980px\" \/><figcaption class=\"wp-element-caption\"><a aria-label=\"FAMILIA Y SALUD (abre en una nueva pesta\u00f1a)\" href=\"https:\/\/www.familiaysalud.es\/\" target=\"_blank\" rel=\"noreferrer noopener\"><strong><code>FAMILIA Y SALUD<\/code><\/strong><\/a><\/figcaption><\/figure>\n<\/figure>\n","protected":false},"excerpt":{"rendered":"<p>En la planta baja del edificio de primaria se encuentra un espacio habilitado para asistir en los primeros auxilios a nuestros alumnos con el material sanitario necesario. &nbsp;NO&nbsp;se administrar\u00e1n medicamentos &#8230;<\/p>\n","protected":false},"author":3,"featured_media":0,"parent":0,"menu_order":0,"comment_status":"closed","ping_status":"closed","template":"","meta":{"footnotes":""},"folder":[],"class_list":["post-449","page","type-page","status-publish","hentry"],"rttpg_featured_image_url":null,"rttpg_author":{"display_name":"cp.losrosales.madrid","author_link":"https:\/\/site.educa.madrid.org\/cp.losrosales.madrid\/index.php\/author\/cuenta_cp-losrosales-madrid\/"},"rttpg_comment":0,"rttpg_category":false,"rttpg_excerpt":"En la planta baja del edificio de primaria se encuentra un espacio habilitado para asistir en los primeros auxilios a nuestros alumnos con el material sanitario necesario. &nbsp;NO&nbsp;se administrar\u00e1n medicamentos ...","post_mailing_queue_ids":[],"_links":{"self":[{"href":"https:\/\/site.educa.madrid.org\/cp.losrosales.madrid\/index.php\/wp-json\/wp\/v2\/pages\/449","targetHints":{"allow":["GET"]}}],"collection":[{"href":"https:\/\/site.educa.madrid.org\/cp.losrosales.madrid\/index.php\/wp-json\/wp\/v2\/pages"}],"about":[{"href":"https:\/\/site.educa.madrid.org\/cp.losrosales.madrid\/index.php\/wp-json\/wp\/v2\/types\/page"}],"author":[{"embeddable":true,"href":"https:\/\/site.educa.madrid.org\/cp.losrosales.madrid\/index.php\/wp-json\/wp\/v2\/users\/3"}],"replies":[{"embeddable":true,"href":"https:\/\/site.educa.madrid.org\/cp.losrosales.madrid\/index.php\/wp-json\/wp\/v2\/comments?post=449"}],"version-history":[{"count":19,"href":"https:\/\/site.educa.madrid.org\/cp.losrosales.madrid\/index.php\/wp-json\/wp\/v2\/pages\/449\/revisions"}],"predecessor-version":[{"id":5788,"href":"https:\/\/site.educa.madrid.org\/cp.losrosales.madrid\/index.php\/wp-json\/wp\/v2\/pages\/449\/revisions\/5788"}],"wp:attachment":[{"href":"https:\/\/site.educa.madrid.org\/cp.losrosales.madrid\/index.php\/wp-json\/wp\/v2\/media?parent=449"}],"wp:term":[{"taxonomy":"folder","embeddable":true,"href":"https:\/\/site.educa.madrid.org\/cp.losrosales.madrid\/index.php\/wp-json\/wp\/v2\/folder?post=449"}],"curies":[{"name":"wp","href":"https:\/\/api.w.org\/{rel}","templated":true}]}}