{"id":6205,"date":"2024-03-27T18:26:04","date_gmt":"2024-03-27T17:26:04","guid":{"rendered":"https:\/\/site.educa.madrid.org\/cp.losrosales.madrid\/?page_id=6205"},"modified":"2026-02-10T09:35:15","modified_gmt":"2026-02-10T08:35:15","slug":"alta-baja-precios","status":"publish","type":"page","link":"https:\/\/site.educa.madrid.org\/cp.losrosales.madrid\/index.php\/alta-baja-precios\/","title":{"rendered":"NORMAS\/ALTA\/BAJA \/ PRECIOS\/VALES"},"content":{"rendered":"\n<p class=\"has-white-color has-vivid-cyan-blue-background-color has-text-color has-background has-medium-font-size\">NORMAS DE FUNCIONAMIENTO<\/p>\n\n\n\n<div data-wp-interactive=\"core\/file\" class=\"wp-block-file\"><object data-wp-bind--hidden=\"!state.hasPdfPreview\" hidden class=\"wp-block-file__embed\" data=\"https:\/\/site.educa.madrid.org\/cp.losrosales.madrid\/\/wp-content\/uploads\/cp.losrosales.madrid\/2025\/02\/Normas-funcionamiento-Comedor-Escolar.pdf\" type=\"application\/pdf\" style=\"width:100%;height:600px\" aria-label=\"Incrustado de Normas-funcionamiento-Comedor-Escolar.\"><\/object><a id=\"wp-block-file--media-35d72e2b-8446-49cc-84df-06b3be52fae0\" href=\"https:\/\/site.educa.madrid.org\/cp.losrosales.madrid\/\/wp-content\/uploads\/cp.losrosales.madrid\/2025\/02\/Normas-funcionamiento-Comedor-Escolar.pdf\">Normas-funcionamiento-Comedor-Escolar<\/a><a href=\"https:\/\/site.educa.madrid.org\/cp.losrosales.madrid\/\/wp-content\/uploads\/cp.losrosales.madrid\/2025\/02\/Normas-funcionamiento-Comedor-Escolar.pdf\" class=\"wp-block-file__button wp-element-button\" download aria-describedby=\"wp-block-file--media-35d72e2b-8446-49cc-84df-06b3be52fae0\">Descarga<\/a><\/div>\n\n\n\n<p class=\"has-white-color has-vivid-cyan-blue-background-color has-text-color has-background\">INSCRIPCI\u00d3N<\/p>\n\n\n\n<div data-wp-interactive=\"core\/file\" class=\"wp-block-file\"><object data-wp-bind--hidden=\"!state.hasPdfPreview\" hidden class=\"wp-block-file__embed\" data=\"https:\/\/site.educa.madrid.org\/cp.losrosales.madrid\/\/wp-content\/uploads\/cp.losrosales.madrid\/2025\/05\/Inscripcion-Comedor-Escolar-2025-26-2.pdf\" type=\"application\/pdf\" style=\"width:100%;height:600px\" aria-label=\"Incrustado de Inscripci\u00f3n Comedor Escolar 2025-26 (2).\"><\/object><a id=\"wp-block-file--media-df010b47-8356-47c2-bb83-c30d28c4fff8\" href=\"https:\/\/site.educa.madrid.org\/cp.losrosales.madrid\/\/wp-content\/uploads\/cp.losrosales.madrid\/2025\/05\/Inscripcion-Comedor-Escolar-2025-26-2.pdf\">Inscripci\u00f3n Comedor Escolar 2025-26 (2)<\/a><a href=\"https:\/\/site.educa.madrid.org\/cp.losrosales.madrid\/\/wp-content\/uploads\/cp.losrosales.madrid\/2025\/05\/Inscripcion-Comedor-Escolar-2025-26-2.pdf\" class=\"wp-block-file__button wp-element-button\" download aria-describedby=\"wp-block-file--media-df010b47-8356-47c2-bb83-c30d28c4fff8\">Descarga<\/a><\/div>\n\n\n\n<p class=\"has-white-color has-vivid-cyan-blue-background-color has-text-color has-background has-medium-font-size\">SOLICITUD DE BAJA<\/p>\n\n\n\n<div data-wp-interactive=\"core\/file\" class=\"wp-block-file\"><object data-wp-bind--hidden=\"!state.hasPdfPreview\" hidden class=\"wp-block-file__embed\" data=\"https:\/\/site.educa.madrid.org\/cp.losrosales.madrid\/\/wp-content\/uploads\/cp.losrosales.madrid\/2024\/03\/BAJA-COMEDOR-1-1.pdf\" type=\"application\/pdf\" style=\"width:100%;height:600px\" aria-label=\"Incrustado de BAJA-COMEDOR-1-1.\"><\/object><a id=\"wp-block-file--media-bc076c67-0ed3-4a2d-b575-36baea61060a\" href=\"https:\/\/site.educa.madrid.org\/cp.losrosales.madrid\/\/wp-content\/uploads\/cp.losrosales.madrid\/2024\/03\/BAJA-COMEDOR-1-1.pdf\">BAJA-COMEDOR-1-1<\/a><a href=\"https:\/\/site.educa.madrid.org\/cp.losrosales.madrid\/\/wp-content\/uploads\/cp.losrosales.madrid\/2024\/03\/BAJA-COMEDOR-1-1.pdf\" class=\"wp-block-file__button wp-element-button\" download aria-describedby=\"wp-block-file--media-bc076c67-0ed3-4a2d-b575-36baea61060a\">Descarga<\/a><\/div>\n\n\n\n<p class=\"has-white-color has-vivid-cyan-blue-background-color has-text-color has-background\">TARIFAS<\/p>\n\n\n\n<div data-wp-interactive=\"core\/file\" class=\"wp-block-file\"><object data-wp-bind--hidden=\"!state.hasPdfPreview\" hidden class=\"wp-block-file__embed\" data=\"https:\/\/site.educa.madrid.org\/cp.losrosales.madrid\/\/wp-content\/uploads\/cp.losrosales.madrid\/2026\/02\/PRECIOS-CURSO-25-26.pdf\" type=\"application\/pdf\" style=\"width:100%;height:600px\" aria-label=\"Incrustado de PRECIOS CURSO 25-26.\"><\/object><a id=\"wp-block-file--media-2f4771cc-6f96-4a01-9758-297999c0e370\" href=\"https:\/\/site.educa.madrid.org\/cp.losrosales.madrid\/\/wp-content\/uploads\/cp.losrosales.madrid\/2026\/02\/PRECIOS-CURSO-25-26.pdf\">PRECIOS CURSO 25-26<\/a><a href=\"https:\/\/site.educa.madrid.org\/cp.losrosales.madrid\/\/wp-content\/uploads\/cp.losrosales.madrid\/2026\/02\/PRECIOS-CURSO-25-26.pdf\" class=\"wp-block-file__button wp-element-button\" download aria-describedby=\"wp-block-file--media-2f4771cc-6f96-4a01-9758-297999c0e370\">Descarga<\/a><\/div>\n\n\n\n<p class=\"has-white-color has-vivid-cyan-blue-background-color has-text-color has-background\">VALES<\/p>\n\n\n\n<div data-wp-interactive=\"core\/file\" class=\"wp-block-file\"><object data-wp-bind--hidden=\"!state.hasPdfPreview\" hidden class=\"wp-block-file__embed\" data=\"https:\/\/site.educa.madrid.org\/cp.losrosales.madrid\/\/wp-content\/uploads\/cp.losrosales.madrid\/2025\/05\/INFORMACION-VALES-DE-COMEDOR-2025_2026-1.pdf\" type=\"application\/pdf\" style=\"width:100%;height:600px\" aria-label=\"Incrustado de INFORMACION VALES DE COMEDOR 2025_2026 (1).\"><\/object><a id=\"wp-block-file--media-c5fe530f-b9d1-40e0-bf03-fdab1c79c6d4\" href=\"https:\/\/site.educa.madrid.org\/cp.losrosales.madrid\/\/wp-content\/uploads\/cp.losrosales.madrid\/2025\/05\/INFORMACION-VALES-DE-COMEDOR-2025_2026-1.pdf\">INFORMACION VALES DE COMEDOR 2025_2026 (1)<\/a><a href=\"https:\/\/site.educa.madrid.org\/cp.losrosales.madrid\/\/wp-content\/uploads\/cp.losrosales.madrid\/2025\/05\/INFORMACION-VALES-DE-COMEDOR-2025_2026-1.pdf\" class=\"wp-block-file__button wp-element-button\" download aria-describedby=\"wp-block-file--media-c5fe530f-b9d1-40e0-bf03-fdab1c79c6d4\">Descarga<\/a><\/div>\n\n\n\n<p class=\"has-luminous-vivid-amber-background-color has-background has-large-font-size\"><strong><em>Por motivos de organizaci\u00f3n de comedor, el \u00faltimo d\u00eda lectivo del primer <\/em><\/strong><em><strong>, segundo y tercer trimestre escolar NO se emitir\u00e1n vales de comedor.<\/strong><\/em><\/p>\n","protected":false},"excerpt":{"rendered":"<p>NORMAS DE FUNCIONAMIENTO INSCRIPCI\u00d3N SOLICITUD DE BAJA TARIFAS VALES Por motivos de organizaci\u00f3n de comedor, el \u00faltimo d\u00eda lectivo del primer , segundo y tercer trimestre escolar NO se emitir\u00e1n &#8230;<\/p>\n","protected":false},"author":3,"featured_media":0,"parent":0,"menu_order":0,"comment_status":"closed","ping_status":"closed","template":"","meta":{"footnotes":""},"folder":[],"class_list":["post-6205","page","type-page","status-publish","hentry"],"rttpg_featured_image_url":null,"rttpg_author":{"display_name":"cp.losrosales.madrid","author_link":"https:\/\/site.educa.madrid.org\/cp.losrosales.madrid\/index.php\/author\/cuenta_cp-losrosales-madrid\/"},"rttpg_comment":0,"rttpg_category":false,"rttpg_excerpt":"NORMAS DE FUNCIONAMIENTO INSCRIPCI\u00d3N SOLICITUD DE BAJA TARIFAS VALES Por motivos de organizaci\u00f3n de comedor, el \u00faltimo d\u00eda lectivo del primer , segundo y tercer trimestre escolar NO se emitir\u00e1n ...","post_mailing_queue_ids":[],"_links":{"self":[{"href":"https:\/\/site.educa.madrid.org\/cp.losrosales.madrid\/index.php\/wp-json\/wp\/v2\/pages\/6205","targetHints":{"allow":["GET"]}}],"collection":[{"href":"https:\/\/site.educa.madrid.org\/cp.losrosales.madrid\/index.php\/wp-json\/wp\/v2\/pages"}],"about":[{"href":"https:\/\/site.educa.madrid.org\/cp.losrosales.madrid\/index.php\/wp-json\/wp\/v2\/types\/page"}],"author":[{"embeddable":true,"href":"https:\/\/site.educa.madrid.org\/cp.losrosales.madrid\/index.php\/wp-json\/wp\/v2\/users\/3"}],"replies":[{"embeddable":true,"href":"https:\/\/site.educa.madrid.org\/cp.losrosales.madrid\/index.php\/wp-json\/wp\/v2\/comments?post=6205"}],"version-history":[{"count":11,"href":"https:\/\/site.educa.madrid.org\/cp.losrosales.madrid\/index.php\/wp-json\/wp\/v2\/pages\/6205\/revisions"}],"predecessor-version":[{"id":7379,"href":"https:\/\/site.educa.madrid.org\/cp.losrosales.madrid\/index.php\/wp-json\/wp\/v2\/pages\/6205\/revisions\/7379"}],"wp:attachment":[{"href":"https:\/\/site.educa.madrid.org\/cp.losrosales.madrid\/index.php\/wp-json\/wp\/v2\/media?parent=6205"}],"wp:term":[{"taxonomy":"folder","embeddable":true,"href":"https:\/\/site.educa.madrid.org\/cp.losrosales.madrid\/index.php\/wp-json\/wp\/v2\/folder?post=6205"}],"curies":[{"name":"wp","href":"https:\/\/api.w.org\/{rel}","templated":true}]}}