{"id":6776,"date":"2025-02-26T15:00:09","date_gmt":"2025-02-26T14:00:09","guid":{"rendered":"https:\/\/site.educa.madrid.org\/cp.losrosales.madrid\/?page_id=6776"},"modified":"2025-02-26T15:06:50","modified_gmt":"2025-02-26T14:06:50","slug":"buzon-digital-denuncias-drogas","status":"publish","type":"page","link":"https:\/\/site.educa.madrid.org\/cp.losrosales.madrid\/index.php\/buzon-digital-denuncias-drogas\/","title":{"rendered":"Buz\u00f3n Digital Denuncias Drogas"},"content":{"rendered":"\n<p><\/p>\n\n\n\n<p>La Comunidad de Madrid ha desarrollado un conjunto de actuaciones para frenar y erradicar actitudes en relaci\u00f3n con el consumo de drogas entre las que se encuentra un\u00a0<strong>Buz\u00f3n de denuncias por correo electr\u00f3nico<\/strong>:\u00a0<a href=\"mailto:buzonfueradrogas@educa.madrid.org\">buzonfueradrogas@educa.madrid.org<\/a>\u00a0. El responsable de este buz\u00f3n de denuncias es la Unidad de Convivencia y contra el acoso escolar que proceder\u00e1 de manera inmediata y seg\u00fan corresponda.<\/p>\n\n\n\n<figure class=\"wp-block-image size-full\"><img loading=\"lazy\" decoding=\"async\" width=\"680\" height=\"857\" src=\"https:\/\/site.educa.madrid.org\/cp.losrosales.madrid\/\/wp-content\/uploads\/cp.losrosales.madrid\/2025\/02\/QR_Buzon-1.jpg\" alt=\"\" class=\"wp-image-6783\" srcset=\"https:\/\/site.educa.madrid.org\/cp.losrosales.madrid\/\/wp-content\/uploads\/cp.losrosales.madrid\/2025\/02\/QR_Buzon-1.jpg 680w, https:\/\/site.educa.madrid.org\/cp.losrosales.madrid\/\/wp-content\/uploads\/cp.losrosales.madrid\/2025\/02\/QR_Buzon-1-238x300.jpg 238w\" sizes=\"auto, (max-width: 680px) 100vw, 680px\" \/><\/figure>\n","protected":false},"excerpt":{"rendered":"<p>La Comunidad de Madrid ha desarrollado un conjunto de actuaciones para frenar y erradicar actitudes en relaci\u00f3n con el consumo de drogas entre las que se encuentra un\u00a0Buz\u00f3n de denuncias &#8230;<\/p>\n","protected":false},"author":3,"featured_media":0,"parent":0,"menu_order":0,"comment_status":"closed","ping_status":"closed","template":"","meta":{"footnotes":""},"folder":[],"class_list":["post-6776","page","type-page","status-publish","hentry"],"rttpg_featured_image_url":null,"rttpg_author":{"display_name":"cp.losrosales.madrid","author_link":"https:\/\/site.educa.madrid.org\/cp.losrosales.madrid\/index.php\/author\/cuenta_cp-losrosales-madrid\/"},"rttpg_comment":0,"rttpg_category":false,"rttpg_excerpt":"La Comunidad de Madrid ha desarrollado un conjunto de actuaciones para frenar y erradicar actitudes en relaci\u00f3n con el consumo de drogas entre las que se encuentra un\u00a0Buz\u00f3n de denuncias ...","post_mailing_queue_ids":[],"_links":{"self":[{"href":"https:\/\/site.educa.madrid.org\/cp.losrosales.madrid\/index.php\/wp-json\/wp\/v2\/pages\/6776","targetHints":{"allow":["GET"]}}],"collection":[{"href":"https:\/\/site.educa.madrid.org\/cp.losrosales.madrid\/index.php\/wp-json\/wp\/v2\/pages"}],"about":[{"href":"https:\/\/site.educa.madrid.org\/cp.losrosales.madrid\/index.php\/wp-json\/wp\/v2\/types\/page"}],"author":[{"embeddable":true,"href":"https:\/\/site.educa.madrid.org\/cp.losrosales.madrid\/index.php\/wp-json\/wp\/v2\/users\/3"}],"replies":[{"embeddable":true,"href":"https:\/\/site.educa.madrid.org\/cp.losrosales.madrid\/index.php\/wp-json\/wp\/v2\/comments?post=6776"}],"version-history":[{"count":3,"href":"https:\/\/site.educa.madrid.org\/cp.losrosales.madrid\/index.php\/wp-json\/wp\/v2\/pages\/6776\/revisions"}],"predecessor-version":[{"id":6785,"href":"https:\/\/site.educa.madrid.org\/cp.losrosales.madrid\/index.php\/wp-json\/wp\/v2\/pages\/6776\/revisions\/6785"}],"wp:attachment":[{"href":"https:\/\/site.educa.madrid.org\/cp.losrosales.madrid\/index.php\/wp-json\/wp\/v2\/media?parent=6776"}],"wp:term":[{"taxonomy":"folder","embeddable":true,"href":"https:\/\/site.educa.madrid.org\/cp.losrosales.madrid\/index.php\/wp-json\/wp\/v2\/folder?post=6776"}],"curies":[{"name":"wp","href":"https:\/\/api.w.org\/{rel}","templated":true}]}}