{"id":122,"date":"2022-05-12T17:22:36","date_gmt":"2022-05-12T15:22:36","guid":{"rendered":"https:\/\/site.educa.madrid.org\/cp.manuelvazquezmontalban.leganes\/?page_id=122"},"modified":"2024-04-04T11:40:10","modified_gmt":"2024-04-04T09:40:10","slug":"el-centro","status":"publish","type":"page","link":"https:\/\/site.educa.madrid.org\/cp.manuelvazquezmontalban.leganes\/index.php\/el-centro\/","title":{"rendered":"El centro"},"content":{"rendered":"\n<p class=\"has-drop-cap\">Bienvenidos a nuestro centro.  <strong>El Ceip&nbsp;MANUEL V\u00c1ZQUEZ MONTALB\u00c1N<\/strong> es un centro proyectado de l\u00ednea dos, con dos aulas para cada nivel, seis aulas para Educaci\u00f3n Infantil y doce aulas para Educaci\u00f3n Primaria. Debido a la demanda en la actualidad contamos con seis aulas de infantil y diecisiete de primaria.<\/p>\n\n\n\n<p>En este proyecto educativo en el que nos iniciamos y que comienza en la etapa de Infantil y finaliza en sexto de Primaria queremos ofrecer una l\u00ednea pedag\u00f3gica comprometida con las innovaciones tanto tecnol\u00f3gicas como metodol\u00f3gicas pero conservando la mejor parte de nuestra tradici\u00f3n educativa. Comprometidos con un proyecto de escuela de calidad, inclusivo e integrador que garantice la igualdad de oportunidades de nuestros alumnos desarrollando al m\u00e1ximo sus potenciales. Posicionando a la convivencia como motor principal para la adquisici\u00f3n de nuestros prop\u00f3sitos.<\/p>\n\n\n\n<p>Desde el curso 2020\/21 el CEIP Manuel V\u00e1zquez Montalb\u00e1n ofrece a sus alumnos un proyecto propio de ampliaci\u00f3n de Ingl\u00e9s, que permitir\u00e1 reforzar el aprendizaje de los discentes en un \u00e1rea muy demandada en la actualidad. Este proyecto nos permite ampliar el n\u00famero de horas semanales dedicadas al \u00e1rea de ingl\u00e9s sin tener que dar otras \u00e1reas en ese idioma.<\/p>\n\n\n\n<p>La atenci\u00f3n educativa de la Etapa de Infantil est\u00e1 en sinton\u00eda con el resto de las etapas de primaria. El equipo docente est\u00e1 formado por siete maestras especialistas en Educaci\u00f3n Infantil, seis de ellas tutoras y una maestra de apoyo, as\u00ed como diversos especialistas que imparten las \u00e1reas de religi\u00f3n, psicomotricidad, m\u00fasica e ingl\u00e9s. En la etapa de Primaria contamos con los tutores y maestros especialistas.<\/p>\n\n\n\n<p>Contamos con todos los servicios para facilitar la conciliaci\u00f3n familiar, primeros del cole (de 7:00 a 9:00), comedor escolar (de 12:30 a 14:30), actividades extraescolares (de 16:00 a 17:00), d\u00edas sin cole, etc. Todo ello organizado por la Asociaci\u00f3n de Familias de Alumnos, Ayuntamiento y empresa de comedor.<\/p>\n\n\n\n<p class=\"has-text-align-center has-black-color has-pale-cyan-blue-background-color has-text-color has-background has-medium-font-size\" style=\"font-style:normal;font-weight:900;line-height:0;text-transform:uppercase\"><strong>\u00bfD\u00f3nde estamos?<\/strong><\/p>\n\n\n\n<iframe src=\"https:\/\/www.google.com\/maps\/embed?pb=!1m18!1m12!1m3!1d3042.2471061157653!2d-3.785425784607203!3d40.314673079377094!2m3!1f0!2f0!3f0!3m2!1i1024!2i768!4f13.1!3m3!1m2!1s0xd418a3338f33391%3A0xc899e00d3ce14311!2sCEIP%20Manuel%20V%C3%A1zquez%20Montalb%C3%A1n!5e0!3m2!1ses!2ses!4v1652437441619!5m2!1ses!2ses\" style=\"border:0;\" allowfullscreen=\"\" loading=\"lazy\" referrerpolicy=\"no-referrer-when-downgrade\" width=\"600\" height=\"450\"><\/iframe>\n\n\n\n<p><\/p>\n","protected":false},"excerpt":{"rendered":"<p>Bienvenidos a nuestro centro. El Ceip&nbsp;MANUEL V\u00c1ZQUEZ MONTALB\u00c1N es un centro proyectado de l\u00ednea dos, con dos aulas para cada nivel, seis aulas para Educaci\u00f3n Infantil y doce aulas para Educaci\u00f3n Primaria. Debido a la demanda en la actualidad contamos con seis aulas de infantil y diecisiete de primaria. En este proyecto educativo en el [&hellip;]<\/p>\n","protected":false},"author":2,"featured_media":0,"parent":0,"menu_order":0,"comment_status":"closed","ping_status":"closed","template":"","meta":{"footnotes":""},"folder":[],"class_list":["post-122","page","type-page","status-publish","hentry"],"rttpg_featured_image_url":null,"rttpg_author":{"display_name":"tic.cp.manuelvazquezmontalban.leganes","author_link":"https:\/\/site.educa.madrid.org\/cp.manuelvazquezmontalban.leganes\/index.php\/author\/cuenta_tic-cp-manuelvazquezmontalban-leganes\/"},"rttpg_comment":0,"rttpg_category":false,"rttpg_excerpt":"Bienvenidos a nuestro centro. El Ceip&nbsp;MANUEL V\u00c1ZQUEZ MONTALB\u00c1N es un centro proyectado de l\u00ednea dos, con dos aulas para cada nivel, seis aulas para Educaci\u00f3n Infantil y doce aulas para Educaci\u00f3n Primaria. Debido a la demanda en la actualidad contamos con seis aulas de infantil y diecisiete de primaria. En este proyecto educativo en el&hellip;","post_mailing_queue_ids":[],"_links":{"self":[{"href":"https:\/\/site.educa.madrid.org\/cp.manuelvazquezmontalban.leganes\/index.php\/wp-json\/wp\/v2\/pages\/122","targetHints":{"allow":["GET"]}}],"collection":[{"href":"https:\/\/site.educa.madrid.org\/cp.manuelvazquezmontalban.leganes\/index.php\/wp-json\/wp\/v2\/pages"}],"about":[{"href":"https:\/\/site.educa.madrid.org\/cp.manuelvazquezmontalban.leganes\/index.php\/wp-json\/wp\/v2\/types\/page"}],"author":[{"embeddable":true,"href":"https:\/\/site.educa.madrid.org\/cp.manuelvazquezmontalban.leganes\/index.php\/wp-json\/wp\/v2\/users\/2"}],"replies":[{"embeddable":true,"href":"https:\/\/site.educa.madrid.org\/cp.manuelvazquezmontalban.leganes\/index.php\/wp-json\/wp\/v2\/comments?post=122"}],"version-history":[{"count":5,"href":"https:\/\/site.educa.madrid.org\/cp.manuelvazquezmontalban.leganes\/index.php\/wp-json\/wp\/v2\/pages\/122\/revisions"}],"predecessor-version":[{"id":2078,"href":"https:\/\/site.educa.madrid.org\/cp.manuelvazquezmontalban.leganes\/index.php\/wp-json\/wp\/v2\/pages\/122\/revisions\/2078"}],"wp:attachment":[{"href":"https:\/\/site.educa.madrid.org\/cp.manuelvazquezmontalban.leganes\/index.php\/wp-json\/wp\/v2\/media?parent=122"}],"wp:term":[{"taxonomy":"folder","embeddable":true,"href":"https:\/\/site.educa.madrid.org\/cp.manuelvazquezmontalban.leganes\/index.php\/wp-json\/wp\/v2\/folder?post=122"}],"curies":[{"name":"wp","href":"https:\/\/api.w.org\/{rel}","templated":true}]}}