{"id":2419,"date":"2024-09-09T10:35:14","date_gmt":"2024-09-09T08:35:14","guid":{"rendered":"https:\/\/site.educa.madrid.org\/cp.manuelvazquezmontalban.leganes\/?page_id=2419"},"modified":"2026-02-25T10:08:10","modified_gmt":"2026-02-25T09:08:10","slug":"inicio-de-curso","status":"publish","type":"page","link":"https:\/\/site.educa.madrid.org\/cp.manuelvazquezmontalban.leganes\/index.php\/inicio-de-curso\/","title":{"rendered":"ORGANIZACI\u00d3N DEL CURSO"},"content":{"rendered":"\n<p>A continuaci\u00f3n, les informamos de los&nbsp;aspectos organizativos m\u00e1s importantes:<\/p>\n\n\n\n<p class=\"has-pale-cyan-blue-background-color has-background has-large-font-size\"><strong>ENTRADAS Y SALIDAS DEL CENTRO<\/strong><\/p>\n\n\n\n<p><strong>EDUCACI\u00d3N INFANTIL<\/strong><\/p>\n\n\n\n<p>Los grupos de educaci\u00f3n infantil tienen puerta de acceso directo en sus clases, por lo que entrar\u00e1n por el acceso m\u00e1s cercano a su aula, las familias estar\u00e1n en la zona asignada que les indiquen las tutoras.<\/p>\n\n\n\n<ul class=\"wp-block-list\">\n<li><strong>3 a\u00f1os: <\/strong>realizar\u00e1n la entrada por el acceso de carruajes (zona patio caucho). All\u00ed har\u00e1n la fila donde les indiquen las tutoras.<\/li>\n\n\n\n<li><strong>4 y 5 a\u00f1os: <\/strong>realizar\u00e1n la entrada por el acceso de carruajes central (zona patio corralito). All\u00ed har\u00e1n la fila donde les indiquen las tutoras.<\/li>\n<\/ul>\n\n\n\n<p>A la hora de la entrada, daremos tiempo y espacio a aquellos peques no quieran entrar y no se les logre convencer, permitiendo que cuando haya entrado toda la fila, sea uno de los progenitores quienes cojan en brazos al alumno y lo metan a clase, evitando as\u00ed que ning\u00fan maestro tenga que coger en brazos a ning\u00fan alumno.<\/p>\n\n\n\n<p>El alumnado de Ed. Infantil que no sea usuario del servicio de comedor, por la tarde entrar\u00e1 por la puerta del acceso de carruajes central (zona patio corralito).<\/p>\n\n\n\n<p>A la hora de la salida, todo el alumnado de Ed. Infantil saldr\u00e1 5 min antes por la puerta de su aula y ser\u00e1n entregados \u201cen mano\u201d.<\/p>\n\n\n\n<p class=\"has-black-color has-luminous-vivid-amber-background-color has-text-color has-background has-link-color wp-elements-120862255a22e2258f784b157d7c6375\"><strong>Por motivos de seguridad y el bienestar del alumnado, en el caso de que no venga a recoger al alumnado alguno de los progenitores, las maestras pedir\u00e1n una autorizaci\u00f3n (carnet) a la persona que los recoja y en el caso de no traer el carnet deber\u00e1n pasar por direcci\u00f3n para que se compruebe que est\u00e1 autorizado. <\/strong><\/p>\n\n\n\n<p class=\"has-black-color has-luminous-vivid-amber-background-color has-text-color has-background has-link-color wp-elements-78aae8634dad62055119c5fc2e3f9bfc\"><strong>Cuando la entrega no la realice la tutora, ser\u00e1n las personas al cargo del grupo quienes pedir\u00e1n el carnet si no conocen a la familia.<\/strong><\/p>\n\n\n\n<p><strong>EDUCACI\u00d3N PRIMARIA<\/strong><\/p>\n\n\n\n<p>Las entradas y salidas de Ed. Primaria, se realizar\u00e1n separando el acceso del alumnado de la planta baja y la planta superior, evitando as\u00ed que el alumnado de la planta superior haga uso de las escaleras.<\/p>\n\n\n\n<p>Las familias no podr\u00e1n acceder al centro para acompa\u00f1ar a los alumnos a las filas. Es muy importante que el alumnado no acceda al centro antes de su hora, ya que se encontrar\u00edan sin la supervisi\u00f3n de ning\u00fan adulto.&nbsp;<\/p>\n\n\n\n<ul class=\"wp-block-list\">\n<li><strong>1\u00ba a 3\u00ba:<\/strong> realizar\u00e1 la <strong>entrada <\/strong>por la puerta de carruajes del patio de primaria (pistas). Los alumnos entrar\u00e1n al recinto escolar e ir\u00e1n directamente a sus filas, hasta que les recoja el profesorado con quien tengan clase a primera hora. Para la <strong>salida<\/strong>, 1\u00ba ser\u00e1 entregado \u201cen mano\u201d, sus familias esperar\u00e1n en la zona del tejadillo. Las familias de 2\u00ba y 3\u00ba podr\u00e1n acceder al centro a la hora de las salidas, permaneciendo en la zona de la pared del gimnasio.<\/li>\n\n\n\n<li><strong>4\u00ba a 6\u00ba:<\/strong> realizar\u00e1 la <strong>entrada <\/strong>por la puerta del acceso central principal (planta de arriba). El alumnado entrar\u00e1 ordenadamente a sus clases sin hacer filas. Para la <strong>salida<\/strong>, los grupos de 4\u00ba a 6\u00ba bajar\u00e1n por la rampa para proceder a la salida del recinto escolar por el patio de primaria (pistas). Excepcionalmente, <strong>los d\u00edas de lluvia<\/strong>, el alumnado de la planta superior (4\u00ba, 5\u00ba y 6\u00ba) realizar\u00e1 la salida por el interior del edificio, evitando el uso de la rampa para asegurar el bienestar y la seguridad del mismo. Las familias podr\u00e1n acceder a la zona de entrada para recoger a sus hijos.<\/li>\n<\/ul>\n\n\n\n<p>El alumnado de Ed. Primaria que no sea usuario del servicio de comedor, por la tarde entrar\u00e1 por la puerta del acceso central principal (planta de arriba) por seguridad del alumnado que est\u00e1 en las pistas. La puerta se abrir\u00e1 unos minutos antes de la hora y el alumnado bajar\u00e1 por la escalera que est\u00e1 junto al roc\u00f3dromo.<\/p>\n\n\n\n<p class=\"has-vivid-cyan-blue-color has-text-color has-link-color wp-elements-7e7ba80e01880a35081b9b44eb9c8551\">*<strong>D\u00cdAS DE LLUVIA<\/strong>*<\/p>\n\n\n\n<ul class=\"wp-block-list\">\n<li><strong>1\u00ba a 3\u00ba:<\/strong>&nbsp;realizar\u00e1 la&nbsp;<strong>entrada&nbsp;<\/strong>por la puerta de carruajes como habitualmente, pero en caso de lluvia, acceder\u00e1n de manera ordenada a las aulas sin hacer filas (no antes de la hora). Para la&nbsp;<strong>salida<\/strong>, caminar\u00e1n bajo el tejadillo hasta la salida por lo que rogamos que no est\u00e9 ocupado.<\/li>\n\n\n\n<li><strong>4\u00ba a 6\u00ba:<\/strong>&nbsp;realizar\u00e1 la&nbsp;<strong>entrada&nbsp;<\/strong>por la puerta del acceso central principal (planta de arriba) como habitualmente.&nbsp;Para la&nbsp;<strong>salida<\/strong>, de forma excepcional, realizar\u00e1 la salida por el interior del edificio, evitando el uso de la rampa para asegurar el bienestar y la seguridad del alumnado, y se dirigir\u00e1 hacia la salida bajo el tejadillo, por lo que rogamos que no est\u00e9 ocupado.<\/li>\n<\/ul>\n\n\n\n<p>Para asegurar la entrega del alumnado, ordenaremos la salida de la siguiente manera: saldr\u00e1 inicialmente el alumnado de 1\u00ba a 3\u00ba, pedimos a las familias que se pongan en lugar visible para favorecer la entrega de los mismos y que as\u00ed puedan despejar la zona de recogida lo antes posible para que a continuaci\u00f3n, se proceda con la entrega del alumnado de 4\u00ba a 6\u00ba.<\/p>\n\n\n\n<p><\/p>\n\n\n\n<p><strong>DE FORMA GENERAL<\/strong><\/p>\n\n\n\n<p>A la hora de la <strong>entrada<\/strong>, las puertas se cerrar\u00e1n despu\u00e9s de la entrada del alumnado y aquellos alumnos que lleguen despu\u00e9s, deber\u00e1n entrar <strong>acompa\u00f1ados<\/strong> por quien les haya tra\u00eddo al centro por el acceso de la planta de arriba de Ed. Primaria y pasar por conserjer\u00eda para que les acompa\u00f1en. Si el retraso es de m\u00e1s de 10 minutos, deber\u00e1n esperar a que d\u00e9 comienzo la segunda sesi\u00f3n en secretar\u00eda o direcci\u00f3n. Los padres o tutores deber\u00e1n firmar en el Libro de Entradas, alegando el motivo y la hora.<\/p>\n\n\n\n<p>Es responsabilidad de las familias estar esperando cuando salga el alumnado y si por causas de fuerza mayor no puedan acudir puntuales, se ruega que lo comuniquen al centro o a otra persona autorizada mayor de edad. El tutor\/a o docente que entregue al alumno, puede solicitar la autorizaci\u00f3n e identidad de la persona que acude a recogerlo en nombre de sus progenitores.<\/p>\n\n\n\n<p><strong>Bajo ning\u00fan concepto el alumnado podr\u00e1 ser recogido por familiares menores de edad o irse solos en el caso de 6\u00ba de Ed. Primaria.<\/strong><\/p>\n\n\n\n<p>A la hora de la salida, la puerta de acceso al colegio se cerrar\u00e1 una vez hayan salido los grupos tanto a medio d\u00eda como por la tarde y ning\u00fan alumno podr\u00e1 permanecer en el recinto escolar, aunque sus familias tengan que asistir a una reuni\u00f3n.<\/p>\n\n\n\n<p>Tanto en las entradas como en las salidas, cuando las familias hayan entregado o recogido al alumnado, rogamos abandonen el centro para poder cerrar las puertas cuanto antes por motivos de seguridad.<\/p>\n\n\n\n<p>Rogamos respeten estas medidas, y que eviten&nbsp;aglomeraciones en los accesos. Somos una comunidad educativa muy grande pero con la colaboraci\u00f3n de todos lograremos que estas medidas funcionen.<\/p>\n\n\n\n<p><\/p>\n\n\n\n<div data-wp-interactive=\"core\/file\" class=\"wp-block-file\"><object data-wp-bind--hidden=\"!state.hasPdfPreview\" hidden class=\"wp-block-file__embed\" data=\"https:\/\/site.educa.madrid.org\/cp.manuelvazquezmontalban.leganes\/\/wp-content\/uploads\/cp.manuelvazquezmontalban.leganes\/2025\/09\/PLANO-ACCESOS-Y-HORARIOS.pdf\" type=\"application\/pdf\" style=\"width:100%;height:600px\" aria-label=\"Incrustado de PLANO ACCESOS Y HORARIOS.\"><\/object><a id=\"wp-block-file--media-79b6710c-6ed5-4b77-b3c7-cea20a7094cf\" href=\"https:\/\/site.educa.madrid.org\/cp.manuelvazquezmontalban.leganes\/\/wp-content\/uploads\/cp.manuelvazquezmontalban.leganes\/2025\/09\/PLANO-ACCESOS-Y-HORARIOS.pdf\">PLANO ACCESOS Y HORARIOS<\/a><a href=\"https:\/\/site.educa.madrid.org\/cp.manuelvazquezmontalban.leganes\/\/wp-content\/uploads\/cp.manuelvazquezmontalban.leganes\/2025\/09\/PLANO-ACCESOS-Y-HORARIOS.pdf\" class=\"wp-block-file__button wp-element-button\" download aria-describedby=\"wp-block-file--media-79b6710c-6ed5-4b77-b3c7-cea20a7094cf\">Descarga<\/a><\/div>\n\n\n\n<p class=\"has-pale-cyan-blue-background-color has-background has-medium-font-size\"><strong>HORARIO<\/strong> <strong>LECTIVO<\/strong><\/p>\n\n\n\n<p>El colegio tiene horario de jornada partida.<\/p>\n\n\n\n<p>El horario es el siguiente:<\/p>\n\n\n\n<p>\u2013&nbsp;&nbsp;&nbsp;&nbsp;&nbsp;&nbsp;&nbsp;&nbsp;&nbsp; Horario lectivo de <strong>septiembre <\/strong>y <strong>junio<\/strong>: de <strong>9:00<\/strong> a <strong>13:00<\/strong>.<\/p>\n\n\n\n<p>\u2013&nbsp;&nbsp;&nbsp;&nbsp;&nbsp;&nbsp;&nbsp;&nbsp;&nbsp; Horario lectivo <strong>de octubre a mayo<\/strong>: de <strong>9:00<\/strong> a <strong>12:30<\/strong> a <strong>14:30<\/strong> a&nbsp;<strong>16:00*<\/strong><\/p>\n\n\n\n<p><strong>*El alumnado de Ed. Infantil sale a las 15:55 horas para facilitar la entrega a las familias que tengan hijos tambi\u00e9n en Ed. Primaria.<\/strong><\/p>\n\n\n\n<p><\/p>\n\n\n\n<p class=\"has-pale-cyan-blue-background-color has-background has-medium-font-size\"><strong>SERVICIO DE COMEDOR Y PRIMEROS DEL COLE<\/strong><\/p>\n\n\n\n<p>\u2013\u00a0\u00a0\u00a0\u00a0\u00a0\u00a0\u00a0\u00a0\u00a0\u00a0<strong>\u00abPrimeros del cole\u00bb:\u00a0<\/strong>servicio extraescolar contratado por el AMPA y gestionado por la empresa de comedor. <\/p>\n\n\n\n<p>Horario: de 7:00 a 9:00 horas, siendo el horario de de desayuno es hasta las 8:15. Entrada por la puerta del acceso central principal (planta de arriba).<\/p>\n\n\n\n<p><\/p>\n\n\n\n<p>\u2013\u00a0\u00a0\u00a0\u00a0\u00a0\u00a0\u00a0\u00a0\u00a0\u00a0<strong>Comedor:<\/strong> servicio complementario contratado y gestionado por el cole.<\/p>\n\n\n\n<p>Horario <strong>de septiembre y junio*:<\/strong>\u00a0de 13:00 a 15:00 horas.<\/p>\n\n\n\n<p>Horario<strong> de octubre a mayo<\/strong>:\u00a0de 12:30 a 14:30. <\/p>\n\n\n\n<p><\/p>\n\n\n\n<p>Hay\u00a0dos turnos\u00a0de comedor:<\/p>\n\n\n\n<p>\u2013 1<sup>er<\/sup>\u00a0turno: Educaci\u00f3n infantil, 1\u00ba, 2\u00ba, 3\u00ba y 4\u00ba de Primaria.\u00a0<\/p>\n\n\n\n<p>\u2013 2\u00ba turno: 5\u00ba y 6\u00ba de Primaria.<\/p>\n\n\n\n<p><strong>*Horario de salida de comedor en septiembre y junio:<\/strong>&nbsp;habr\u00e1 dos horarios de salida, no pudiendo recoger al alumnado en horarios intermedios.<\/p>\n\n\n\n<p><strong>\u2013 1<\/strong><strong><sup>er<\/sup><\/strong><strong>&nbsp;turno: 14:10<\/strong>&nbsp;<strong>\/ 14:50<\/strong><\/p>\n\n\n\n<p><strong>\u2013 2\u00ba turno: 14:50<\/strong><\/p>\n\n\n\n<p>Salida de comedor: Ed. infantil por sus aulas y Ed. Primaria por la puerta de carruajes de la planta de abajo (pistas).<\/p>\n\n\n\n<p class=\"has-pale-cyan-blue-background-color has-background has-medium-font-size\"><strong>COMUNICACI\u00d3N CON LAS FAMILIAS<\/strong><\/p>\n\n\n\n<p>Se priorizar\u00e1n las comunicaciones con las familias de forma telem\u00e1tica. Se evitar\u00e1n los comunicados en papel fomentando el uso de los medios telem\u00e1ticos..<\/p>\n\n\n\n<p>Con el profesorado se podr\u00e1n comunicar mediante la aplicaci\u00f3n Roble o su versi\u00f3n web Ra\u00edces.<\/p>\n\n\n\n<p>Les recordamos que en Ed. Primaria disponen adem\u00e1s del apartado de comunicaciones de la agenda del alumno.<\/p>\n\n\n\n<p>Con el centro (secretar\u00eda, direcci\u00f3n o jefatura de estudios) se podr\u00e1n comunicar por correo electr\u00f3nico. Es importante para facilitar una mayor agilidad en la resoluci\u00f3n de las gestiones que indiquen el&nbsp;<strong>nombre<\/strong>&nbsp;y&nbsp;<strong>curso del alumno<\/strong>&nbsp;y un&nbsp;<strong>n\u00famero de tel\u00e9fono de contacto.<\/strong>&nbsp;<\/p>\n\n\n\n<p><strong>Correo general del centro:<\/strong><\/p>\n\n\n\n<p>cp.manuelvazquezmontalban.leganes@educa.madrid.org<\/p>\n\n\n\n<p><strong>Correo de secretar\u00eda (comedor, certificados, justificantes, etc):<\/strong><\/p>\n\n\n\n<p>secretaria.cp.manuelvazquezmontalban.leganes@educa.madrid.org<\/p>\n\n\n\n<p><\/p>\n","protected":false},"excerpt":{"rendered":"<p>A continuaci\u00f3n, les informamos de los&nbsp;aspectos organizativos m\u00e1s importantes: ENTRADAS Y SALIDAS DEL CENTRO EDUCACI\u00d3N INFANTIL Los grupos de educaci\u00f3n infantil tienen puerta de acceso directo en sus clases, por lo que entrar\u00e1n por el acceso m\u00e1s cercano a su aula, las familias estar\u00e1n en la zona asignada que les indiquen las tutoras. A la [&hellip;]<\/p>\n","protected":false},"author":2,"featured_media":2992,"parent":0,"menu_order":0,"comment_status":"closed","ping_status":"closed","template":"","meta":{"footnotes":""},"folder":[],"class_list":["post-2419","page","type-page","status-publish","has-post-thumbnail","hentry"],"rttpg_featured_image_url":{"full":["https:\/\/site.educa.madrid.org\/cp.manuelvazquezmontalban.leganes\/\/wp-content\/uploads\/cp.manuelvazquezmontalban.leganes\/2025\/09\/Historia-de-Instagram-Apertura-Elegante-Azul-1920-x-1080-px-1920-x-600-px.gif",1920,600,false],"landscape":["https:\/\/site.educa.madrid.org\/cp.manuelvazquezmontalban.leganes\/\/wp-content\/uploads\/cp.manuelvazquezmontalban.leganes\/2025\/09\/Historia-de-Instagram-Apertura-Elegante-Azul-1920-x-1080-px-1920-x-600-px.gif",1920,600,false],"portraits":["https:\/\/site.educa.madrid.org\/cp.manuelvazquezmontalban.leganes\/\/wp-content\/uploads\/cp.manuelvazquezmontalban.leganes\/2025\/09\/Historia-de-Instagram-Apertura-Elegante-Azul-1920-x-1080-px-1920-x-600-px.gif",1920,600,false],"thumbnail":["https:\/\/site.educa.madrid.org\/cp.manuelvazquezmontalban.leganes\/\/wp-content\/uploads\/cp.manuelvazquezmontalban.leganes\/2025\/09\/Historia-de-Instagram-Apertura-Elegante-Azul-1920-x-1080-px-1920-x-600-px-150x150.gif",150,150,true],"medium":["https:\/\/site.educa.madrid.org\/cp.manuelvazquezmontalban.leganes\/\/wp-content\/uploads\/cp.manuelvazquezmontalban.leganes\/2025\/09\/Historia-de-Instagram-Apertura-Elegante-Azul-1920-x-1080-px-1920-x-600-px-300x94.gif",300,94,true],"large":["https:\/\/site.educa.madrid.org\/cp.manuelvazquezmontalban.leganes\/\/wp-content\/uploads\/cp.manuelvazquezmontalban.leganes\/2025\/09\/Historia-de-Instagram-Apertura-Elegante-Azul-1920-x-1080-px-1920-x-600-px-1024x320.gif",640,200,true],"thumblist":["https:\/\/site.educa.madrid.org\/cp.manuelvazquezmontalban.leganes\/\/wp-content\/uploads\/cp.manuelvazquezmontalban.leganes\/2025\/09\/Historia-de-Instagram-Apertura-Elegante-Azul-1920-x-1080-px-1920-x-600-px-300x300.gif",300,300,true],"thumbrelated":["https:\/\/site.educa.madrid.org\/cp.manuelvazquezmontalban.leganes\/\/wp-content\/uploads\/cp.manuelvazquezmontalban.leganes\/2025\/09\/Historia-de-Instagram-Apertura-Elegante-Azul-1920-x-1080-px-1920-x-600-px-500x500.gif",500,500,true],"meccarouselthumb":["https:\/\/site.educa.madrid.org\/cp.manuelvazquezmontalban.leganes\/\/wp-content\/uploads\/cp.manuelvazquezmontalban.leganes\/2025\/09\/Historia-de-Instagram-Apertura-Elegante-Azul-1920-x-1080-px-1920-x-600-px-474x324.gif",474,324,true],"gridsquare":["https:\/\/site.educa.madrid.org\/cp.manuelvazquezmontalban.leganes\/\/wp-content\/uploads\/cp.manuelvazquezmontalban.leganes\/2025\/09\/Historia-de-Instagram-Apertura-Elegante-Azul-1920-x-1080-px-1920-x-600-px-391x260.gif",391,260,true],"tileview":["https:\/\/site.educa.madrid.org\/cp.manuelvazquezmontalban.leganes\/\/wp-content\/uploads\/cp.manuelvazquezmontalban.leganes\/2025\/09\/Historia-de-Instagram-Apertura-Elegante-Azul-1920-x-1080-px-1920-x-600-px-300x400.gif",300,400,true],"1536x1536":["https:\/\/site.educa.madrid.org\/cp.manuelvazquezmontalban.leganes\/\/wp-content\/uploads\/cp.manuelvazquezmontalban.leganes\/2025\/09\/Historia-de-Instagram-Apertura-Elegante-Azul-1920-x-1080-px-1920-x-600-px-1536x480.gif",1536,480,true],"2048x2048":["https:\/\/site.educa.madrid.org\/cp.manuelvazquezmontalban.leganes\/\/wp-content\/uploads\/cp.manuelvazquezmontalban.leganes\/2025\/09\/Historia-de-Instagram-Apertura-Elegante-Azul-1920-x-1080-px-1920-x-600-px.gif",1920,600,false],"total-portfolio-thumb":["https:\/\/site.educa.madrid.org\/cp.manuelvazquezmontalban.leganes\/\/wp-content\/uploads\/cp.manuelvazquezmontalban.leganes\/2025\/09\/Historia-de-Instagram-Apertura-Elegante-Azul-1920-x-1080-px-1920-x-600-px-400x400.gif",400,400,true],"total-team-thumb":["https:\/\/site.educa.madrid.org\/cp.manuelvazquezmontalban.leganes\/\/wp-content\/uploads\/cp.manuelvazquezmontalban.leganes\/2025\/09\/Historia-de-Instagram-Apertura-Elegante-Azul-1920-x-1080-px-1920-x-600-px-350x420.gif",350,420,true],"total-blog-thumb":["https:\/\/site.educa.madrid.org\/cp.manuelvazquezmontalban.leganes\/\/wp-content\/uploads\/cp.manuelvazquezmontalban.leganes\/2025\/09\/Historia-de-Instagram-Apertura-Elegante-Azul-1920-x-1080-px-1920-x-600-px-400x280.gif",400,280,true],"total-thumb":["https:\/\/site.educa.madrid.org\/cp.manuelvazquezmontalban.leganes\/\/wp-content\/uploads\/cp.manuelvazquezmontalban.leganes\/2025\/09\/Historia-de-Instagram-Apertura-Elegante-Azul-1920-x-1080-px-1920-x-600-px-100x100.gif",100,100,true],"total-blog-header":["https:\/\/site.educa.madrid.org\/cp.manuelvazquezmontalban.leganes\/\/wp-content\/uploads\/cp.manuelvazquezmontalban.leganes\/2025\/09\/Historia-de-Instagram-Apertura-Elegante-Azul-1920-x-1080-px-1920-x-600-px-720x360.gif",720,360,true],"sow-carousel-default":["https:\/\/site.educa.madrid.org\/cp.manuelvazquezmontalban.leganes\/\/wp-content\/uploads\/cp.manuelvazquezmontalban.leganes\/2025\/09\/Historia-de-Instagram-Apertura-Elegante-Azul-1920-x-1080-px-1920-x-600-px-272x182.gif",272,182,true],"sow-post-carousel-overlay-theme":["https:\/\/site.educa.madrid.org\/cp.manuelvazquezmontalban.leganes\/\/wp-content\/uploads\/cp.manuelvazquezmontalban.leganes\/2025\/09\/Historia-de-Instagram-Apertura-Elegante-Azul-1920-x-1080-px-1920-x-600-px.gif",360,113,false],"sow-post-carousel-cards-theme":["https:\/\/site.educa.madrid.org\/cp.manuelvazquezmontalban.leganes\/\/wp-content\/uploads\/cp.manuelvazquezmontalban.leganes\/2025\/09\/Historia-de-Instagram-Apertura-Elegante-Azul-1920-x-1080-px-1920-x-600-px.gif",360,113,false],"rt_custom":["https:\/\/site.educa.madrid.org\/cp.manuelvazquezmontalban.leganes\/\/wp-content\/uploads\/cp.manuelvazquezmontalban.leganes\/2025\/09\/Historia-de-Instagram-Apertura-Elegante-Azul-1920-x-1080-px-1920-x-600-px.gif",1920,600,false]},"rttpg_author":{"display_name":"tic.cp.manuelvazquezmontalban.leganes","author_link":"https:\/\/site.educa.madrid.org\/cp.manuelvazquezmontalban.leganes\/index.php\/author\/cuenta_tic-cp-manuelvazquezmontalban-leganes\/"},"rttpg_comment":0,"rttpg_category":false,"rttpg_excerpt":"A continuaci\u00f3n, les informamos de los&nbsp;aspectos organizativos m\u00e1s importantes: ENTRADAS Y SALIDAS DEL CENTRO EDUCACI\u00d3N INFANTIL Los grupos de educaci\u00f3n infantil tienen puerta de acceso directo en sus clases, por lo que entrar\u00e1n por el acceso m\u00e1s cercano a su aula, las familias estar\u00e1n en la zona asignada que les indiquen las tutoras. A la&hellip;","post_mailing_queue_ids":[],"_links":{"self":[{"href":"https:\/\/site.educa.madrid.org\/cp.manuelvazquezmontalban.leganes\/index.php\/wp-json\/wp\/v2\/pages\/2419","targetHints":{"allow":["GET"]}}],"collection":[{"href":"https:\/\/site.educa.madrid.org\/cp.manuelvazquezmontalban.leganes\/index.php\/wp-json\/wp\/v2\/pages"}],"about":[{"href":"https:\/\/site.educa.madrid.org\/cp.manuelvazquezmontalban.leganes\/index.php\/wp-json\/wp\/v2\/types\/page"}],"author":[{"embeddable":true,"href":"https:\/\/site.educa.madrid.org\/cp.manuelvazquezmontalban.leganes\/index.php\/wp-json\/wp\/v2\/users\/2"}],"replies":[{"embeddable":true,"href":"https:\/\/site.educa.madrid.org\/cp.manuelvazquezmontalban.leganes\/index.php\/wp-json\/wp\/v2\/comments?post=2419"}],"version-history":[{"count":21,"href":"https:\/\/site.educa.madrid.org\/cp.manuelvazquezmontalban.leganes\/index.php\/wp-json\/wp\/v2\/pages\/2419\/revisions"}],"predecessor-version":[{"id":3136,"href":"https:\/\/site.educa.madrid.org\/cp.manuelvazquezmontalban.leganes\/index.php\/wp-json\/wp\/v2\/pages\/2419\/revisions\/3136"}],"wp:featuredmedia":[{"embeddable":true,"href":"https:\/\/site.educa.madrid.org\/cp.manuelvazquezmontalban.leganes\/index.php\/wp-json\/wp\/v2\/media\/2992"}],"wp:attachment":[{"href":"https:\/\/site.educa.madrid.org\/cp.manuelvazquezmontalban.leganes\/index.php\/wp-json\/wp\/v2\/media?parent=2419"}],"wp:term":[{"taxonomy":"folder","embeddable":true,"href":"https:\/\/site.educa.madrid.org\/cp.manuelvazquezmontalban.leganes\/index.php\/wp-json\/wp\/v2\/folder?post=2419"}],"curies":[{"name":"wp","href":"https:\/\/api.w.org\/{rel}","templated":true}]}}