{"id":270,"date":"2022-05-18T13:09:36","date_gmt":"2022-05-18T11:09:36","guid":{"rendered":"https:\/\/site.educa.madrid.org\/cp.manuelvazquezmontalban.leganes\/?page_id=270"},"modified":"2026-03-09T15:41:14","modified_gmt":"2026-03-09T14:41:14","slug":"270-2","status":"publish","type":"page","link":"https:\/\/site.educa.madrid.org\/cp.manuelvazquezmontalban.leganes\/index.php\/secretaria\/270-2\/","title":{"rendered":"Admisi\u00f3n"},"content":{"rendered":"\n<p class=\"has-text-align-center has-black-color has-pale-cyan-blue-background-color has-text-color has-background has-medium-font-size\" style=\"font-style:normal;font-weight:900;line-height:1.5;text-transform:uppercase\">PROCESO DE ADMISI\u00d3N PARA EL CURSO 2026\/2027<\/p>\n\n\n\n<p class=\"has-medium-font-size\">Estimadas familias<\/p>\n\n\n\n<p class=\"has-medium-font-size\">La Consejer\u00eda de Educaci\u00f3n ha publicado las instrucciones para realizar la preinscripci\u00f3n en los centros educativos de segundo ciclo de Educaci\u00f3n Infantil y Educaci\u00f3n Primaria para el pr\u00f3ximo curso.<\/p>\n\n\n\n<p class=\"has-medium-font-size\">El proceso de admisi\u00f3n se realizar\u00e1 del&nbsp;<strong><mark style=\"background-color:rgba(0, 0, 0, 0)\" class=\"has-inline-color has-vivid-cyan-blue-color\">11 al 25 de marzo <\/mark><\/strong>preferentemente de forma telem\u00e1tica&nbsp;en la&nbsp;<a href=\"https:\/\/raices.madrid.org\/secretariavirtual\/\" target=\"_blank\" rel=\"noreferrer noopener\"><strong>Secretaria Virtual<\/strong><\/a>&nbsp;de la Comunidad de Madrid.<\/p>\n\n\n\n<p class=\"has-medium-font-size\">1. Se atender\u00e1 en horario de Secretar\u00eda de 9.30h a 10.30h. <\/p>\n\n\n\n<p class=\"has-medium-font-size\">M\u00e1s informaci\u00f3n en la p\u00e1gina web de la Comunidad de Madrid haciendo click&nbsp;<a rel=\"noreferrer noopener\" href=\"https:\/\/www.comunidad.madrid\/servicios\/educacion\/solicita-tu-admision-educacion-infantil-obligatoria-bachillerato\" target=\"_blank\"><strong>aqu\u00ed<\/strong><\/a><\/p>\n\n\n\n<p class=\"has-medium-font-size\"><strong><mark style=\"background-color:#ffffff\" class=\"has-inline-color has-vivid-cyan-blue-color\">MATRICULACI\u00d3N (Del 11 al 25 de junio)<\/mark><\/strong><\/p>\n\n\n\n<p><\/p>\n\n\n\n<p><\/p>\n\n\n\n<p class=\"has-medium-font-size\"><strong>MUY IMPORTANTE:<\/strong><\/p>\n\n\n\n<p class=\"has-medium-font-size\">-Las solicitudes siempre deber\u00e1n ir&nbsp;<strong>firmadas por ambos progenitores o tutores legales<\/strong>, salvo si&nbsp;se <\/p>\n\n\n\n<p class=\"has-medium-font-size\">acredita la imposibilidad de hacerlo o alguno de ellos no ostenta la patria potestad, en cuyo caso deber\u00e1 <\/p>\n\n\n\n<p class=\"has-medium-font-size\">presentarse una&nbsp;<strong><a href=\"https:\/\/www.comunidad.madrid\/sites\/default\/files\/25_26_modelo_declaracion_responsable.pdf\" target=\"_blank\" rel=\"noreferrer noopener\">declaraci\u00f3n responsable<\/a>.<\/strong><\/p>\n\n\n\n<p class=\"has-medium-font-size\">&#8211; Se podr\u00e1 realizar telem\u00e1ticamente desde la Secretar\u00eda Virtual de la Comunidad de Madrid.&nbsp;<\/p>\n\n\n\n<p class=\"has-medium-font-size\">&#8211; Se deber\u00e1 elegir la opci\u00f3n seg\u00fan el curso que vaya a realizar el ni\u00f1o\/a (Ed. Primaria o Ed. Infantil).<\/p>\n\n\n\n<p class=\"has-medium-font-size\">&#8211; Los modelos de documentos de matr\u00edcula se deben descargar y rellenar para posteriormente adjuntarlos.<\/p>\n\n\n\n<h1 class=\"wp-block-heading has-medium-font-size\" style=\"font-style:normal;font-weight:700\"><mark style=\"background-color:#ffffff\" class=\"has-inline-color has-black-color\">CURSO 2026\/27<\/mark><\/h1>\n\n\n<div\n\t\t\t\n\t\t\tclass=\"so-widget-sow-accordion so-widget-sow-accordion-default-1ed183a4ae07\"\n\t\t\t data-max-open-panels=\"0\" data-initial-scroll-panel=\"0\"\n\t\t><div>\n\t<div class=\"sow-accordion\">\n\t\t\t<div class=\"sow-accordion-panel\"\n\t\t\t data-anchor=\"informaci%c3%b3n-b%c3%a1sica-proceso-de-admisi%c3%b3n\">\n\t\t\t\t<div class=\"sow-accordion-panel-header-container\" role=\"heading\" aria-level=\"2\">\n\t\t\t\t\t<div class=\"sow-accordion-panel-header\" tabindex=\"0\" role=\"button\" id=\"accordion-label-informaci%c3%b3n-b%c3%a1sica-proceso-de-admisi%c3%b3n\" aria-controls=\"accordion-content-informaci%c3%b3n-b%c3%a1sica-proceso-de-admisi%c3%b3n\" aria-expanded=\"false\">\n\t\t\t\t\t\t<div class=\"sow-accordion-title sow-accordion-title-icon-left\">\n\t\t\t\t\t\t\t\t\t\t\t\t\t\tINFORMACI\u00d3N B\u00c1SICA PROCESO DE ADMISI\u00d3N\t\t\t\t\t\t\t\t\t\t\t\t\t<\/div>\n\t\t\t\t\t\t<div class=\"sow-accordion-open-close-button\">\n\t\t\t\t\t\t\t<div class=\"sow-accordion-open-button\">\n\t\t\t\t\t\t\t\t<span class=\"sow-icon-fontawesome sow-fas\" data-sow-icon=\"&#x2b;\"\n\t\t \n\t\taria-hidden=\"true\"><\/span>\t\t\t\t\t\t\t<\/div>\n\t\t\t\t\t\t\t<div class=\"sow-accordion-close-button\">\n\t\t\t\t\t\t\t\t<span class=\"sow-icon-fontawesome sow-fas\" data-sow-icon=\"&#xf068;\"\n\t\t \n\t\taria-hidden=\"true\"><\/span>\t\t\t\t\t\t\t<\/div>\n\t\t\t\t\t\t<\/div>\n\t\t\t\t\t<\/div>\n\t\t\t\t<\/div>\n\n\t\t\t<div\n\t\t\t\tclass=\"sow-accordion-panel-content\"\n\t\t\t\trole=\"region\"\n\t\t\t\taria-labelledby=\"accordion-label-informaci%c3%b3n-b%c3%a1sica-proceso-de-admisi%c3%b3n\"\n\t\t\t\tid=\"accordion-content-informaci%c3%b3n-b%c3%a1sica-proceso-de-admisi%c3%b3n\"\n\t\t\t\tstyle=\"display: none;\"\t\t\t>\n\t\t\t\t<div class=\"sow-accordion-panel-border\">\n\t\t\t\t\t<p><a href=\"https:\/\/site.educa.madrid.org\/cp.manuelvazquezmontalban.leganes\/\/wp-content\/uploads\/cp.manuelvazquezmontalban.leganes\/2026\/03\/INFORMACION-BASICA-PROCESO-DE-ADMISION.pdf\">INFORMACI\u00d3N B\u00c1SICA PROCESO DE ADMISI\u00d3N<\/a><\/p>\n\t\t\t\t<\/div>\n\t\t\t<\/div>\n\t\t<\/div>\n\t\t\t<div class=\"sow-accordion-panel\"\n\t\t\t data-anchor=\"calendario\">\n\t\t\t\t<div class=\"sow-accordion-panel-header-container\" role=\"heading\" aria-level=\"2\">\n\t\t\t\t\t<div class=\"sow-accordion-panel-header\" tabindex=\"0\" role=\"button\" id=\"accordion-label-calendario\" aria-controls=\"accordion-content-calendario\" aria-expanded=\"false\">\n\t\t\t\t\t\t<div class=\"sow-accordion-title sow-accordion-title-icon-left\">\n\t\t\t\t\t\t\t\t\t\t\t\t\t\tCalendario\t\t\t\t\t\t\t\t\t\t\t\t\t<\/div>\n\t\t\t\t\t\t<div class=\"sow-accordion-open-close-button\">\n\t\t\t\t\t\t\t<div class=\"sow-accordion-open-button\">\n\t\t\t\t\t\t\t\t<span class=\"sow-icon-fontawesome sow-fas\" data-sow-icon=\"&#x2b;\"\n\t\t \n\t\taria-hidden=\"true\"><\/span>\t\t\t\t\t\t\t<\/div>\n\t\t\t\t\t\t\t<div class=\"sow-accordion-close-button\">\n\t\t\t\t\t\t\t\t<span class=\"sow-icon-fontawesome sow-fas\" data-sow-icon=\"&#xf068;\"\n\t\t \n\t\taria-hidden=\"true\"><\/span>\t\t\t\t\t\t\t<\/div>\n\t\t\t\t\t\t<\/div>\n\t\t\t\t\t<\/div>\n\t\t\t\t<\/div>\n\n\t\t\t<div\n\t\t\t\tclass=\"sow-accordion-panel-content\"\n\t\t\t\trole=\"region\"\n\t\t\t\taria-labelledby=\"accordion-label-calendario\"\n\t\t\t\tid=\"accordion-content-calendario\"\n\t\t\t\tstyle=\"display: none;\"\t\t\t>\n\t\t\t\t<div class=\"sow-accordion-panel-border\">\n\t\t\t\t\t<p><span style=\"color: #0000ff\"><strong>CALENDARIO ADMISI\u00d3N 26-27<\/strong><\/span><\/p>\n<p><a href=\"https:\/\/www.bocm.es\/boletin\/CM_Orden_BOCM\/2025\/12\/09\/BOCM-20251209-19.PDF\">https:\/\/www.bocm.es\/boletin\/CM_Orden_BOCM\/2025\/12\/09\/BOCM-20251209-19.PDF<\/a><\/p>\n\t\t\t\t<\/div>\n\t\t\t<\/div>\n\t\t<\/div>\n\t\t\t<div class=\"sow-accordion-panel\"\n\t\t\t data-anchor=\"baremos\">\n\t\t\t\t<div class=\"sow-accordion-panel-header-container\" role=\"heading\" aria-level=\"2\">\n\t\t\t\t\t<div class=\"sow-accordion-panel-header\" tabindex=\"0\" role=\"button\" id=\"accordion-label-baremos\" aria-controls=\"accordion-content-baremos\" aria-expanded=\"false\">\n\t\t\t\t\t\t<div class=\"sow-accordion-title sow-accordion-title-icon-left\">\n\t\t\t\t\t\t\t\t\t\t\t\t\t\tBaremos\t\t\t\t\t\t\t\t\t\t\t\t\t<\/div>\n\t\t\t\t\t\t<div class=\"sow-accordion-open-close-button\">\n\t\t\t\t\t\t\t<div class=\"sow-accordion-open-button\">\n\t\t\t\t\t\t\t\t<span class=\"sow-icon-fontawesome sow-fas\" data-sow-icon=\"&#x2b;\"\n\t\t \n\t\taria-hidden=\"true\"><\/span>\t\t\t\t\t\t\t<\/div>\n\t\t\t\t\t\t\t<div class=\"sow-accordion-close-button\">\n\t\t\t\t\t\t\t\t<span class=\"sow-icon-fontawesome sow-fas\" data-sow-icon=\"&#xf068;\"\n\t\t \n\t\taria-hidden=\"true\"><\/span>\t\t\t\t\t\t\t<\/div>\n\t\t\t\t\t\t<\/div>\n\t\t\t\t\t<\/div>\n\t\t\t\t<\/div>\n\n\t\t\t<div\n\t\t\t\tclass=\"sow-accordion-panel-content\"\n\t\t\t\trole=\"region\"\n\t\t\t\taria-labelledby=\"accordion-label-baremos\"\n\t\t\t\tid=\"accordion-content-baremos\"\n\t\t\t\tstyle=\"display: none;\"\t\t\t>\n\t\t\t\t<div class=\"sow-accordion-panel-border\">\n\t\t\t\t\t<p><span style=\"color: #0000ff\"><strong>BAREMOS DE PUNTUACI\u00d3N 26-27<\/strong><\/span><\/p>\n<p><a href=\"https:\/\/www.bocm.es\/boletin\/CM_Orden_BOCM\/2025\/12\/09\/BOCM-20251209-19.PDF\">https:\/\/www.bocm.es\/boletin\/CM_Orden_BOCM\/2025\/12\/09\/BOCM-20251209-19.PDF<\/a><\/p>\n\t\t\t\t<\/div>\n\t\t\t<\/div>\n\t\t<\/div>\n\t\t\t<div class=\"sow-accordion-panel\"\n\t\t\t data-anchor=\"vacantes\">\n\t\t\t\t<div class=\"sow-accordion-panel-header-container\" role=\"heading\" aria-level=\"2\">\n\t\t\t\t\t<div class=\"sow-accordion-panel-header\" tabindex=\"0\" role=\"button\" id=\"accordion-label-vacantes\" aria-controls=\"accordion-content-vacantes\" aria-expanded=\"false\">\n\t\t\t\t\t\t<div class=\"sow-accordion-title sow-accordion-title-icon-left\">\n\t\t\t\t\t\t\t\t\t\t\t\t\t\tVacantes\t\t\t\t\t\t\t\t\t\t\t\t\t<\/div>\n\t\t\t\t\t\t<div class=\"sow-accordion-open-close-button\">\n\t\t\t\t\t\t\t<div class=\"sow-accordion-open-button\">\n\t\t\t\t\t\t\t\t<span class=\"sow-icon-fontawesome sow-fas\" data-sow-icon=\"&#x2b;\"\n\t\t \n\t\taria-hidden=\"true\"><\/span>\t\t\t\t\t\t\t<\/div>\n\t\t\t\t\t\t\t<div class=\"sow-accordion-close-button\">\n\t\t\t\t\t\t\t\t<span class=\"sow-icon-fontawesome sow-fas\" data-sow-icon=\"&#xf068;\"\n\t\t \n\t\taria-hidden=\"true\"><\/span>\t\t\t\t\t\t\t<\/div>\n\t\t\t\t\t\t<\/div>\n\t\t\t\t\t<\/div>\n\t\t\t\t<\/div>\n\n\t\t\t<div\n\t\t\t\tclass=\"sow-accordion-panel-content\"\n\t\t\t\trole=\"region\"\n\t\t\t\taria-labelledby=\"accordion-label-vacantes\"\n\t\t\t\tid=\"accordion-content-vacantes\"\n\t\t\t\tstyle=\"display: none;\"\t\t\t>\n\t\t\t\t<div class=\"sow-accordion-panel-border\">\n\t\t\t\t\t<p><a href=\"https:\/\/site.educa.madrid.org\/cp.manuelvazquezmontalban.leganes\/\/wp-content\/uploads\/cp.manuelvazquezmontalban.leganes\/2026\/03\/vacantes-publicables.pdf\">vacantes curso 26\/27<\/a><\/p>\n\t\t\t\t<\/div>\n\t\t\t<\/div>\n\t\t<\/div>\n\t\t\t<div class=\"sow-accordion-panel\"\n\t\t\t data-anchor=\"punto-adicional\">\n\t\t\t\t<div class=\"sow-accordion-panel-header-container\" role=\"heading\" aria-level=\"2\">\n\t\t\t\t\t<div class=\"sow-accordion-panel-header\" tabindex=\"0\" role=\"button\" id=\"accordion-label-punto-adicional\" aria-controls=\"accordion-content-punto-adicional\" aria-expanded=\"false\">\n\t\t\t\t\t\t<div class=\"sow-accordion-title sow-accordion-title-icon-left\">\n\t\t\t\t\t\t\t\t\t\t\t\t\t\tPunto Adicional\t\t\t\t\t\t\t\t\t\t\t\t\t<\/div>\n\t\t\t\t\t\t<div class=\"sow-accordion-open-close-button\">\n\t\t\t\t\t\t\t<div class=\"sow-accordion-open-button\">\n\t\t\t\t\t\t\t\t<span class=\"sow-icon-fontawesome sow-fas\" data-sow-icon=\"&#x2b;\"\n\t\t \n\t\taria-hidden=\"true\"><\/span>\t\t\t\t\t\t\t<\/div>\n\t\t\t\t\t\t\t<div class=\"sow-accordion-close-button\">\n\t\t\t\t\t\t\t\t<span class=\"sow-icon-fontawesome sow-fas\" data-sow-icon=\"&#xf068;\"\n\t\t \n\t\taria-hidden=\"true\"><\/span>\t\t\t\t\t\t\t<\/div>\n\t\t\t\t\t\t<\/div>\n\t\t\t\t\t<\/div>\n\t\t\t\t<\/div>\n\n\t\t\t<div\n\t\t\t\tclass=\"sow-accordion-panel-content\"\n\t\t\t\trole=\"region\"\n\t\t\t\taria-labelledby=\"accordion-label-punto-adicional\"\n\t\t\t\tid=\"accordion-content-punto-adicional\"\n\t\t\t\tstyle=\"display: none;\"\t\t\t>\n\t\t\t\t<div class=\"sow-accordion-panel-border\">\n\t\t\t\t\t<p><img loading=\"lazy\" decoding=\"async\" class=\"alignnone wp-image-3139 size-full\" src=\"https:\/\/site.educa.madrid.org\/cp.manuelvazquezmontalban.leganes\/\/wp-content\/uploads\/cp.manuelvazquezmontalban.leganes\/2026\/02\/Captura-de-pantalla-2026-02-27-132228.png\" alt=\"\" width=\"928\" height=\"267\" srcset=\"https:\/\/site.educa.madrid.org\/cp.manuelvazquezmontalban.leganes\/\/wp-content\/uploads\/cp.manuelvazquezmontalban.leganes\/2026\/02\/Captura-de-pantalla-2026-02-27-132228.png 928w, https:\/\/site.educa.madrid.org\/cp.manuelvazquezmontalban.leganes\/\/wp-content\/uploads\/cp.manuelvazquezmontalban.leganes\/2026\/02\/Captura-de-pantalla-2026-02-27-132228-300x86.png 300w, https:\/\/site.educa.madrid.org\/cp.manuelvazquezmontalban.leganes\/\/wp-content\/uploads\/cp.manuelvazquezmontalban.leganes\/2026\/02\/Captura-de-pantalla-2026-02-27-132228-768x221.png 768w\" sizes=\"auto, (max-width: 928px) 100vw, 928px\" \/><\/p>\n\t\t\t\t<\/div>\n\t\t\t<\/div>\n\t\t<\/div>\n\t\t\t<div class=\"sow-accordion-panel\"\n\t\t\t data-anchor=\"periodo-extraordinario\">\n\t\t\t\t<div class=\"sow-accordion-panel-header-container\" role=\"heading\" aria-level=\"2\">\n\t\t\t\t\t<div class=\"sow-accordion-panel-header\" tabindex=\"0\" role=\"button\" id=\"accordion-label-periodo-extraordinario\" aria-controls=\"accordion-content-periodo-extraordinario\" aria-expanded=\"false\">\n\t\t\t\t\t\t<div class=\"sow-accordion-title sow-accordion-title-icon-left\">\n\t\t\t\t\t\t\t\t\t\t\t\t\t\tPeriodo Extraordinario\t\t\t\t\t\t\t\t\t\t\t\t\t<\/div>\n\t\t\t\t\t\t<div class=\"sow-accordion-open-close-button\">\n\t\t\t\t\t\t\t<div class=\"sow-accordion-open-button\">\n\t\t\t\t\t\t\t\t<span class=\"sow-icon-fontawesome sow-fas\" data-sow-icon=\"&#x2b;\"\n\t\t \n\t\taria-hidden=\"true\"><\/span>\t\t\t\t\t\t\t<\/div>\n\t\t\t\t\t\t\t<div class=\"sow-accordion-close-button\">\n\t\t\t\t\t\t\t\t<span class=\"sow-icon-fontawesome sow-fas\" data-sow-icon=\"&#xf068;\"\n\t\t \n\t\taria-hidden=\"true\"><\/span>\t\t\t\t\t\t\t<\/div>\n\t\t\t\t\t\t<\/div>\n\t\t\t\t\t<\/div>\n\t\t\t\t<\/div>\n\n\t\t\t<div\n\t\t\t\tclass=\"sow-accordion-panel-content\"\n\t\t\t\trole=\"region\"\n\t\t\t\taria-labelledby=\"accordion-label-periodo-extraordinario\"\n\t\t\t\tid=\"accordion-content-periodo-extraordinario\"\n\t\t\t\tstyle=\"display: none;\"\t\t\t>\n\t\t\t\t<div class=\"sow-accordion-panel-border\">\n\t\t\t\t\t<p class=\"has-text-align-left\">La solicitud para participar en el proceso extraordinario de admisi\u00f3n para el <strong>curso 2026-2027<\/strong>, podr\u00e1 presentarse de forma presencial o telem\u00e1tica a partir del <br \/><strong>25 de junio de 2026 <\/strong>\u00a0en alguno de los centros en los que existan plazas vacantes para el curso de la etapa solicitado o, presencialmente, en el SAE ubicado en la C\/Maestro 11 &#8211; lateral edificio IES Pedro Duque<\/p>\n<p class=\"has-text-align-left\">-TELEM\u00c1TICAMENTE:<\/p>\n<p>https:\/\/www.comunidad.madrid\/servicios\/educacion\/solicita-tu-admision-educacion-infantil-obligatoria-bachillerato<\/p>\n<p>-PRESENCIALMENTE:<\/p>\n<p>En horario de Secretar\u00eda de 9.30h a 10.30h.<\/p>\n<p>https:\/\/www.comunidad.madrid\/servicios\/educacion\/solicita-tu-admision-educacion-infantil-obligatoria-bachillerato<\/p>\n\t\t\t\t<\/div>\n\t\t\t<\/div>\n\t\t<\/div>\n\t\t\t<div class=\"sow-accordion-panel\"\n\t\t\t data-anchor=\"centros-adscritos\">\n\t\t\t\t<div class=\"sow-accordion-panel-header-container\" role=\"heading\" aria-level=\"2\">\n\t\t\t\t\t<div class=\"sow-accordion-panel-header\" tabindex=\"0\" role=\"button\" id=\"accordion-label-centros-adscritos\" aria-controls=\"accordion-content-centros-adscritos\" aria-expanded=\"false\">\n\t\t\t\t\t\t<div class=\"sow-accordion-title sow-accordion-title-icon-left\">\n\t\t\t\t\t\t\t\t\t\t\t\t\t\tCentros adscritos\t\t\t\t\t\t\t\t\t\t\t\t\t<\/div>\n\t\t\t\t\t\t<div class=\"sow-accordion-open-close-button\">\n\t\t\t\t\t\t\t<div class=\"sow-accordion-open-button\">\n\t\t\t\t\t\t\t\t<span class=\"sow-icon-fontawesome sow-fas\" data-sow-icon=\"&#x2b;\"\n\t\t \n\t\taria-hidden=\"true\"><\/span>\t\t\t\t\t\t\t<\/div>\n\t\t\t\t\t\t\t<div class=\"sow-accordion-close-button\">\n\t\t\t\t\t\t\t\t<span class=\"sow-icon-fontawesome sow-fas\" data-sow-icon=\"&#xf068;\"\n\t\t \n\t\taria-hidden=\"true\"><\/span>\t\t\t\t\t\t\t<\/div>\n\t\t\t\t\t\t<\/div>\n\t\t\t\t\t<\/div>\n\t\t\t\t<\/div>\n\n\t\t\t<div\n\t\t\t\tclass=\"sow-accordion-panel-content\"\n\t\t\t\trole=\"region\"\n\t\t\t\taria-labelledby=\"accordion-label-centros-adscritos\"\n\t\t\t\tid=\"accordion-content-centros-adscritos\"\n\t\t\t\tstyle=\"display: none;\"\t\t\t>\n\t\t\t\t<div class=\"sow-accordion-panel-border\">\n\t\t\t\t\t<p><a href=\"https:\/\/site.educa.madrid.org\/cp.manuelvazquezmontalban.leganes\/\/wp-content\/uploads\/cp.manuelvazquezmontalban.leganes\/2025\/03\/Centros_adscritos_a_nivel_superior_a_efectos_de_escolarizacion.pdf\">Centros_adscritos_a_nivel_superior_a_efectos_de_escolarizacion<\/a><\/p>\n<p><a href=\"https:\/\/site.educa.madrid.org\/cp.manuelvazquezmontalban.leganes\/\/wp-content\/uploads\/cp.manuelvazquezmontalban.leganes\/2025\/03\/Centros_adscritos_a_nivel_inferior_a_efectos_de_escolarizacion.pdf\">Centros_adscritos_a_nivel_inferior_a_efectos_de_escolarizacion<\/a><\/p>\n<p>\u00a0<\/p>\n\t\t\t\t<\/div>\n\t\t\t<\/div>\n\t\t<\/div>\n\t\t<\/div>\n<\/div>\n<\/div>\n\n\n<figure class=\"wp-block-image size-full is-style-default\"><img decoding=\"async\" src=\"https:\/\/site.educa.madrid.org\/cp.manuelvazquezmontalban.leganes\/\/wp-content\/uploads\/cp.manuelvazquezmontalban.leganes\/2024\/04\/image-1-1024x529-1.png\" alt=\"\" class=\"wp-image-2082\"\/><\/figure>\n\n\n\n<p class=\"has-vivid-red-color has-text-color has-small-font-size\"><mark style=\"background-color:rgba(0, 0, 0, 0)\" class=\"has-inline-color has-vivid-red-color\">De acuerdo a la Ley de protecci\u00f3n de datos, no se publicar\u00e1 ning\u00fan listado en la p\u00e1gina web. Para ver los listados de:&nbsp;solicitudes recibidas,&nbsp;puntos&nbsp;(provisional y definitivo) y&nbsp;admitidos, deber\u00e1n consultarlo en la<\/mark><mark style=\"background-color:rgba(0, 0, 0, 0)\" class=\"has-inline-color has-black-color\">&nbsp;<a rel=\"noreferrer noopener\" href=\"https:\/\/raices.madrid.org\/secretariavirtual\/\" target=\"_blank\">Secretar\u00eda Virtual<\/a>&nbsp;<\/mark><mark style=\"background-color:rgba(0, 0, 0, 0)\" class=\"has-inline-color has-vivid-red-color\">de la Comunidad de Madrid o en tabl\u00f3n de anuncios en el interior del colegio.<\/mark><\/p>\n","protected":false},"excerpt":{"rendered":"<p>PROCESO DE ADMISI\u00d3N PARA EL CURSO 2026\/2027 Estimadas familias La Consejer\u00eda de Educaci\u00f3n ha publicado las instrucciones para realizar la preinscripci\u00f3n en los centros educativos de segundo ciclo de Educaci\u00f3n Infantil y Educaci\u00f3n Primaria para el pr\u00f3ximo curso. El proceso de admisi\u00f3n se realizar\u00e1 del&nbsp;11 al 25 de marzo preferentemente de forma telem\u00e1tica&nbsp;en la&nbsp;Secretaria Virtual&nbsp;de [&hellip;]<\/p>\n","protected":false},"author":2,"featured_media":0,"parent":123,"menu_order":0,"comment_status":"closed","ping_status":"closed","template":"","meta":{"footnotes":""},"folder":[],"class_list":["post-270","page","type-page","status-publish","hentry"],"rttpg_featured_image_url":null,"rttpg_author":{"display_name":"tic.cp.manuelvazquezmontalban.leganes","author_link":"https:\/\/site.educa.madrid.org\/cp.manuelvazquezmontalban.leganes\/index.php\/author\/cuenta_tic-cp-manuelvazquezmontalban-leganes\/"},"rttpg_comment":0,"rttpg_category":false,"rttpg_excerpt":"PROCESO DE ADMISI\u00d3N PARA EL CURSO 2026\/2027 Estimadas familias La Consejer\u00eda de Educaci\u00f3n ha publicado las instrucciones para realizar la preinscripci\u00f3n en los centros educativos de segundo ciclo de Educaci\u00f3n Infantil y Educaci\u00f3n Primaria para el pr\u00f3ximo curso. El proceso de admisi\u00f3n se realizar\u00e1 del&nbsp;11 al 25 de marzo preferentemente de forma telem\u00e1tica&nbsp;en la&nbsp;Secretaria Virtual&nbsp;de&hellip;","post_mailing_queue_ids":[],"_links":{"self":[{"href":"https:\/\/site.educa.madrid.org\/cp.manuelvazquezmontalban.leganes\/index.php\/wp-json\/wp\/v2\/pages\/270","targetHints":{"allow":["GET"]}}],"collection":[{"href":"https:\/\/site.educa.madrid.org\/cp.manuelvazquezmontalban.leganes\/index.php\/wp-json\/wp\/v2\/pages"}],"about":[{"href":"https:\/\/site.educa.madrid.org\/cp.manuelvazquezmontalban.leganes\/index.php\/wp-json\/wp\/v2\/types\/page"}],"author":[{"embeddable":true,"href":"https:\/\/site.educa.madrid.org\/cp.manuelvazquezmontalban.leganes\/index.php\/wp-json\/wp\/v2\/users\/2"}],"replies":[{"embeddable":true,"href":"https:\/\/site.educa.madrid.org\/cp.manuelvazquezmontalban.leganes\/index.php\/wp-json\/wp\/v2\/comments?post=270"}],"version-history":[{"count":49,"href":"https:\/\/site.educa.madrid.org\/cp.manuelvazquezmontalban.leganes\/index.php\/wp-json\/wp\/v2\/pages\/270\/revisions"}],"predecessor-version":[{"id":3156,"href":"https:\/\/site.educa.madrid.org\/cp.manuelvazquezmontalban.leganes\/index.php\/wp-json\/wp\/v2\/pages\/270\/revisions\/3156"}],"up":[{"embeddable":true,"href":"https:\/\/site.educa.madrid.org\/cp.manuelvazquezmontalban.leganes\/index.php\/wp-json\/wp\/v2\/pages\/123"}],"wp:attachment":[{"href":"https:\/\/site.educa.madrid.org\/cp.manuelvazquezmontalban.leganes\/index.php\/wp-json\/wp\/v2\/media?parent=270"}],"wp:term":[{"taxonomy":"folder","embeddable":true,"href":"https:\/\/site.educa.madrid.org\/cp.manuelvazquezmontalban.leganes\/index.php\/wp-json\/wp\/v2\/folder?post=270"}],"curies":[{"name":"wp","href":"https:\/\/api.w.org\/{rel}","templated":true}]}}