{"id":2836,"date":"2025-04-01T12:59:51","date_gmt":"2025-04-01T10:59:51","guid":{"rendered":"https:\/\/site.educa.madrid.org\/cp.manuelvazquezmontalban.leganes\/?page_id=2836"},"modified":"2025-09-23T22:25:49","modified_gmt":"2025-09-23T20:25:49","slug":"makers-4-0","status":"publish","type":"page","link":"https:\/\/site.educa.madrid.org\/cp.manuelvazquezmontalban.leganes\/index.php\/makers-4-0\/","title":{"rendered":""},"content":{"rendered":"\n<figure class=\"wp-block-image aligncenter size-large is-resized\"><img loading=\"lazy\" decoding=\"async\" width=\"1024\" height=\"320\" src=\"https:\/\/site.educa.madrid.org\/cp.manuelvazquezmontalban.leganes\/\/wp-content\/uploads\/cp.manuelvazquezmontalban.leganes\/2025\/04\/BANNER-AULA-MAKER-2-1024x320.gif\" alt=\"\" class=\"wp-image-2849\" style=\"width:1270px;height:auto\" srcset=\"https:\/\/site.educa.madrid.org\/cp.manuelvazquezmontalban.leganes\/\/wp-content\/uploads\/cp.manuelvazquezmontalban.leganes\/2025\/04\/BANNER-AULA-MAKER-2-1024x320.gif 1024w, https:\/\/site.educa.madrid.org\/cp.manuelvazquezmontalban.leganes\/\/wp-content\/uploads\/cp.manuelvazquezmontalban.leganes\/2025\/04\/BANNER-AULA-MAKER-2-300x94.gif 300w, https:\/\/site.educa.madrid.org\/cp.manuelvazquezmontalban.leganes\/\/wp-content\/uploads\/cp.manuelvazquezmontalban.leganes\/2025\/04\/BANNER-AULA-MAKER-2-768x240.gif 768w, https:\/\/site.educa.madrid.org\/cp.manuelvazquezmontalban.leganes\/\/wp-content\/uploads\/cp.manuelvazquezmontalban.leganes\/2025\/04\/BANNER-AULA-MAKER-2-1536x480.gif 1536w\" sizes=\"auto, (max-width: 1024px) 100vw, 1024px\" \/><\/figure>\n\n\n\n<h1 class=\"wp-block-heading has-text-align-center alignwide p1\">  \ud83d\ude80 <strong>Makers 4.0: Creando el Futuro<\/strong><\/h1>\n\n\n\n<p class=\"p3\">En nuestro centro apostamos por la innovaci\u00f3n y el desarrollo del pensamiento computacional. Con Makers 4.0, nuestro nuevo proyecto, los alumnos y alumnas aprenden \ud83d\udca1 programaci\u00f3n y resoluci\u00f3n de problemas a trav\u00e9s de \ud83c\udfb2 actividades desenchufadas y \ud83d\udcbb entornos digitales.<\/p>\n\n\n\n<p class=\"p3\">Hemos creado un \ud83c\udfeb aula especializada donde exploramos la tecnolog\u00eda de forma creativa, fomentando el \ud83e\udd1d trabajo en equipo, \ud83d\udd0d la l\u00f3gica y \ud83c\udfa8 la imaginaci\u00f3n.<\/p>\n\n\n\n<p class=\"p3\">\u2728 \u00a1Un espacio para aprender, experimentar y preparar a nuestros estudiantes para el mundo digital! \u2728<\/p>\n\n\n\n<div class=\"wp-block-columns is-layout-flex wp-container-core-columns-is-layout-28f84493 wp-block-columns-is-layout-flex\">\n<div class=\"wp-block-column is-layout-flow wp-block-column-is-layout-flow\">\n<figure class=\"wp-block-image size-large\"><img loading=\"lazy\" decoding=\"async\" width=\"1024\" height=\"1024\" src=\"https:\/\/site.educa.madrid.org\/cp.manuelvazquezmontalban.leganes\/\/wp-content\/uploads\/cp.manuelvazquezmontalban.leganes\/2025\/04\/32801cad-26ff-4ac3-b064-697dac6f6615-1-1024x1024.jpg\" alt=\"\" class=\"wp-image-2870\" srcset=\"https:\/\/site.educa.madrid.org\/cp.manuelvazquezmontalban.leganes\/\/wp-content\/uploads\/cp.manuelvazquezmontalban.leganes\/2025\/04\/32801cad-26ff-4ac3-b064-697dac6f6615-1-1024x1024.jpg 1024w, https:\/\/site.educa.madrid.org\/cp.manuelvazquezmontalban.leganes\/\/wp-content\/uploads\/cp.manuelvazquezmontalban.leganes\/2025\/04\/32801cad-26ff-4ac3-b064-697dac6f6615-1-300x300.jpg 300w, https:\/\/site.educa.madrid.org\/cp.manuelvazquezmontalban.leganes\/\/wp-content\/uploads\/cp.manuelvazquezmontalban.leganes\/2025\/04\/32801cad-26ff-4ac3-b064-697dac6f6615-1-150x150.jpg 150w, https:\/\/site.educa.madrid.org\/cp.manuelvazquezmontalban.leganes\/\/wp-content\/uploads\/cp.manuelvazquezmontalban.leganes\/2025\/04\/32801cad-26ff-4ac3-b064-697dac6f6615-1-768x768.jpg 768w, https:\/\/site.educa.madrid.org\/cp.manuelvazquezmontalban.leganes\/\/wp-content\/uploads\/cp.manuelvazquezmontalban.leganes\/2025\/04\/32801cad-26ff-4ac3-b064-697dac6f6615-1-500x500.jpg 500w, https:\/\/site.educa.madrid.org\/cp.manuelvazquezmontalban.leganes\/\/wp-content\/uploads\/cp.manuelvazquezmontalban.leganes\/2025\/04\/32801cad-26ff-4ac3-b064-697dac6f6615-1-1536x1536.jpg 1536w, https:\/\/site.educa.madrid.org\/cp.manuelvazquezmontalban.leganes\/\/wp-content\/uploads\/cp.manuelvazquezmontalban.leganes\/2025\/04\/32801cad-26ff-4ac3-b064-697dac6f6615-1-400x400.jpg 400w, https:\/\/site.educa.madrid.org\/cp.manuelvazquezmontalban.leganes\/\/wp-content\/uploads\/cp.manuelvazquezmontalban.leganes\/2025\/04\/32801cad-26ff-4ac3-b064-697dac6f6615-1-100x100.jpg 100w, https:\/\/site.educa.madrid.org\/cp.manuelvazquezmontalban.leganes\/\/wp-content\/uploads\/cp.manuelvazquezmontalban.leganes\/2025\/04\/32801cad-26ff-4ac3-b064-697dac6f6615-1.jpg 1734w\" sizes=\"auto, (max-width: 1024px) 100vw, 1024px\" \/><\/figure>\n<\/div>\n\n\n\n<div class=\"wp-block-column is-layout-flow wp-block-column-is-layout-flow\">\n<figure class=\"wp-block-image size-large\"><img loading=\"lazy\" decoding=\"async\" width=\"1024\" height=\"1024\" src=\"https:\/\/site.educa.madrid.org\/cp.manuelvazquezmontalban.leganes\/\/wp-content\/uploads\/cp.manuelvazquezmontalban.leganes\/2025\/04\/0ae56ac3-903b-4d79-8bc1-66c9f7c93c7c-1-1024x1024.jpg\" alt=\"\" class=\"wp-image-2869\" srcset=\"https:\/\/site.educa.madrid.org\/cp.manuelvazquezmontalban.leganes\/\/wp-content\/uploads\/cp.manuelvazquezmontalban.leganes\/2025\/04\/0ae56ac3-903b-4d79-8bc1-66c9f7c93c7c-1-1024x1024.jpg 1024w, https:\/\/site.educa.madrid.org\/cp.manuelvazquezmontalban.leganes\/\/wp-content\/uploads\/cp.manuelvazquezmontalban.leganes\/2025\/04\/0ae56ac3-903b-4d79-8bc1-66c9f7c93c7c-1-300x300.jpg 300w, https:\/\/site.educa.madrid.org\/cp.manuelvazquezmontalban.leganes\/\/wp-content\/uploads\/cp.manuelvazquezmontalban.leganes\/2025\/04\/0ae56ac3-903b-4d79-8bc1-66c9f7c93c7c-1-150x150.jpg 150w, https:\/\/site.educa.madrid.org\/cp.manuelvazquezmontalban.leganes\/\/wp-content\/uploads\/cp.manuelvazquezmontalban.leganes\/2025\/04\/0ae56ac3-903b-4d79-8bc1-66c9f7c93c7c-1-768x768.jpg 768w, https:\/\/site.educa.madrid.org\/cp.manuelvazquezmontalban.leganes\/\/wp-content\/uploads\/cp.manuelvazquezmontalban.leganes\/2025\/04\/0ae56ac3-903b-4d79-8bc1-66c9f7c93c7c-1-500x500.jpg 500w, https:\/\/site.educa.madrid.org\/cp.manuelvazquezmontalban.leganes\/\/wp-content\/uploads\/cp.manuelvazquezmontalban.leganes\/2025\/04\/0ae56ac3-903b-4d79-8bc1-66c9f7c93c7c-1-1536x1536.jpg 1536w, https:\/\/site.educa.madrid.org\/cp.manuelvazquezmontalban.leganes\/\/wp-content\/uploads\/cp.manuelvazquezmontalban.leganes\/2025\/04\/0ae56ac3-903b-4d79-8bc1-66c9f7c93c7c-1-400x400.jpg 400w, https:\/\/site.educa.madrid.org\/cp.manuelvazquezmontalban.leganes\/\/wp-content\/uploads\/cp.manuelvazquezmontalban.leganes\/2025\/04\/0ae56ac3-903b-4d79-8bc1-66c9f7c93c7c-1-100x100.jpg 100w, https:\/\/site.educa.madrid.org\/cp.manuelvazquezmontalban.leganes\/\/wp-content\/uploads\/cp.manuelvazquezmontalban.leganes\/2025\/04\/0ae56ac3-903b-4d79-8bc1-66c9f7c93c7c-1.jpg 1734w\" sizes=\"auto, (max-width: 1024px) 100vw, 1024px\" \/><\/figure>\n<\/div>\n\n\n\n<div class=\"wp-block-column is-layout-flow wp-block-column-is-layout-flow\">\n<figure class=\"wp-block-image size-large\"><img loading=\"lazy\" decoding=\"async\" width=\"1024\" height=\"1024\" src=\"https:\/\/site.educa.madrid.org\/cp.manuelvazquezmontalban.leganes\/\/wp-content\/uploads\/cp.manuelvazquezmontalban.leganes\/2025\/04\/d17522f3-3821-4e99-b1ac-6b5f840a6d0d-1-1024x1024.jpg\" alt=\"\" class=\"wp-image-2868\" srcset=\"https:\/\/site.educa.madrid.org\/cp.manuelvazquezmontalban.leganes\/\/wp-content\/uploads\/cp.manuelvazquezmontalban.leganes\/2025\/04\/d17522f3-3821-4e99-b1ac-6b5f840a6d0d-1-1024x1024.jpg 1024w, https:\/\/site.educa.madrid.org\/cp.manuelvazquezmontalban.leganes\/\/wp-content\/uploads\/cp.manuelvazquezmontalban.leganes\/2025\/04\/d17522f3-3821-4e99-b1ac-6b5f840a6d0d-1-300x300.jpg 300w, https:\/\/site.educa.madrid.org\/cp.manuelvazquezmontalban.leganes\/\/wp-content\/uploads\/cp.manuelvazquezmontalban.leganes\/2025\/04\/d17522f3-3821-4e99-b1ac-6b5f840a6d0d-1-150x150.jpg 150w, https:\/\/site.educa.madrid.org\/cp.manuelvazquezmontalban.leganes\/\/wp-content\/uploads\/cp.manuelvazquezmontalban.leganes\/2025\/04\/d17522f3-3821-4e99-b1ac-6b5f840a6d0d-1-768x768.jpg 768w, https:\/\/site.educa.madrid.org\/cp.manuelvazquezmontalban.leganes\/\/wp-content\/uploads\/cp.manuelvazquezmontalban.leganes\/2025\/04\/d17522f3-3821-4e99-b1ac-6b5f840a6d0d-1-500x500.jpg 500w, https:\/\/site.educa.madrid.org\/cp.manuelvazquezmontalban.leganes\/\/wp-content\/uploads\/cp.manuelvazquezmontalban.leganes\/2025\/04\/d17522f3-3821-4e99-b1ac-6b5f840a6d0d-1-1536x1536.jpg 1536w, https:\/\/site.educa.madrid.org\/cp.manuelvazquezmontalban.leganes\/\/wp-content\/uploads\/cp.manuelvazquezmontalban.leganes\/2025\/04\/d17522f3-3821-4e99-b1ac-6b5f840a6d0d-1-400x400.jpg 400w, https:\/\/site.educa.madrid.org\/cp.manuelvazquezmontalban.leganes\/\/wp-content\/uploads\/cp.manuelvazquezmontalban.leganes\/2025\/04\/d17522f3-3821-4e99-b1ac-6b5f840a6d0d-1-100x100.jpg 100w, https:\/\/site.educa.madrid.org\/cp.manuelvazquezmontalban.leganes\/\/wp-content\/uploads\/cp.manuelvazquezmontalban.leganes\/2025\/04\/d17522f3-3821-4e99-b1ac-6b5f840a6d0d-1.jpg 1734w\" sizes=\"auto, (max-width: 1024px) 100vw, 1024px\" \/><\/figure>\n<\/div>\n<\/div>\n\n\n\n<div class=\"wp-block-columns is-layout-flex wp-container-core-columns-is-layout-28f84493 wp-block-columns-is-layout-flex\">\n<div class=\"wp-block-column is-layout-flow wp-block-column-is-layout-flow\"><\/div>\n\n\n\n<div class=\"wp-block-column is-layout-flow wp-block-column-is-layout-flow\"><\/div>\n\n\n\n<div class=\"wp-block-column is-layout-flow wp-block-column-is-layout-flow\"><\/div>\n<\/div>\n","protected":false},"excerpt":{"rendered":"<p>\ud83d\ude80 Makers 4.0: Creando el Futuro En nuestro centro apostamos por la innovaci\u00f3n y el desarrollo del pensamiento computacional. Con Makers 4.0, nuestro nuevo proyecto, los alumnos y alumnas aprenden \ud83d\udca1 programaci\u00f3n y resoluci\u00f3n de problemas a trav\u00e9s de \ud83c\udfb2 actividades desenchufadas y \ud83d\udcbb entornos digitales. Hemos creado un \ud83c\udfeb aula especializada donde exploramos la [&hellip;]<\/p>\n","protected":false},"author":3,"featured_media":2849,"parent":0,"menu_order":0,"comment_status":"closed","ping_status":"closed","template":"","meta":{"footnotes":""},"folder":[],"class_list":["post-2836","page","type-page","status-publish","has-post-thumbnail","hentry"],"rttpg_featured_image_url":{"full":["https:\/\/site.educa.madrid.org\/cp.manuelvazquezmontalban.leganes\/\/wp-content\/uploads\/cp.manuelvazquezmontalban.leganes\/2025\/04\/BANNER-AULA-MAKER-2.gif",1920,600,false],"landscape":["https:\/\/site.educa.madrid.org\/cp.manuelvazquezmontalban.leganes\/\/wp-content\/uploads\/cp.manuelvazquezmontalban.leganes\/2025\/04\/BANNER-AULA-MAKER-2.gif",1920,600,false],"portraits":["https:\/\/site.educa.madrid.org\/cp.manuelvazquezmontalban.leganes\/\/wp-content\/uploads\/cp.manuelvazquezmontalban.leganes\/2025\/04\/BANNER-AULA-MAKER-2.gif",1920,600,false],"thumbnail":["https:\/\/site.educa.madrid.org\/cp.manuelvazquezmontalban.leganes\/\/wp-content\/uploads\/cp.manuelvazquezmontalban.leganes\/2025\/04\/BANNER-AULA-MAKER-2-150x150.gif",150,150,true],"medium":["https:\/\/site.educa.madrid.org\/cp.manuelvazquezmontalban.leganes\/\/wp-content\/uploads\/cp.manuelvazquezmontalban.leganes\/2025\/04\/BANNER-AULA-MAKER-2-300x94.gif",300,94,true],"large":["https:\/\/site.educa.madrid.org\/cp.manuelvazquezmontalban.leganes\/\/wp-content\/uploads\/cp.manuelvazquezmontalban.leganes\/2025\/04\/BANNER-AULA-MAKER-2-1024x320.gif",640,200,true],"thumblist":["https:\/\/site.educa.madrid.org\/cp.manuelvazquezmontalban.leganes\/\/wp-content\/uploads\/cp.manuelvazquezmontalban.leganes\/2025\/04\/BANNER-AULA-MAKER-2-300x300.gif",300,300,true],"thumbrelated":["https:\/\/site.educa.madrid.org\/cp.manuelvazquezmontalban.leganes\/\/wp-content\/uploads\/cp.manuelvazquezmontalban.leganes\/2025\/04\/BANNER-AULA-MAKER-2-500x500.gif",500,500,true],"meccarouselthumb":["https:\/\/site.educa.madrid.org\/cp.manuelvazquezmontalban.leganes\/\/wp-content\/uploads\/cp.manuelvazquezmontalban.leganes\/2025\/04\/BANNER-AULA-MAKER-2-474x324.gif",474,324,true],"gridsquare":["https:\/\/site.educa.madrid.org\/cp.manuelvazquezmontalban.leganes\/\/wp-content\/uploads\/cp.manuelvazquezmontalban.leganes\/2025\/04\/BANNER-AULA-MAKER-2-391x260.gif",391,260,true],"tileview":["https:\/\/site.educa.madrid.org\/cp.manuelvazquezmontalban.leganes\/\/wp-content\/uploads\/cp.manuelvazquezmontalban.leganes\/2025\/04\/BANNER-AULA-MAKER-2-300x400.gif",300,400,true],"1536x1536":["https:\/\/site.educa.madrid.org\/cp.manuelvazquezmontalban.leganes\/\/wp-content\/uploads\/cp.manuelvazquezmontalban.leganes\/2025\/04\/BANNER-AULA-MAKER-2-1536x480.gif",1536,480,true],"2048x2048":["https:\/\/site.educa.madrid.org\/cp.manuelvazquezmontalban.leganes\/\/wp-content\/uploads\/cp.manuelvazquezmontalban.leganes\/2025\/04\/BANNER-AULA-MAKER-2.gif",1920,600,false],"total-portfolio-thumb":["https:\/\/site.educa.madrid.org\/cp.manuelvazquezmontalban.leganes\/\/wp-content\/uploads\/cp.manuelvazquezmontalban.leganes\/2025\/04\/BANNER-AULA-MAKER-2-400x400.gif",400,400,true],"total-team-thumb":["https:\/\/site.educa.madrid.org\/cp.manuelvazquezmontalban.leganes\/\/wp-content\/uploads\/cp.manuelvazquezmontalban.leganes\/2025\/04\/BANNER-AULA-MAKER-2-350x420.gif",350,420,true],"total-blog-thumb":["https:\/\/site.educa.madrid.org\/cp.manuelvazquezmontalban.leganes\/\/wp-content\/uploads\/cp.manuelvazquezmontalban.leganes\/2025\/04\/BANNER-AULA-MAKER-2-400x280.gif",400,280,true],"total-thumb":["https:\/\/site.educa.madrid.org\/cp.manuelvazquezmontalban.leganes\/\/wp-content\/uploads\/cp.manuelvazquezmontalban.leganes\/2025\/04\/BANNER-AULA-MAKER-2-100x100.gif",100,100,true],"total-blog-header":["https:\/\/site.educa.madrid.org\/cp.manuelvazquezmontalban.leganes\/\/wp-content\/uploads\/cp.manuelvazquezmontalban.leganes\/2025\/04\/BANNER-AULA-MAKER-2-720x360.gif",720,360,true],"sow-carousel-default":["https:\/\/site.educa.madrid.org\/cp.manuelvazquezmontalban.leganes\/\/wp-content\/uploads\/cp.manuelvazquezmontalban.leganes\/2025\/04\/BANNER-AULA-MAKER-2-272x182.gif",272,182,true],"sow-post-carousel-overlay-theme":["https:\/\/site.educa.madrid.org\/cp.manuelvazquezmontalban.leganes\/\/wp-content\/uploads\/cp.manuelvazquezmontalban.leganes\/2025\/04\/BANNER-AULA-MAKER-2.gif",360,113,false],"sow-post-carousel-cards-theme":["https:\/\/site.educa.madrid.org\/cp.manuelvazquezmontalban.leganes\/\/wp-content\/uploads\/cp.manuelvazquezmontalban.leganes\/2025\/04\/BANNER-AULA-MAKER-2.gif",360,113,false],"rt_custom":["https:\/\/site.educa.madrid.org\/cp.manuelvazquezmontalban.leganes\/\/wp-content\/uploads\/cp.manuelvazquezmontalban.leganes\/2025\/04\/BANNER-AULA-MAKER-2.gif",1920,600,false]},"rttpg_author":{"display_name":"cp.manuelvazquezmontalban.leganes","author_link":"https:\/\/site.educa.madrid.org\/cp.manuelvazquezmontalban.leganes\/index.php\/author\/cuenta_cp-manuelvazquezmontalban-leganes\/"},"rttpg_comment":0,"rttpg_category":false,"rttpg_excerpt":"\ud83d\ude80 Makers 4.0: Creando el Futuro En nuestro centro apostamos por la innovaci\u00f3n y el desarrollo del pensamiento computacional. Con Makers 4.0, nuestro nuevo proyecto, los alumnos y alumnas aprenden \ud83d\udca1 programaci\u00f3n y resoluci\u00f3n de problemas a trav\u00e9s de \ud83c\udfb2 actividades desenchufadas y \ud83d\udcbb entornos digitales. Hemos creado un \ud83c\udfeb aula especializada donde exploramos la&hellip;","post_mailing_queue_ids":[],"_links":{"self":[{"href":"https:\/\/site.educa.madrid.org\/cp.manuelvazquezmontalban.leganes\/index.php\/wp-json\/wp\/v2\/pages\/2836","targetHints":{"allow":["GET"]}}],"collection":[{"href":"https:\/\/site.educa.madrid.org\/cp.manuelvazquezmontalban.leganes\/index.php\/wp-json\/wp\/v2\/pages"}],"about":[{"href":"https:\/\/site.educa.madrid.org\/cp.manuelvazquezmontalban.leganes\/index.php\/wp-json\/wp\/v2\/types\/page"}],"author":[{"embeddable":true,"href":"https:\/\/site.educa.madrid.org\/cp.manuelvazquezmontalban.leganes\/index.php\/wp-json\/wp\/v2\/users\/3"}],"replies":[{"embeddable":true,"href":"https:\/\/site.educa.madrid.org\/cp.manuelvazquezmontalban.leganes\/index.php\/wp-json\/wp\/v2\/comments?post=2836"}],"version-history":[{"count":7,"href":"https:\/\/site.educa.madrid.org\/cp.manuelvazquezmontalban.leganes\/index.php\/wp-json\/wp\/v2\/pages\/2836\/revisions"}],"predecessor-version":[{"id":3014,"href":"https:\/\/site.educa.madrid.org\/cp.manuelvazquezmontalban.leganes\/index.php\/wp-json\/wp\/v2\/pages\/2836\/revisions\/3014"}],"wp:featuredmedia":[{"embeddable":true,"href":"https:\/\/site.educa.madrid.org\/cp.manuelvazquezmontalban.leganes\/index.php\/wp-json\/wp\/v2\/media\/2849"}],"wp:attachment":[{"href":"https:\/\/site.educa.madrid.org\/cp.manuelvazquezmontalban.leganes\/index.php\/wp-json\/wp\/v2\/media?parent=2836"}],"wp:term":[{"taxonomy":"folder","embeddable":true,"href":"https:\/\/site.educa.madrid.org\/cp.manuelvazquezmontalban.leganes\/index.php\/wp-json\/wp\/v2\/folder?post=2836"}],"curies":[{"name":"wp","href":"https:\/\/api.w.org\/{rel}","templated":true}]}}