{"id":288,"date":"2022-05-18T13:14:54","date_gmt":"2022-05-18T11:14:54","guid":{"rendered":"https:\/\/site.educa.madrid.org\/cp.manuelvazquezmontalban.leganes\/?page_id=288"},"modified":"2025-01-16T10:18:19","modified_gmt":"2025-01-16T09:18:19","slug":"revista-montalban","status":"publish","type":"page","link":"https:\/\/site.educa.madrid.org\/cp.manuelvazquezmontalban.leganes\/index.php\/revista-montalban\/","title":{"rendered":"MONTALBAN\u00cdSIMOS"},"content":{"rendered":"\n<blockquote class=\"wp-block-quote has-medium-font-size is-layout-flow wp-block-quote-is-layout-flow\">\n<p class=\"has-drop-cap has-black-color has-text-color has-medium-font-size\">Montalban\u00edsimos es el proyecto de revista escolar en el centro. Es un proyecto interdisciplinar que da cabida a todas las \u00e1reas curriculares y que pone su \u00e9nfasis principal en las destrezas comunicativas, tanto escritas como orales, siendo estas uno de los pilares fundamentales del proyecto acad\u00e9mico del centro<\/p>\n<\/blockquote>\n\n\n\n<p class=\"has-small-font-size\" style=\"line-height:2\">Este proyecto nace con la intenci\u00f3n de despertar el inter\u00e9s del alumado, principalmente e de aquellos que est\u00e1n cursando los \u00faltimos cursosde Primaria, con la posibilidad de que un buen comportamiento y actitud en el centro les permita colaborar en la elaboraci\u00f3n del dise\u00f1o, creando nuevos espacios para la misma y contarnos sus experiencias en el centro, dejando un legado que los m\u00e1s peque\u00f1os ir\u00e1n cogiendo.<\/p>\n\n\n\n<p class=\"has-small-font-size\" style=\"line-height:2\">Adem\u00e1s, el dise\u00f1o de la revista se abre siempre a la participaci\u00f3n del alumnado de todos los niveles, dise\u00f1ando secciones con todos los niveles. Estas secciones ser\u00e1n presentadas o tendr\u00e1n como participantes principales a alumnos de ese nivel. Con esta idea se pretende alcanzar que los alumnos de todo el centro sientan como suya la revista de su propio colegio.<\/p>\n\n\n\n<p class=\"has-small-font-size\" style=\"line-height:2\">Es importante destacar tambi\u00e9n el papel fundamental de las herramientas digitales, ya que las mismas son utilizadas para coordinar el trabajo entre los alumnos con los coordinadores del proyecto a trav\u00e9s del trabajo a trav\u00e9s de aulas virtuales. Dicho manejo de las herramientas est\u00e1 guiado en todo momento por sus tutores y los maestros encargados de dirigir el proyecto. Todo ello queda enmarcado dentro del Plan Digital de Centro.<\/p>\n\n\n\n<p class=\"has-small-font-size\" style=\"line-height:2\">Por \u00faltimo, indicar que este proyecto est\u00e1 dise\u00f1ado por y para toda la comunidad educativa del centro, ya que en \u00e9l participan todos los miembros de la misma: equipo directivo, maestros, alumnos, familias, personal no docente y miembros de su entorno. De igual manera, buscamos que sea una oportunidad tambi\u00e9n de encuentros con grandes comunicadores que nos gu\u00eden en esta aventura que acabamos de comenzar.<\/p>\n\n\n\n<h2 class=\"wp-block-heading has-white-color has-vivid-green-cyan-background-color has-text-color has-background\">Revista 2024\/2025<\/h2>\n\n\n\n<div data-wp-interactive=\"core\/file\" class=\"wp-block-file\"><object data-wp-bind--hidden=\"!state.hasPdfPreview\" hidden class=\"wp-block-file__embed\" data=\"https:\/\/site.educa.madrid.org\/cp.manuelvazquezmontalban.leganes\/\/wp-content\/uploads\/cp.manuelvazquezmontalban.leganes\/2024\/12\/MONTALBANISIMOS-No-10.pdf\" type=\"application\/pdf\" style=\"width:100%;height:600px\" aria-label=\"Incrustado de MONTALBANISIMOS-No-10.\"><\/object><a id=\"wp-block-file--media-0a2c6219-82f0-49de-a6a0-4136d63bf1b1\" href=\"https:\/\/site.educa.madrid.org\/cp.manuelvazquezmontalban.leganes\/\/wp-content\/uploads\/cp.manuelvazquezmontalban.leganes\/2024\/12\/MONTALBANISIMOS-No-10.pdf\">MONTALBANISIMOS-No-10<\/a><a href=\"https:\/\/site.educa.madrid.org\/cp.manuelvazquezmontalban.leganes\/\/wp-content\/uploads\/cp.manuelvazquezmontalban.leganes\/2024\/12\/MONTALBANISIMOS-No-10.pdf\" class=\"wp-block-file__button wp-element-button\" download aria-describedby=\"wp-block-file--media-0a2c6219-82f0-49de-a6a0-4136d63bf1b1\">Descarga<\/a><\/div>\n\n\n\n<h2 class=\"wp-block-heading has-white-color has-vivid-green-cyan-background-color has-text-color has-background\">Revista 2023\/2024<\/h2>\n\n\n<p><iframe loading=\"lazy\" src=\"https:\/\/mediateca.educa.madrid.org\/documentos\/ayk5v8ebzujj5hz2\/fs\" width=\"630\" height=\"387\" frameborder=\"0\" scrolling=\"no\" style=\"border:0;overflow:hidden\" allowfullscreen><\/iframe><\/p>\n\n\n<p><iframe loading=\"lazy\" src=\"https:\/\/mediateca.educa.madrid.org\/documentos\/rtdk9k77w1rnb62e\/fs\" width=\"630\" height=\"387\" frameborder=\"0\" scrolling=\"no\" style=\"border:0;overflow:hidden\" allowfullscreen=\"\"><\/iframe><\/p>\n\n\n<p><iframe loading=\"lazy\" src=\"https:\/\/mediateca.educa.madrid.org\/documentos\/thqeh4ymoqu2wz9a\/fs\" width=\"630\" height=\"387\" frameborder=\"0\" scrolling=\"no\" style=\"border:0;overflow:hidden\" allowfullscreen=\"\"><\/iframe><\/p>\n\n\n\n<h2 class=\"wp-block-heading has-white-color has-vivid-green-cyan-background-color has-text-color has-background\">Revista 2022\/2023<\/h2>\n\n\n<p><iframe loading=\"lazy\" src=\"https:\/\/mediateca.educa.madrid.org\/documentos\/8zwtek3klofnupld\/fs\" width=\"630\" height=\"387\" frameborder=\"0\" scrolling=\"no\" style=\"border:0;overflow:hidden\" allowfullscreen=\"\"><\/iframe><\/p>\n\n\n<p><iframe loading=\"lazy\" src=\"https:\/\/mediateca.educa.madrid.org\/documentos\/lwy5ayycy9jr5oyq\/fs\" width=\"630\" height=\"387\" frameborder=\"0\" scrolling=\"no\" style=\"border:0;overflow:hidden\" allowfullscreen=\"\"><\/iframe><\/p>\n\n\n<p><iframe loading=\"lazy\" src=\"https:\/\/mediateca.educa.madrid.org\/documentos\/kdpfrtfovnww1qxu\/fs\" width=\"630\" height=\"387\" frameborder=\"0\" scrolling=\"no\" style=\"border:0;overflow:hidden\" allowfullscreen=\"\"><\/iframe><\/p>\n\n\n\n<h2 class=\"wp-block-heading has-white-color has-vivid-green-cyan-background-color has-text-color has-background\">Revista 2021\/2022<\/h2>\n\n\n<p><iframe loading=\"lazy\" src=\"https:\/\/mediateca.educa.madrid.org\/documentos\/6dmjz9mdb87p2sp9\/fs\" width=\"630\" height=\"387\" frameborder=\"0\" scrolling=\"no\" style=\"border:0;overflow:hidden\" allowfullscreen=\"\"><\/iframe><\/p>\n\n\n\n<div class=\"wp-block-group is-layout-flow wp-block-group-is-layout-flow\">\n<div class=\"wp-block-columns is-layout-flex wp-container-core-columns-is-layout-28f84493 wp-block-columns-is-layout-flex\">\n<div class=\"wp-block-column is-layout-flow wp-block-column-is-layout-flow\" style=\"flex-basis:25%\"><\/div>\n\n\n\n<div class=\"wp-block-column is-layout-flow wp-block-column-is-layout-flow\" style=\"flex-basis:50%\"><\/div>\n\n\n\n<div class=\"wp-block-column is-layout-flow wp-block-column-is-layout-flow\" style=\"flex-basis:25%\"><\/div>\n<\/div>\n<\/div>\n\n\n<p><iframe loading=\"lazy\" src=\"https:\/\/mediateca.educa.madrid.org\/documentos\/614huu77d8o7twyw\/fs\" width=\"630\" height=\"387\" frameborder=\"0\" scrolling=\"no\" style=\"border:0;overflow:hidden\" allowfullscreen=\"\"><\/iframe\n\n<\/p>\n\n\n<p><iframe loading=\"lazy\" src=\"https:\/\/mediateca.educa.madrid.org\/documentos\/quvpv99n1l8s8q3p\/fs\" width=\"630\" height=\"387\" frameborder=\"0\" scrolling=\"no\" style=\"border:0;overflow:hidden\" allowfullscreen=\"\"><\/iframe><\/p>\n","protected":false},"excerpt":{"rendered":"<p>Montalban\u00edsimos es el proyecto de revista escolar en el centro. Es un proyecto interdisciplinar que da cabida a todas las \u00e1reas curriculares y que pone su \u00e9nfasis principal en las destrezas comunicativas, tanto escritas como orales, siendo estas uno de los pilares fundamentales del proyecto acad\u00e9mico del centro Este proyecto nace con la intenci\u00f3n de [&hellip;]<\/p>\n","protected":false},"author":2,"featured_media":0,"parent":0,"menu_order":0,"comment_status":"closed","ping_status":"closed","template":"","meta":{"footnotes":""},"folder":[],"class_list":["post-288","page","type-page","status-publish","hentry"],"rttpg_featured_image_url":null,"rttpg_author":{"display_name":"tic.cp.manuelvazquezmontalban.leganes","author_link":"https:\/\/site.educa.madrid.org\/cp.manuelvazquezmontalban.leganes\/index.php\/author\/cuenta_tic-cp-manuelvazquezmontalban-leganes\/"},"rttpg_comment":0,"rttpg_category":false,"rttpg_excerpt":"Montalban\u00edsimos es el proyecto de revista escolar en el centro. Es un proyecto interdisciplinar que da cabida a todas las \u00e1reas curriculares y que pone su \u00e9nfasis principal en las destrezas comunicativas, tanto escritas como orales, siendo estas uno de los pilares fundamentales del proyecto acad\u00e9mico del centro Este proyecto nace con la intenci\u00f3n de&hellip;","post_mailing_queue_ids":[],"_links":{"self":[{"href":"https:\/\/site.educa.madrid.org\/cp.manuelvazquezmontalban.leganes\/index.php\/wp-json\/wp\/v2\/pages\/288","targetHints":{"allow":["GET"]}}],"collection":[{"href":"https:\/\/site.educa.madrid.org\/cp.manuelvazquezmontalban.leganes\/index.php\/wp-json\/wp\/v2\/pages"}],"about":[{"href":"https:\/\/site.educa.madrid.org\/cp.manuelvazquezmontalban.leganes\/index.php\/wp-json\/wp\/v2\/types\/page"}],"author":[{"embeddable":true,"href":"https:\/\/site.educa.madrid.org\/cp.manuelvazquezmontalban.leganes\/index.php\/wp-json\/wp\/v2\/users\/2"}],"replies":[{"embeddable":true,"href":"https:\/\/site.educa.madrid.org\/cp.manuelvazquezmontalban.leganes\/index.php\/wp-json\/wp\/v2\/comments?post=288"}],"version-history":[{"count":36,"href":"https:\/\/site.educa.madrid.org\/cp.manuelvazquezmontalban.leganes\/index.php\/wp-json\/wp\/v2\/pages\/288\/revisions"}],"predecessor-version":[{"id":2596,"href":"https:\/\/site.educa.madrid.org\/cp.manuelvazquezmontalban.leganes\/index.php\/wp-json\/wp\/v2\/pages\/288\/revisions\/2596"}],"wp:attachment":[{"href":"https:\/\/site.educa.madrid.org\/cp.manuelvazquezmontalban.leganes\/index.php\/wp-json\/wp\/v2\/media?parent=288"}],"wp:term":[{"taxonomy":"folder","embeddable":true,"href":"https:\/\/site.educa.madrid.org\/cp.manuelvazquezmontalban.leganes\/index.php\/wp-json\/wp\/v2\/folder?post=288"}],"curies":[{"name":"wp","href":"https:\/\/api.w.org\/{rel}","templated":true}]}}