{"id":296,"date":"2022-05-18T13:16:49","date_gmt":"2022-05-18T11:16:49","guid":{"rendered":"https:\/\/site.educa.madrid.org\/cp.manuelvazquezmontalban.leganes\/?page_id=296"},"modified":"2024-04-05T15:41:20","modified_gmt":"2024-04-05T13:41:20","slug":"oferta-educativa","status":"publish","type":"page","link":"https:\/\/site.educa.madrid.org\/cp.manuelvazquezmontalban.leganes\/index.php\/el-centro\/oferta-educativa\/","title":{"rendered":"Oferta Educativa"},"content":{"rendered":"\n<h2 class=\"wp-block-heading has-text-align-center has-pale-cyan-blue-background-color has-background\" style=\"font-size:clamp(18.959px, 1.185rem + ((1vw - 3.2px) * 1.255), 30px);font-style:normal;font-weight:900;letter-spacing:2px;text-transform:uppercase\">ENSE\u00d1ANZAS<\/h2>\n\n\n\n<div class=\"wp-block-group has-black-color has-text-color is-layout-constrained wp-block-group-is-layout-constrained\" style=\"font-size:clamp(14px, 0.875rem + ((1vw - 3.2px) * 0.114), 15px);font-style:normal;font-weight:400\">\n<p>En nuestro Centro P\u00fablico se imparten las siguientes ense\u00f1anzas:<\/p>\n\n\n\n<ul class=\"wp-block-list\">\n<li>Educaci\u00f3n Infantil,&nbsp;Segundo Ciclo (de 3 a 6 a\u00f1os).<\/li>\n\n\n\n<li>Educaci\u00f3n Primaria, de Primero a Sexto curso.<\/li>\n<\/ul>\n\n\n\n<p>Se imparte una segunda lengua,&nbsp;ingl\u00e9s, desde Educaci\u00f3n Infantil para todos los alumnos\/as, con ampliaci\u00f3n horaria en Educaci\u00f3n Primaria.<\/p>\n\n\n\n<p>En Educaci\u00f3n Infantil el alumnado recibe clases de las distintas \u00e1reas adem\u00e1s de&nbsp;Psicomotricidad, M\u00fasica, Inform\u00e1tica&nbsp;y&nbsp;Religi\u00f3n o Atenci\u00f3n Educativa.&nbsp;<\/p>\n\n\n\n<p>En nuestro centro utilizamos las&nbsp;Tecnolog\u00edas de la Informaci\u00f3n y la Comunicaci\u00f3n&nbsp;desde los tres a\u00f1os hasta los doce en nuestras aulas. Para ello disponemos de pizarras digitales en todas las aulas, aula de inform\u00e1tica y tablets para el alumnado.<\/p>\n\n\n\n<p>El alumnado con Necesidades Espec\u00edficas de Apoyo Educativo, cuenta con los servicios de&nbsp;Pedagog\u00eda Terape\u00fatica,&nbsp;Audici\u00f3n y Lenguaje&nbsp;y&nbsp;Educaci\u00f3n Compensatoria.<\/p>\n\n\n\n<p>Adem\u00e1s de las distintas ense\u00f1anzas de las \u00e1reas del curr\u00edculo, los alumnos podr\u00e1n participar en diferentes actividades complementarias, tanto fuera del centro en diversas excursiones como en el propio centro en jornadas culturales, carnavales, talleres, etc.<\/p>\n\n\n\n<p>Del&nbsp;Equipo de Orientaci\u00f3n&nbsp;de la zona nos viene una&nbsp;orientadora&nbsp;para atender a los ni\u00f1os que requieren evaluaci\u00f3n psicopedag\u00f3gica y realizar el seguimiento de aquellos alumnos con unas necesidades educativas especiales, tres d\u00edas en semana. Igualmente, dos veces al mes, presta sus servicios una&nbsp;PTSC (Profesor T\u00e9cnico de Servicios a la Comunidad).&nbsp;<\/p>\n\n\n\n<p class=\"has-black-color has-text-color\" style=\"font-size:clamp(14px, 0.875rem + ((1vw - 3.2px) * 0.114), 15px);\">Nuestro centro es&nbsp;Centro de&nbsp;Formaci\u00f3n de Alumnos de Pr\u00e1cticas de las Facultades de Educaci\u00f3n&nbsp;de las Universidades Aut\u00f3noma, Universidad Complutense y la Escuela Escuni entre otras.<\/p>\n<\/div>\n","protected":false},"excerpt":{"rendered":"<p>ENSE\u00d1ANZAS En nuestro Centro P\u00fablico se imparten las siguientes ense\u00f1anzas: Se imparte una segunda lengua,&nbsp;ingl\u00e9s, desde Educaci\u00f3n Infantil para todos los alumnos\/as, con ampliaci\u00f3n horaria en Educaci\u00f3n Primaria. En Educaci\u00f3n Infantil el alumnado recibe clases de las distintas \u00e1reas adem\u00e1s de&nbsp;Psicomotricidad, M\u00fasica, Inform\u00e1tica&nbsp;y&nbsp;Religi\u00f3n o Atenci\u00f3n Educativa.&nbsp; En nuestro centro utilizamos las&nbsp;Tecnolog\u00edas de la Informaci\u00f3n y [&hellip;]<\/p>\n","protected":false},"author":2,"featured_media":0,"parent":122,"menu_order":0,"comment_status":"closed","ping_status":"closed","template":"","meta":{"footnotes":""},"folder":[],"class_list":["post-296","page","type-page","status-publish","hentry"],"rttpg_featured_image_url":null,"rttpg_author":{"display_name":"tic.cp.manuelvazquezmontalban.leganes","author_link":"https:\/\/site.educa.madrid.org\/cp.manuelvazquezmontalban.leganes\/index.php\/author\/cuenta_tic-cp-manuelvazquezmontalban-leganes\/"},"rttpg_comment":0,"rttpg_category":false,"rttpg_excerpt":"ENSE\u00d1ANZAS En nuestro Centro P\u00fablico se imparten las siguientes ense\u00f1anzas: Se imparte una segunda lengua,&nbsp;ingl\u00e9s, desde Educaci\u00f3n Infantil para todos los alumnos\/as, con ampliaci\u00f3n horaria en Educaci\u00f3n Primaria. En Educaci\u00f3n Infantil el alumnado recibe clases de las distintas \u00e1reas adem\u00e1s de&nbsp;Psicomotricidad, M\u00fasica, Inform\u00e1tica&nbsp;y&nbsp;Religi\u00f3n o Atenci\u00f3n Educativa.&nbsp; En nuestro centro utilizamos las&nbsp;Tecnolog\u00edas de la Informaci\u00f3n y&hellip;","post_mailing_queue_ids":[],"_links":{"self":[{"href":"https:\/\/site.educa.madrid.org\/cp.manuelvazquezmontalban.leganes\/index.php\/wp-json\/wp\/v2\/pages\/296","targetHints":{"allow":["GET"]}}],"collection":[{"href":"https:\/\/site.educa.madrid.org\/cp.manuelvazquezmontalban.leganes\/index.php\/wp-json\/wp\/v2\/pages"}],"about":[{"href":"https:\/\/site.educa.madrid.org\/cp.manuelvazquezmontalban.leganes\/index.php\/wp-json\/wp\/v2\/types\/page"}],"author":[{"embeddable":true,"href":"https:\/\/site.educa.madrid.org\/cp.manuelvazquezmontalban.leganes\/index.php\/wp-json\/wp\/v2\/users\/2"}],"replies":[{"embeddable":true,"href":"https:\/\/site.educa.madrid.org\/cp.manuelvazquezmontalban.leganes\/index.php\/wp-json\/wp\/v2\/comments?post=296"}],"version-history":[{"count":10,"href":"https:\/\/site.educa.madrid.org\/cp.manuelvazquezmontalban.leganes\/index.php\/wp-json\/wp\/v2\/pages\/296\/revisions"}],"predecessor-version":[{"id":2902,"href":"https:\/\/site.educa.madrid.org\/cp.manuelvazquezmontalban.leganes\/index.php\/wp-json\/wp\/v2\/pages\/296\/revisions\/2902"}],"up":[{"embeddable":true,"href":"https:\/\/site.educa.madrid.org\/cp.manuelvazquezmontalban.leganes\/index.php\/wp-json\/wp\/v2\/pages\/122"}],"wp:attachment":[{"href":"https:\/\/site.educa.madrid.org\/cp.manuelvazquezmontalban.leganes\/index.php\/wp-json\/wp\/v2\/media?parent=296"}],"wp:term":[{"taxonomy":"folder","embeddable":true,"href":"https:\/\/site.educa.madrid.org\/cp.manuelvazquezmontalban.leganes\/index.php\/wp-json\/wp\/v2\/folder?post=296"}],"curies":[{"name":"wp","href":"https:\/\/api.w.org\/{rel}","templated":true}]}}