{"id":298,"date":"2022-05-18T13:17:11","date_gmt":"2022-05-18T11:17:11","guid":{"rendered":"https:\/\/site.educa.madrid.org\/cp.manuelvazquezmontalban.leganes\/?page_id=298"},"modified":"2024-11-25T12:24:16","modified_gmt":"2024-11-25T11:24:16","slug":"objetivos","status":"publish","type":"page","link":"https:\/\/site.educa.madrid.org\/cp.manuelvazquezmontalban.leganes\/index.php\/el-centro\/objetivos\/","title":{"rendered":"Objetivos"},"content":{"rendered":"\n<h3 class=\"wp-block-heading has-text-align-center has-black-color has-pale-cyan-blue-background-color has-text-color has-background\" style=\"font-size:clamp(18.959px, 1.185rem + ((1vw - 3.2px) * 1.255), 30px);font-style:normal;font-weight:900;line-height:0;text-transform:uppercase\"><strong>Objetivos<\/strong><\/h3>\n\n\n\n<p class=\"has-black-color has-text-color\" style=\"font-size:clamp(14px, 0.875rem + ((1vw - 3.2px) * 0.114), 15px);\">La Misi\u00f3n del&nbsp;CEIP Manuel V\u00e1zquez Montalb\u00e1n&nbsp;es la educaci\u00f3n integral de los alumnos, incluyendo aspectos cognitivos, afectivos, sociales y culturales, para que adquieran conocimientos y estrategias basados en unos h\u00e1bitos de trabajo y orden que les permita desarrollar su autonom\u00eda como base de futuros estudios. Todo ello dentro de un ambiente de complicidad y colaboraci\u00f3n con las familias.<\/p>\n\n\n\n<div class=\"wp-block-group has-black-color has-text-color is-layout-constrained wp-block-group-is-layout-constrained\" style=\"font-size:clamp(14px, 0.875rem + ((1vw - 3.2px) * 0.114), 15px);\">\n<p style=\"font-size:clamp(14px, 0.875rem + ((1vw - 3.2px) * 0.114), 15px);line-height:0.4\">Tomando como base de todo ello valores como:<\/p>\n\n\n\n<p style=\"font-size:clamp(14px, 0.875rem + ((1vw - 3.2px) * 0.114), 15px);line-height:0.4\">* El respeto a la dignidad y la solidaridad entre todas las personas.<\/p>\n\n\n\n<p style=\"font-size:clamp(14px, 0.875rem + ((1vw - 3.2px) * 0.114), 15px);line-height:0.4\">* La integraci\u00f3n de las distintas culturas e ideolog\u00edas.<\/p>\n\n\n\n<p style=\"font-size:clamp(14px, 0.875rem + ((1vw - 3.2px) * 0.114), 15px);line-height:0.4\">* El esfuerzo en el trabajo como medio para la mejora&nbsp;constante. El di\u00e1logo como instrumento para consensuar criterios comunes.&nbsp;<\/p>\n\n\n\n<p style=\"font-size:clamp(14px, 0.875rem + ((1vw - 3.2px) * 0.114), 15px);line-height:0.4\">* La participaci\u00f3n responsable de toda la comunidad educativa en el Proyecto de Centro, con actitudes cr\u00edticas positiva.<\/p>\n\n\n\n<p style=\"font-size:clamp(14px, 0.875rem + ((1vw - 3.2px) * 0.114), 15px);line-height:0.4\">* La formaci\u00f3n e innovaci\u00f3n continua.<\/p>\n\n\n\n<p style=\"font-size:clamp(14px, 0.875rem + ((1vw - 3.2px) * 0.114), 15px);line-height:0.4\">* Los valores de partida para el Humanismo Universal.<\/p>\n\n\n\n<p style=\"font-size:clamp(14px, 0.875rem + ((1vw - 3.2px) * 0.114), 15px);line-height:0.4\">El PROYECTO EDUCATIVO DE CENTRO&nbsp;que ofrecemos puede resumirse en:<\/p>\n\n\n\n<p style=\"font-size:clamp(14px, 0.875rem + ((1vw - 3.2px) * 0.114), 15px);\">Formaci\u00f3n equilibrada entre los factores de desarrollo intelectual y desarrollo personal.<br>Favorecemos el desarrollo integral de los alumnos de acuerdo con sus ritmos evolutivos y capacidades intelectuales.<br>Un clima de relaciones entre toda la Comunidad Educativo centrado en el respeto y la solidaridad.<br>Educamos para que los alumnos puedan alcanzar el m\u00e1ximo grado de integraci\u00f3n social de acuerdo con sus posibilidades.<br>Potenciamos, estimulamos y fomentamos la participaci\u00f3n de todos los sectores implicados en la educaci\u00f3n y formaci\u00f3n de los alumnos.<br>Dedicaci\u00f3n especial al desarrollo de los siguientes valores b\u00e1sicos: responsabilidad, trabajo, compa\u00f1erismo, prudencia, justicia, limpieza y aseo, afectividad, sociabilidad, inteligencia, colaboraci\u00f3n, integridad de costumbres, tolerancia, creatividad y respeto.<\/p>\n\n\n\n<p>Una l\u00ednea metodol\u00f3gica basada en:<\/p>\n\n\n\n<p class=\"has-black-color has-text-color\" style=\"font-size:clamp(14px, 0.875rem + ((1vw - 3.2px) * 0.114), 15px);\">a) Principio de individualizaci\u00f3n, basado en la creatividad.<\/p>\n\n\n\n<p>b) Principio de socializaci\u00f3n, a trav\u00e9s de la experiencia cotidiana.<\/p>\n\n\n\n<p>c) Principio de autonom\u00eda, dotando a los alumnos de procedimientos y t\u00e9cnicas de trabajo que sirvan para realizar aprendizajes significativos.<\/p>\n\n\n\n<p>d) Metodolog\u00edas activas.<\/p>\n\n\n\n<p>Este modo de educaci\u00f3n exige que seamos una aut\u00e9ntica Comunidad Educativa a trav\u00e9s de una participaci\u00f3n efectiva y de una acci\u00f3n educativa coherente que se basa en el r\u00e9gimen de convivencia establecido en el Centro, al amparo del nuevo Decreto de convivencia 60\/2020 de 29 de julio que modifica el Decreto 32\/2019, de 9 de abril, del Consejo de Gobierno, por el que se establece el marco regulador de la convivencia en los centros docentes de la Comunidad de Madrid y que propicia el clima de responsabilidad, de trabajo y de esfuerzo, a fin de que el alumno se ejercite en los valores que hacen posible la vida en la sociedad y adquiera h\u00e1bitos de convivencia y de respeto mutuo.<\/p>\n<\/div>\n","protected":false},"excerpt":{"rendered":"<p>Objetivos La Misi\u00f3n del&nbsp;CEIP Manuel V\u00e1zquez Montalb\u00e1n&nbsp;es la educaci\u00f3n integral de los alumnos, incluyendo aspectos cognitivos, afectivos, sociales y culturales, para que adquieran conocimientos y estrategias basados en unos h\u00e1bitos de trabajo y orden que les permita desarrollar su autonom\u00eda como base de futuros estudios. Todo ello dentro de un ambiente de complicidad y colaboraci\u00f3n [&hellip;]<\/p>\n","protected":false},"author":2,"featured_media":0,"parent":122,"menu_order":0,"comment_status":"closed","ping_status":"closed","template":"","meta":{"footnotes":""},"folder":[],"class_list":["post-298","page","type-page","status-publish","hentry"],"rttpg_featured_image_url":null,"rttpg_author":{"display_name":"tic.cp.manuelvazquezmontalban.leganes","author_link":"https:\/\/site.educa.madrid.org\/cp.manuelvazquezmontalban.leganes\/index.php\/author\/cuenta_tic-cp-manuelvazquezmontalban-leganes\/"},"rttpg_comment":0,"rttpg_category":false,"rttpg_excerpt":"Objetivos La Misi\u00f3n del&nbsp;CEIP Manuel V\u00e1zquez Montalb\u00e1n&nbsp;es la educaci\u00f3n integral de los alumnos, incluyendo aspectos cognitivos, afectivos, sociales y culturales, para que adquieran conocimientos y estrategias basados en unos h\u00e1bitos de trabajo y orden que les permita desarrollar su autonom\u00eda como base de futuros estudios. Todo ello dentro de un ambiente de complicidad y colaboraci\u00f3n&hellip;","post_mailing_queue_ids":[],"_links":{"self":[{"href":"https:\/\/site.educa.madrid.org\/cp.manuelvazquezmontalban.leganes\/index.php\/wp-json\/wp\/v2\/pages\/298","targetHints":{"allow":["GET"]}}],"collection":[{"href":"https:\/\/site.educa.madrid.org\/cp.manuelvazquezmontalban.leganes\/index.php\/wp-json\/wp\/v2\/pages"}],"about":[{"href":"https:\/\/site.educa.madrid.org\/cp.manuelvazquezmontalban.leganes\/index.php\/wp-json\/wp\/v2\/types\/page"}],"author":[{"embeddable":true,"href":"https:\/\/site.educa.madrid.org\/cp.manuelvazquezmontalban.leganes\/index.php\/wp-json\/wp\/v2\/users\/2"}],"replies":[{"embeddable":true,"href":"https:\/\/site.educa.madrid.org\/cp.manuelvazquezmontalban.leganes\/index.php\/wp-json\/wp\/v2\/comments?post=298"}],"version-history":[{"count":9,"href":"https:\/\/site.educa.madrid.org\/cp.manuelvazquezmontalban.leganes\/index.php\/wp-json\/wp\/v2\/pages\/298\/revisions"}],"predecessor-version":[{"id":2515,"href":"https:\/\/site.educa.madrid.org\/cp.manuelvazquezmontalban.leganes\/index.php\/wp-json\/wp\/v2\/pages\/298\/revisions\/2515"}],"up":[{"embeddable":true,"href":"https:\/\/site.educa.madrid.org\/cp.manuelvazquezmontalban.leganes\/index.php\/wp-json\/wp\/v2\/pages\/122"}],"wp:attachment":[{"href":"https:\/\/site.educa.madrid.org\/cp.manuelvazquezmontalban.leganes\/index.php\/wp-json\/wp\/v2\/media?parent=298"}],"wp:term":[{"taxonomy":"folder","embeddable":true,"href":"https:\/\/site.educa.madrid.org\/cp.manuelvazquezmontalban.leganes\/index.php\/wp-json\/wp\/v2\/folder?post=298"}],"curies":[{"name":"wp","href":"https:\/\/api.w.org\/{rel}","templated":true}]}}