{"id":923,"date":"2023-02-28T09:46:04","date_gmt":"2023-02-28T08:46:04","guid":{"rendered":"https:\/\/site.educa.madrid.org\/cp.manuelvazquezmontalban.leganes\/?page_id=923"},"modified":"2023-02-28T10:27:04","modified_gmt":"2023-02-28T09:27:04","slug":"plan-de-digitalizacion-de-centro","status":"publish","type":"page","link":"https:\/\/site.educa.madrid.org\/cp.manuelvazquezmontalban.leganes\/index.php\/plan-de-digitalizacion-de-centro\/","title":{"rendered":"Plan de Digitalizaci\u00f3n de Centro"},"content":{"rendered":"\n<p class=\"has-drop-cap\">El <a rel=\"noreferrer noopener\" href=\"https:\/\/site.educa.madrid.org\/cp.manuelvazquezmontalban.leganes\/\/wp-content\/uploads\/cp.manuelvazquezmontalban.leganes\/2023\/01\/PDC_CEIP_MANUEL_VAZQUEZ_MONTALBAN-1.pdf\" target=\"_blank\">Plan Digital de Centro<\/a>&nbsp;es el&nbsp;<strong>instrumento que adec\u00faa y facilita el uso de los medios digitales en el proceso de ense\u00f1anza-aprendizaje<\/strong>, entendido desde el objetivo del desarrollo pleno e integral del alumnado.<\/p>\n\n\n\n<p><\/p>\n\n\n\n<p><\/p>\n\n\n\n<blockquote class=\"wp-block-quote is-style-default is-layout-flow wp-block-quote-is-layout-flow\" style=\"font-style:italic;font-weight:900\"><p><strong><mark><strong><mark><em>E<\/em><\/mark><\/strong><mark><strong><em>ste proyecto se inicia con una formaci\u00f3n de dos a\u00f1os dirigida al equipo docente del centro, con el objetivo claro de integrar en su d\u00eda a d\u00eda la tecnolog\u00eda, en beneficio del alumnado. Integrando as\u00ed la Competencia Digital como un elemento b\u00e1sico del nuevo curr\u00edculo y las metodolog\u00edas activas como principal forma de trabajo.<\/em><\/strong><\/mark><\/mark><\/strong><\/p><\/blockquote>\n\n\n\n<p>La formaci\u00f3n que se desarrollar\u00e1 a dos a\u00f1os vista, se incluir\u00e1n todos los contenidos fundamentales que van a suponer un impulso para el uso de la tecnolog\u00eda en los centros. Se conocer\u00e1n herramientas diversas, como es el entorno de Educamadrid, Ra\u00edces, Aula Virtual y otras muchas herramientas externas que permiten la formaci\u00f3n completa al profesorado para su posterior aplicaci\u00f3n a las aulas. Todo ello, por supuesto, protegiendo los datos de nuestros alumnado, protegiendo su identidad en internet y siendo responsable con el perfil digital de los discentes. <\/p>\n\n\n\n<p>Para coordinar todo este trabajo la direcci\u00f3n ha nombrado a un maestro del centro que se encarga de dise\u00f1ar, formar y acompa\u00f1ar al equipo docente en todo este proceso de formaci\u00f3n.<\/p>\n\n\n\n<p>Por \u00faltimo, es necesario destacar la importancia del proyecto debido a la necesidad de formar digitalmente a un alumnado que en su futuro personal y, sobre todo, profesional tendr\u00e1 que saber dominar y desenvolverse en esta nueva era digital.<\/p>\n\n\n\n<figure class=\"wp-block-embed is-type-video is-provider-youtube wp-block-embed-youtube wp-embed-aspect-16-9 wp-has-aspect-ratio\"><div class=\"wp-block-embed__wrapper\">\n<iframe loading=\"lazy\" title=\"Digitalizaci\u00f3n del Centro Educativo (Plan #DigEdu)\" width=\"640\" height=\"360\" src=\"https:\/\/www.youtube.com\/embed\/9j26irOZ0fI?start=60&#038;feature=oembed\" frameborder=\"0\" allow=\"accelerometer; autoplay; clipboard-write; encrypted-media; gyroscope; picture-in-picture; web-share\" referrerpolicy=\"strict-origin-when-cross-origin\" allowfullscreen><\/iframe>\n<\/div><\/figure>\n","protected":false},"excerpt":{"rendered":"<p>El Plan Digital de Centro&nbsp;es el&nbsp;instrumento que adec\u00faa y facilita el uso de los medios digitales en el proceso de ense\u00f1anza-aprendizaje, entendido desde el objetivo del desarrollo pleno e integral del alumnado. Este proyecto se inicia con una formaci\u00f3n de dos a\u00f1os dirigida al equipo docente del centro, con el objetivo claro de integrar en [&hellip;]<\/p>\n","protected":false},"author":2,"featured_media":0,"parent":0,"menu_order":0,"comment_status":"closed","ping_status":"closed","template":"fullwidth-template.php","meta":{"footnotes":""},"folder":[],"class_list":["post-923","page","type-page","status-publish","hentry"],"rttpg_featured_image_url":null,"rttpg_author":{"display_name":"tic.cp.manuelvazquezmontalban.leganes","author_link":"https:\/\/site.educa.madrid.org\/cp.manuelvazquezmontalban.leganes\/index.php\/author\/cuenta_tic-cp-manuelvazquezmontalban-leganes\/"},"rttpg_comment":0,"rttpg_category":false,"rttpg_excerpt":"El Plan Digital de Centro&nbsp;es el&nbsp;instrumento que adec\u00faa y facilita el uso de los medios digitales en el proceso de ense\u00f1anza-aprendizaje, entendido desde el objetivo del desarrollo pleno e integral del alumnado. Este proyecto se inicia con una formaci\u00f3n de dos a\u00f1os dirigida al equipo docente del centro, con el objetivo claro de integrar en&hellip;","post_mailing_queue_ids":[],"_links":{"self":[{"href":"https:\/\/site.educa.madrid.org\/cp.manuelvazquezmontalban.leganes\/index.php\/wp-json\/wp\/v2\/pages\/923","targetHints":{"allow":["GET"]}}],"collection":[{"href":"https:\/\/site.educa.madrid.org\/cp.manuelvazquezmontalban.leganes\/index.php\/wp-json\/wp\/v2\/pages"}],"about":[{"href":"https:\/\/site.educa.madrid.org\/cp.manuelvazquezmontalban.leganes\/index.php\/wp-json\/wp\/v2\/types\/page"}],"author":[{"embeddable":true,"href":"https:\/\/site.educa.madrid.org\/cp.manuelvazquezmontalban.leganes\/index.php\/wp-json\/wp\/v2\/users\/2"}],"replies":[{"embeddable":true,"href":"https:\/\/site.educa.madrid.org\/cp.manuelvazquezmontalban.leganes\/index.php\/wp-json\/wp\/v2\/comments?post=923"}],"version-history":[{"count":8,"href":"https:\/\/site.educa.madrid.org\/cp.manuelvazquezmontalban.leganes\/index.php\/wp-json\/wp\/v2\/pages\/923\/revisions"}],"predecessor-version":[{"id":939,"href":"https:\/\/site.educa.madrid.org\/cp.manuelvazquezmontalban.leganes\/index.php\/wp-json\/wp\/v2\/pages\/923\/revisions\/939"}],"wp:attachment":[{"href":"https:\/\/site.educa.madrid.org\/cp.manuelvazquezmontalban.leganes\/index.php\/wp-json\/wp\/v2\/media?parent=923"}],"wp:term":[{"taxonomy":"folder","embeddable":true,"href":"https:\/\/site.educa.madrid.org\/cp.manuelvazquezmontalban.leganes\/index.php\/wp-json\/wp\/v2\/folder?post=923"}],"curies":[{"name":"wp","href":"https:\/\/api.w.org\/{rel}","templated":true}]}}