{"id":10004,"date":"2024-01-10T16:06:22","date_gmt":"2024-01-10T15:06:22","guid":{"rendered":"https:\/\/site.educa.madrid.org\/cp.mariadevillota.madrid\/?page_id=10004"},"modified":"2025-03-11T18:46:04","modified_gmt":"2025-03-11T17:46:04","slug":"2024-2","status":"publish","type":"page","link":"https:\/\/site.educa.madrid.org\/cp.mariadevillota.madrid\/index.php\/2024-2\/","title":{"rendered":"Actividades complementarias del centro"},"content":{"rendered":"\n<p class=\"has-black-color has-white-background-color has-text-color has-background\">Las <strong>actividades complementarias<\/strong> son\u00a0 aquellas actividades did\u00e1cticas cuyo objetivo es complementar la actividad habitual del aula, forman parte de la Programaci\u00f3n docente y son coherentes con el Proyecto Educativo del Centro. Son aquellas actividades organizadas durante el horario lectivo y que tienen un car\u00e1cter diferenciado de las propiamente lectivas como el espacio o los recursos que se necesitan. Asimismo, est\u00e1n organizadas por organismos locales o por el propio centro.\u00a0 <br>Dichas actividades, se encuentran recogidas dentro de la Programaci\u00f3n General Anual.<br>Para que el alumnado pueda participar en ellas, cuando \u00e9stas tienen lugar fuera del Centro, es prescriptiva una autorizaci\u00f3n firmada por los padres o tutores.\u00a0 Dicha autorizaci\u00f3n, ser\u00e1 proporcionada por los tutores.<br><strong>Puedes consultar las actividades del 2024\/25:<\/strong><\/p>\n\n\n\n<figure class=\"wp-block-embed is-type-wp-embed is-provider-ceip-mar-a-de-villota wp-block-embed-ceip-mar-a-de-villota\"><div class=\"wp-block-embed__wrapper\">\n<blockquote class=\"wp-embedded-content\" data-secret=\"CZV3yp86B2\"><a href=\"https:\/\/site.educa.madrid.org\/cp.mariadevillota.madrid\/index.php\/2024-25\/\">2024\/25<\/a><\/blockquote><iframe loading=\"lazy\" class=\"wp-embedded-content\" sandbox=\"allow-scripts\" security=\"restricted\" style=\"position: absolute; visibility: hidden;\" title=\"\u00ab2024\/25\u00bb \u2014 CEIP. MAR\u00cdA DE VILLOTA\" src=\"https:\/\/site.educa.madrid.org\/cp.mariadevillota.madrid\/index.php\/2024-25\/embed\/#?secret=E2d9kns9rx#?secret=CZV3yp86B2\" data-secret=\"CZV3yp86B2\" width=\"600\" height=\"338\" frameborder=\"0\" marginwidth=\"0\" marginheight=\"0\" scrolling=\"no\"><\/iframe>\n<\/div><\/figure>\n\n\n\n<div class=\"wp-block-file aligncenter\"><a id=\"wp-block-file--media-6fc54be3-00b3-4134-8bde-a197862b594b\" href=\"https:\/\/site.educa.madrid.org\/cp.mariadevillota.madrid\/\/wp-content\/uploads\/cp.mariadevillota.madrid\/2025\/03\/SALIDAS-COMPLEMENTARIAS-PGA-24_25-1.pdf\"><strong><mark style=\"background-color:rgba(0, 0, 0, 0);color:#150f0f\" class=\"has-inline-color\">SALIDAS-COMPLEMENTARIAS-PGA-24_25<\/mark><\/strong><\/a><a href=\"https:\/\/site.educa.madrid.org\/cp.mariadevillota.madrid\/\/wp-content\/uploads\/cp.mariadevillota.madrid\/2025\/03\/SALIDAS-COMPLEMENTARIAS-PGA-24_25-1.pdf\" class=\"wp-block-file__button wp-element-button\" download aria-describedby=\"wp-block-file--media-6fc54be3-00b3-4134-8bde-a197862b594b\">Descarga<\/a><\/div>\n\n\n\n<p class=\"has-text-align-center has-white-color has-vivid-red-background-color has-text-color has-background has-link-color has-medium-font-size wp-elements-4ae8a91ff2f4fb6ab98e6393f179183a\"><strong>A\u00d1OS ANTERIORES<\/strong><\/p>\n\n\n\n<figure class=\"wp-block-embed is-type-wp-embed is-provider-ceip-mar-a-de-villota wp-block-embed-ceip-mar-a-de-villota\"><div class=\"wp-block-embed__wrapper\">\n<blockquote class=\"wp-embedded-content\" data-secret=\"sJMbW00WyE\"><a href=\"https:\/\/site.educa.madrid.org\/cp.mariadevillota.madrid\/index.php\/actividades-complementarias\/\">LISTADO DE PRECIOS DE ACTIVIDADES Y SERVICIOS<\/a><\/blockquote><iframe loading=\"lazy\" class=\"wp-embedded-content\" sandbox=\"allow-scripts\" security=\"restricted\" style=\"position: absolute; visibility: hidden;\" title=\"\u00abLISTADO DE PRECIOS DE ACTIVIDADES Y SERVICIOS\u00bb \u2014 CEIP. MAR\u00cdA DE VILLOTA\" src=\"https:\/\/site.educa.madrid.org\/cp.mariadevillota.madrid\/index.php\/actividades-complementarias\/embed\/#?secret=G7dluHc721#?secret=sJMbW00WyE\" data-secret=\"sJMbW00WyE\" width=\"600\" height=\"338\" frameborder=\"0\" marginwidth=\"0\" marginheight=\"0\" scrolling=\"no\"><\/iframe>\n<\/div><\/figure>\n\n\n\n<div class=\"wp-block-file\"><a id=\"wp-block-file--media-ec80de88-4ace-4844-a084-5d6acd61ac70\" href=\"https:\/\/site.educa.madrid.org\/cp.mariadevillota.madrid\/\/wp-content\/uploads\/cp.mariadevillota.madrid\/2025\/03\/ACTIVIDADES-COMPLEMENTARIAS-2023-2024-1.pdf\">ACTIVIDADES COMPLEMENTARIAS 2023-2024<\/a><a href=\"https:\/\/site.educa.madrid.org\/cp.mariadevillota.madrid\/\/wp-content\/uploads\/cp.mariadevillota.madrid\/2025\/03\/ACTIVIDADES-COMPLEMENTARIAS-2023-2024-1.pdf\" class=\"wp-block-file__button wp-element-button\" download aria-describedby=\"wp-block-file--media-ec80de88-4ace-4844-a084-5d6acd61ac70\">Descarga<\/a><\/div>\n\n\n\n<figure class=\"wp-block-embed is-type-wp-embed is-provider-ceip-mar-a-de-villota wp-block-embed-ceip-mar-a-de-villota\"><div class=\"wp-block-embed__wrapper\">\n<blockquote class=\"wp-embedded-content\" data-secret=\"IBUXAIKSiy\"><a href=\"https:\/\/site.educa.madrid.org\/cp.mariadevillota.madrid\/index.php\/2023-2\/\">2022\/23<\/a><\/blockquote><iframe loading=\"lazy\" class=\"wp-embedded-content\" sandbox=\"allow-scripts\" security=\"restricted\" style=\"position: absolute; visibility: hidden;\" title=\"\u00ab2022\/23\u00bb \u2014 CEIP. MAR\u00cdA DE VILLOTA\" src=\"https:\/\/site.educa.madrid.org\/cp.mariadevillota.madrid\/index.php\/2023-2\/embed\/#?secret=nXrTmTftai#?secret=IBUXAIKSiy\" data-secret=\"IBUXAIKSiy\" width=\"600\" height=\"338\" frameborder=\"0\" marginwidth=\"0\" marginheight=\"0\" scrolling=\"no\"><\/iframe>\n<\/div><\/figure>\n","protected":false},"excerpt":{"rendered":"<p>Las actividades complementarias son\u00a0 aquellas actividades did\u00e1cticas cuyo objetivo es complementar la actividad habitual del aula, forman parte de la Programaci\u00f3n docente y son coherentes con el Proyecto Educativo del Centro. Son aquellas actividades organizadas durante el horario lectivo y que tienen un car\u00e1cter diferenciado de las propiamente lectivas como el espacio o los recursos<\/p><\/div>\n<div class=\"blog-btn\"><a href=\"https:\/\/site.educa.madrid.org\/cp.mariadevillota.madrid\/index.php\/2024-2\/\" class=\"home-blog-btn\">Leer m\u00e1s<\/a><\/p>\n","protected":false},"author":3,"featured_media":0,"parent":0,"menu_order":0,"comment_status":"closed","ping_status":"closed","template":"","meta":{"footnotes":""},"folder":[],"class_list":["post-10004","page","type-page","status-publish","hentry"],"rttpg_featured_image_url":null,"rttpg_author":{"display_name":"cp.mariadevillota.madrid","author_link":"https:\/\/site.educa.madrid.org\/cp.mariadevillota.madrid\/index.php\/author\/cuenta_cp-mariadevillota-madrid\/"},"rttpg_comment":0,"rttpg_category":false,"rttpg_excerpt":"Las actividades complementarias son\u00a0 aquellas actividades did\u00e1cticas cuyo objetivo es complementar la actividad habitual del aula, forman parte de la Programaci\u00f3n docente y son coherentes con el Proyecto Educativo del Centro. Son aquellas actividades organizadas durante el horario lectivo y que tienen un car\u00e1cter diferenciado de las propiamente lectivas como el espacio o los recursosLeer&hellip;","post_mailing_queue_ids":[],"_links":{"self":[{"href":"https:\/\/site.educa.madrid.org\/cp.mariadevillota.madrid\/index.php\/wp-json\/wp\/v2\/pages\/10004","targetHints":{"allow":["GET"]}}],"collection":[{"href":"https:\/\/site.educa.madrid.org\/cp.mariadevillota.madrid\/index.php\/wp-json\/wp\/v2\/pages"}],"about":[{"href":"https:\/\/site.educa.madrid.org\/cp.mariadevillota.madrid\/index.php\/wp-json\/wp\/v2\/types\/page"}],"author":[{"embeddable":true,"href":"https:\/\/site.educa.madrid.org\/cp.mariadevillota.madrid\/index.php\/wp-json\/wp\/v2\/users\/3"}],"replies":[{"embeddable":true,"href":"https:\/\/site.educa.madrid.org\/cp.mariadevillota.madrid\/index.php\/wp-json\/wp\/v2\/comments?post=10004"}],"version-history":[{"count":17,"href":"https:\/\/site.educa.madrid.org\/cp.mariadevillota.madrid\/index.php\/wp-json\/wp\/v2\/pages\/10004\/revisions"}],"predecessor-version":[{"id":15857,"href":"https:\/\/site.educa.madrid.org\/cp.mariadevillota.madrid\/index.php\/wp-json\/wp\/v2\/pages\/10004\/revisions\/15857"}],"wp:attachment":[{"href":"https:\/\/site.educa.madrid.org\/cp.mariadevillota.madrid\/index.php\/wp-json\/wp\/v2\/media?parent=10004"}],"wp:term":[{"taxonomy":"folder","embeddable":true,"href":"https:\/\/site.educa.madrid.org\/cp.mariadevillota.madrid\/index.php\/wp-json\/wp\/v2\/folder?post=10004"}],"curies":[{"name":"wp","href":"https:\/\/api.w.org\/{rel}","templated":true}]}}