{"id":10505,"date":"2024-01-24T18:05:00","date_gmt":"2024-01-24T17:05:00","guid":{"rendered":"https:\/\/site.educa.madrid.org\/cp.mariadevillota.madrid\/?page_id=10505"},"modified":"2026-03-16T20:03:59","modified_gmt":"2026-03-16T19:03:59","slug":"conocenos","status":"publish","type":"page","link":"https:\/\/site.educa.madrid.org\/cp.mariadevillota.madrid\/index.php\/conocenos\/","title":{"rendered":"CON\u00d3CENOS"},"content":{"rendered":"\n<p class=\"has-black-color has-white-background-color has-text-color has-background has-link-color wp-elements-42df04f50ecff980d0d100c5332c8692\">El CEIP Mar\u00eda de Villota es un centro p\u00fablico biling\u00fce desde la etapa de Educaci\u00f3n Infantil que combina educaci\u00f3n de calidad con un fuerte sentido de pertenencia a la comunidad educativa. Nuestro colegio ofrece actualmente ense\u00f1anzas de Educaci\u00f3n Infantil y Primaria y se encuentra en un proceso de crecimiento que pr\u00f3ximamente permitir\u00e1 su transformaci\u00f3n en CEIPSO, incorporando tambi\u00e9n la etapa de Educaci\u00f3n Secundaria Obligatoria.<\/p>\n\n\n\n<p class=\"has-black-color has-text-color has-link-color wp-elements-2ea54ff5e2f0c1d010e7c04df9730a7b\">El centro cuenta con aulas para Educaci\u00f3n Infantil y Primaria, as\u00ed como con distintos espacios educativos como comedor escolar, gimnasio y otras instalaciones que favorecen la convivencia y el desarrollo de la vida escolar. Estos espacios permiten que el colegio sea un lugar din\u00e1mico, en el que se fomenta la interacci\u00f3n entre el alumnado, el profesorado y el resto de miembros de la comunidad educativa.<\/p>\n\n\n\n<p class=\"has-black-color has-text-color has-link-color wp-elements-16662e55f2a1c82d09bc7956853c6a87\">Nuestro proyecto educativo se basa en un enfoque que sit\u00faa al alumnado en el centro del aprendizaje. A trav\u00e9s del programa biling\u00fce, los alumnos comienzan desde edades tempranas a desarrollar sus habilidades comunicativas en ingl\u00e9s, participando en actividades que favorecen la expresi\u00f3n, la comprensi\u00f3n y el trabajo cooperativo. Buscamos que el aprendizaje sea significativo, fomentando la creatividad, la curiosidad y la participaci\u00f3n activa en el aula.<\/p>\n\n\n\n<p class=\"has-black-color has-text-color has-link-color wp-elements-f17c43666ad64622d62c9bd126988ed9\">La inclusi\u00f3n y la atenci\u00f3n a la diversidad constituyen uno de los pilares fundamentales del centro. El CEIP Mar\u00eda de Villota es un centro preferente para alumnado con Trastorno del Espectro Autista (TEA) y contar\u00e1 adem\u00e1s con aulas de Educaci\u00f3n Especial. Asimismo, est\u00e1 reconocido como centro de atenci\u00f3n preferente para alumnado con discapacidad mot\u00f3rica, lo que implica el compromiso de ofrecer una respuesta educativa adaptada a las diferentes necesidades del alumnado.<\/p>\n\n\n\n<p class=\"has-black-color has-text-color has-link-color wp-elements-9c7d547d4c8c6ecbccb5280e7c9341fe\">Nuestra principal misi\u00f3n es acompa\u00f1ar a cada alumno en su propio proceso de aprendizaje, ayud\u00e1ndole a desarrollar sus capacidades, su autonom\u00eda y su confianza. Para ello promovemos un entorno educativo en el que la comunicaci\u00f3n, el respeto y el trabajo en equipo forman parte del d\u00eda a d\u00eda.<\/p>\n\n\n\n<p class=\"has-black-color has-text-color has-link-color wp-elements-5e79890a9a06438820a431f46c3dec51\">Ubicado en un entorno residencial bien comunicado, el CEIP Mar\u00eda de Villota mantiene una estrecha relaci\u00f3n con las familias y con el entorno, consolid\u00e1ndose como un centro educativo abierto, activo y en constante evoluci\u00f3n.<\/p>\n","protected":false},"excerpt":{"rendered":"<p>El CEIP Mar\u00eda de Villota es un centro p\u00fablico biling\u00fce desde la etapa de Educaci\u00f3n Infantil que combina educaci\u00f3n de calidad con un fuerte sentido de pertenencia a la comunidad educativa. Nuestro colegio ofrece actualmente ense\u00f1anzas de Educaci\u00f3n Infantil y Primaria y se encuentra en un proceso de crecimiento que pr\u00f3ximamente permitir\u00e1 su transformaci\u00f3n en<\/p><\/div>\n<div class=\"blog-btn\"><a href=\"https:\/\/site.educa.madrid.org\/cp.mariadevillota.madrid\/index.php\/conocenos\/\" class=\"home-blog-btn\">Leer m\u00e1s<\/a><\/p>\n","protected":false},"author":3,"featured_media":0,"parent":0,"menu_order":0,"comment_status":"closed","ping_status":"closed","template":"","meta":{"footnotes":""},"folder":[],"class_list":["post-10505","page","type-page","status-publish","hentry"],"rttpg_featured_image_url":null,"rttpg_author":{"display_name":"cp.mariadevillota.madrid","author_link":"https:\/\/site.educa.madrid.org\/cp.mariadevillota.madrid\/index.php\/author\/cuenta_cp-mariadevillota-madrid\/"},"rttpg_comment":0,"rttpg_category":false,"rttpg_excerpt":"El CEIP Mar\u00eda de Villota es un centro p\u00fablico biling\u00fce desde la etapa de Educaci\u00f3n Infantil que combina educaci\u00f3n de calidad con un fuerte sentido de pertenencia a la comunidad educativa. Nuestro colegio ofrece actualmente ense\u00f1anzas de Educaci\u00f3n Infantil y Primaria y se encuentra en un proceso de crecimiento que pr\u00f3ximamente permitir\u00e1 su transformaci\u00f3n enLeer&hellip;","post_mailing_queue_ids":[],"_links":{"self":[{"href":"https:\/\/site.educa.madrid.org\/cp.mariadevillota.madrid\/index.php\/wp-json\/wp\/v2\/pages\/10505","targetHints":{"allow":["GET"]}}],"collection":[{"href":"https:\/\/site.educa.madrid.org\/cp.mariadevillota.madrid\/index.php\/wp-json\/wp\/v2\/pages"}],"about":[{"href":"https:\/\/site.educa.madrid.org\/cp.mariadevillota.madrid\/index.php\/wp-json\/wp\/v2\/types\/page"}],"author":[{"embeddable":true,"href":"https:\/\/site.educa.madrid.org\/cp.mariadevillota.madrid\/index.php\/wp-json\/wp\/v2\/users\/3"}],"replies":[{"embeddable":true,"href":"https:\/\/site.educa.madrid.org\/cp.mariadevillota.madrid\/index.php\/wp-json\/wp\/v2\/comments?post=10505"}],"version-history":[{"count":7,"href":"https:\/\/site.educa.madrid.org\/cp.mariadevillota.madrid\/index.php\/wp-json\/wp\/v2\/pages\/10505\/revisions"}],"predecessor-version":[{"id":18711,"href":"https:\/\/site.educa.madrid.org\/cp.mariadevillota.madrid\/index.php\/wp-json\/wp\/v2\/pages\/10505\/revisions\/18711"}],"wp:attachment":[{"href":"https:\/\/site.educa.madrid.org\/cp.mariadevillota.madrid\/index.php\/wp-json\/wp\/v2\/media?parent=10505"}],"wp:term":[{"taxonomy":"folder","embeddable":true,"href":"https:\/\/site.educa.madrid.org\/cp.mariadevillota.madrid\/index.php\/wp-json\/wp\/v2\/folder?post=10505"}],"curies":[{"name":"wp","href":"https:\/\/api.w.org\/{rel}","templated":true}]}}