{"id":10520,"date":"2024-01-24T18:14:35","date_gmt":"2024-01-24T17:14:35","guid":{"rendered":"https:\/\/site.educa.madrid.org\/cp.mariadevillota.madrid\/?page_id=10520"},"modified":"2024-09-11T21:39:58","modified_gmt":"2024-09-11T19:39:58","slug":"programa-accede","status":"publish","type":"page","link":"https:\/\/site.educa.madrid.org\/cp.mariadevillota.madrid\/index.php\/programa-accede\/","title":{"rendered":"Programa ACCEDE"},"content":{"rendered":"\n<p class=\"has-black-color has-white-background-color has-text-color has-background has-link-color wp-elements-d328a64add6e024dc6892322068766bf\" style=\"font-size:16px\"><strong><mark style=\"background-color:rgba(0, 0, 0, 0);color:#110f0f\" class=\"has-inline-color\">Estimadas familias: ten\u00e9is toda la informaci\u00f3n acerca del Programa Accede en la siguiente p\u00e1gina web<\/mark><mark style=\"background-color:rgba(0, 0, 0, 0);color:#0c0909\" class=\"has-inline-color\">: <\/mark><a href=\"https:\/\/www.comunidad.madrid\/servicios\/educacion\/programa-accede\"><mark style=\"background-color:rgba(0, 0, 0, 0);color:#24f19f\" class=\"has-inline-color\">https:\/\/www.comunidad.madrid\/servicios\/educacion\/programa-accede<\/mark><\/a><\/strong><\/p>\n\n\n<div class=\"wp-block-image\">\n<figure class=\"alignright size-full is-resized\"><img loading=\"lazy\" decoding=\"async\" width=\"512\" height=\"512\" src=\"https:\/\/site.educa.madrid.org\/cp.mariadevillota.madrid\/\/wp-content\/uploads\/cp.mariadevillota.madrid\/2024\/09\/libros.png\" alt=\"\" class=\"wp-image-13642\" style=\"width:150px;height:auto\" srcset=\"https:\/\/site.educa.madrid.org\/cp.mariadevillota.madrid\/\/wp-content\/uploads\/cp.mariadevillota.madrid\/2024\/09\/libros.png 512w, https:\/\/site.educa.madrid.org\/cp.mariadevillota.madrid\/\/wp-content\/uploads\/cp.mariadevillota.madrid\/2024\/09\/libros-300x300.png 300w, https:\/\/site.educa.madrid.org\/cp.mariadevillota.madrid\/\/wp-content\/uploads\/cp.mariadevillota.madrid\/2024\/09\/libros-150x150.png 150w, https:\/\/site.educa.madrid.org\/cp.mariadevillota.madrid\/\/wp-content\/uploads\/cp.mariadevillota.madrid\/2024\/09\/libros-500x500.png 500w\" sizes=\"auto, (max-width: 512px) 100vw, 512px\" \/><\/figure>\n<\/div>\n\n\n<p class=\"has-black-color has-pale-cyan-blue-background-color has-text-color has-background has-link-color has-large-font-size wp-elements-fa790a3faa9aafe95acf98e9d102821a\"><strong>LIBROS DE TEXTO 2024-25<\/strong><\/p>\n\n\n\n<div data-wp-interactive=\"core\/file\" class=\"wp-block-file\"><object data-wp-bind--hidden=\"!state.hasPdfPreview\" hidden class=\"wp-block-file__embed\" data=\"https:\/\/site.educa.madrid.org\/cp.mariadevillota.madrid\/\/wp-content\/uploads\/cp.mariadevillota.madrid\/2024\/09\/Libros-del-Colegio-24-25-CEIP-Maria-De-Villota-Hoja-1-1.pdf\" type=\"application\/pdf\" style=\"width:100%;height:350px\" aria-label=\"Incrustado de Libros-del-Colegio-24-25-CEIP-Maria-De-Villota-Hoja-1-1.\"><\/object><a id=\"wp-block-file--media-8492a2db-9056-48eb-9456-d2011a967d59\" href=\"https:\/\/site.educa.madrid.org\/cp.mariadevillota.madrid\/\/wp-content\/uploads\/cp.mariadevillota.madrid\/2024\/09\/Libros-del-Colegio-24-25-CEIP-Maria-De-Villota-Hoja-1-1.pdf\">Libros-del-Colegio-24-25-CEIP-Maria-De-Villota-Hoja-1-1<\/a><a href=\"https:\/\/site.educa.madrid.org\/cp.mariadevillota.madrid\/\/wp-content\/uploads\/cp.mariadevillota.madrid\/2024\/09\/Libros-del-Colegio-24-25-CEIP-Maria-De-Villota-Hoja-1-1.pdf\" class=\"wp-block-file__button wp-element-button\" download aria-describedby=\"wp-block-file--media-8492a2db-9056-48eb-9456-d2011a967d59\">Descarga<\/a><\/div>\n\n\n\n<p class=\"has-text-align-center has-black-color has-white-background-color has-text-color has-background has-link-color wp-elements-282aaca17c1d1916d129b5b75b407b22\" style=\"font-size:24px\"><strong><mark style=\"background-color:rgba(0, 0, 0, 0);color:#0c0a0a\" class=\"has-inline-color\">Os indicamos los derechos y deberes de los alumnos adscritos al Programa de Pr\u00e9stamo de libros: <\/mark><\/strong><\/p>\n\n\n\n<p class=\"has-white-color has-vivid-red-background-color has-text-color has-background has-link-color wp-elements-c36e764e18ebd02106e8ea119caf291d\" style=\"font-size:28px\"><strong>Derechos y Deberes de los Usuarios<\/strong><\/p>\n\n\n\n<p class=\"has-black-color has-cyan-bluish-gray-background-color has-text-color has-background has-link-color wp-elements-2ea29804815f94e219957cee1581493d\" style=\"font-size:16px\"><strong>Art\u00edculo 14<\/strong><\/p>\n\n\n\n<p class=\"has-black-color has-pale-cyan-blue-background-color has-text-color has-background has-link-color wp-elements-57b90b349a358d3f993d1bbe519317dc\" style=\"font-size:16px\"><strong>&nbsp;Derechos de los usuarios<\/strong><\/p>\n\n\n\n<p class=\"has-black-color has-white-background-color has-text-color has-background has-link-color wp-elements-f6907ebb28d0acc755408a989618e63c\" style=\"font-size:16px\"><strong>Los usuarios de los libros de texto y material curricular entregados en pr\u00e9stamo directamente o a trav\u00e9s de sus representantes legales, tendr\u00e1n derecho a:<\/strong><\/p>\n\n\n\n<p class=\"has-black-color has-text-color has-background has-link-color wp-elements-787f571460432d3d9a3703e6f0aed05a\" style=\"background-color:#c9e2f8;font-size:16px\"><strong>a) Ser informados sobre el Programa Accede, con car\u00e1cter previo a su adhesi\u00f3n o renuncia.<\/strong><\/p>\n\n\n\n<p class=\"has-black-color has-text-color has-background has-link-color wp-elements-ab3b5dee090bacb33b17466ef6f5e870\" style=\"background-color:#c9e2f8;font-size:16px\"><strong>&nbsp;b) Participar de forma voluntaria en el Programa Accede en su centro escolar.<\/strong><\/p>\n\n\n\n<p class=\"has-black-color has-text-color has-background has-link-color wp-elements-50025b9f42575bc13c507cbf4a077edc\" style=\"background-color:#c9e2f8;font-size:16px\"><strong>&nbsp;c) Recibir los libros de texto y material curricular en condiciones adecuadas para su uso a cuyo efecto suscribir\u00e1 el modelo que figura en el anexo V.<\/strong><\/p>\n\n\n\n<p class=\"has-black-color has-text-color has-background has-link-color wp-elements-add6c14cb0d6d5a2ebd15f2142b146aa\" style=\"background-color:#c9e2f8;font-size:16px\"><strong>d) Renunciar a participar en este sistema una vez adherido. Para ello, sus representantes legales o los alumnos mayores de edad deber\u00e1n presentar una renuncia expresa en el centro escolar donde cursen sus hijos los estudios, contenida en modelo que figura en el anexo IV de este reglamento, dentro de los plazos establecidos por la Comisi\u00f3n de Gesti\u00f3n.<\/strong><\/p>\n\n\n\n<p class=\"has-black-color has-cyan-bluish-gray-background-color has-text-color has-background has-link-color wp-elements-066458275863a45094dab817ae1a5aa7\" style=\"font-size:16px\"><strong>Art\u00edculo 15<\/strong><\/p>\n\n\n\n<p class=\"has-black-color has-pale-cyan-blue-background-color has-text-color has-background has-link-color wp-elements-f02775f910abfdaa60da2b6bf227cb44\" style=\"font-size:16px\"><strong>Deberes de los usuarios<\/strong><\/p>\n\n\n\n<p class=\"has-black-color has-white-background-color has-text-color has-background has-link-color wp-elements-d1d6422459a9dc61808a9607aa1ab31f\" style=\"font-size:16px\"><strong>El alumnado que participe en el Programa Accede, as\u00ed como sus representantes legales, tendr\u00e1n las siguientes obligaciones:<\/strong><\/p>\n\n\n\n<p class=\"has-black-color has-text-color has-background has-link-color wp-elements-361d1b959a07c7936aa904f07ff5b190\" style=\"background-color:#c9e2f8;font-size:16px\"><strong>a) Entregar al centro educativo en perfecto estado, los libros de texto y el material curricular requeridos para poder participar en el Programa Accede, de acuerdo con lo establecido en el apartado 1 del art\u00edculo 5, en la fecha que la Comisi\u00f3n de Gesti\u00f3n de cada centro establezca y conforme a sus instrucciones.<\/strong><\/p>\n\n\n\n<p class=\"has-black-color has-text-color has-background has-link-color wp-elements-786be287178b3280469ff986b558b933\" style=\"background-color:#c9e2f8;font-size:16px\"><strong>b) Devolver los libros de texto y el material curricular prestados en los cursos sucesivos, seg\u00fan el modelo contenido en el anexo V.<\/strong><\/p>\n\n\n\n<p class=\"has-black-color has-text-color has-background has-link-color wp-elements-f228e3938a7d45b006be45916a39b6bb\" style=\"background-color:#c9e2f8;font-size:16px\"><strong>c) Hacer un uso adecuado de los libros de texto y del material curricular recibidos en pr\u00e9stamo.<\/strong><\/p>\n\n\n\n<p class=\"has-black-color has-text-color has-background has-link-color wp-elements-84f94a339dada94af41e10e4f4401451\" style=\"background-color:#c9e2f8;font-size:16px\"><strong>d) Reponer el material extraviado o deteriorado.<\/strong><\/p>\n\n\n\n<p class=\"has-black-color has-text-color has-background has-link-color wp-elements-1392b8cdbddaa18ad4f9f007a1c4e146\" style=\"background-color:#c9e2f8;font-size:16px\"><strong>e) Informar sobre cualquier ayuda o subvenci\u00f3n recibida para la adquisici\u00f3n de libros de texto y material curricular procedente de cualesquiera Administraciones o Entidades p\u00fablicas o privadas, nacionales o internacionales. El alumnado no tendr\u00e1 derecho al pr\u00e9stamo del material docente incluido en el Programa Accede cuando haya sido subvencionada su adquisici\u00f3n.<\/strong><\/p>\n\n\n<div class=\"wp-block-image is-style-rounded\">\n<figure class=\"aligncenter size-full is-resized\"><img loading=\"lazy\" decoding=\"async\" width=\"292\" height=\"173\" src=\"https:\/\/site.educa.madrid.org\/cp.mariadevillota.madrid\/\/wp-content\/uploads\/cp.mariadevillota.madrid\/2024\/09\/images.jpg\" alt=\"\" class=\"wp-image-13317\" style=\"width:500px;height:auto\"\/><\/figure>\n<\/div>","protected":false},"excerpt":{"rendered":"<p>Estimadas familias: ten\u00e9is toda la informaci\u00f3n acerca del Programa Accede en la siguiente p\u00e1gina web: https:\/\/www.comunidad.madrid\/servicios\/educacion\/programa-accede LIBROS DE TEXTO 2024-25 Os indicamos los derechos y deberes de los alumnos adscritos al Programa de Pr\u00e9stamo de libros: Derechos y Deberes de los Usuarios Art\u00edculo 14 &nbsp;Derechos de los usuarios Los usuarios de los libros de texto<\/p><\/div>\n<div class=\"blog-btn\"><a href=\"https:\/\/site.educa.madrid.org\/cp.mariadevillota.madrid\/index.php\/programa-accede\/\" class=\"home-blog-btn\">Leer m\u00e1s<\/a><\/p>\n","protected":false},"author":3,"featured_media":0,"parent":0,"menu_order":0,"comment_status":"closed","ping_status":"closed","template":"","meta":{"footnotes":""},"folder":[],"class_list":["post-10520","page","type-page","status-publish","hentry"],"rttpg_featured_image_url":null,"rttpg_author":{"display_name":"cp.mariadevillota.madrid","author_link":"https:\/\/site.educa.madrid.org\/cp.mariadevillota.madrid\/index.php\/author\/cuenta_cp-mariadevillota-madrid\/"},"rttpg_comment":0,"rttpg_category":false,"rttpg_excerpt":"Estimadas familias: ten\u00e9is toda la informaci\u00f3n acerca del Programa Accede en la siguiente p\u00e1gina web: https:\/\/www.comunidad.madrid\/servicios\/educacion\/programa-accede LIBROS DE TEXTO 2024-25 Os indicamos los derechos y deberes de los alumnos adscritos al Programa de Pr\u00e9stamo de libros: Derechos y Deberes de los Usuarios Art\u00edculo 14 &nbsp;Derechos de los usuarios Los usuarios de los libros de textoLeer&hellip;","post_mailing_queue_ids":[],"_links":{"self":[{"href":"https:\/\/site.educa.madrid.org\/cp.mariadevillota.madrid\/index.php\/wp-json\/wp\/v2\/pages\/10520","targetHints":{"allow":["GET"]}}],"collection":[{"href":"https:\/\/site.educa.madrid.org\/cp.mariadevillota.madrid\/index.php\/wp-json\/wp\/v2\/pages"}],"about":[{"href":"https:\/\/site.educa.madrid.org\/cp.mariadevillota.madrid\/index.php\/wp-json\/wp\/v2\/types\/page"}],"author":[{"embeddable":true,"href":"https:\/\/site.educa.madrid.org\/cp.mariadevillota.madrid\/index.php\/wp-json\/wp\/v2\/users\/3"}],"replies":[{"embeddable":true,"href":"https:\/\/site.educa.madrid.org\/cp.mariadevillota.madrid\/index.php\/wp-json\/wp\/v2\/comments?post=10520"}],"version-history":[{"count":20,"href":"https:\/\/site.educa.madrid.org\/cp.mariadevillota.madrid\/index.php\/wp-json\/wp\/v2\/pages\/10520\/revisions"}],"predecessor-version":[{"id":13647,"href":"https:\/\/site.educa.madrid.org\/cp.mariadevillota.madrid\/index.php\/wp-json\/wp\/v2\/pages\/10520\/revisions\/13647"}],"wp:attachment":[{"href":"https:\/\/site.educa.madrid.org\/cp.mariadevillota.madrid\/index.php\/wp-json\/wp\/v2\/media?parent=10520"}],"wp:term":[{"taxonomy":"folder","embeddable":true,"href":"https:\/\/site.educa.madrid.org\/cp.mariadevillota.madrid\/index.php\/wp-json\/wp\/v2\/folder?post=10520"}],"curies":[{"name":"wp","href":"https:\/\/api.w.org\/{rel}","templated":true}]}}