{"id":13497,"date":"2024-09-04T21:16:34","date_gmt":"2024-09-04T19:16:34","guid":{"rendered":"https:\/\/site.educa.madrid.org\/cp.mariadevillota.madrid\/?page_id=13497"},"modified":"2025-01-09T20:05:01","modified_gmt":"2025-01-09T19:05:01","slug":"robles","status":"publish","type":"page","link":"https:\/\/site.educa.madrid.org\/cp.mariadevillota.madrid\/index.php\/robles\/","title":{"rendered":"ROBLE \ud83c\udf33"},"content":{"rendered":"\n<p>\ud83c\udf33\ud83c\udf33\ud83c\udf33\ud83c\udf33\ud83c\udf33\ud83c\udf33\ud83c\udf33\ud83c\udf33\ud83c\udf33\ud83c\udf33\ud83c\udf33\ud83c\udf33\ud83c\udf33\ud83c\udf33\ud83c\udf33\ud83c\udf33\ud83c\udf33\ud83c\udf33\ud83c\udf33\ud83c\udf33\ud83c\udf33\ud83c\udf33\ud83c\udf33\ud83c\udf33\ud83c\udf33\ud83c\udf33\ud83c\udf33\ud83c\udf33\ud83c\udf33\ud83c\udf33\ud83c\udf33\ud83c\udf33\ud83c\udf33\ud83c\udf33\ud83c\udf33\ud83c\udf33\ud83c\udf33<\/p>\n\n\n<div class=\"wp-block-image\">\n<figure class=\"alignright size-full is-resized\"><img loading=\"lazy\" decoding=\"async\" width=\"880\" height=\"495\" src=\"https:\/\/site.educa.madrid.org\/cp.mariadevillota.madrid\/\/wp-content\/uploads\/cp.mariadevillota.madrid\/2024\/09\/roble-app-store.png\" alt=\"\" class=\"wp-image-13552\" style=\"width:183px;height:auto\" srcset=\"https:\/\/site.educa.madrid.org\/cp.mariadevillota.madrid\/\/wp-content\/uploads\/cp.mariadevillota.madrid\/2024\/09\/roble-app-store.png 880w, https:\/\/site.educa.madrid.org\/cp.mariadevillota.madrid\/\/wp-content\/uploads\/cp.mariadevillota.madrid\/2024\/09\/roble-app-store-300x169.png 300w, https:\/\/site.educa.madrid.org\/cp.mariadevillota.madrid\/\/wp-content\/uploads\/cp.mariadevillota.madrid\/2024\/09\/roble-app-store-768x432.png 768w\" sizes=\"auto, (max-width: 880px) 100vw, 880px\" \/><\/figure>\n<\/div>\n\n\n<p class=\"has-black-color has-light-green-cyan-background-color has-text-color has-background has-link-color wp-elements-bd2ab72299fbe9abb74349d893771fe3\"><strong>ROBLE WEB<\/strong> es nuestro principal canal desde este a\u00f1o 24\/25 de comunicaci\u00f3n con las familias de nuestro centro. Su finalidad es proporcionaros todas las informaciones relevantes y actuales para que est\u00e9is informados de la realidad del centro de vuestros\/as hijos\/as.<\/p>\n\n\n\n<p class=\"has-black-color has-cyan-bluish-gray-background-color has-text-color has-background has-link-color wp-elements-b46c2fded5565dc2e277baf9973f1a5f\">Constituye tambi\u00e9n una herramienta adecuada para realizar el seguimiento educativo con el tutor o tutora ya que ser\u00e1 la forma m\u00e1s adecuada de mensajer\u00eda.<\/p>\n\n\n\n<p class=\"has-black-color has-cyan-bluish-gray-background-color has-text-color has-background has-link-color wp-elements-ed4ae954504e4548592dcb3e0dd999b9\"><strong>ROBLE WEB<\/strong> est\u00e1 plenamente integrado en RA\u00cdCES (<a href=\"https:\/\/raices.madrid.org\/raiz_app\/jsp\/portal\/portalraices.html\" target=\"_blank\" rel=\"noreferrer noopener\">raices.madrid.org)<\/a>, el sistema de Gesti\u00f3n Integral Educativa de la Comunidad de Madrid. Sus funcionalidades son tambi\u00e9n accesibles desde cualquier smartphone o tablet a trav\u00e9s de la aplicaci\u00f3n de movilidad ROBLE.<\/p>\n\n\n\n<p class=\"has-black-color has-cyan-bluish-gray-background-color has-text-color has-background has-link-color wp-elements-2b77e4e0bdda4d0f33852687365a0d37\">Aqu\u00ed ten\u00e9is los enlaces a dos manuales de la aplicaci\u00f3n. Uno para su uso desde la web y otro desde la app.<\/p>\n\n\n\n<div class=\"wp-block-buttons has-custom-font-size has-medium-font-size is-layout-flex wp-block-buttons-is-layout-flex\">\n<div class=\"wp-block-button has-custom-width wp-block-button__width-25\"><a class=\"wp-block-button__link wp-element-button\">WEB<\/a><\/div>\n<\/div>\n\n\n\n<div data-wp-interactive=\"core\/file\" class=\"wp-block-file\"><object data-wp-bind--hidden=\"!state.hasPdfPreview\" hidden class=\"wp-block-file__embed\" data=\"https:\/\/site.educa.madrid.org\/cp.mariadevillota.madrid\/\/wp-content\/uploads\/cp.mariadevillota.madrid\/2024\/09\/ROBLE-WEB-Familias-Guia-Visual-1.4.pdf\" type=\"application\/pdf\" style=\"width:100%;height:600px\" aria-label=\"Incrustado de ROBLE-WEB-Familias-Guia-Visual-1.4.\"><\/object><a id=\"wp-block-file--media-dfb42276-c55c-40f1-b7f6-a8de25f420cc\" href=\"https:\/\/site.educa.madrid.org\/cp.mariadevillota.madrid\/\/wp-content\/uploads\/cp.mariadevillota.madrid\/2024\/09\/ROBLE-WEB-Familias-Guia-Visual-1.4.pdf\">ROBLE-WEB-Familias-Guia-Visual-1.4<\/a><a href=\"https:\/\/site.educa.madrid.org\/cp.mariadevillota.madrid\/\/wp-content\/uploads\/cp.mariadevillota.madrid\/2024\/09\/ROBLE-WEB-Familias-Guia-Visual-1.4.pdf\" class=\"wp-block-file__button wp-element-button\" download aria-describedby=\"wp-block-file--media-dfb42276-c55c-40f1-b7f6-a8de25f420cc\">Descarga<\/a><\/div>\n\n\n\n<div class=\"wp-block-buttons is-layout-flex wp-block-buttons-is-layout-flex\">\n<div class=\"wp-block-button has-custom-width wp-block-button__width-25\"><a class=\"wp-block-button__link wp-element-button\">APP<\/a><\/div>\n<\/div>\n\n\n\n<div data-wp-interactive=\"core\/file\" class=\"wp-block-file\"><object data-wp-bind--hidden=\"!state.hasPdfPreview\" hidden class=\"wp-block-file__embed\" data=\"https:\/\/site.educa.madrid.org\/cp.mariadevillota.madrid\/\/wp-content\/uploads\/cp.mariadevillota.madrid\/2024\/09\/ROBLE-APP-Guia-Visual-1.1.pdf\" type=\"application\/pdf\" style=\"width:100%;height:600px\" aria-label=\"Incrustado de ROBLE-APP-Guia-Visual-1.1.\"><\/object><a id=\"wp-block-file--media-d009f280-bcba-4e16-b97b-3cb922d7fe74\" href=\"https:\/\/site.educa.madrid.org\/cp.mariadevillota.madrid\/\/wp-content\/uploads\/cp.mariadevillota.madrid\/2024\/09\/ROBLE-APP-Guia-Visual-1.1.pdf\">ROBLE-APP-Guia-Visual-1.1<\/a><a href=\"https:\/\/site.educa.madrid.org\/cp.mariadevillota.madrid\/\/wp-content\/uploads\/cp.mariadevillota.madrid\/2024\/09\/ROBLE-APP-Guia-Visual-1.1.pdf\" class=\"wp-block-file__button wp-element-button\" download aria-describedby=\"wp-block-file--media-d009f280-bcba-4e16-b97b-3cb922d7fe74\">Descarga<\/a><\/div>\n\n\n\n<div class=\"wp-block-buttons is-layout-flex wp-block-buttons-is-layout-flex\">\n<div class=\"wp-block-button\"><a class=\"wp-block-button__link wp-element-button\">\u00bfC\u00f3mo ver y enviar mensajes?  <\/a><\/div>\n<\/div>\n\n\n\n<div data-wp-interactive=\"core\/file\" class=\"wp-block-file\"><object data-wp-bind--hidden=\"!state.hasPdfPreview\" hidden class=\"wp-block-file__embed\" data=\"https:\/\/site.educa.madrid.org\/cp.mariadevillota.madrid\/\/wp-content\/uploads\/cp.mariadevillota.madrid\/2024\/09\/MENSAJERIA-INTERNA.pdf\" type=\"application\/pdf\" style=\"width:100%;height:600px\" aria-label=\"Incrustado de MENSAJERIA-INTERNA.\"><\/object><a id=\"wp-block-file--media-8386c15a-f66c-491a-ae04-38359b7329f9\" href=\"https:\/\/site.educa.madrid.org\/cp.mariadevillota.madrid\/\/wp-content\/uploads\/cp.mariadevillota.madrid\/2024\/09\/MENSAJERIA-INTERNA.pdf\">MENSAJERIA-INTERNA<\/a><a href=\"https:\/\/site.educa.madrid.org\/cp.mariadevillota.madrid\/\/wp-content\/uploads\/cp.mariadevillota.madrid\/2024\/09\/MENSAJERIA-INTERNA.pdf\" class=\"wp-block-file__button wp-element-button\" download aria-describedby=\"wp-block-file--media-8386c15a-f66c-491a-ae04-38359b7329f9\">Descarga<\/a><\/div>\n","protected":false},"excerpt":{"rendered":"<p>\ud83c\udf33\ud83c\udf33\ud83c\udf33\ud83c\udf33\ud83c\udf33\ud83c\udf33\ud83c\udf33\ud83c\udf33\ud83c\udf33\ud83c\udf33\ud83c\udf33\ud83c\udf33\ud83c\udf33\ud83c\udf33\ud83c\udf33\ud83c\udf33\ud83c\udf33\ud83c\udf33\ud83c\udf33\ud83c\udf33\ud83c\udf33\ud83c\udf33\ud83c\udf33\ud83c\udf33\ud83c\udf33\ud83c\udf33\ud83c\udf33\ud83c\udf33\ud83c\udf33\ud83c\udf33\ud83c\udf33\ud83c\udf33\ud83c\udf33\ud83c\udf33\ud83c\udf33\ud83c\udf33\ud83c\udf33 ROBLE WEB es nuestro principal canal desde este a\u00f1o 24\/25 de comunicaci\u00f3n con las familias de nuestro centro. Su finalidad es proporcionaros todas las informaciones relevantes y actuales para que est\u00e9is informados de la realidad del centro de vuestros\/as hijos\/as. Constituye tambi\u00e9n una herramienta adecuada para realizar el seguimiento educativo con el tutor o<\/p><\/div>\n<div class=\"blog-btn\"><a href=\"https:\/\/site.educa.madrid.org\/cp.mariadevillota.madrid\/index.php\/robles\/\" class=\"home-blog-btn\">Leer m\u00e1s<\/a><\/p>\n","protected":false},"author":3,"featured_media":0,"parent":0,"menu_order":0,"comment_status":"closed","ping_status":"closed","template":"","meta":{"footnotes":""},"folder":[],"class_list":["post-13497","page","type-page","status-publish","hentry"],"rttpg_featured_image_url":null,"rttpg_author":{"display_name":"cp.mariadevillota.madrid","author_link":"https:\/\/site.educa.madrid.org\/cp.mariadevillota.madrid\/index.php\/author\/cuenta_cp-mariadevillota-madrid\/"},"rttpg_comment":0,"rttpg_category":false,"rttpg_excerpt":"\ud83c\udf33\ud83c\udf33\ud83c\udf33\ud83c\udf33\ud83c\udf33\ud83c\udf33\ud83c\udf33\ud83c\udf33\ud83c\udf33\ud83c\udf33\ud83c\udf33\ud83c\udf33\ud83c\udf33\ud83c\udf33\ud83c\udf33\ud83c\udf33\ud83c\udf33\ud83c\udf33\ud83c\udf33\ud83c\udf33\ud83c\udf33\ud83c\udf33\ud83c\udf33\ud83c\udf33\ud83c\udf33\ud83c\udf33\ud83c\udf33\ud83c\udf33\ud83c\udf33\ud83c\udf33\ud83c\udf33\ud83c\udf33\ud83c\udf33\ud83c\udf33\ud83c\udf33\ud83c\udf33\ud83c\udf33 ROBLE WEB es nuestro principal canal desde este a\u00f1o 24\/25 de comunicaci\u00f3n con las familias de nuestro centro. Su finalidad es proporcionaros todas las informaciones relevantes y actuales para que est\u00e9is informados de la realidad del centro de vuestros\/as hijos\/as. Constituye tambi\u00e9n una herramienta adecuada para realizar el seguimiento educativo con el tutor oLeer&hellip;","post_mailing_queue_ids":[],"_links":{"self":[{"href":"https:\/\/site.educa.madrid.org\/cp.mariadevillota.madrid\/index.php\/wp-json\/wp\/v2\/pages\/13497","targetHints":{"allow":["GET"]}}],"collection":[{"href":"https:\/\/site.educa.madrid.org\/cp.mariadevillota.madrid\/index.php\/wp-json\/wp\/v2\/pages"}],"about":[{"href":"https:\/\/site.educa.madrid.org\/cp.mariadevillota.madrid\/index.php\/wp-json\/wp\/v2\/types\/page"}],"author":[{"embeddable":true,"href":"https:\/\/site.educa.madrid.org\/cp.mariadevillota.madrid\/index.php\/wp-json\/wp\/v2\/users\/3"}],"replies":[{"embeddable":true,"href":"https:\/\/site.educa.madrid.org\/cp.mariadevillota.madrid\/index.php\/wp-json\/wp\/v2\/comments?post=13497"}],"version-history":[{"count":9,"href":"https:\/\/site.educa.madrid.org\/cp.mariadevillota.madrid\/index.php\/wp-json\/wp\/v2\/pages\/13497\/revisions"}],"predecessor-version":[{"id":15134,"href":"https:\/\/site.educa.madrid.org\/cp.mariadevillota.madrid\/index.php\/wp-json\/wp\/v2\/pages\/13497\/revisions\/15134"}],"wp:attachment":[{"href":"https:\/\/site.educa.madrid.org\/cp.mariadevillota.madrid\/index.php\/wp-json\/wp\/v2\/media?parent=13497"}],"wp:term":[{"taxonomy":"folder","embeddable":true,"href":"https:\/\/site.educa.madrid.org\/cp.mariadevillota.madrid\/index.php\/wp-json\/wp\/v2\/folder?post=13497"}],"curies":[{"name":"wp","href":"https:\/\/api.w.org\/{rel}","templated":true}]}}