{"id":13630,"date":"2024-09-11T18:57:05","date_gmt":"2024-09-11T16:57:05","guid":{"rendered":"https:\/\/site.educa.madrid.org\/cp.mariadevillota.madrid\/?page_id=13630"},"modified":"2024-09-26T20:13:42","modified_gmt":"2024-09-26T18:13:42","slug":"clima-escolar","status":"publish","type":"page","link":"https:\/\/site.educa.madrid.org\/cp.mariadevillota.madrid\/index.php\/clima-escolar\/","title":{"rendered":"USO DE LAS TECNOLOG\u00cdAS"},"content":{"rendered":"\n<p class=\"has-text-align-center has-black-color has-vivid-cyan-blue-background-color has-text-color has-background has-link-color wp-elements-3d77fc850bee20ac949dd5629ee0416b\"><strong>INFORMACI\u00d3N FAMILIAS<\/strong><\/p>\n\n\n\n<p class=\"has-black-color has-white-background-color has-text-color has-background has-link-color wp-elements-0de1a7a5a880d0579c70efa1d911f1d9\">Actualmente, estamos inmersos en un mundo lleno de dispositivos m\u00f3viles como smartphones y tabletas. Nuestro tiempo de ocio a menudo se centra en las pantallas, ya sea para ver series y pel\u00edculas en streaming, jugar a videojuegos, o interactuar en redes sociales con amigos. Entonces, \u00bfc\u00f3mo manejar el uso de estas pantallas en la educaci\u00f3n de los ni\u00f1os? Las tecnolog\u00edas de la informaci\u00f3n y la comunicaci\u00f3n (TIC) pueden ser beneficiosas, pero es fundamental seguir ciertas normas. \u00bfCu\u00e1les son esas normas? \u00bfQu\u00e9 tipos de pantallas son recomendables y a partir de qu\u00e9 edades?<\/p>\n\n\n\n<p class=\"has-black-color has-cyan-bluish-gray-background-color has-text-color has-background has-link-color wp-elements-e8e63c3088303b76605061df54616140\"><strong>Infograf\u00eda de Hop\u00b4toys:<\/strong><\/p>\n\n\n\n<div data-wp-interactive=\"core\/file\" class=\"wp-block-file\"><object data-wp-bind--hidden=\"!state.hasPdfPreview\" hidden class=\"wp-block-file__embed\" data=\"https:\/\/site.educa.madrid.org\/cp.mariadevillota.madrid\/\/wp-content\/uploads\/cp.mariadevillota.madrid\/2024\/09\/pantallas-edades-ninos-hoptoys.pdf\" type=\"application\/pdf\" style=\"width:100%;height:600px\" aria-label=\"Incrustado de pantallas-edades-ninos-hoptoys.\"><\/object><a id=\"wp-block-file--media-8563cedf-b99b-47c0-8301-8151f734669f\" href=\"https:\/\/site.educa.madrid.org\/cp.mariadevillota.madrid\/\/wp-content\/uploads\/cp.mariadevillota.madrid\/2024\/09\/pantallas-edades-ninos-hoptoys.pdf\">pantallas-edades-ninos-hoptoys<\/a><a href=\"https:\/\/site.educa.madrid.org\/cp.mariadevillota.madrid\/\/wp-content\/uploads\/cp.mariadevillota.madrid\/2024\/09\/pantallas-edades-ninos-hoptoys.pdf\" class=\"wp-block-file__button wp-element-button\" download aria-describedby=\"wp-block-file--media-8563cedf-b99b-47c0-8301-8151f734669f\">Descarga<\/a><\/div>\n\n\n\n<p><a href=\"https:\/\/www.bloghoptoys.es\/las-pantallas-y-los-ninos\">https:\/\/www.bloghoptoys.es\/las-pantallas-y-los-ninos<\/a><\/p>\n\n\n\n<p class=\"has-text-align-center has-white-color has-vivid-red-background-color has-text-color has-background has-link-color has-medium-font-size wp-elements-9ba2a0521ac097b28ec0c25eb76ff8ef\">GU\u00cdA COMUNIDAD DE MADRID<\/p>\n\n\n\n<div data-wp-interactive=\"core\/file\" class=\"wp-block-file\"><object data-wp-bind--hidden=\"!state.hasPdfPreview\" hidden class=\"wp-block-file__embed\" data=\"https:\/\/site.educa.madrid.org\/cp.mariadevillota.madrid\/\/wp-content\/uploads\/cp.mariadevillota.madrid\/2024\/09\/BVCM050705.pdf\" type=\"application\/pdf\" style=\"width:100%;height:600px\" aria-label=\"Incrustado de BVCM050705.\"><\/object><a id=\"wp-block-file--media-5c24aef3-9cfa-4ca9-b4e7-109a4a534d6b\" href=\"https:\/\/site.educa.madrid.org\/cp.mariadevillota.madrid\/\/wp-content\/uploads\/cp.mariadevillota.madrid\/2024\/09\/BVCM050705.pdf\">BVCM050705<\/a><a href=\"https:\/\/site.educa.madrid.org\/cp.mariadevillota.madrid\/\/wp-content\/uploads\/cp.mariadevillota.madrid\/2024\/09\/BVCM050705.pdf\" class=\"wp-block-file__button wp-element-button\" download aria-describedby=\"wp-block-file--media-5c24aef3-9cfa-4ca9-b4e7-109a4a534d6b\">Descarga<\/a><\/div>\n\n\n\n<p class=\"has-text-align-center has-white-color has-light-green-cyan-background-color has-text-color has-background has-link-color has-medium-font-size wp-elements-ea049789d13e22c7cc7aad5008e19f14\"><strong>CLIMA ESCOLAR<\/strong><\/p>\n\n\n\n<div data-wp-interactive=\"core\/file\" class=\"wp-block-file\"><object data-wp-bind--hidden=\"!state.hasPdfPreview\" hidden class=\"wp-block-file__embed\" data=\"https:\/\/site.educa.madrid.org\/cp.mariadevillota.madrid\/\/wp-content\/uploads\/cp.mariadevillota.madrid\/2024\/09\/PLAN-DE-PREVENCION-DE-USO-DE-DISPOSITIVOS-MOVILES.pdf\" type=\"application\/pdf\" style=\"width:100%;height:600px\" aria-label=\"Incrustado de PLAN-DE-PREVENCION-DE-USO-DE-DISPOSITIVOS-MOVILES.\"><\/object><a id=\"wp-block-file--media-803cd7de-d5f4-4d5c-bc84-51cfbede6ff3\" href=\"https:\/\/site.educa.madrid.org\/cp.mariadevillota.madrid\/\/wp-content\/uploads\/cp.mariadevillota.madrid\/2024\/09\/PLAN-DE-PREVENCION-DE-USO-DE-DISPOSITIVOS-MOVILES.pdf\">PLAN-DE-PREVENCION-DE-USO-DE-DISPOSITIVOS-MOVILES<\/a><a href=\"https:\/\/site.educa.madrid.org\/cp.mariadevillota.madrid\/\/wp-content\/uploads\/cp.mariadevillota.madrid\/2024\/09\/PLAN-DE-PREVENCION-DE-USO-DE-DISPOSITIVOS-MOVILES.pdf\" class=\"wp-block-file__button wp-element-button\" download aria-describedby=\"wp-block-file--media-803cd7de-d5f4-4d5c-bc84-51cfbede6ff3\">Descarga<\/a><\/div>\n\n\n\n<p class=\"has-text-align-center has-white-color has-pale-cyan-blue-background-color has-text-color has-background has-link-color has-medium-font-size wp-elements-a1e42513bd6e0670cef3d5aac9f2001d\"><strong>GU\u00cdA UNICEF<\/strong><\/p>\n\n\n\n<div data-wp-interactive=\"core\/file\" class=\"wp-block-file\"><object data-wp-bind--hidden=\"!state.hasPdfPreview\" hidden class=\"wp-block-file__embed\" data=\"https:\/\/site.educa.madrid.org\/cp.mariadevillota.madrid\/\/wp-content\/uploads\/cp.mariadevillota.madrid\/2024\/09\/Pantallas-en-Casa.pdf\" type=\"application\/pdf\" style=\"width:100%;height:600px\" aria-label=\"Incrustado de Pantallas-en-Casa.\"><\/object><a id=\"wp-block-file--media-c2e22cfb-817c-4f9c-b580-0faa93676735\" href=\"https:\/\/site.educa.madrid.org\/cp.mariadevillota.madrid\/\/wp-content\/uploads\/cp.mariadevillota.madrid\/2024\/09\/Pantallas-en-Casa.pdf\">Pantallas-en-Casa<\/a><a href=\"https:\/\/site.educa.madrid.org\/cp.mariadevillota.madrid\/\/wp-content\/uploads\/cp.mariadevillota.madrid\/2024\/09\/Pantallas-en-Casa.pdf\" class=\"wp-block-file__button wp-element-button\" download aria-describedby=\"wp-block-file--media-c2e22cfb-817c-4f9c-b580-0faa93676735\">Descarga<\/a><\/div>\n","protected":false},"excerpt":{"rendered":"<p>INFORMACI\u00d3N FAMILIAS Actualmente, estamos inmersos en un mundo lleno de dispositivos m\u00f3viles como smartphones y tabletas. Nuestro tiempo de ocio a menudo se centra en las pantallas, ya sea para ver series y pel\u00edculas en streaming, jugar a videojuegos, o interactuar en redes sociales con amigos. Entonces, \u00bfc\u00f3mo manejar el uso de estas pantallas en<\/p><\/div>\n<div class=\"blog-btn\"><a href=\"https:\/\/site.educa.madrid.org\/cp.mariadevillota.madrid\/index.php\/clima-escolar\/\" class=\"home-blog-btn\">Leer m\u00e1s<\/a><\/p>\n","protected":false},"author":3,"featured_media":0,"parent":0,"menu_order":0,"comment_status":"closed","ping_status":"closed","template":"","meta":{"footnotes":""},"folder":[],"class_list":["post-13630","page","type-page","status-publish","hentry"],"rttpg_featured_image_url":null,"rttpg_author":{"display_name":"cp.mariadevillota.madrid","author_link":"https:\/\/site.educa.madrid.org\/cp.mariadevillota.madrid\/index.php\/author\/cuenta_cp-mariadevillota-madrid\/"},"rttpg_comment":0,"rttpg_category":false,"rttpg_excerpt":"INFORMACI\u00d3N FAMILIAS Actualmente, estamos inmersos en un mundo lleno de dispositivos m\u00f3viles como smartphones y tabletas. Nuestro tiempo de ocio a menudo se centra en las pantallas, ya sea para ver series y pel\u00edculas en streaming, jugar a videojuegos, o interactuar en redes sociales con amigos. Entonces, \u00bfc\u00f3mo manejar el uso de estas pantallas enLeer&hellip;","post_mailing_queue_ids":[],"_links":{"self":[{"href":"https:\/\/site.educa.madrid.org\/cp.mariadevillota.madrid\/index.php\/wp-json\/wp\/v2\/pages\/13630","targetHints":{"allow":["GET"]}}],"collection":[{"href":"https:\/\/site.educa.madrid.org\/cp.mariadevillota.madrid\/index.php\/wp-json\/wp\/v2\/pages"}],"about":[{"href":"https:\/\/site.educa.madrid.org\/cp.mariadevillota.madrid\/index.php\/wp-json\/wp\/v2\/types\/page"}],"author":[{"embeddable":true,"href":"https:\/\/site.educa.madrid.org\/cp.mariadevillota.madrid\/index.php\/wp-json\/wp\/v2\/users\/3"}],"replies":[{"embeddable":true,"href":"https:\/\/site.educa.madrid.org\/cp.mariadevillota.madrid\/index.php\/wp-json\/wp\/v2\/comments?post=13630"}],"version-history":[{"count":15,"href":"https:\/\/site.educa.madrid.org\/cp.mariadevillota.madrid\/index.php\/wp-json\/wp\/v2\/pages\/13630\/revisions"}],"predecessor-version":[{"id":13718,"href":"https:\/\/site.educa.madrid.org\/cp.mariadevillota.madrid\/index.php\/wp-json\/wp\/v2\/pages\/13630\/revisions\/13718"}],"wp:attachment":[{"href":"https:\/\/site.educa.madrid.org\/cp.mariadevillota.madrid\/index.php\/wp-json\/wp\/v2\/media?parent=13630"}],"wp:term":[{"taxonomy":"folder","embeddable":true,"href":"https:\/\/site.educa.madrid.org\/cp.mariadevillota.madrid\/index.php\/wp-json\/wp\/v2\/folder?post=13630"}],"curies":[{"name":"wp","href":"https:\/\/api.w.org\/{rel}","templated":true}]}}