{"id":13702,"date":"2024-09-26T20:02:18","date_gmt":"2024-09-26T18:02:18","guid":{"rendered":"https:\/\/site.educa.madrid.org\/cp.mariadevillota.madrid\/?page_id=13702"},"modified":"2024-09-26T20:10:46","modified_gmt":"2024-09-26T18:10:46","slug":"politica-privacidad-centros-ccmm","status":"publish","type":"page","link":"https:\/\/site.educa.madrid.org\/cp.mariadevillota.madrid\/index.php\/politica-privacidad-centros-ccmm\/","title":{"rendered":"Pol\u00edtica Privacidad Centros CCMM"},"content":{"rendered":"\n<p class=\"has-black-color has-white-background-color has-text-color has-background has-link-color wp-elements-4ef11abc62bce49313b5fd37a183dba5\"><strong>POL\u00cdTICA DE PRIVACIDAD EN CENTROS DOCENTES DE LA COMUNIDAD DE MADRID<\/strong><\/p>\n\n\n\n<figure class=\"wp-block-table\"><table><tbody><tr><td colspan=\"2\">Informaci\u00f3n sobre protecci\u00f3n de los datos de car\u00e1cter personal recogidos en los impresos de matr\u00edcula de los alumnos, en cumplimiento de la normativa de <strong>Protecci\u00f3n de Datos Personales (Reglamento Europeo 2016\/679, de 27 de abril de 2016, de Protecci\u00f3n de Datos Personales)<\/strong><\/td><\/tr><\/tbody><\/table><\/figure>\n\n\n\n<figure class=\"wp-block-table\"><table><tbody><tr><td><strong>RESPONSABLE<\/strong><\/td><td>Responsables en funci\u00f3n del tipo de centro:<br>Colegios de educaci\u00f3n infantil y primaria e Institutos de educaci\u00f3n secundaria:<br>\u2022 Direcci\u00f3n General de Educaci\u00f3n Infantil, Primaria, Secundaria y Bachillerato, C\/ Gran V\u00eda, 20, 4\u00aa planta. C. P. 28013.\u00a0<em>dginfantilprimariaysecundaria@madrid.org<\/em><br>Centros p\u00fablicos espec\u00edficos de formaci\u00f3n profesional y de ense\u00f1anzas de r\u00e9gimen especial:<br>\u2022 Direcci\u00f3n General de Formaci\u00f3n Profesional y Ense\u00f1anzas de R\u00e9gimen Especial, C\/ Gran V\u00eda, 20, C.P.: 28013.\u00a0<em>dg.formacionprofesional@madrid.org<\/em><br>Centros p\u00fablicos de ense\u00f1anzas art\u00edsticas superiores:<br>\u2022 Direcci\u00f3n General de Universidades y Ense\u00f1anzas Art\u00edsticas Superiores, C\/ Alcal\u00e1, 32. 3\u00aa planta, C.P.: 28014.\u00a0<em>dg.universidades@madrid.org<\/em><\/td><\/tr><tr><td><strong>DELEGADO DE PROTECCI\u00d3N DE DATOS<\/strong><\/td><td><em>protecciondatos.educacion@madrid.org<\/em><br>C\/ Alcal\u00e1, 32. Planta baja, C.P. 28014, Madrid Tel: 917200379 \u2013 917200076 -917200486<\/td><\/tr><tr><td><strong>FINALIDAD<\/strong><\/td><td>Los datos se tratan para la gesti\u00f3n de la actividad educativa de los alumnos a lo largo de su vida acad\u00e9mica en las ense\u00f1anzas no universitarias.<br>Los datos personales forman parte del expediente acad\u00e9mico de cada alumno y se conservar\u00e1n de forma indefinida con fines de archivo, sin que una vez finalizadas sus ense\u00f1anzas puedan tratarse con otros fines, salvo cient\u00edficos o estad\u00edsticos.<\/td><\/tr><tr><td><strong>LEGITIMACI\u00d3N<\/strong><\/td><td>El centro docente y la Administraci\u00f3n educativa est\u00e1n legitimados para recabar y tratar los datos personales, conforme a lo dispuesto en\u00a0<em>art\u00edculo 6.1, letras c) y e) del Reglamento Europeo 2016\/679 de Protecci\u00f3n de Datos Personales y a la disposici\u00f3n adicional vigesimotercera de la Ley Org\u00e1nica 2\/2006, de 3 de mayo, de Educaci\u00f3n.<\/em><br>Para la recogida y tratamiento de datos no amparados por las disposiciones citadas en el p\u00e1rrafo anterior, se solicitar\u00e1 la autorizaci\u00f3n previa del alumno o padres\/tutores, como, por ejemplo, en el caso del tratamiento de im\u00e1genes, v\u00eddeos o audios que utilice el centro para aquellas finalidades que no sean estrictamente necesarias dentro de la actividad educativa.<\/td><\/tr><tr><td><strong>DESTINATARIOS<\/strong><\/td><td>Los datos de car\u00e1cter personal podr\u00e1n ser comunicados, velando por que sean los m\u00ednimos imprescindibles, a las asociaciones de padres y madres de alumnos del centro, a las empresas prestadoras de servicios en el centro (comedor, extraescolares, pr\u00e1cticas en empresas, etc.) o, en su caso, a los Servicios Sociales, al Ministerio de Educaci\u00f3n, Cultura y Deportes o a instituciones de la Uni\u00f3n Europea.<\/td><\/tr><tr><td><strong>DERECHOS<\/strong><\/td><td>El alumno o sus padres o tutores pueden ejercitar, si lo desean, los derechos de acceso y rectificaci\u00f3n de datos, as\u00ed como solicitar que se limite el tratamiento de sus datos personales u oponerse al mismo, dentro de lo dispuesto en la normativa vigente, dirigiendo una solicitud al centro docente, o bien a la Direcci\u00f3n General responsable del tratamiento o al Delegado de Protecci\u00f3n de Datos de la Consejer\u00eda de Educaci\u00f3n e Investigaci\u00f3n, bien por el registro (electr\u00f3nico o presencial) de la Comunidad de Madrid, bien por correo electr\u00f3nico u ordinario.<br>Adem\u00e1s, en caso de disconformidad con el tratamiento de los datos personales, podr\u00e1n interponer una reclamaci\u00f3n ante la Agencia Espa\u00f1ola de Protecci\u00f3n de Datos mediante escrito (C\/ Jorge Juan, 6, 28001-Madrid) o formulario en su Sede electr\u00f3nica:<em>prensa@agpd.es.<\/em><\/td><\/tr><tr><td><strong>M\u00c1S INFORMACI\u00d3N<\/strong><\/td><td>Puede consultar, adicional y detalladamente, la informaci\u00f3n y normativa aplicable en materia de protecci\u00f3n de datos en la web de la Agencia Espa\u00f1ola de Protecci\u00f3n de Datos\u00a0<a href=\"https:\/\/www.aepd.es\/\" target=\"_blank\" rel=\"noreferrer noopener\">https:\/\/www.aepd.es\/<\/a>\u00a0Adem\u00e1s, en la web\u00a0<a href=\"http:\/\/www.madrid.org\/protecciondedatos\" target=\"_blank\" rel=\"noreferrer noopener\">www.madrid.org\/protecciondedatos<\/a>\u00a0de la Comunidad de Madrid, podr\u00e1 consultar diversos aspectos sobre la protecci\u00f3n de datos personales.<\/td><\/tr><\/tbody><\/table><\/figure>\n","protected":false},"excerpt":{"rendered":"<p>POL\u00cdTICA DE PRIVACIDAD EN CENTROS DOCENTES DE LA COMUNIDAD DE MADRID Informaci\u00f3n sobre protecci\u00f3n de los datos de car\u00e1cter personal recogidos en los impresos de matr\u00edcula de los alumnos, en cumplimiento de la normativa de Protecci\u00f3n de Datos Personales (Reglamento Europeo 2016\/679, de 27 de abril de 2016, de Protecci\u00f3n de Datos Personales) RESPONSABLE Responsables<\/p><\/div>\n<div class=\"blog-btn\"><a href=\"https:\/\/site.educa.madrid.org\/cp.mariadevillota.madrid\/index.php\/politica-privacidad-centros-ccmm\/\" class=\"home-blog-btn\">Leer m\u00e1s<\/a><\/p>\n","protected":false},"author":3,"featured_media":0,"parent":0,"menu_order":0,"comment_status":"closed","ping_status":"closed","template":"","meta":{"footnotes":""},"folder":[],"class_list":["post-13702","page","type-page","status-publish","hentry"],"rttpg_featured_image_url":null,"rttpg_author":{"display_name":"cp.mariadevillota.madrid","author_link":"https:\/\/site.educa.madrid.org\/cp.mariadevillota.madrid\/index.php\/author\/cuenta_cp-mariadevillota-madrid\/"},"rttpg_comment":0,"rttpg_category":false,"rttpg_excerpt":"POL\u00cdTICA DE PRIVACIDAD EN CENTROS DOCENTES DE LA COMUNIDAD DE MADRID Informaci\u00f3n sobre protecci\u00f3n de los datos de car\u00e1cter personal recogidos en los impresos de matr\u00edcula de los alumnos, en cumplimiento de la normativa de Protecci\u00f3n de Datos Personales (Reglamento Europeo 2016\/679, de 27 de abril de 2016, de Protecci\u00f3n de Datos Personales) RESPONSABLE ResponsablesLeer&hellip;","post_mailing_queue_ids":[],"_links":{"self":[{"href":"https:\/\/site.educa.madrid.org\/cp.mariadevillota.madrid\/index.php\/wp-json\/wp\/v2\/pages\/13702","targetHints":{"allow":["GET"]}}],"collection":[{"href":"https:\/\/site.educa.madrid.org\/cp.mariadevillota.madrid\/index.php\/wp-json\/wp\/v2\/pages"}],"about":[{"href":"https:\/\/site.educa.madrid.org\/cp.mariadevillota.madrid\/index.php\/wp-json\/wp\/v2\/types\/page"}],"author":[{"embeddable":true,"href":"https:\/\/site.educa.madrid.org\/cp.mariadevillota.madrid\/index.php\/wp-json\/wp\/v2\/users\/3"}],"replies":[{"embeddable":true,"href":"https:\/\/site.educa.madrid.org\/cp.mariadevillota.madrid\/index.php\/wp-json\/wp\/v2\/comments?post=13702"}],"version-history":[{"count":4,"href":"https:\/\/site.educa.madrid.org\/cp.mariadevillota.madrid\/index.php\/wp-json\/wp\/v2\/pages\/13702\/revisions"}],"predecessor-version":[{"id":13712,"href":"https:\/\/site.educa.madrid.org\/cp.mariadevillota.madrid\/index.php\/wp-json\/wp\/v2\/pages\/13702\/revisions\/13712"}],"wp:attachment":[{"href":"https:\/\/site.educa.madrid.org\/cp.mariadevillota.madrid\/index.php\/wp-json\/wp\/v2\/media?parent=13702"}],"wp:term":[{"taxonomy":"folder","embeddable":true,"href":"https:\/\/site.educa.madrid.org\/cp.mariadevillota.madrid\/index.php\/wp-json\/wp\/v2\/folder?post=13702"}],"curies":[{"name":"wp","href":"https:\/\/api.w.org\/{rel}","templated":true}]}}