{"id":15246,"date":"2025-01-22T18:18:19","date_gmt":"2025-01-22T17:18:19","guid":{"rendered":"https:\/\/site.educa.madrid.org\/cp.mariadevillota.madrid\/?page_id=15246"},"modified":"2025-02-11T18:59:18","modified_gmt":"2025-02-11T17:59:18","slug":"colegio-escuela_madrid-4-0","status":"publish","type":"page","link":"https:\/\/site.educa.madrid.org\/cp.mariadevillota.madrid\/index.php\/colegio-escuela_madrid-4-0\/","title":{"rendered":"COLEGIO ESCUELA_MADRID 4.0"},"content":{"rendered":"\n<p class=\"has-text-align-center has-black-color has-vivid-red-background-color has-text-color has-background has-link-color has-medium-font-size wp-elements-107aa5b0189d0d0245d164ac67ae3522\"><strong>C\u00d3DIGO ESCUELA 4.0<\/strong><\/p>\n\n\n\n<figure class=\"wp-block-image size-large\"><img loading=\"lazy\" decoding=\"async\" width=\"1024\" height=\"133\" src=\"https:\/\/site.educa.madrid.org\/cp.mariadevillota.madrid\/\/wp-content\/uploads\/cp.mariadevillota.madrid\/2025\/01\/nl\u00b4lk\u00b4n-1-1024x133.png\" alt=\"\" class=\"wp-image-15277\" srcset=\"https:\/\/site.educa.madrid.org\/cp.mariadevillota.madrid\/\/wp-content\/uploads\/cp.mariadevillota.madrid\/2025\/01\/nl\u00b4lk\u00b4n-1-1024x133.png 1024w, https:\/\/site.educa.madrid.org\/cp.mariadevillota.madrid\/\/wp-content\/uploads\/cp.mariadevillota.madrid\/2025\/01\/nl\u00b4lk\u00b4n-1-300x39.png 300w, https:\/\/site.educa.madrid.org\/cp.mariadevillota.madrid\/\/wp-content\/uploads\/cp.mariadevillota.madrid\/2025\/01\/nl\u00b4lk\u00b4n-1-768x100.png 768w, https:\/\/site.educa.madrid.org\/cp.mariadevillota.madrid\/\/wp-content\/uploads\/cp.mariadevillota.madrid\/2025\/01\/nl\u00b4lk\u00b4n-1.png 1159w\" sizes=\"auto, (max-width: 1024px) 100vw, 1024px\" \/><\/figure>\n\n\n\n<p class=\"has-text-align-center has-black-color has-pale-cyan-blue-background-color has-text-color has-background has-link-color has-large-font-size wp-elements-6346fca4946c2b761e9a64ccf1f0e88a\"><strong>WEB:<\/strong> <a href=\"https:\/\/www.educa2.madrid.org\/web\/centro.codigo-escuela-4.0\/inicio\">https:\/\/www.educa2.madrid.org\/web\/centro.codigo-escuela-4.0\/inicio<\/a> <\/p>\n\n\n\n<div data-wp-interactive=\"core\/file\" class=\"wp-block-file\"><object data-wp-bind--hidden=\"!state.hasPdfPreview\" hidden class=\"wp-block-file__embed\" data=\"https:\/\/site.educa.madrid.org\/cp.mariadevillota.madrid\/\/wp-content\/uploads\/cp.mariadevillota.madrid\/2025\/01\/document-3.pdf\" type=\"application\/pdf\" style=\"width:100%;height:600px\" aria-label=\"Incrustado de document-3.\"><\/object><a id=\"wp-block-file--media-5d2dab13-fcb3-49af-86cf-690002f21ac3\" href=\"https:\/\/site.educa.madrid.org\/cp.mariadevillota.madrid\/\/wp-content\/uploads\/cp.mariadevillota.madrid\/2025\/01\/document-3.pdf\">document-3<\/a><a href=\"https:\/\/site.educa.madrid.org\/cp.mariadevillota.madrid\/\/wp-content\/uploads\/cp.mariadevillota.madrid\/2025\/01\/document-3.pdf\" class=\"wp-block-file__button wp-element-button\" download aria-describedby=\"wp-block-file--media-5d2dab13-fcb3-49af-86cf-690002f21ac3\">Descarga<\/a><\/div>\n\n\n<div class=\"wp-block-image is-style-rounded\">\n<figure class=\"aligncenter size-large is-resized\"><img loading=\"lazy\" decoding=\"async\" width=\"1024\" height=\"1024\" src=\"https:\/\/site.educa.madrid.org\/cp.mariadevillota.madrid\/\/wp-content\/uploads\/cp.mariadevillota.madrid\/2025\/01\/472472809_17958603671851637_8550083436208607778_n-1024x1024.jpg\" alt=\"\" class=\"wp-image-15262\" style=\"width:470px;height:auto\" srcset=\"https:\/\/site.educa.madrid.org\/cp.mariadevillota.madrid\/\/wp-content\/uploads\/cp.mariadevillota.madrid\/2025\/01\/472472809_17958603671851637_8550083436208607778_n-1024x1024.jpg 1024w, https:\/\/site.educa.madrid.org\/cp.mariadevillota.madrid\/\/wp-content\/uploads\/cp.mariadevillota.madrid\/2025\/01\/472472809_17958603671851637_8550083436208607778_n-300x300.jpg 300w, https:\/\/site.educa.madrid.org\/cp.mariadevillota.madrid\/\/wp-content\/uploads\/cp.mariadevillota.madrid\/2025\/01\/472472809_17958603671851637_8550083436208607778_n-150x150.jpg 150w, https:\/\/site.educa.madrid.org\/cp.mariadevillota.madrid\/\/wp-content\/uploads\/cp.mariadevillota.madrid\/2025\/01\/472472809_17958603671851637_8550083436208607778_n-768x768.jpg 768w, https:\/\/site.educa.madrid.org\/cp.mariadevillota.madrid\/\/wp-content\/uploads\/cp.mariadevillota.madrid\/2025\/01\/472472809_17958603671851637_8550083436208607778_n-500x500.jpg 500w, https:\/\/site.educa.madrid.org\/cp.mariadevillota.madrid\/\/wp-content\/uploads\/cp.mariadevillota.madrid\/2025\/01\/472472809_17958603671851637_8550083436208607778_n.jpg 1080w\" sizes=\"auto, (max-width: 1024px) 100vw, 1024px\" \/><\/figure>\n<\/div>\n\n\n<p class=\"has-text-align-center has-black-color has-cyan-bluish-gray-background-color has-text-color has-background has-link-color wp-elements-8e9cfaf276dd3a3f9a5ee32f06c255ad\">Estos peque\u00f1os grandes aliados les acompa\u00f1ar\u00e1n en el aprendizaje de nuevas habilidades en programaci\u00f3n y rob\u00f3tica \ud83e\udd16\u2728<\/p>\n\n\n\n<p class=\"has-text-align-center has-black-color has-cyan-bluish-gray-background-color has-text-color has-background has-link-color wp-elements-c59b65f8e73933e95f78133f726648db\">Desde la resoluci\u00f3n de problemas hasta el trabajo en equipo, los&nbsp;<a href=\"https:\/\/www.instagram.com\/explore\/tags\/truetrue\/\">#TrueTrue<\/a>&nbsp;ayudar\u00e1n a potenciar la creatividad y el pensamiento cr\u00edtico. \u00bfSab\u00edas que el alumnado podr\u00e1 programar, dise\u00f1ar y hasta explorar conceptos de inteligencia artificial? \ud83e\udd29 \u00a1Imagina todo lo que pueden aprender y crear en el futuro! \ud83d\udca1\ud83d\ude80<\/p>\n\n\n\n<p class=\"has-text-align-center has-black-color has-cyan-bluish-gray-background-color has-text-color has-background has-link-color has-large-font-size wp-elements-c1efea38ec041d174c66693189f8c56e\"><a href=\"https:\/\/www.instagram.com\/explore\/tags\/codigoescuela4_0_madrid\/\">#CodigoEscuela4_0_Madrid<\/a><a href=\"https:\/\/www.instagram.com\/explore\/tags\/if_cmadrid\/\">#IF_CMadrid<\/a><\/p>\n","protected":false},"excerpt":{"rendered":"<p>C\u00d3DIGO ESCUELA 4.0 WEB: https:\/\/www.educa2.madrid.org\/web\/centro.codigo-escuela-4.0\/inicio Estos peque\u00f1os grandes aliados les acompa\u00f1ar\u00e1n en el aprendizaje de nuevas habilidades en programaci\u00f3n y rob\u00f3tica \ud83e\udd16\u2728 Desde la resoluci\u00f3n de problemas hasta el trabajo en equipo, los&nbsp;#TrueTrue&nbsp;ayudar\u00e1n a potenciar la creatividad y el pensamiento cr\u00edtico. \u00bfSab\u00edas que el alumnado podr\u00e1 programar, dise\u00f1ar y hasta explorar conceptos de inteligencia artificial?<\/p><\/div>\n<div class=\"blog-btn\"><a href=\"https:\/\/site.educa.madrid.org\/cp.mariadevillota.madrid\/index.php\/colegio-escuela_madrid-4-0\/\" class=\"home-blog-btn\">Leer m\u00e1s<\/a><\/p>\n","protected":false},"author":3,"featured_media":0,"parent":0,"menu_order":0,"comment_status":"closed","ping_status":"closed","template":"","meta":{"footnotes":""},"folder":[],"class_list":["post-15246","page","type-page","status-publish","hentry"],"rttpg_featured_image_url":null,"rttpg_author":{"display_name":"cp.mariadevillota.madrid","author_link":"https:\/\/site.educa.madrid.org\/cp.mariadevillota.madrid\/index.php\/author\/cuenta_cp-mariadevillota-madrid\/"},"rttpg_comment":0,"rttpg_category":false,"rttpg_excerpt":"C\u00d3DIGO ESCUELA 4.0 WEB: https:\/\/www.educa2.madrid.org\/web\/centro.codigo-escuela-4.0\/inicio Estos peque\u00f1os grandes aliados les acompa\u00f1ar\u00e1n en el aprendizaje de nuevas habilidades en programaci\u00f3n y rob\u00f3tica \ud83e\udd16\u2728 Desde la resoluci\u00f3n de problemas hasta el trabajo en equipo, los&nbsp;#TrueTrue&nbsp;ayudar\u00e1n a potenciar la creatividad y el pensamiento cr\u00edtico. \u00bfSab\u00edas que el alumnado podr\u00e1 programar, dise\u00f1ar y hasta explorar conceptos de inteligencia artificial?Leer&hellip;","post_mailing_queue_ids":[],"_links":{"self":[{"href":"https:\/\/site.educa.madrid.org\/cp.mariadevillota.madrid\/index.php\/wp-json\/wp\/v2\/pages\/15246","targetHints":{"allow":["GET"]}}],"collection":[{"href":"https:\/\/site.educa.madrid.org\/cp.mariadevillota.madrid\/index.php\/wp-json\/wp\/v2\/pages"}],"about":[{"href":"https:\/\/site.educa.madrid.org\/cp.mariadevillota.madrid\/index.php\/wp-json\/wp\/v2\/types\/page"}],"author":[{"embeddable":true,"href":"https:\/\/site.educa.madrid.org\/cp.mariadevillota.madrid\/index.php\/wp-json\/wp\/v2\/users\/3"}],"replies":[{"embeddable":true,"href":"https:\/\/site.educa.madrid.org\/cp.mariadevillota.madrid\/index.php\/wp-json\/wp\/v2\/comments?post=15246"}],"version-history":[{"count":6,"href":"https:\/\/site.educa.madrid.org\/cp.mariadevillota.madrid\/index.php\/wp-json\/wp\/v2\/pages\/15246\/revisions"}],"predecessor-version":[{"id":15452,"href":"https:\/\/site.educa.madrid.org\/cp.mariadevillota.madrid\/index.php\/wp-json\/wp\/v2\/pages\/15246\/revisions\/15452"}],"wp:attachment":[{"href":"https:\/\/site.educa.madrid.org\/cp.mariadevillota.madrid\/index.php\/wp-json\/wp\/v2\/media?parent=15246"}],"wp:term":[{"taxonomy":"folder","embeddable":true,"href":"https:\/\/site.educa.madrid.org\/cp.mariadevillota.madrid\/index.php\/wp-json\/wp\/v2\/folder?post=15246"}],"curies":[{"name":"wp","href":"https:\/\/api.w.org\/{rel}","templated":true}]}}