{"id":168,"date":"2019-11-13T17:12:38","date_gmt":"2019-11-13T17:12:38","guid":{"rendered":"https:\/\/site.educa.madrid.org\/cp.mariadevillota.madrid\/?page_id=168"},"modified":"2022-09-02T10:22:25","modified_gmt":"2022-09-02T08:22:25","slug":"servicios","status":"publish","type":"page","link":"https:\/\/site.educa.madrid.org\/cp.mariadevillota.madrid\/index.php\/servicios\/","title":{"rendered":"SERVICIOS"},"content":{"rendered":"\n<p class=\"has-text-align-center has-background has-medium-font-size\" style=\"background-color:#f63f3f\"><strong><mark style=\"background-color:rgba(0, 0, 0, 0);color:#090808\" class=\"has-inline-color\">UNIFORME ESCOLAR<\/mark><\/strong><\/p>\n\n\n\n<p class=\"has-background\" style=\"background-color:#edf2f6\"><mark style=\"background-color:rgba(0, 0, 0, 0);color:#090808\" class=\"has-inline-color\">Estimadas familias: Para la adquisici\u00f3n de los uniformes escolares deb\u00e9is poneros en contacto con la empresa Pequecoles, a trav\u00e9s del tel\u00e9fono <strong>918786636<\/strong> o el email <\/mark><strong><a href=\"mailto:pequecolespedidos@gmail.com\"><mark style=\"background-color:rgba(0, 0, 0, 0);color:#1fa4f7\" class=\"has-inline-color\">pequecolespedidos@gmail.com<\/mark><\/a><\/strong>.<\/p>\n\n\n\n<p><\/p>\n\n\n\n<div class=\"wp-block-file aligncenter\"><a id=\"wp-block-file--media-e03bd23f-bff2-4596-88c8-defb425b53c7\" href=\"https:\/\/site.educa.madrid.org\/cp.mariadevillota.madrid\/\/wp-content\/uploads\/cp.mariadevillota.madrid\/2022\/06\/PRECIOS-UNIFORMES-2022-2023.pdf\"><strong><mark style=\"background-color:rgba(0, 0, 0, 0);color:#090808\" class=\"has-inline-color\">PRECIOS UNIFORMES 2022-2023<\/mark><\/strong><\/a><a href=\"https:\/\/site.educa.madrid.org\/cp.mariadevillota.madrid\/\/wp-content\/uploads\/cp.mariadevillota.madrid\/2022\/06\/PRECIOS-UNIFORMES-2022-2023.pdf\" class=\"wp-block-file__button\" download aria-describedby=\"wp-block-file--media-e03bd23f-bff2-4596-88c8-defb425b53c7\">Descarga<\/a><\/div>\n\n\n\n<p><\/p>\n\n\n\n<div class=\"wp-block-file aligncenter\"><a id=\"wp-block-file--media-b3814607-efd7-4c9a-977d-7cdcba8a6d68\" href=\"https:\/\/site.educa.madrid.org\/cp.mariadevillota.madrid\/\/wp-content\/uploads\/cp.mariadevillota.madrid\/2022\/06\/UNIFORMES-CEIP-MARIA-DE-VILLOTA-2022.pdf\"><strong><mark style=\"background-color:rgba(0, 0, 0, 0);color:#070606\" class=\"has-inline-color\">FOTOGRAF\u00cdAS UNIFORMES<\/mark><\/strong><\/a><a href=\"https:\/\/site.educa.madrid.org\/cp.mariadevillota.madrid\/\/wp-content\/uploads\/cp.mariadevillota.madrid\/2022\/06\/UNIFORMES-CEIP-MARIA-DE-VILLOTA-2022.pdf\" class=\"wp-block-file__button\" download aria-describedby=\"wp-block-file--media-b3814607-efd7-4c9a-977d-7cdcba8a6d68\">Descarga<\/a><\/div>\n\n\n\n<p><\/p>\n\n\n\n<p><\/p>\n\n\n\n<p class=\"has-text-align-center has-pale-cyan-blue-background-color has-text-color has-background has-medium-font-size\" style=\"color:#0e0e0e\"><strong>SERVICIO CAMBIO DE ROPA. CURSO 2022-2023<\/strong><\/p>\n\n\n\n<p class=\"has-very-light-gray-background-color has-text-color has-background\" style=\"color:#070707\">Las\u00a0<strong><u>tarifas<\/u><\/strong>\u00a0para este curso 2022-2023 son las siguientes:<\/p>\n\n\n\n<ul class=\"wp-block-list\"><li><strong>Alumnos de 3 a\u00f1os: 20\u20ac\/a\u00f1o<\/strong><\/li><li><strong>Alumnos de 4 a\u00f1os: 15\u20ac\/a\u00f1o<\/strong><\/li><li><strong>Alumnos de 5 a\u00f1os: 10\u20ac\/a\u00f1o<\/strong><\/li><\/ul>\n\n\n\n<p class=\"has-very-light-gray-background-color has-background\">Para poder disfrutar de este servicio deber\u00e1n cumplimentar la inscripci\u00f3n a trav\u00e9s de la Web&nbsp;<a rel=\"noreferrer noopener\" href=\"http:\/\/www.secoe.es\/\" target=\"_blank\"><strong><span class=\"has-inline-color has-vivid-cyan-blue-color\">www.secoe.es<\/span><\/strong><\/a>, creando un usuario y contrase\u00f1a en el \u00e1rea de familias, entrando con dichos datos, a\u00f1adiendo al hijo\/hija, esperando la validaci\u00f3n (de 24 a 48h) y podr\u00e1 realizar la inscripci\u00f3n de cambios de ropa.<\/p>\n\n\n\n<p class=\"has-very-light-gray-background-color has-text-color has-background\" style=\"color:#000507\"><strong><u>Las familias que no contraten el servicio tendr\u00e1n que venir al centro cuando se les llame para cambiar a los alumnos.<\/u><\/strong><\/p>\n\n\n\n<p class=\"has-very-light-gray-background-color has-text-color has-background\" style=\"color:#0d0d0d\"><strong>Para conocer las condiciones generales del servicio, acceda al siguiente enlace:<\/strong><\/p>\n\n\n\n<div class=\"wp-block-file aligncenter\"><a id=\"wp-block-file--media-723c8490-1351-441c-a451-5de7b7267bda\" href=\"https:\/\/site.educa.madrid.org\/cp.mariadevillota.madrid\/\/wp-content\/uploads\/cp.mariadevillota.madrid\/2020\/09\/Condiciones-generales-servicios-cambios-de-ropa-1.pdf\"><strong><span class=\"has-inline-color has-vivid-cyan-blue-color\">Condiciones-generales-servicios-cambios-de-ropa-1<\/span><\/strong><\/a><a href=\"https:\/\/site.educa.madrid.org\/cp.mariadevillota.madrid\/\/wp-content\/uploads\/cp.mariadevillota.madrid\/2020\/09\/Condiciones-generales-servicios-cambios-de-ropa-1.pdf\" class=\"wp-block-file__button\" download aria-describedby=\"wp-block-file--media-723c8490-1351-441c-a451-5de7b7267bda\">Descarga<\/a><\/div>\n\n\n\n<hr class=\"wp-block-separator\"\/>\n\n\n\n<p class=\"has-background has-medium-font-size\" style=\"background-color:#fde6a7\"><strong><span style=\"color:#0d0d0d\" class=\"has-inline-color\">ADQUISICI\u00d3N DEL CH\u00c1NDAL Y EL BABI DEL COLEGIO<\/span><\/strong><\/p>\n\n\n\n<p class=\"has-very-light-gray-background-color has-text-color has-background\" style=\"color:#02080a\">Desde el centro recomendamos adquirir la ropa deportiva del colegio que, para la etapa de Educaci\u00f3n Primaria, se utilizar\u00e1 durante las clases de Ed. F\u00edsica y las excursiones. <\/p>\n\n\n\n<p class=\"has-very-light-gray-background-color has-text-color has-background\" style=\"color:#03090c\">Para la etapa de Educaci\u00f3n Infantil, adem\u00e1s del ch\u00e1ndal, es recomendable la adquisici\u00f3n del babi.<\/p>\n\n\n\n<p class=\"has-very-light-gray-background-color has-background\"><mark style=\"background-color:rgba(0, 0, 0, 0);color:#050505\" class=\"has-inline-color\">Deben ponerse en contacto con la empresa a trav\u00e9s del correo <\/mark>electr\u00f3nico\u00a0<a rel=\"noreferrer noopener\" href=\"mailto:pequecolespedidos@gmail.com\" target=\"_blank\"><mark style=\"background-color:rgba(0, 0, 0, 0)\" class=\"has-inline-color has-vivid-cyan-blue-color\"><strong>pequecolespedidos<\/strong><\/mark><\/a><a href=\"mailto:pequecolespedidos@gmail.com\"><mark style=\"background-color:rgba(0, 0, 0, 0)\" class=\"has-inline-color has-vivid-cyan-blue-color\"><strong>@<\/strong><\/mark><\/a><a rel=\"noreferrer noopener\" href=\"mailto:pequecolespedidos@gmail.com\" target=\"_blank\"><mark style=\"background-color:rgba(0, 0, 0, 0)\" class=\"has-inline-color has-vivid-cyan-blue-color\"><strong>gmail.com<\/strong><\/mark><\/a><br><\/p>\n","protected":false},"excerpt":{"rendered":"<p>UNIFORME ESCOLAR Estimadas familias: Para la adquisici\u00f3n de los uniformes escolares deb\u00e9is poneros en contacto con la empresa Pequecoles, a trav\u00e9s del tel\u00e9fono 918786636 o el email pequecolespedidos@gmail.com. SERVICIO CAMBIO DE ROPA. CURSO 2022-2023 Las\u00a0tarifas\u00a0para este curso 2022-2023 son las siguientes: Alumnos de 3 a\u00f1os: 20\u20ac\/a\u00f1o Alumnos de 4 a\u00f1os: 15\u20ac\/a\u00f1o Alumnos de 5 a\u00f1os:<\/p><\/div>\n<div class=\"blog-btn\"><a href=\"https:\/\/site.educa.madrid.org\/cp.mariadevillota.madrid\/index.php\/servicios\/\" class=\"home-blog-btn\">Leer m\u00e1s<\/a><\/p>\n","protected":false},"author":3,"featured_media":0,"parent":0,"menu_order":0,"comment_status":"closed","ping_status":"closed","template":"","meta":{"footnotes":""},"folder":[],"class_list":["post-168","page","type-page","status-publish","hentry"],"rttpg_featured_image_url":null,"rttpg_author":{"display_name":"cp.mariadevillota.madrid","author_link":"https:\/\/site.educa.madrid.org\/cp.mariadevillota.madrid\/index.php\/author\/cuenta_cp-mariadevillota-madrid\/"},"rttpg_comment":0,"rttpg_category":false,"rttpg_excerpt":"UNIFORME ESCOLAR Estimadas familias: Para la adquisici\u00f3n de los uniformes escolares deb\u00e9is poneros en contacto con la empresa Pequecoles, a trav\u00e9s del tel\u00e9fono 918786636 o el email pequecolespedidos@gmail.com. SERVICIO CAMBIO DE ROPA. CURSO 2022-2023 Las\u00a0tarifas\u00a0para este curso 2022-2023 son las siguientes: Alumnos de 3 a\u00f1os: 20\u20ac\/a\u00f1o Alumnos de 4 a\u00f1os: 15\u20ac\/a\u00f1o Alumnos de 5 a\u00f1os:Leer&hellip;","post_mailing_queue_ids":[],"_links":{"self":[{"href":"https:\/\/site.educa.madrid.org\/cp.mariadevillota.madrid\/index.php\/wp-json\/wp\/v2\/pages\/168","targetHints":{"allow":["GET"]}}],"collection":[{"href":"https:\/\/site.educa.madrid.org\/cp.mariadevillota.madrid\/index.php\/wp-json\/wp\/v2\/pages"}],"about":[{"href":"https:\/\/site.educa.madrid.org\/cp.mariadevillota.madrid\/index.php\/wp-json\/wp\/v2\/types\/page"}],"author":[{"embeddable":true,"href":"https:\/\/site.educa.madrid.org\/cp.mariadevillota.madrid\/index.php\/wp-json\/wp\/v2\/users\/3"}],"replies":[{"embeddable":true,"href":"https:\/\/site.educa.madrid.org\/cp.mariadevillota.madrid\/index.php\/wp-json\/wp\/v2\/comments?post=168"}],"version-history":[{"count":20,"href":"https:\/\/site.educa.madrid.org\/cp.mariadevillota.madrid\/index.php\/wp-json\/wp\/v2\/pages\/168\/revisions"}],"predecessor-version":[{"id":10628,"href":"https:\/\/site.educa.madrid.org\/cp.mariadevillota.madrid\/index.php\/wp-json\/wp\/v2\/pages\/168\/revisions\/10628"}],"wp:attachment":[{"href":"https:\/\/site.educa.madrid.org\/cp.mariadevillota.madrid\/index.php\/wp-json\/wp\/v2\/media?parent=168"}],"wp:term":[{"taxonomy":"folder","embeddable":true,"href":"https:\/\/site.educa.madrid.org\/cp.mariadevillota.madrid\/index.php\/wp-json\/wp\/v2\/folder?post=168"}],"curies":[{"name":"wp","href":"https:\/\/api.w.org\/{rel}","templated":true}]}}