{"id":170,"date":"2019-11-13T17:13:22","date_gmt":"2019-11-13T17:13:22","guid":{"rendered":"https:\/\/site.educa.madrid.org\/cp.mariadevillota.madrid\/?page_id=170"},"modified":"2024-01-24T18:09:49","modified_gmt":"2024-01-24T17:09:49","slug":"secretaria","status":"publish","type":"page","link":"https:\/\/site.educa.madrid.org\/cp.mariadevillota.madrid\/index.php\/secretaria\/","title":{"rendered":"SECRETAR\u00cdA"},"content":{"rendered":"<div class=\"wp-block-image\">\n<figure class=\"alignright size-large is-resized\"><img loading=\"lazy\" decoding=\"async\" src=\"https:\/\/site.educa.madrid.org\/cp.mariadevillota.madrid\/\/wp-content\/uploads\/cp.mariadevillota.madrid\/2021\/01\/secretario.png\" alt=\"\" class=\"wp-image-2682\" width=\"128\" height=\"128\" srcset=\"https:\/\/site.educa.madrid.org\/cp.mariadevillota.madrid\/\/wp-content\/uploads\/cp.mariadevillota.madrid\/2021\/01\/secretario.png 500w, https:\/\/site.educa.madrid.org\/cp.mariadevillota.madrid\/\/wp-content\/uploads\/cp.mariadevillota.madrid\/2021\/01\/secretario-300x300.png 300w, https:\/\/site.educa.madrid.org\/cp.mariadevillota.madrid\/\/wp-content\/uploads\/cp.mariadevillota.madrid\/2021\/01\/secretario-150x150.png 150w\" sizes=\"auto, (max-width: 128px) 100vw, 128px\" \/><\/figure>\n<\/div>\n\n\n<hr class=\"wp-block-separator has-css-opacity is-style-wide\"\/>\n\n\n\n<p class=\"has-very-light-gray-background-color has-text-color has-background\" style=\"color:#01070a\">En la Secretar\u00eda del CEIP Mar\u00eda de Villota pueden solicitar toda la informaci\u00f3n relacionada con la parte administrativa as\u00ed como sobre el comedor escolar, las becas de comedor, etc. Las normas para el uso del servicio son las siguientes: <\/p>\n\n\n\n<p class=\"has-text-align-center has-black-color has-text-color has-background has-medium-font-size\" style=\"background-color:#fbe6ab\"><\/p>\n","protected":false},"excerpt":{"rendered":"<p>En la Secretar\u00eda del CEIP Mar\u00eda de Villota pueden solicitar toda la informaci\u00f3n relacionada con la parte administrativa as\u00ed como sobre el comedor escolar, las becas de comedor, etc. Las normas para el uso del servicio son las siguientes:<\/p>\n","protected":false},"author":3,"featured_media":0,"parent":0,"menu_order":0,"comment_status":"closed","ping_status":"closed","template":"","meta":{"footnotes":""},"folder":[],"class_list":["post-170","page","type-page","status-publish","hentry"],"rttpg_featured_image_url":null,"rttpg_author":{"display_name":"cp.mariadevillota.madrid","author_link":"https:\/\/site.educa.madrid.org\/cp.mariadevillota.madrid\/index.php\/author\/cuenta_cp-mariadevillota-madrid\/"},"rttpg_comment":0,"rttpg_category":false,"rttpg_excerpt":"En la Secretar\u00eda del CEIP Mar\u00eda de Villota pueden solicitar toda la informaci\u00f3n relacionada con la parte administrativa as\u00ed como sobre el comedor escolar, las becas de comedor, etc. Las normas para el uso del servicio son las siguientes:","post_mailing_queue_ids":[],"_links":{"self":[{"href":"https:\/\/site.educa.madrid.org\/cp.mariadevillota.madrid\/index.php\/wp-json\/wp\/v2\/pages\/170","targetHints":{"allow":["GET"]}}],"collection":[{"href":"https:\/\/site.educa.madrid.org\/cp.mariadevillota.madrid\/index.php\/wp-json\/wp\/v2\/pages"}],"about":[{"href":"https:\/\/site.educa.madrid.org\/cp.mariadevillota.madrid\/index.php\/wp-json\/wp\/v2\/types\/page"}],"author":[{"embeddable":true,"href":"https:\/\/site.educa.madrid.org\/cp.mariadevillota.madrid\/index.php\/wp-json\/wp\/v2\/users\/3"}],"replies":[{"embeddable":true,"href":"https:\/\/site.educa.madrid.org\/cp.mariadevillota.madrid\/index.php\/wp-json\/wp\/v2\/comments?post=170"}],"version-history":[{"count":41,"href":"https:\/\/site.educa.madrid.org\/cp.mariadevillota.madrid\/index.php\/wp-json\/wp\/v2\/pages\/170\/revisions"}],"predecessor-version":[{"id":10513,"href":"https:\/\/site.educa.madrid.org\/cp.mariadevillota.madrid\/index.php\/wp-json\/wp\/v2\/pages\/170\/revisions\/10513"}],"wp:attachment":[{"href":"https:\/\/site.educa.madrid.org\/cp.mariadevillota.madrid\/index.php\/wp-json\/wp\/v2\/media?parent=170"}],"wp:term":[{"taxonomy":"folder","embeddable":true,"href":"https:\/\/site.educa.madrid.org\/cp.mariadevillota.madrid\/index.php\/wp-json\/wp\/v2\/folder?post=170"}],"curies":[{"name":"wp","href":"https:\/\/api.w.org\/{rel}","templated":true}]}}