{"id":172,"date":"2019-11-13T17:14:53","date_gmt":"2019-11-13T17:14:53","guid":{"rendered":"https:\/\/site.educa.madrid.org\/cp.mariadevillota.madrid\/?page_id=172"},"modified":"2024-05-27T18:45:14","modified_gmt":"2024-05-27T16:45:14","slug":"nuestro-centro","status":"publish","type":"page","link":"https:\/\/site.educa.madrid.org\/cp.mariadevillota.madrid\/index.php\/nuestro-centro\/","title":{"rendered":"NUESTRO CENTRO \ud83c\udfeb"},"content":{"rendered":"<div class=\"wp-block-image\">\n<figure class=\"alignleft size-large is-resized\"><img loading=\"lazy\" decoding=\"async\" src=\"https:\/\/site.educa.madrid.org\/cp.mariadevillota.madrid\/\/wp-content\/uploads\/cp.mariadevillota.madrid\/2021\/01\/colegio-1.png\" alt=\"\" class=\"wp-image-2654\" width=\"203\" height=\"203\" srcset=\"https:\/\/site.educa.madrid.org\/cp.mariadevillota.madrid\/\/wp-content\/uploads\/cp.mariadevillota.madrid\/2021\/01\/colegio-1.png 500w, https:\/\/site.educa.madrid.org\/cp.mariadevillota.madrid\/\/wp-content\/uploads\/cp.mariadevillota.madrid\/2021\/01\/colegio-1-300x300.png 300w, https:\/\/site.educa.madrid.org\/cp.mariadevillota.madrid\/\/wp-content\/uploads\/cp.mariadevillota.madrid\/2021\/01\/colegio-1-150x150.png 150w\" sizes=\"auto, (max-width: 203px) 100vw, 203px\" \/><\/figure>\n<\/div>\n\n\n<hr class=\"wp-block-separator has-css-opacity is-style-wide\"\/>\n\n\n\n<p class=\"has-very-light-gray-background-color has-text-color has-background has-normal-font-size\" style=\"color:#0d0d0d\">El <strong>CEIP. Mar\u00eda de Villota <\/strong>es un centro <strong>biling\u00fce<\/strong> de nueva creaci\u00f3n.<\/p>\n\n\n\n<p class=\"has-very-light-gray-background-color has-text-color has-background has-normal-font-size\" style=\"color:#0f0f0f\">Nos encontramos en un edificio nuevo desde el curso 2023-2024 sito en  la <strong>Ca\u00f1ada del Sant\u00edsimo<\/strong>,&nbsp;<strong>n\u00ba 23<\/strong>&nbsp;, en el distrito del&nbsp;<strong>Ensanche de Vallecas<\/strong>.<\/p>\n\n\n\n\n\n<hr class=\"wp-block-separator has-css-opacity\"\/>\n\n\n\n<p class=\"has-black-color has-pale-cyan-blue-background-color has-text-color has-background has-medium-font-size\"><strong>CEIP. MAR\u00cdA DE VILLOTA<\/strong><\/p>\n\n\n\n<p class=\"has-black-color has-white-background-color has-text-color has-background has-medium-font-size\"><strong>Ca\u00f1ada del Sant\u00edsimo, N\u00ba 23.<\/strong><\/p>\n\n\n\n<p class=\"has-black-color has-white-background-color has-text-color has-background has-medium-font-size\"><strong>TFNO: 91 305 34 29<\/strong><\/p>\n\n\n\n<p class=\"has-black-color has-white-background-color has-text-color has-background\" style=\"font-size:19px\"><strong>C\u00d3DIGO DE CENTRO: 28079436<\/strong><\/p>\n\n\n\n<p class=\"has-medium-font-size\">NO OLVIDEN VISITAR NUESTRO <strong><a href=\"https:\/\/site.educa.madrid.org\/cp.mariadevillota.madrid\/index.php\/blogs\/\">BLOG<\/a><\/strong> PARA CONOCER M\u00c1S ACERCA DE NUESTRO CENTRO.<\/p>\n\n\n\n<ul class=\"wp-block-list\">\n<li class=\"has-medium-font-size\"><strong><a rel=\"noreferrer noopener\" href=\"https:\/\/site.educa.madrid.org\/cp.mariadevillota.madrid\/index.php\/blogs\/\" target=\"_blank\"><span class=\"has-inline-color has-vivid-cyan-blue-color\">BLOG DE CENTRO<\/span><\/a><\/strong><\/li>\n<\/ul>\n\n\n\n<ul class=\"wp-block-list\">\n<li class=\"has-medium-font-size\"><strong><a rel=\"noreferrer noopener\" href=\"https:\/\/site.educa.madrid.org\/cp.mariadevillota.madrid\/index.php\/blog-de-infantil\/\" target=\"_blank\"><span class=\"has-inline-color has-vivid-cyan-blue-color\">BLOG DE INFANTIL<\/span><\/a><\/strong><\/li>\n<\/ul>\n\n\n\n<ul class=\"has-medium-font-size wp-block-list\">\n<li><strong><a href=\"https:\/\/site.educa.madrid.org\/cp.mariadevillota.madrid\/index.php\/blog-de-primaria\/\"><span class=\"has-inline-color has-vivid-cyan-blue-color\">B<\/span><\/a><a rel=\"noreferrer noopener\" href=\"https:\/\/site.educa.madrid.org\/cp.mariadevillota.madrid\/index.php\/blog-de-primaria\/\" target=\"_blank\"><span class=\"has-inline-color has-vivid-cyan-blue-color\">LOG DE PRIMARIA<\/span><\/a><\/strong><\/li>\n<\/ul>\n\n\n\n<p> <\/p>\n","protected":false},"excerpt":{"rendered":"<p>El CEIP. Mar\u00eda de Villota es un centro biling\u00fce de nueva creaci\u00f3n. Nos encontramos en un edificio nuevo desde el curso 2023-2024 sito en la Ca\u00f1ada del Sant\u00edsimo,&nbsp;n\u00ba 23&nbsp;, en el distrito del&nbsp;Ensanche de Vallecas. CEIP. MAR\u00cdA DE VILLOTA Ca\u00f1ada del Sant\u00edsimo, N\u00ba 23. TFNO: 91 305 34 29 C\u00d3DIGO DE CENTRO: 28079436 NO OLVIDEN<\/p><\/div>\n<div class=\"blog-btn\"><a href=\"https:\/\/site.educa.madrid.org\/cp.mariadevillota.madrid\/index.php\/nuestro-centro\/\" class=\"home-blog-btn\">Leer m\u00e1s<\/a><\/p>\n","protected":false},"author":3,"featured_media":0,"parent":0,"menu_order":0,"comment_status":"closed","ping_status":"closed","template":"","meta":{"footnotes":""},"folder":[],"class_list":["post-172","page","type-page","status-publish","hentry"],"rttpg_featured_image_url":null,"rttpg_author":{"display_name":"cp.mariadevillota.madrid","author_link":"https:\/\/site.educa.madrid.org\/cp.mariadevillota.madrid\/index.php\/author\/cuenta_cp-mariadevillota-madrid\/"},"rttpg_comment":0,"rttpg_category":false,"rttpg_excerpt":"El CEIP. Mar\u00eda de Villota es un centro biling\u00fce de nueva creaci\u00f3n. Nos encontramos en un edificio nuevo desde el curso 2023-2024 sito en la Ca\u00f1ada del Sant\u00edsimo,&nbsp;n\u00ba 23&nbsp;, en el distrito del&nbsp;Ensanche de Vallecas. CEIP. MAR\u00cdA DE VILLOTA Ca\u00f1ada del Sant\u00edsimo, N\u00ba 23. TFNO: 91 305 34 29 C\u00d3DIGO DE CENTRO: 28079436 NO OLVIDENLeer&hellip;","post_mailing_queue_ids":[],"_links":{"self":[{"href":"https:\/\/site.educa.madrid.org\/cp.mariadevillota.madrid\/index.php\/wp-json\/wp\/v2\/pages\/172","targetHints":{"allow":["GET"]}}],"collection":[{"href":"https:\/\/site.educa.madrid.org\/cp.mariadevillota.madrid\/index.php\/wp-json\/wp\/v2\/pages"}],"about":[{"href":"https:\/\/site.educa.madrid.org\/cp.mariadevillota.madrid\/index.php\/wp-json\/wp\/v2\/types\/page"}],"author":[{"embeddable":true,"href":"https:\/\/site.educa.madrid.org\/cp.mariadevillota.madrid\/index.php\/wp-json\/wp\/v2\/users\/3"}],"replies":[{"embeddable":true,"href":"https:\/\/site.educa.madrid.org\/cp.mariadevillota.madrid\/index.php\/wp-json\/wp\/v2\/comments?post=172"}],"version-history":[{"count":30,"href":"https:\/\/site.educa.madrid.org\/cp.mariadevillota.madrid\/index.php\/wp-json\/wp\/v2\/pages\/172\/revisions"}],"predecessor-version":[{"id":12999,"href":"https:\/\/site.educa.madrid.org\/cp.mariadevillota.madrid\/index.php\/wp-json\/wp\/v2\/pages\/172\/revisions\/12999"}],"wp:attachment":[{"href":"https:\/\/site.educa.madrid.org\/cp.mariadevillota.madrid\/index.php\/wp-json\/wp\/v2\/media?parent=172"}],"wp:term":[{"taxonomy":"folder","embeddable":true,"href":"https:\/\/site.educa.madrid.org\/cp.mariadevillota.madrid\/index.php\/wp-json\/wp\/v2\/folder?post=172"}],"curies":[{"name":"wp","href":"https:\/\/api.w.org\/{rel}","templated":true}]}}