{"id":18676,"date":"2026-03-16T18:43:37","date_gmt":"2026-03-16T17:43:37","guid":{"rendered":"https:\/\/site.educa.madrid.org\/cp.mariadevillota.madrid\/?page_id=18676"},"modified":"2026-03-16T20:03:43","modified_gmt":"2026-03-16T19:03:43","slug":"aulas-educacion-especial","status":"publish","type":"page","link":"https:\/\/site.educa.madrid.org\/cp.mariadevillota.madrid\/index.php\/aulas-educacion-especial\/","title":{"rendered":"AULAS EDUCACI\u00d3N ESPECIAL"},"content":{"rendered":"\n<p class=\"has-black-color has-text-color has-link-color wp-elements-dcd8d787e5e6a05e601d0545e1d020c2\">La Comunidad de Madrid garantiza una respuesta educativa adaptada al alumnado con necesidades educativas especiales a trav\u00e9s de diferentes modalidades de escolarizaci\u00f3n y apoyos especializados. Estas medidas est\u00e1n dirigidas a estudiantes que, debido a discapacidad o trastornos del desarrollo, requieren una atenci\u00f3n educativa m\u00e1s espec\u00edfica para favorecer su desarrollo personal, social y acad\u00e9mico.<\/p>\n\n\n\n<p class=\"has-black-color has-text-color has-link-color wp-elements-a891e3939e9520f62a70a6810fceb24d\">En los centros y aulas de educaci\u00f3n especial se trabaja mediante una ense\u00f1anza altamente individualizada, con metodolog\u00edas adaptadas, apoyos especializados y programas espec\u00edficos que buscan potenciar al m\u00e1ximo las capacidades de cada alumno y facilitar su participaci\u00f3n en la vida escolar.<\/p>\n\n\n\n<p class=\"has-black-color has-text-color has-link-color wp-elements-2676e207f4b9910adf3e862be613a405\">La escolarizaci\u00f3n en educaci\u00f3n especial se organiza en <strong>dos etapas educativas<\/strong>:<\/p>\n\n\n\n<p class=\"has-black-color has-text-color has-link-color wp-elements-0fb3ce2a91bc3bb851146af4fa5cabd6\"><strong>Educaci\u00f3n Infantil Especial (EI)<\/strong><br>Dirigida a alumnado de entre <strong>3 y 6 a\u00f1os<\/strong>, tiene como objetivo favorecer el desarrollo global en los primeros a\u00f1os de vida. En esta etapa se trabajan especialmente la comunicaci\u00f3n, la autonom\u00eda personal, el desarrollo motor, la interacci\u00f3n social y los primeros aprendizajes b\u00e1sicos, siempre mediante actividades adaptadas a las necesidades de cada ni\u00f1o o ni\u00f1a.<\/p>\n\n\n\n<p class=\"has-black-color has-text-color has-link-color wp-elements-39ab301690f4d8a4023ce02606cc67ac\"><strong>Educaci\u00f3n B\u00e1sica Obligatoria (EBO)<\/strong><br>Comprende generalmente desde los <strong>6 hasta los 16 a\u00f1os<\/strong> y constituye la etapa principal de escolarizaci\u00f3n del alumnado en educaci\u00f3n especial. Durante estos a\u00f1os se desarrollan aprendizajes funcionales basados en el curr\u00edculo adaptado, poniendo especial atenci\u00f3n en la adquisici\u00f3n de habilidades comunicativas, sociales, cognitivas y de autonom\u00eda personal que favorezcan la participaci\u00f3n en la vida cotidiana.<\/p>\n\n\n\n<p class=\"has-black-color has-text-color has-link-color wp-elements-fc2a0a5ce96ab8d6016e8d612faec334\">El trabajo educativo se realiza con <strong>grupos reducidos y con la intervenci\u00f3n de profesionales especializados<\/strong>, entre los que se encuentran maestros de Pedagog\u00eda Terap\u00e9utica, especialistas en Audici\u00f3n y Lenguaje y otros profesionales de apoyo. La intervenci\u00f3n educativa se coordina con los equipos de orientaci\u00f3n para garantizar una respuesta ajustada a las necesidades de cada alumno.<\/p>\n\n\n\n<p class=\"has-black-color has-text-color has-link-color wp-elements-950e930f682dfbc84f72ff64601c27b0\">El objetivo principal es <strong>favorecer el m\u00e1ximo desarrollo personal, social y educativo del alumnado<\/strong>, promoviendo su bienestar, su participaci\u00f3n y su inclusi\u00f3n en la comunidad educativa.<\/p>\n","protected":false},"excerpt":{"rendered":"<p>La Comunidad de Madrid garantiza una respuesta educativa adaptada al alumnado con necesidades educativas especiales a trav\u00e9s de diferentes modalidades de escolarizaci\u00f3n y apoyos especializados. Estas medidas est\u00e1n dirigidas a estudiantes que, debido a discapacidad o trastornos del desarrollo, requieren una atenci\u00f3n educativa m\u00e1s espec\u00edfica para favorecer su desarrollo personal, social y acad\u00e9mico. En los<\/p><\/div>\n<div class=\"blog-btn\"><a href=\"https:\/\/site.educa.madrid.org\/cp.mariadevillota.madrid\/index.php\/aulas-educacion-especial\/\" class=\"home-blog-btn\">Leer m\u00e1s<\/a><\/p>\n","protected":false},"author":3,"featured_media":0,"parent":0,"menu_order":0,"comment_status":"closed","ping_status":"closed","template":"","meta":{"footnotes":""},"folder":[],"class_list":["post-18676","page","type-page","status-publish","hentry"],"rttpg_featured_image_url":null,"rttpg_author":{"display_name":"cp.mariadevillota.madrid","author_link":"https:\/\/site.educa.madrid.org\/cp.mariadevillota.madrid\/index.php\/author\/cuenta_cp-mariadevillota-madrid\/"},"rttpg_comment":0,"rttpg_category":false,"rttpg_excerpt":"La Comunidad de Madrid garantiza una respuesta educativa adaptada al alumnado con necesidades educativas especiales a trav\u00e9s de diferentes modalidades de escolarizaci\u00f3n y apoyos especializados. Estas medidas est\u00e1n dirigidas a estudiantes que, debido a discapacidad o trastornos del desarrollo, requieren una atenci\u00f3n educativa m\u00e1s espec\u00edfica para favorecer su desarrollo personal, social y acad\u00e9mico. En losLeer&hellip;","post_mailing_queue_ids":[],"_links":{"self":[{"href":"https:\/\/site.educa.madrid.org\/cp.mariadevillota.madrid\/index.php\/wp-json\/wp\/v2\/pages\/18676","targetHints":{"allow":["GET"]}}],"collection":[{"href":"https:\/\/site.educa.madrid.org\/cp.mariadevillota.madrid\/index.php\/wp-json\/wp\/v2\/pages"}],"about":[{"href":"https:\/\/site.educa.madrid.org\/cp.mariadevillota.madrid\/index.php\/wp-json\/wp\/v2\/types\/page"}],"author":[{"embeddable":true,"href":"https:\/\/site.educa.madrid.org\/cp.mariadevillota.madrid\/index.php\/wp-json\/wp\/v2\/users\/3"}],"replies":[{"embeddable":true,"href":"https:\/\/site.educa.madrid.org\/cp.mariadevillota.madrid\/index.php\/wp-json\/wp\/v2\/comments?post=18676"}],"version-history":[{"count":4,"href":"https:\/\/site.educa.madrid.org\/cp.mariadevillota.madrid\/index.php\/wp-json\/wp\/v2\/pages\/18676\/revisions"}],"predecessor-version":[{"id":18710,"href":"https:\/\/site.educa.madrid.org\/cp.mariadevillota.madrid\/index.php\/wp-json\/wp\/v2\/pages\/18676\/revisions\/18710"}],"wp:attachment":[{"href":"https:\/\/site.educa.madrid.org\/cp.mariadevillota.madrid\/index.php\/wp-json\/wp\/v2\/media?parent=18676"}],"wp:term":[{"taxonomy":"folder","embeddable":true,"href":"https:\/\/site.educa.madrid.org\/cp.mariadevillota.madrid\/index.php\/wp-json\/wp\/v2\/folder?post=18676"}],"curies":[{"name":"wp","href":"https:\/\/api.w.org\/{rel}","templated":true}]}}