{"id":18684,"date":"2026-03-16T18:49:30","date_gmt":"2026-03-16T17:49:30","guid":{"rendered":"https:\/\/site.educa.madrid.org\/cp.mariadevillota.madrid\/?page_id=18684"},"modified":"2026-03-17T14:50:56","modified_gmt":"2026-03-17T13:50:56","slug":"centro-de-atencion-preferente-para-alumnado-con-discapacidad-motorica","status":"publish","type":"page","link":"https:\/\/site.educa.madrid.org\/cp.mariadevillota.madrid\/index.php\/centro-de-atencion-preferente-para-alumnado-con-discapacidad-motorica\/","title":{"rendered":"CENTRO DE ATENCI\u00d3N PREFERENTE PARA ALUMNADO CON DISCAPACIDAD MOTORA"},"content":{"rendered":"\n<p class=\"has-black-color has-text-color has-link-color wp-elements-286d4ef8df64aba41c1ababc377a8d4a\">La implantaci\u00f3n de la atenci\u00f3n&nbsp;preferente para el alumnado con Discapacidad Motora supone una organizaci\u00f3n en el centro escolar con caracter\u00edsticas precisas que permiten desarrollar la atenci\u00f3n a este tipo de alumnado. Estos centros, en el caso de escolarizar alumnos que lo precisen, disponen de profesores especialistas en Pedagog\u00eda Terap\u00e9utica y Audici\u00f3n y Lenguaje adem\u00e1s de T\u00e9cnicos educativos, Fisioterapeutas y Graduados&nbsp;Universitarios en Enfermer\u00eda, como recursos espec\u00edficos y especializados.<\/p>\n\n\n\n<p class=\"has-black-color has-text-color has-link-color wp-elements-9cbc2c20071e9548d4188fde2e9ca933\">Para la atenci\u00f3n&nbsp;e inclusi\u00f3n en todas las actividades del centro educativo de este alumnado, se pone a disposici\u00f3n de las familias rutas escolares adaptadas<\/p>\n\n\n\n<p class=\"has-black-color has-text-color has-link-color wp-elements-f38a7bd913e34fa5d8aff006735d241e\">El Equipo de Orientaci\u00f3n Educativa y Psicopedag\u00f3gica&nbsp;(EOEP) espec\u00edfico de Discapacidad Motora de la Comunidad de Madrid interviene, de manera complementaria a los EOEP Generales, EOEP de Atenci\u00f3n Temprana y Departamentos de Orientaci\u00f3n de los Institutos de Educaci\u00f3n Secundaria, en el seguimiento del proceso de atenci\u00f3n&nbsp;preferente para alumnos con necesidades educativas especiales derivadas de una p\u00e9rdida o desviaci\u00f3n significativa de las funciones neuroesqueleticas y relacionadas con el movimiento.&nbsp;Sus profesionales asesoran sobre los apoyos t\u00e9cnicos y tecnol\u00f3gicos que los alumnos con este tipo de discapacidad necesitan para el acceso al curr\u00edculo escolar, la informaci\u00f3n y la comunicaci\u00f3n.<\/p>\n","protected":false},"excerpt":{"rendered":"<p>La implantaci\u00f3n de la atenci\u00f3n&nbsp;preferente para el alumnado con Discapacidad Motora supone una organizaci\u00f3n en el centro escolar con caracter\u00edsticas precisas que permiten desarrollar la atenci\u00f3n a este tipo de alumnado. Estos centros, en el caso de escolarizar alumnos que lo precisen, disponen de profesores especialistas en Pedagog\u00eda Terap\u00e9utica y Audici\u00f3n y Lenguaje adem\u00e1s de<\/p><\/div>\n<div class=\"blog-btn\"><a href=\"https:\/\/site.educa.madrid.org\/cp.mariadevillota.madrid\/index.php\/centro-de-atencion-preferente-para-alumnado-con-discapacidad-motorica\/\" class=\"home-blog-btn\">Leer m\u00e1s<\/a><\/p>\n","protected":false},"author":3,"featured_media":0,"parent":0,"menu_order":0,"comment_status":"closed","ping_status":"closed","template":"","meta":{"footnotes":""},"folder":[],"class_list":["post-18684","page","type-page","status-publish","hentry"],"rttpg_featured_image_url":null,"rttpg_author":{"display_name":"cp.mariadevillota.madrid","author_link":"https:\/\/site.educa.madrid.org\/cp.mariadevillota.madrid\/index.php\/author\/cuenta_cp-mariadevillota-madrid\/"},"rttpg_comment":0,"rttpg_category":false,"rttpg_excerpt":"La implantaci\u00f3n de la atenci\u00f3n&nbsp;preferente para el alumnado con Discapacidad Motora supone una organizaci\u00f3n en el centro escolar con caracter\u00edsticas precisas que permiten desarrollar la atenci\u00f3n a este tipo de alumnado. Estos centros, en el caso de escolarizar alumnos que lo precisen, disponen de profesores especialistas en Pedagog\u00eda Terap\u00e9utica y Audici\u00f3n y Lenguaje adem\u00e1s deLeer&hellip;","post_mailing_queue_ids":[],"_links":{"self":[{"href":"https:\/\/site.educa.madrid.org\/cp.mariadevillota.madrid\/index.php\/wp-json\/wp\/v2\/pages\/18684","targetHints":{"allow":["GET"]}}],"collection":[{"href":"https:\/\/site.educa.madrid.org\/cp.mariadevillota.madrid\/index.php\/wp-json\/wp\/v2\/pages"}],"about":[{"href":"https:\/\/site.educa.madrid.org\/cp.mariadevillota.madrid\/index.php\/wp-json\/wp\/v2\/types\/page"}],"author":[{"embeddable":true,"href":"https:\/\/site.educa.madrid.org\/cp.mariadevillota.madrid\/index.php\/wp-json\/wp\/v2\/users\/3"}],"replies":[{"embeddable":true,"href":"https:\/\/site.educa.madrid.org\/cp.mariadevillota.madrid\/index.php\/wp-json\/wp\/v2\/comments?post=18684"}],"version-history":[{"count":5,"href":"https:\/\/site.educa.madrid.org\/cp.mariadevillota.madrid\/index.php\/wp-json\/wp\/v2\/pages\/18684\/revisions"}],"predecessor-version":[{"id":18712,"href":"https:\/\/site.educa.madrid.org\/cp.mariadevillota.madrid\/index.php\/wp-json\/wp\/v2\/pages\/18684\/revisions\/18712"}],"wp:attachment":[{"href":"https:\/\/site.educa.madrid.org\/cp.mariadevillota.madrid\/index.php\/wp-json\/wp\/v2\/media?parent=18684"}],"wp:term":[{"taxonomy":"folder","embeddable":true,"href":"https:\/\/site.educa.madrid.org\/cp.mariadevillota.madrid\/index.php\/wp-json\/wp\/v2\/folder?post=18684"}],"curies":[{"name":"wp","href":"https:\/\/api.w.org\/{rel}","templated":true}]}}