{"id":203,"date":"2019-11-13T17:43:54","date_gmt":"2019-11-13T17:43:54","guid":{"rendered":"https:\/\/site.educa.madrid.org\/cp.mariadevillota.madrid\/?page_id=203"},"modified":"2024-11-19T14:51:51","modified_gmt":"2024-11-19T13:51:51","slug":"consejo-escolar","status":"publish","type":"page","link":"https:\/\/site.educa.madrid.org\/cp.mariadevillota.madrid\/index.php\/consejo-escolar\/","title":{"rendered":"Consejo Escolar"},"content":{"rendered":"<div class=\"wp-block-image\">\n<figure class=\"alignleft\"><img decoding=\"async\" src=\"https:\/\/site.educa.madrid.org\/cp.mariadevillota.madrid\/\/wp-content\/uploads\/cp.mariadevillota.madrid\/2019\/11\/reunion-e1574084462944.png\" alt=\"\"\/><\/figure>\n<\/div>\n\n\n<hr class=\"wp-block-separator has-css-opacity is-style-wide\"\/>\n\n\n\n<p class=\"has-vivid-cyan-blue-background-color has-text-color has-background has-medium-font-size\" style=\"color:#151414\"><strong>PROCLAMACI\u00d3N DE CANDIDATOS ELECTOS AL CONSEJO ESCOLAR<\/strong><\/p>\n\n\n\n<p class=\"has-very-light-gray-background-color has-text-color has-background\" style=\"color:#0b0c0c\">En el siguiente enlace se publica la Proclamaci\u00f3n de candidatos electos y suplentes.<\/p>\n\n\n\n<hr class=\"wp-block-separator has-css-opacity\"\/>\n\n\n\n<p class=\"has-pale-cyan-blue-background-color has-background has-medium-font-size\"><strong><span style=\"color:#0d0d0d\" class=\"has-inline-color\">LISTAS DEFINITIVAS DE CANDIDATOS AL CONSEJO ESCOLAR<\/span><\/strong><\/p>\n\n\n\n<p class=\"has-very-light-gray-background-color has-text-color has-background\" style=\"color:#010608\">A continuaci\u00f3n publicamos el listado de los candidatos definitivos al Consejo Escolar en el sector de Madres\/Padres\/Tutores de alumnos.<\/p>\n\n\n\n<p class=\"has-very-light-gray-background-color has-text-color has-background\" style=\"color:#040e15\">Las elecciones para el Consejo Escolar se realizar\u00e1n el d\u00eda 26 de noviembre, jueves, de 9:10 a 9:45 horas y de 14:15 a 15:00 horas. Las familias que quieran votar a los candidatos deber\u00e1n acudir al colegio debidamente acreditados (con el documento de identidad que aparece en el censo definitivo).<\/p>\n\n\n\n<p class=\"has-very-light-gray-background-color has-text-color has-background\" style=\"color:#010b0f\">Las familias pueden emitir su voto por correo. Deber\u00e1n enviar a la direcci\u00f3n postal del colegio (CEIP MAR\u00cdA DE VILLOTA c\/CA\u00d1ADA DEL SANT\u00cdSIMO, 23 28051 MADRID) una fotocopia de su DNI junto con la papeleta de la votaci\u00f3n (en la que deber\u00e1n marcar, como m\u00e1ximo, 2 candidatos). Los votos enviados por correo deber\u00e1n llegar al colegio antes de la realizaci\u00f3n del escrutinio. Pueden descargar la papeleta aqu\u00ed.<\/p>\n\n\n\n<hr class=\"wp-block-separator has-css-opacity\"\/>\n\n\n\n<p class=\"has-pale-cyan-blue-background-color has-background has-medium-font-size\"><strong><span style=\"color:#010c11\" class=\"has-inline-color\">LISTAS PROVISIONALES DE CANDIDATOS AL CONSEJO ESCOLAR<\/span><\/strong><\/p>\n\n\n\n<p class=\"has-very-light-gray-background-color has-background\">A continuaci\u00f3n publicamos el listado provisional de candidatos al Consejo Escolar en el sector de padres\/madres\/tutores de alumnos\/as.<\/p>\n\n\n\n<p class=\"has-background has-medium-font-size\" style=\"background-color:#bce7f9\"><strong><span style=\"color:#000507\" class=\"has-inline-color\">CENSO ELECTORAL <\/span><\/strong><\/p>\n\n\n\n<p class=\"has-very-light-gray-background-color has-text-color has-background\" style=\"color:#000608\">Se publica el censo electoral definitivo de padres, madres y tutores.<\/p>\n\n\n\n<hr class=\"wp-block-separator has-css-opacity\"\/>\n\n\n\n<p class=\"has-text-color has-background has-medium-font-size\" style=\"color:#010b0f;background-color:#b2daf3\"><strong>RENOVACI\u00d3N Y CONSTITUCI\u00d3N DEL CONSEJO ESCOLAR<\/strong><\/p>\n\n\n\n<p class=\"has-very-light-gray-background-color has-text-color has-background\" style=\"color:#010a0d\">Iniciado el curso escolar y de acuerdo con la normativa aplicable, deber\u00e1 llevarse a cabo durante el primer trimestre del mismo el <strong>proceso electoral para la renovaci\u00f3n o constituci\u00f3n del&nbsp; Consejo&nbsp; Escolar en nuestro centro<\/strong>.<\/p>\n\n\n\n<p class=\"has-very-light-gray-background-color has-text-color has-background\" style=\"color:#010c11\">Por favor, les pedimos que sigan la informaci\u00f3n que vamos a ir publicando en la web del centro sobre las fechas de los diferentes&nbsp; momentos del proceso, comprobaci\u00f3n del censo, etc.<\/p>\n\n\n\n<p class=\"has-very-light-gray-background-color has-background\">Aquellos tutores de alumnos que quieran presentarse como candidatos a las elecciones del Consejo Escolar, deber\u00e1n entregar el documento de candidatura en el colegio del 6 al 9 de noviembre. <\/p>\n\n\n\n<p class=\"has-very-light-gray-background-color has-text-color has-background\" style=\"color:#01090d\">Para cualquier duda p\u00f3nganse en contacto con nosotros a trav\u00e9s del correo del centro: <span class=\"has-inline-color has-vivid-cyan-blue-color\"><strong>cp.mariadevillota.madrid@educa.madrid.org<\/strong><\/span><\/p>\n\n\n\n<div class=\"wp-block-file aligncenter\"><a id=\"wp-block-file--media-817b1074-c6e7-4aae-90a1-890fdaee150b\" href=\"https:\/\/site.educa.madrid.org\/cp.mariadevillota.madrid\/\/wp-content\/uploads\/cp.mariadevillota.madrid\/2020\/11\/CONV_ELECC_CONS_ESCO_Y-PUB_CALEND_.pdf\"><strong><span class=\"has-inline-color has-vivid-cyan-blue-color\">CONVOCATORIA ELECCIONES_C.ESCOLAR<\/span><\/strong><\/a><a href=\"https:\/\/site.educa.madrid.org\/cp.mariadevillota.madrid\/\/wp-content\/uploads\/cp.mariadevillota.madrid\/2020\/11\/CONV_ELECC_CONS_ESCO_Y-PUB_CALEND_.pdf\" class=\"wp-block-file__button wp-element-button\" download aria-describedby=\"wp-block-file--media-817b1074-c6e7-4aae-90a1-890fdaee150b\">Descarga<\/a><\/div>\n\n\n\n<div class=\"wp-block-file aligncenter\"><a id=\"wp-block-file--media-b2f9310f-2d9e-42f0-bd84-49b62346ec63\" href=\"https:\/\/site.educa.madrid.org\/cp.mariadevillota.madrid\/\/wp-content\/uploads\/cp.mariadevillota.madrid\/2020\/11\/CENSO-ELECTORAL-PADRES_MADRES_TUTORES.pdf\"><strong><span class=\"has-inline-color has-vivid-cyan-blue-color\">CENSO-ELECTORAL-PADRES_MADRES_TUTORES<\/span><\/strong><\/a><a href=\"https:\/\/site.educa.madrid.org\/cp.mariadevillota.madrid\/\/wp-content\/uploads\/cp.mariadevillota.madrid\/2020\/11\/CENSO-ELECTORAL-PADRES_MADRES_TUTORES.pdf\" class=\"wp-block-file__button wp-element-button\" download aria-describedby=\"wp-block-file--media-b2f9310f-2d9e-42f0-bd84-49b62346ec63\">Descarga<\/a><\/div>\n\n\n\n<div class=\"wp-block-file aligncenter\"><a id=\"wp-block-file--media-2cf45f78-2fca-4cee-9009-cbb997f854fd\" href=\"https:\/\/site.educa.madrid.org\/cp.mariadevillota.madrid\/\/wp-content\/uploads\/cp.mariadevillota.madrid\/2020\/11\/Calendario.pdf\"><strong><span class=\"has-inline-color has-vivid-cyan-blue-color\">CALENDARIO<\/span><\/strong><\/a><a href=\"https:\/\/site.educa.madrid.org\/cp.mariadevillota.madrid\/\/wp-content\/uploads\/cp.mariadevillota.madrid\/2020\/11\/Calendario.pdf\" class=\"wp-block-file__button wp-element-button\" download aria-describedby=\"wp-block-file--media-2cf45f78-2fca-4cee-9009-cbb997f854fd\">Descarga<\/a><\/div>\n\n\n\n<div class=\"wp-block-file aligncenter\"><a id=\"wp-block-file--media-e02a8447-3462-4b92-a528-bdbe5581003d\" href=\"https:\/\/site.educa.madrid.org\/cp.mariadevillota.madrid\/\/wp-content\/uploads\/cp.mariadevillota.madrid\/2020\/11\/Modelo-Candidatura-Padres-CEIP-MAR\u00cdA-DE-VILLOTA.pdf\"><mark style=\"background-color:rgba(0, 0, 0, 0);color:#0796ee\" class=\"has-inline-color\"><strong>MODELO CANDIDATURA TUTORES -CEIP-MAR\u00cdA-DE-VILLOTA<\/strong><\/mark><\/a><a href=\"https:\/\/site.educa.madrid.org\/cp.mariadevillota.madrid\/\/wp-content\/uploads\/cp.mariadevillota.madrid\/2020\/11\/Modelo-Candidatura-Padres-CEIP-MAR\u00cdA-DE-VILLOTA.pdf\" class=\"wp-block-file__button wp-element-button\" download aria-describedby=\"wp-block-file--media-e02a8447-3462-4b92-a528-bdbe5581003d\">Descarga<\/a><\/div>\n\n\n\n<hr class=\"wp-block-separator has-css-opacity\"\/>\n\n\n\n<p class=\"has-very-light-gray-background-color has-text-color has-background\" style=\"color:#030303\">El <strong>Consejo Escolar<\/strong> es el \u00d3rgano colegiado donde se encuentran <strong>representados<\/strong> todos los sectores de la <strong>Comunidad Educativa<\/strong>.<\/p>\n\n\n\n<p class=\"has-very-light-gray-background-color has-text-color has-background\" style=\"color:#0a0a0a\">En la actualidad nuestro Consejo Escolar est\u00e1 formado por:<\/p>\n\n\n\n<ul class=\"wp-block-list\">\n<li><mark style=\"background-color:rgba(0, 0, 0, 0);color:#131313\" class=\"has-inline-color\">El Director del centro.<\/mark><\/li>\n\n\n\n<li><mark style=\"background-color:rgba(0, 0, 0, 0);color:#131313\" class=\"has-inline-color\">El Secretario.<\/mark><\/li>\n\n\n\n<li><mark style=\"background-color:rgba(0, 0, 0, 0);color:#131313\" class=\"has-inline-color\">5 maestros\/as del claustro.<\/mark><\/li>\n\n\n\n<li><mark style=\"background-color:rgba(0, 0, 0, 0);color:#131313\" class=\"has-inline-color\">5 representantes de las familias de alumnos.<\/mark><\/li>\n\n\n\n<li><mark style=\"background-color:rgba(0, 0, 0, 0);color:#131313\" class=\"has-inline-color\">Representante del Ayuntamiento.<\/mark><\/li>\n<\/ul>\n\n\n\n<p class=\"has-very-light-gray-background-color has-text-color has-background\" style=\"color:#0a0a0a\">The <strong>School Board<\/strong> represents all sectors of the <strong>Educational Community<\/strong>. Currently our School Board consists of:<\/p>\n\n\n\n<ul class=\"wp-block-list\">\n<li><mark style=\"background-color:rgba(0, 0, 0, 0);color:#0d0e0e\" class=\"has-inline-color\">The Headmaster.<\/mark><\/li>\n\n\n\n<li><mark style=\"background-color:rgba(0, 0, 0, 0);color:#0d0e0e\" class=\"has-inline-color\">The Secretary.<\/mark><\/li>\n\n\n\n<li>5<span style=\"color:#0d0e0e\" class=\"has-inline-color\"> of the school\u2019s teachers.<\/span><\/li>\n\n\n\n<li><mark style=\"background-color:rgba(0, 0, 0, 0);color:#0d0e0e\" class=\"has-inline-color\">5 parents of students.<\/mark><\/li>\n\n\n\n<li><mark style=\"background-color:rgba(0, 0, 0, 0);color:#0d0e0e\" class=\"has-inline-color\">Representative of the City Council.<\/mark><\/li>\n<\/ul>\n","protected":false},"excerpt":{"rendered":"<p>PROCLAMACI\u00d3N DE CANDIDATOS ELECTOS AL CONSEJO ESCOLAR En el siguiente enlace se publica la Proclamaci\u00f3n de candidatos electos y suplentes. LISTAS DEFINITIVAS DE CANDIDATOS AL CONSEJO ESCOLAR A continuaci\u00f3n publicamos el listado de los candidatos definitivos al Consejo Escolar en el sector de Madres\/Padres\/Tutores de alumnos. Las elecciones para el Consejo Escolar se realizar\u00e1n el<\/p><\/div>\n<div class=\"blog-btn\"><a href=\"https:\/\/site.educa.madrid.org\/cp.mariadevillota.madrid\/index.php\/consejo-escolar\/\" class=\"home-blog-btn\">Leer m\u00e1s<\/a><\/p>\n","protected":false},"author":3,"featured_media":0,"parent":0,"menu_order":0,"comment_status":"closed","ping_status":"closed","template":"","meta":{"footnotes":""},"folder":[],"class_list":["post-203","page","type-page","status-publish","hentry"],"rttpg_featured_image_url":null,"rttpg_author":{"display_name":"cp.mariadevillota.madrid","author_link":"https:\/\/site.educa.madrid.org\/cp.mariadevillota.madrid\/index.php\/author\/cuenta_cp-mariadevillota-madrid\/"},"rttpg_comment":0,"rttpg_category":false,"rttpg_excerpt":"PROCLAMACI\u00d3N DE CANDIDATOS ELECTOS AL CONSEJO ESCOLAR En el siguiente enlace se publica la Proclamaci\u00f3n de candidatos electos y suplentes. LISTAS DEFINITIVAS DE CANDIDATOS AL CONSEJO ESCOLAR A continuaci\u00f3n publicamos el listado de los candidatos definitivos al Consejo Escolar en el sector de Madres\/Padres\/Tutores de alumnos. Las elecciones para el Consejo Escolar se realizar\u00e1n elLeer&hellip;","post_mailing_queue_ids":[],"_links":{"self":[{"href":"https:\/\/site.educa.madrid.org\/cp.mariadevillota.madrid\/index.php\/wp-json\/wp\/v2\/pages\/203","targetHints":{"allow":["GET"]}}],"collection":[{"href":"https:\/\/site.educa.madrid.org\/cp.mariadevillota.madrid\/index.php\/wp-json\/wp\/v2\/pages"}],"about":[{"href":"https:\/\/site.educa.madrid.org\/cp.mariadevillota.madrid\/index.php\/wp-json\/wp\/v2\/types\/page"}],"author":[{"embeddable":true,"href":"https:\/\/site.educa.madrid.org\/cp.mariadevillota.madrid\/index.php\/wp-json\/wp\/v2\/users\/3"}],"replies":[{"embeddable":true,"href":"https:\/\/site.educa.madrid.org\/cp.mariadevillota.madrid\/index.php\/wp-json\/wp\/v2\/comments?post=203"}],"version-history":[{"count":25,"href":"https:\/\/site.educa.madrid.org\/cp.mariadevillota.madrid\/index.php\/wp-json\/wp\/v2\/pages\/203\/revisions"}],"predecessor-version":[{"id":14630,"href":"https:\/\/site.educa.madrid.org\/cp.mariadevillota.madrid\/index.php\/wp-json\/wp\/v2\/pages\/203\/revisions\/14630"}],"wp:attachment":[{"href":"https:\/\/site.educa.madrid.org\/cp.mariadevillota.madrid\/index.php\/wp-json\/wp\/v2\/media?parent=203"}],"wp:term":[{"taxonomy":"folder","embeddable":true,"href":"https:\/\/site.educa.madrid.org\/cp.mariadevillota.madrid\/index.php\/wp-json\/wp\/v2\/folder?post=203"}],"curies":[{"name":"wp","href":"https:\/\/api.w.org\/{rel}","templated":true}]}}