{"id":207,"date":"2019-11-13T17:44:26","date_gmt":"2019-11-13T17:44:26","guid":{"rendered":"https:\/\/site.educa.madrid.org\/cp.mariadevillota.madrid\/?page_id=207"},"modified":"2025-10-28T21:11:20","modified_gmt":"2025-10-28T20:11:20","slug":"horario-ampliado","status":"publish","type":"page","link":"https:\/\/site.educa.madrid.org\/cp.mariadevillota.madrid\/index.php\/horario-ampliado\/","title":{"rendered":"Horario ampliado"},"content":{"rendered":"\n<p class=\"has-text-align-center has-black-color has-vivid-cyan-blue-background-color has-text-color has-background has-medium-font-size\"><strong>HORARIOS<\/strong><\/p>\n\n\n\n<p class=\"has-pale-cyan-blue-background-color has-text-color has-background has-medium-font-size\" style=\"color:#020608\"><strong>HORARIO DE MA\u00d1ANA<\/strong><\/p>\n\n\n\n<p class=\"has-very-light-gray-background-color has-text-color has-background\" style=\"color:#0a0a0a\"> El horario es de <strong>7:00h a 9:00h<\/strong>, pudiendo entrar los alumnos en cualquier momento dentro de este intervalo.  <\/p>\n\n\n\n<p class=\"has-very-light-gray-background-color has-text-color has-background\" style=\"color:#111111\">Adem\u00e1s del <strong>desayuno<\/strong>,  este programa incluye realizaci\u00f3n de <strong>actividades l\u00fadicas<\/strong>, <strong>juegos<\/strong> organizados, de mesa, <strong>manualidades<\/strong>, etc.<\/p>\n\n\n\n<p class=\"has-pale-cyan-blue-background-color has-text-color has-background has-medium-font-size\" style=\"color:#02080a\"><strong>HORARIO DE TARDE<\/strong><\/p>\n\n\n\n<p class=\"has-very-light-gray-background-color has-text-color has-background\" style=\"color:#080808\">El horario de \u00ablas tardes del cole\u00bb ser\u00e1:<\/p>\n\n\n\n<p class=\"has-black-color has-white-background-color has-text-color has-background has-link-color wp-elements-2291e1e753134fe208245da419e50a81\"><strong>Septiembre y junio<\/strong>: de 15:00h a 16:00h.<\/p>\n\n\n\n<p class=\"has-black-color has-white-background-color has-text-color has-background has-link-color wp-elements-4ef7d42737877c692bdcdeb0f13f661c\"><strong>De octubre a mayo<\/strong>: de 16:00h a 17:00h. Este horario podr\u00e1 verse ampliado si hay suficiente demanda para ello.<\/p>\n\n\n\n<p class=\"has-very-light-gray-background-color has-text-color has-background\" style=\"color:#01080b\">Las tardes del cole contar\u00e1 con un <strong>servicio de meriendas<\/strong> siempre y cuando la demanda de las familias lo permita.<\/p>\n\n\n\n<p class=\"has-text-color has-background\" style=\"color:#090806;background-color:#fae4a7\">Si desea<strong> informaci\u00f3n<\/strong> sobre este servicio, consulte en <strong>Secretar\u00eda<\/strong>. <\/p>\n","protected":false},"excerpt":{"rendered":"<p>HORARIOS HORARIO DE MA\u00d1ANA El horario es de 7:00h a 9:00h, pudiendo entrar los alumnos en cualquier momento dentro de este intervalo. Adem\u00e1s del desayuno, este programa incluye realizaci\u00f3n de actividades l\u00fadicas, juegos organizados, de mesa, manualidades, etc. HORARIO DE TARDE El horario de \u00ablas tardes del cole\u00bb ser\u00e1: Septiembre y junio: de 15:00h a<\/p><\/div>\n<div class=\"blog-btn\"><a href=\"https:\/\/site.educa.madrid.org\/cp.mariadevillota.madrid\/index.php\/horario-ampliado\/\" class=\"home-blog-btn\">Leer m\u00e1s<\/a><\/p>\n","protected":false},"author":3,"featured_media":0,"parent":0,"menu_order":0,"comment_status":"closed","ping_status":"closed","template":"","meta":{"footnotes":""},"folder":[],"class_list":["post-207","page","type-page","status-publish","hentry"],"rttpg_featured_image_url":null,"rttpg_author":{"display_name":"cp.mariadevillota.madrid","author_link":"https:\/\/site.educa.madrid.org\/cp.mariadevillota.madrid\/index.php\/author\/cuenta_cp-mariadevillota-madrid\/"},"rttpg_comment":0,"rttpg_category":false,"rttpg_excerpt":"HORARIOS HORARIO DE MA\u00d1ANA El horario es de 7:00h a 9:00h, pudiendo entrar los alumnos en cualquier momento dentro de este intervalo. Adem\u00e1s del desayuno, este programa incluye realizaci\u00f3n de actividades l\u00fadicas, juegos organizados, de mesa, manualidades, etc. HORARIO DE TARDE El horario de \u00ablas tardes del cole\u00bb ser\u00e1: Septiembre y junio: de 15:00h aLeer&hellip;","post_mailing_queue_ids":[],"_links":{"self":[{"href":"https:\/\/site.educa.madrid.org\/cp.mariadevillota.madrid\/index.php\/wp-json\/wp\/v2\/pages\/207","targetHints":{"allow":["GET"]}}],"collection":[{"href":"https:\/\/site.educa.madrid.org\/cp.mariadevillota.madrid\/index.php\/wp-json\/wp\/v2\/pages"}],"about":[{"href":"https:\/\/site.educa.madrid.org\/cp.mariadevillota.madrid\/index.php\/wp-json\/wp\/v2\/types\/page"}],"author":[{"embeddable":true,"href":"https:\/\/site.educa.madrid.org\/cp.mariadevillota.madrid\/index.php\/wp-json\/wp\/v2\/users\/3"}],"replies":[{"embeddable":true,"href":"https:\/\/site.educa.madrid.org\/cp.mariadevillota.madrid\/index.php\/wp-json\/wp\/v2\/comments?post=207"}],"version-history":[{"count":19,"href":"https:\/\/site.educa.madrid.org\/cp.mariadevillota.madrid\/index.php\/wp-json\/wp\/v2\/pages\/207\/revisions"}],"predecessor-version":[{"id":17091,"href":"https:\/\/site.educa.madrid.org\/cp.mariadevillota.madrid\/index.php\/wp-json\/wp\/v2\/pages\/207\/revisions\/17091"}],"wp:attachment":[{"href":"https:\/\/site.educa.madrid.org\/cp.mariadevillota.madrid\/index.php\/wp-json\/wp\/v2\/media?parent=207"}],"wp:term":[{"taxonomy":"folder","embeddable":true,"href":"https:\/\/site.educa.madrid.org\/cp.mariadevillota.madrid\/index.php\/wp-json\/wp\/v2\/folder?post=207"}],"curies":[{"name":"wp","href":"https:\/\/api.w.org\/{rel}","templated":true}]}}