{"id":2646,"date":"2021-01-03T18:17:41","date_gmt":"2021-01-03T18:17:41","guid":{"rendered":"https:\/\/site.educa.madrid.org\/cp.mariadevillota.madrid\/?page_id=2646"},"modified":"2025-12-04T12:18:50","modified_gmt":"2025-12-04T11:18:50","slug":"otros-2","status":"publish","type":"page","link":"https:\/\/site.educa.madrid.org\/cp.mariadevillota.madrid\/index.php\/otros-2\/","title":{"rendered":"Documentos Institucionales"},"content":{"rendered":"\n<p class=\"has-text-align-center has-white-color has-vivid-red-background-color has-text-color has-background has-large-font-size\"><strong>CEIP. MAR\u00cdA DE VILLOTA<\/strong><\/p>\n\n\n\n<p class=\"has-text-align-center has-vivid-cyan-blue-background-color has-background has-medium-font-size\" id=\"block-8fbed134-7cd7-4562-a7fe-dad68ed6f1f9\"><strong><mark style=\"background-color:rgba(0, 0, 0, 0)\" class=\"has-inline-color has-black-color\">PROYECTO EDUCATIVO DE CENTRO<\/mark><\/strong><\/p>\n\n\n\n<div class=\"wp-block-file aligncenter\"><a id=\"wp-block-file--media-dbda7576-64b0-417a-8ab0-70b9ab8f5cf4\" href=\"https:\/\/site.educa.madrid.org\/cp.mariadevillota.madrid\/\/wp-content\/uploads\/cp.mariadevillota.madrid\/2025\/11\/PEC-MARIA-DE-VILLOTA-25-26.pdf\">PEC MAR\u00cdA DE VILLOTA 25-26<\/a><a href=\"https:\/\/site.educa.madrid.org\/cp.mariadevillota.madrid\/\/wp-content\/uploads\/cp.mariadevillota.madrid\/2025\/11\/PEC-MARIA-DE-VILLOTA-25-26.pdf\" class=\"wp-block-file__button wp-element-button\" download aria-describedby=\"wp-block-file--media-dbda7576-64b0-417a-8ab0-70b9ab8f5cf4\">Descarga<\/a><\/div>\n\n\n\n<p class=\"has-text-align-center has-vivid-cyan-blue-background-color has-background has-medium-font-size\" id=\"block-8fbed134-7cd7-4562-a7fe-dad68ed6f1f9\"><strong><mark style=\"background-color:rgba(0, 0, 0, 0)\" class=\"has-inline-color has-black-color\">CRITERIOS DE EVALUACI\u00d3N<\/mark><\/strong><\/p>\n\n\n\n<div class=\"wp-block-file aligncenter\"><a id=\"wp-block-file--media-76a11c56-bafe-4d7e-aa61-a7b09f24681f\" href=\"https:\/\/site.educa.madrid.org\/cp.mariadevillota.madrid\/\/wp-content\/uploads\/cp.mariadevillota.madrid\/2025\/11\/CRITERIOS-DE-EVALUACION-25-26.pdf\">CRITERIOS DE EVALUACI\u00d3N 25-26<\/a><a href=\"https:\/\/site.educa.madrid.org\/cp.mariadevillota.madrid\/\/wp-content\/uploads\/cp.mariadevillota.madrid\/2025\/11\/CRITERIOS-DE-EVALUACION-25-26.pdf\" class=\"wp-block-file__button wp-element-button\" download aria-describedby=\"wp-block-file--media-76a11c56-bafe-4d7e-aa61-a7b09f24681f\">Descarga<\/a><\/div>\n\n\n\n<p class=\"has-text-align-center has-black-color has-vivid-cyan-blue-background-color has-text-color has-background has-medium-font-size\" id=\"block-dae26aa2-0605-41c1-8166-b24f92b0355f\"><strong>PLAN DE CONVIVENCIA<\/strong><\/p>\n\n\n\n<div class=\"wp-block-file aligncenter\"><a id=\"wp-block-file--media-d009b703-8fab-4a07-a642-889bfd364d5b\" href=\"https:\/\/site.educa.madrid.org\/cp.mariadevillota.madrid\/\/wp-content\/uploads\/cp.mariadevillota.madrid\/2025\/03\/PLAN-DE-CONVIVENCIA-CEIP-MARIA-DE-VILLOTA-MARZO25-1.pdf\">PLAN DE CONVIVENCIA CEIP MAR\u00cdA DE VILLOTA  MARZO25 (1)<\/a><a href=\"https:\/\/site.educa.madrid.org\/cp.mariadevillota.madrid\/\/wp-content\/uploads\/cp.mariadevillota.madrid\/2025\/03\/PLAN-DE-CONVIVENCIA-CEIP-MARIA-DE-VILLOTA-MARZO25-1.pdf\" class=\"wp-block-file__button wp-element-button\" download aria-describedby=\"wp-block-file--media-d009b703-8fab-4a07-a642-889bfd364d5b\">Descarga<\/a><\/div>\n\n\n\n<p class=\"has-text-align-center has-black-color has-vivid-cyan-blue-background-color has-text-color has-background has-medium-font-size\" id=\"block-dae26aa2-0605-41c1-8166-b24f92b0355f\"><strong>PLAN INCLUYO<\/strong><\/p>\n\n\n\n<div class=\"wp-block-file aligncenter\"><a id=\"wp-block-file--media-bebfd6e9-13a1-4980-8947-9621d6be6f16\" href=\"https:\/\/site.educa.madrid.org\/cp.mariadevillota.madrid\/\/wp-content\/uploads\/cp.mariadevillota.madrid\/2025\/01\/PLAN-INCLUYO25.01-CEIP-MARIA-DE-VILLOTA.pdf\">PLAN-INCLUYO25.01-CEIP-MARIA-DE-VILLOTA<\/a><a href=\"https:\/\/site.educa.madrid.org\/cp.mariadevillota.madrid\/\/wp-content\/uploads\/cp.mariadevillota.madrid\/2025\/01\/PLAN-INCLUYO25.01-CEIP-MARIA-DE-VILLOTA.pdf\" class=\"wp-block-file__button wp-element-button\" download aria-describedby=\"wp-block-file--media-bebfd6e9-13a1-4980-8947-9621d6be6f16\">Descarga<\/a><\/div>\n\n\n\n<p class=\"has-text-align-center has-black-color has-vivid-cyan-blue-background-color has-text-color has-background has-medium-font-size\" id=\"block-dae26aa2-0605-41c1-8166-b24f92b0355f\"><strong>PLAN ACCI\u00d3N TUTORIAL<\/strong><\/p>\n\n\n\n<div class=\"wp-block-file aligncenter\"><a id=\"wp-block-file--media-44cd0c3a-3452-43de-9b47-8f0ff9746a6d\" href=\"https:\/\/site.educa.madrid.org\/cp.mariadevillota.madrid\/\/wp-content\/uploads\/cp.mariadevillota.madrid\/2025\/02\/PLAN-DE-ACCION-TUTORIAL-CEIP-MARIA-DE-VILLOTA_-25_1.pdf\">PLAN-DE-ACCION-TUTORIAL-CEIP-MARIA-DE-VILLOTA_-25_1<\/a><a href=\"https:\/\/site.educa.madrid.org\/cp.mariadevillota.madrid\/\/wp-content\/uploads\/cp.mariadevillota.madrid\/2025\/02\/PLAN-DE-ACCION-TUTORIAL-CEIP-MARIA-DE-VILLOTA_-25_1.pdf\" class=\"wp-block-file__button wp-element-button\" download aria-describedby=\"wp-block-file--media-44cd0c3a-3452-43de-9b47-8f0ff9746a6d\">Descarga<\/a><\/div>\n\n\n\n<p class=\"has-text-align-center has-vivid-cyan-blue-background-color has-background has-medium-font-size\" id=\"block-344216c7-bb6c-405f-bd5c-c6acf5196e64\"><strong><mark style=\"background-color:rgba(0, 0, 0, 0)\" class=\"has-inline-color has-black-color\">PROGRAMACI\u00d3N GENERAL ANUAL<\/mark><\/strong><\/p>\n\n\n\n<div class=\"wp-block-file aligncenter\"><a id=\"wp-block-file--media-b3899fde-f2ed-47dd-82da-bf7272f2e6a4\" href=\"https:\/\/site.educa.madrid.org\/cp.mariadevillota.madrid\/\/wp-content\/uploads\/cp.mariadevillota.madrid\/2025\/11\/PGA-CEIP-MARIA-DE-VILLOTA-25-26.pdf\">PGA CEIP MARIA DE VILLOTA 25-26<\/a><a href=\"https:\/\/site.educa.madrid.org\/cp.mariadevillota.madrid\/\/wp-content\/uploads\/cp.mariadevillota.madrid\/2025\/11\/PGA-CEIP-MARIA-DE-VILLOTA-25-26.pdf\" class=\"wp-block-file__button wp-element-button\" download aria-describedby=\"wp-block-file--media-b3899fde-f2ed-47dd-82da-bf7272f2e6a4\">Descarga<\/a><\/div>\n\n\n\n<div class=\"wp-block-file aligncenter\"><a id=\"wp-block-file--media-51d4cf4e-b6cd-415b-bc3e-1a74c0a949b8\" href=\"https:\/\/site.educa.madrid.org\/cp.mariadevillota.madrid\/\/wp-content\/uploads\/cp.mariadevillota.madrid\/2025\/12\/ANEXOS-PGA-2025-2026.pdf\">ANEXOS PGA 2025-2026<\/a><a href=\"https:\/\/site.educa.madrid.org\/cp.mariadevillota.madrid\/\/wp-content\/uploads\/cp.mariadevillota.madrid\/2025\/12\/ANEXOS-PGA-2025-2026.pdf\" class=\"wp-block-file__button wp-element-button\" download aria-describedby=\"wp-block-file--media-51d4cf4e-b6cd-415b-bc3e-1a74c0a949b8\">Descarga<\/a><\/div>\n\n\n\n<p><\/p>\n\n\n\n<p class=\"has-text-align-center has-black-color has-vivid-cyan-blue-background-color has-text-color has-background has-medium-font-size\" id=\"block-7efb258f-08de-4f29-ae4c-73f400667402\"><strong>PROYECTO DE PRESUPUESTO<\/strong><\/p>\n\n\n\n<div class=\"wp-block-file aligncenter\"><a id=\"wp-block-file--media-36f8c6d1-cdd2-45ac-9aa4-4f6fa2dbc911\" href=\"https:\/\/site.educa.madrid.org\/cp.mariadevillota.madrid\/\/wp-content\/uploads\/cp.mariadevillota.madrid\/2025\/02\/Control-presupuesto.pdf\"><strong><mark style=\"background-color:rgba(0, 0, 0, 0);color:#080707\" class=\"has-inline-color\">Control-presupuesto<\/mark><\/strong><\/a><a href=\"https:\/\/site.educa.madrid.org\/cp.mariadevillota.madrid\/\/wp-content\/uploads\/cp.mariadevillota.madrid\/2025\/02\/Control-presupuesto.pdf\" class=\"wp-block-file__button wp-element-button\" download aria-describedby=\"wp-block-file--media-36f8c6d1-cdd2-45ac-9aa4-4f6fa2dbc911\">Descarga<\/a><\/div>\n\n\n\n<p class=\"has-text-align-center has-black-color has-vivid-cyan-blue-background-color has-text-color has-background has-medium-font-size\" id=\"block-cb1aaa9d-ffe4-4148-8ea5-cecb340d0356\"><strong>MEMORIA ANUAL<\/strong><\/p>\n\n\n\n<div class=\"wp-block-file aligncenter\"><a id=\"wp-block-file--media-54fc013c-888c-41e6-a9a6-8e640d5dbc0f\" href=\"https:\/\/site.educa.madrid.org\/cp.mariadevillota.madrid\/\/wp-content\/uploads\/cp.mariadevillota.madrid\/2025\/11\/MEMORIA-25.06.25.pdf\">MEMORIA 25.06.25<\/a><a href=\"https:\/\/site.educa.madrid.org\/cp.mariadevillota.madrid\/\/wp-content\/uploads\/cp.mariadevillota.madrid\/2025\/11\/MEMORIA-25.06.25.pdf\" class=\"wp-block-file__button wp-element-button\" download aria-describedby=\"wp-block-file--media-54fc013c-888c-41e6-a9a6-8e640d5dbc0f\">Descarga<\/a><\/div>\n\n\n\n\n\n\n\n<hr class=\"wp-block-separator has-css-opacity\"\/>\n\n\n\n<p><\/p>\n","protected":false},"excerpt":{"rendered":"<p>CEIP. MAR\u00cdA DE VILLOTA PROYECTO EDUCATIVO DE CENTRO CRITERIOS DE EVALUACI\u00d3N PLAN DE CONVIVENCIA PLAN INCLUYO PLAN ACCI\u00d3N TUTORIAL PROGRAMACI\u00d3N GENERAL ANUAL PROYECTO DE PRESUPUESTO MEMORIA ANUAL<\/p>\n","protected":false},"author":3,"featured_media":0,"parent":0,"menu_order":0,"comment_status":"closed","ping_status":"closed","template":"","meta":{"footnotes":""},"folder":[],"class_list":["post-2646","page","type-page","status-publish","hentry"],"rttpg_featured_image_url":null,"rttpg_author":{"display_name":"cp.mariadevillota.madrid","author_link":"https:\/\/site.educa.madrid.org\/cp.mariadevillota.madrid\/index.php\/author\/cuenta_cp-mariadevillota-madrid\/"},"rttpg_comment":0,"rttpg_category":false,"rttpg_excerpt":"CEIP. MAR\u00cdA DE VILLOTA PROYECTO EDUCATIVO DE CENTRO CRITERIOS DE EVALUACI\u00d3N PLAN DE CONVIVENCIA PLAN INCLUYO PLAN ACCI\u00d3N TUTORIAL PROGRAMACI\u00d3N GENERAL ANUAL PROYECTO DE PRESUPUESTO MEMORIA ANUAL","post_mailing_queue_ids":[],"_links":{"self":[{"href":"https:\/\/site.educa.madrid.org\/cp.mariadevillota.madrid\/index.php\/wp-json\/wp\/v2\/pages\/2646","targetHints":{"allow":["GET"]}}],"collection":[{"href":"https:\/\/site.educa.madrid.org\/cp.mariadevillota.madrid\/index.php\/wp-json\/wp\/v2\/pages"}],"about":[{"href":"https:\/\/site.educa.madrid.org\/cp.mariadevillota.madrid\/index.php\/wp-json\/wp\/v2\/types\/page"}],"author":[{"embeddable":true,"href":"https:\/\/site.educa.madrid.org\/cp.mariadevillota.madrid\/index.php\/wp-json\/wp\/v2\/users\/3"}],"replies":[{"embeddable":true,"href":"https:\/\/site.educa.madrid.org\/cp.mariadevillota.madrid\/index.php\/wp-json\/wp\/v2\/comments?post=2646"}],"version-history":[{"count":41,"href":"https:\/\/site.educa.madrid.org\/cp.mariadevillota.madrid\/index.php\/wp-json\/wp\/v2\/pages\/2646\/revisions"}],"predecessor-version":[{"id":17319,"href":"https:\/\/site.educa.madrid.org\/cp.mariadevillota.madrid\/index.php\/wp-json\/wp\/v2\/pages\/2646\/revisions\/17319"}],"wp:attachment":[{"href":"https:\/\/site.educa.madrid.org\/cp.mariadevillota.madrid\/index.php\/wp-json\/wp\/v2\/media?parent=2646"}],"wp:term":[{"taxonomy":"folder","embeddable":true,"href":"https:\/\/site.educa.madrid.org\/cp.mariadevillota.madrid\/index.php\/wp-json\/wp\/v2\/folder?post=2646"}],"curies":[{"name":"wp","href":"https:\/\/api.w.org\/{rel}","templated":true}]}}