{"id":336,"date":"2019-11-15T19:20:55","date_gmt":"2019-11-15T19:20:55","guid":{"rendered":"https:\/\/site.educa.madrid.org\/cp.mariadevillota.madrid\/?page_id=336"},"modified":"2026-03-16T13:21:59","modified_gmt":"2026-03-16T12:21:59","slug":"educacion-infantil","status":"publish","type":"page","link":"https:\/\/site.educa.madrid.org\/cp.mariadevillota.madrid\/index.php\/educacion-infantil\/","title":{"rendered":"Educaci\u00f3n Infantil"},"content":{"rendered":"<div class=\"wp-block-image\">\n<figure class=\"alignright is-resized\"><img loading=\"lazy\" decoding=\"async\" width=\"200\" height=\"200\" src=\"https:\/\/site.educa.madrid.org\/cp.mariadevillota.madrid\/\/wp-content\/uploads\/cp.mariadevillota.madrid\/2019\/11\/profesora-e1574085826502.png\" alt=\"\" class=\"wp-image-424\" style=\"width:122px;height:122px\"\/><\/figure>\n<\/div>\n\n\n<hr class=\"wp-block-separator has-css-opacity is-style-default\"\/>\n\n\n\n<p><\/p>\n\n\n\n<p><\/p>\n\n\n\n<p class=\"has-text-align-center has-black-color has-text-color has-background has-medium-font-size\" style=\"background-color:#d2a1ff\"><strong>NUESTRA METODOLOG\u00cdA<\/strong><\/p>\n\n\n\n<p><\/p>\n\n\n\n<figure class=\"wp-block-embed is-type-wp-embed is-provider-genially wp-block-embed-genially\"><div class=\"wp-block-embed__wrapper\">\n<iframe class=\"wp-embedded-content\" sandbox=\"allow-scripts\" security=\"restricted\" title=\"Educaci\u00f3n Infantil Mar\u00eda de Villota\" frameborder='0' width='968' height='597' src='https:\/\/view.genially.com\/67aa04e682436d9bf33d21ed#?secret=hHCaT32tCd' data-secret='hHCaT32tCd' scrolling='yes'><\/iframe>\n<\/div><\/figure>\n\n\n\n<div class=\"wp-block-group\"><div class=\"wp-block-group__inner-container is-layout-flow wp-block-group-is-layout-flow\">\n<hr class=\"wp-block-separator has-css-opacity\"\/>\n<\/div><\/div>\n\n\n\n<p class=\"has-text-align-center has-text-color has-background has-normal-font-size\" style=\"color:#080808;background-color:#f1cad4\"><strong>DOCUMENTO ACLARATORIO ETAPA DE EDUCACI\u00d3N INFANTIL<\/strong><\/p>\n\n\n\n<p class=\"has-very-light-gray-background-color has-text-color has-background\" style=\"color:#09090a\">Desde el equipo de Educaci\u00f3n Infantil queremos aclarar, a trav\u00e9s de este documento, algunas cuestiones relativas a la organizaci\u00f3n del aula y el d\u00eda a d\u00eda.<\/p>\n\n\n\n<div class=\"wp-block-file aligncenter\"><a id=\"wp-block-file--media-97c6a0a5-33ae-48a0-8ec8-0bc5a11029ef\" href=\"https:\/\/site.educa.madrid.org\/cp.mariadevillota.madrid\/\/wp-content\/uploads\/cp.mariadevillota.madrid\/2026\/03\/INDICACIONES-EDUCACION-INFANTIL-para-la-web.pdf\"><strong><mark style=\"background-color:rgba(0, 0, 0, 0)\" class=\"has-inline-color has-black-color\">INDICACIONES EDUCACI\u00d3N  INFANTIL para la web<\/mark><\/strong><\/a><a href=\"https:\/\/site.educa.madrid.org\/cp.mariadevillota.madrid\/\/wp-content\/uploads\/cp.mariadevillota.madrid\/2026\/03\/INDICACIONES-EDUCACION-INFANTIL-para-la-web.pdf\" class=\"wp-block-file__button wp-element-button\" download aria-describedby=\"wp-block-file--media-97c6a0a5-33ae-48a0-8ec8-0bc5a11029ef\">Descarga<\/a><\/div>\n\n\n\n<hr class=\"wp-block-separator has-css-opacity is-style-wide\"\/>\n\n\n\n<blockquote class=\"wp-block-quote is-style-default is-layout-flow wp-block-quote-is-layout-flow\">\n<p class=\"has-black-color has-white-background-color has-text-color has-background\">\u201cUna escuela debe ser un lugar para todos los ni\u00f1os, no basado en la idea de que todos son iguales, sino que todos son diferentes\u201d <\/p>\n\n\n\n<p class=\"has-black-color has-white-background-color has-text-color has-background\"><strong>Loris Malaguzzi<\/strong> <\/p>\n<\/blockquote>\n\n\n\n<hr class=\"wp-block-separator has-css-opacity\"\/>\n\n\n\n<div class=\"wp-block-group\"><div class=\"wp-block-group__inner-container is-layout-constrained wp-block-group-is-layout-constrained\">\n<div class=\"wp-block-group\"><div class=\"wp-block-group__inner-container is-layout-flow wp-block-group-is-layout-flow\">\n<div class=\"wp-block-group\"><div class=\"wp-block-group__inner-container is-layout-flow wp-block-group-is-layout-flow\">\n<div class=\"wp-block-group has-text-color\" style=\"color:#0b0b0b\"><div class=\"wp-block-group__inner-container is-layout-flow wp-block-group-is-layout-flow\">\n<p class=\"has-very-light-gray-background-color has-text-color has-background\" style=\"color:#0a0a0a\">Entendemos la Educaci\u00f3n Infantil como una <strong>etapa flexible<\/strong>, de constante cambio, crecimiento y desarrollo personal. <\/p>\n<\/div><\/div>\n<\/div><\/div>\n\n\n\n<p class=\"has-very-light-gray-background-color has-text-color has-background\" style=\"color:#0a0a0a\">Una etapa creativa y abierta a <strong>investigar<\/strong>, <strong>experimentar<\/strong> y <strong>descubrir<\/strong> el entorno y el mundo que nos rodea, tanto de forma individual como conjunta. <\/p>\n<\/div><\/div>\n\n\n\n<p class=\"has-very-light-gray-background-color has-text-color has-background\" style=\"color:#0a0a0a\">Es por ello que nuestra metodolog\u00eda est\u00e1 basada en <strong>pedagog\u00edas activas<\/strong> que sit\u00faan al ni\u00f1o como protagonista de su propio aprendizaje y a la maestra como una gu\u00eda que acompa\u00f1a, escucha y respeta sus procesos.<\/p>\n\n\n\n<p class=\"has-very-light-gray-background-color has-text-color has-background\" style=\"color:#0a0a0a\">Y es a trav\u00e9s de los <strong>PROYECTOS<\/strong> como enlazamos sus conocimientos y experiencias previas con los nuevos aprendizajes, procurando que sean lo m\u00e1s significativos y motivadores posibles.<\/p>\n\n\n\n<p class=\"has-very-light-gray-background-color has-text-color has-background\" style=\"color:#0a0a0a\">Consideramos fundamental el <strong>trabajo en equipo<\/strong>, la cooperaci\u00f3n, la creaci\u00f3n de espacios de intercambio y aprendizaje conjunto, creando un ambiente de <strong>afecto <\/strong>y<strong> confianza <\/strong>donde aprender y enriquecernos los unos de los otros.<\/p>\n\n\n\n<p class=\"has-very-light-gray-background-color has-text-color has-background\" style=\"color:#0a0a0a\">As\u00ed, el <strong>juego<\/strong> se convierte en el eje transversal de la actividad en Educaci\u00f3n Infantil por lo que todas nuestras propuestas est\u00e1n basadas en el mismo. <\/p>\n<\/div><\/div>\n\n\n\n<blockquote class=\"wp-block-quote is-layout-flow wp-block-quote-is-layout-flow\">\n<div class=\"wp-block-group\"><div class=\"wp-block-group__inner-container is-layout-constrained wp-block-group-is-layout-constrained\">\n<p class=\"has-black-color has-white-background-color has-text-color has-background\"> \u201c A school must be a place for all children, not based on the idea that all children are the same, but in the idea that all children are different. <\/p>\n\n\n\n<p class=\"has-black-color has-white-background-color has-text-color has-background\"> <strong>Loris Malaguzzi<\/strong>.<\/p>\n<\/div><\/div>\n<\/blockquote>\n\n\n\n<p class=\"has-black-color has-pale-cyan-blue-background-color has-text-color has-background\">At Mar\u00eda de Villota we believe that early years education is the most important time for our students.   The first Kinder years of school are for learning new things about ourselves and the world around us. <\/p>\n\n\n\n<p class=\"has-black-color has-pale-cyan-blue-background-color has-text-color has-background\">Here at school, the student is placed in the centre of their education where they can create, investigate and experiment under the guidance of our excellent teachers and support staff.              <\/p>\n\n\n\n<p class=\"has-black-color has-pale-cyan-blue-background-color has-text-color has-background\">Your child will discover a joy for learning and make friends that will last a lifetime.     <\/p>\n\n\n\n<p class=\"has-black-color has-pale-cyan-blue-background-color has-text-color has-background\">Our curriculum is linked throughout all school years, ensuring that knowledege is continually consolidated even when new topics are introduced.          <\/p>\n\n\n\n<p class=\"has-black-color has-pale-cyan-blue-background-color has-text-color has-background\">In our school we focus on collaborative learning so each student can explore how their individual skills can make teamwork a success.                                     <\/p>\n\n\n\n<p class=\"has-black-color has-pale-cyan-blue-background-color has-text-color has-background\">By putting play at the heart of early years education, we create a warm environment where all children can develop their self-confidence and florish as they continue their learning journey with us.<\/p>\n\n\n\n<hr class=\"wp-block-separator has-css-opacity\"\/>\n","protected":false},"excerpt":{"rendered":"<p>NUESTRA METODOLOG\u00cdA DOCUMENTO ACLARATORIO ETAPA DE EDUCACI\u00d3N INFANTIL Desde el equipo de Educaci\u00f3n Infantil queremos aclarar, a trav\u00e9s de este documento, algunas cuestiones relativas a la organizaci\u00f3n del aula y el d\u00eda a d\u00eda. \u201cUna escuela debe ser un lugar para todos los ni\u00f1os, no basado en la idea de que todos son iguales, sino<\/p><\/div>\n<div class=\"blog-btn\"><a href=\"https:\/\/site.educa.madrid.org\/cp.mariadevillota.madrid\/index.php\/educacion-infantil\/\" class=\"home-blog-btn\">Leer m\u00e1s<\/a><\/p>\n","protected":false},"author":3,"featured_media":424,"parent":0,"menu_order":0,"comment_status":"closed","ping_status":"closed","template":"","meta":{"footnotes":""},"folder":[],"class_list":["post-336","page","type-page","status-publish","has-post-thumbnail","hentry"],"rttpg_featured_image_url":{"full":["https:\/\/site.educa.madrid.org\/cp.mariadevillota.madrid\/\/wp-content\/uploads\/cp.mariadevillota.madrid\/2019\/11\/profesora-e1574085826502.png",200,200,false],"landscape":["https:\/\/site.educa.madrid.org\/cp.mariadevillota.madrid\/\/wp-content\/uploads\/cp.mariadevillota.madrid\/2019\/11\/profesora-e1574085826502.png",200,200,false],"portraits":["https:\/\/site.educa.madrid.org\/cp.mariadevillota.madrid\/\/wp-content\/uploads\/cp.mariadevillota.madrid\/2019\/11\/profesora-e1574085826502.png",200,200,false],"thumbnail":["https:\/\/site.educa.madrid.org\/cp.mariadevillota.madrid\/\/wp-content\/uploads\/cp.mariadevillota.madrid\/2019\/11\/profesora-150x150.png",150,150,true],"medium":["https:\/\/site.educa.madrid.org\/cp.mariadevillota.madrid\/\/wp-content\/uploads\/cp.mariadevillota.madrid\/2019\/11\/profesora-300x300.png",300,300,true],"large":["https:\/\/site.educa.madrid.org\/cp.mariadevillota.madrid\/\/wp-content\/uploads\/cp.mariadevillota.madrid\/2019\/11\/profesora-e1574085826502.png",200,200,false],"thumblist":["https:\/\/site.educa.madrid.org\/cp.mariadevillota.madrid\/\/wp-content\/uploads\/cp.mariadevillota.madrid\/2019\/11\/profesora-e1574085826502.png",200,200,false],"thumbrelated":["https:\/\/site.educa.madrid.org\/cp.mariadevillota.madrid\/\/wp-content\/uploads\/cp.mariadevillota.madrid\/2019\/11\/profesora-e1574085826502.png",200,200,false],"meccarouselthumb":["https:\/\/site.educa.madrid.org\/cp.mariadevillota.madrid\/\/wp-content\/uploads\/cp.mariadevillota.madrid\/2019\/11\/profesora-e1574085826502.png",200,200,false],"gridsquare":["https:\/\/site.educa.madrid.org\/cp.mariadevillota.madrid\/\/wp-content\/uploads\/cp.mariadevillota.madrid\/2019\/11\/profesora-e1574085826502.png",200,200,false],"tileview":["https:\/\/site.educa.madrid.org\/cp.mariadevillota.madrid\/\/wp-content\/uploads\/cp.mariadevillota.madrid\/2019\/11\/profesora-e1574085826502.png",200,200,false],"1536x1536":["https:\/\/site.educa.madrid.org\/cp.mariadevillota.madrid\/\/wp-content\/uploads\/cp.mariadevillota.madrid\/2019\/11\/profesora-e1574085826502.png",200,200,false],"2048x2048":["https:\/\/site.educa.madrid.org\/cp.mariadevillota.madrid\/\/wp-content\/uploads\/cp.mariadevillota.madrid\/2019\/11\/profesora-e1574085826502.png",200,200,false],"sow-carousel-default":["https:\/\/site.educa.madrid.org\/cp.mariadevillota.madrid\/\/wp-content\/uploads\/cp.mariadevillota.madrid\/2019\/11\/profesora-e1574085826502.png",182,182,false],"sow-post-carousel-overlay-theme":["https:\/\/site.educa.madrid.org\/cp.mariadevillota.madrid\/\/wp-content\/uploads\/cp.mariadevillota.madrid\/2019\/11\/profesora-e1574085826502.png",200,200,false],"sow-post-carousel-cards-theme":["https:\/\/site.educa.madrid.org\/cp.mariadevillota.madrid\/\/wp-content\/uploads\/cp.mariadevillota.madrid\/2019\/11\/profesora-e1574085826502.png",200,200,false],"rt_custom":["https:\/\/site.educa.madrid.org\/cp.mariadevillota.madrid\/\/wp-content\/uploads\/cp.mariadevillota.madrid\/2019\/11\/profesora-e1574085826502.png",200,200,false]},"rttpg_author":{"display_name":"cp.mariadevillota.madrid","author_link":"https:\/\/site.educa.madrid.org\/cp.mariadevillota.madrid\/index.php\/author\/cuenta_cp-mariadevillota-madrid\/"},"rttpg_comment":0,"rttpg_category":false,"rttpg_excerpt":"NUESTRA METODOLOG\u00cdA DOCUMENTO ACLARATORIO ETAPA DE EDUCACI\u00d3N INFANTIL Desde el equipo de Educaci\u00f3n Infantil queremos aclarar, a trav\u00e9s de este documento, algunas cuestiones relativas a la organizaci\u00f3n del aula y el d\u00eda a d\u00eda. \u201cUna escuela debe ser un lugar para todos los ni\u00f1os, no basado en la idea de que todos son iguales, sinoLeer&hellip;","post_mailing_queue_ids":[],"_links":{"self":[{"href":"https:\/\/site.educa.madrid.org\/cp.mariadevillota.madrid\/index.php\/wp-json\/wp\/v2\/pages\/336","targetHints":{"allow":["GET"]}}],"collection":[{"href":"https:\/\/site.educa.madrid.org\/cp.mariadevillota.madrid\/index.php\/wp-json\/wp\/v2\/pages"}],"about":[{"href":"https:\/\/site.educa.madrid.org\/cp.mariadevillota.madrid\/index.php\/wp-json\/wp\/v2\/types\/page"}],"author":[{"embeddable":true,"href":"https:\/\/site.educa.madrid.org\/cp.mariadevillota.madrid\/index.php\/wp-json\/wp\/v2\/users\/3"}],"replies":[{"embeddable":true,"href":"https:\/\/site.educa.madrid.org\/cp.mariadevillota.madrid\/index.php\/wp-json\/wp\/v2\/comments?post=336"}],"version-history":[{"count":48,"href":"https:\/\/site.educa.madrid.org\/cp.mariadevillota.madrid\/index.php\/wp-json\/wp\/v2\/pages\/336\/revisions"}],"predecessor-version":[{"id":18628,"href":"https:\/\/site.educa.madrid.org\/cp.mariadevillota.madrid\/index.php\/wp-json\/wp\/v2\/pages\/336\/revisions\/18628"}],"wp:featuredmedia":[{"embeddable":true,"href":"https:\/\/site.educa.madrid.org\/cp.mariadevillota.madrid\/index.php\/wp-json\/wp\/v2\/media\/424"}],"wp:attachment":[{"href":"https:\/\/site.educa.madrid.org\/cp.mariadevillota.madrid\/index.php\/wp-json\/wp\/v2\/media?parent=336"}],"wp:term":[{"taxonomy":"folder","embeddable":true,"href":"https:\/\/site.educa.madrid.org\/cp.mariadevillota.madrid\/index.php\/wp-json\/wp\/v2\/folder?post=336"}],"curies":[{"name":"wp","href":"https:\/\/api.w.org\/{rel}","templated":true}]}}