{"id":338,"date":"2019-11-15T19:21:13","date_gmt":"2019-11-15T19:21:13","guid":{"rendered":"https:\/\/site.educa.madrid.org\/cp.mariadevillota.madrid\/?page_id=338"},"modified":"2025-03-04T13:48:50","modified_gmt":"2025-03-04T12:48:50","slug":"educacion-primaria","status":"publish","type":"page","link":"https:\/\/site.educa.madrid.org\/cp.mariadevillota.madrid\/index.php\/educacion-primaria\/","title":{"rendered":"Educaci\u00f3n Primaria"},"content":{"rendered":"<div class=\"wp-block-image\">\n<figure class=\"alignright is-resized\"><img loading=\"lazy\" decoding=\"async\" width=\"250\" height=\"250\" src=\"https:\/\/site.educa.madrid.org\/cp.mariadevillota.madrid\/\/wp-content\/uploads\/cp.mariadevillota.madrid\/2019\/11\/profesora-1-e1574086007888.png\" alt=\"\" class=\"wp-image-425\" style=\"width:187px;height:187px\"\/><\/figure>\n<\/div>\n\n\n<p class=\"has-text-align-center has-black-color has-text-color has-background has-medium-font-size\" style=\"background-color:#d2a1ff\"><strong>PRIMARIA 1\u00ba a 6\u00ba<\/strong><\/p>\n\n\n\n<blockquote class=\"wp-block-quote has-black-color has-white-background-color has-text-color has-background is-layout-flow wp-block-quote-is-layout-flow\">\n<p class=\"has-black-color has-white-background-color has-text-color has-background has-medium-font-size\">\u201cEnse\u00f1ar no es transferir el conocimiento, sino crear las posibilidades para su propia posibilidad o construcci\u00f3n\u201d.<\/p>\n\n\n\n<p class=\"has-text-align-right has-black-color has-white-background-color has-text-color has-background has-medium-font-size\"> <em>Paulo Freire.    <\/em><\/p>\n<\/blockquote>\n\n\n\n<p class=\"has-black-color has-cyan-bluish-gray-background-color has-text-color has-background\">Entendemos la <strong>Educaci\u00f3n Primaria<\/strong> como una etapa educativa que comprende seis cursos acad\u00e9micos, que se cursar\u00e1n ordinariamente entre los seis y los doce a\u00f1os de edad.<\/p>\n\n\n\n<p class=\"has-black-color has-cyan-bluish-gray-background-color has-text-color has-background\">La finalidad de la Educaci\u00f3n primaria es proporcionar a todos los alumnos y alumnas los aprendizajes de la <strong>expresi\u00f3n y comprensi\u00f3n oral<\/strong>, la <strong>lectura<\/strong>, la <strong>escritura<\/strong>, el <strong>c\u00e1lculo<\/strong>, la adquisici\u00f3n de las nociones b\u00e1sicas de la <strong>cultura<\/strong>, y el h\u00e1bito de la <strong>convivencia<\/strong> as\u00ed como los de estudio y trabajo, el <strong>sentido art\u00edstico, <\/strong>la<strong> creatividad <\/strong>y la <strong>afectividad<\/strong>, con el fin de garantizar una <strong>formaci\u00f3n integral<\/strong> que contribuya al pleno desarrollo de la personalidad de los alumnos y alumnas.<\/p>\n\n\n\n<p class=\"has-black-color has-cyan-bluish-gray-background-color has-text-color has-background\">En nuestro centro apostamos por unas <strong>metodolog\u00edas activas<\/strong> que tienen un car\u00e1cter personal y se adaptan a los distintos ritmos de aprendizaje de cada ni\u00f1o.<\/p>\n\n\n\n<p class=\"has-black-color has-cyan-bluish-gray-background-color has-text-color has-background\">La apuesta por el <strong>trabajo en equipo<\/strong> y la <strong>resoluci\u00f3n de problemas<\/strong> basados en situaciones de la vida real son dos de las cualidades esenciales del uso de las metodolog\u00edas activas en el aula. De igual modo, logran una mayor <strong>motivaci\u00f3n <\/strong>y <strong>participaci\u00f3n<\/strong> por parte del alumno, que puede contrastar puntos de vista con el resto de sus compa\u00f1eros y exponer sus propios razonamientos ante cada situaci\u00f3n; de ah\u00ed, que la comprensi\u00f3n se mejore y el aprendizaje conseguido tambi\u00e9n. <\/p>\n\n\n\n<p class=\"has-black-color has-cyan-bluish-gray-background-color has-text-color has-background\">Todo ello se logra porque durante el proceso de desarrollo de sus habilidades y capacidades puede entender mucho mejor un texto, relacionar informaciones entre s\u00ed, saber cu\u00e1l es la estrategia que tiene que llevar a cabo seg\u00fan el contexto de que se trate\u2026<\/p>\n\n\n\n<p class=\"has-black-color has-cyan-bluish-gray-background-color has-text-color has-background\">En todas las \u00e1reas se trabaja de forma<strong> transversal<\/strong>: la comprensi\u00f3n lectora, la expresi\u00f3n oral y escrita, la comunicaci\u00f3n audiovisual, el emprendimiento y la educaci\u00f3n c\u00edvica y constitucional.<\/p>\n\n\n\n<p class=\"has-black-color has-cyan-bluish-gray-background-color has-text-color has-background\">Somos una comunidad educativa que ofrece una educaci\u00f3n caracterizada por el desarrollo de la <strong>creatividad <\/strong>y el aumento de las <strong>competencias comunicativas<\/strong> de los alumnos.<\/p>\n\n\n\n<p class=\"has-text-align-center has-black-color has-text-color has-background has-medium-font-size\" style=\"background-color:#d2a1ff\"><strong>PRIMARY EDUCATION<\/strong><\/p>\n\n\n\n<p class=\"has-black-color has-pale-cyan-blue-background-color has-text-color has-background\">Your child will spend six academic years in <strong>Primary Education<\/strong>, from age six until they are twelve.<\/p>\n\n\n\n<p class=\"has-black-color has-pale-cyan-blue-background-color has-text-color has-background\">The goal of primary education is for children to develop <strong>communication<\/strong> skills with their peers and the wider school community. This will enable them to start thinking more about the world around them. They will begin their exciting journey into <strong>reading<\/strong>, <strong>writing<\/strong>, <strong>maths<\/strong> and <strong>languages<\/strong> along with <strong>creative<\/strong> studies and physical education. In our engaging learning environment and with the support of our excellent staff, we encourage habits for life-long learning by helping students develop study skills and an enthusiastic work ethic. We believe this approach helps the student exalore their persoanlity and contibutes greatly to the people they will become.<\/p>\n\n\n\n<p class=\"has-black-color has-pale-cyan-blue-background-color has-text-color has-background\">In our school we use <strong>active learning methods<\/strong>. This means the students must think, cr\u00e9ate, collaborate and solve problems. This approach is enterely adaptable to your child\u2019s needs.<\/p>\n\n\n\n<p class=\"has-black-color has-pale-cyan-blue-background-color has-text-color has-background\">By using active, <strong>collaborative learning<\/strong> the students become motivated to participate in class so that they can share ideas with their classmates. This gives them real input into their learning outcomes and objectives and reinforces their peer to peer relationships.<\/p>\n\n\n\n<p class=\"has-black-color has-pale-cyan-blue-background-color has-text-color has-background\">At Mar\u00eda de Villota the curriculum is linked throughout the core skills your child will develop. These include Reading comprehension, oral and written expression and constitutional and civic education. We do this using modern and traditional resources appropiate to the topic.<\/p>\n\n\n\n<p class=\"has-black-color has-pale-cyan-blue-background-color has-text-color has-background\">Our school is a thriving community that encourages <strong>creativity,<\/strong> <strong>communication<\/strong>, <strong>collaboration<\/strong> whilst respecting the <strong>individuality<\/strong> of each of our students.<\/p>\n","protected":false},"excerpt":{"rendered":"<p>PRIMARIA 1\u00ba a 6\u00ba \u201cEnse\u00f1ar no es transferir el conocimiento, sino crear las posibilidades para su propia posibilidad o construcci\u00f3n\u201d. Paulo Freire. Entendemos la Educaci\u00f3n Primaria como una etapa educativa que comprende seis cursos acad\u00e9micos, que se cursar\u00e1n ordinariamente entre los seis y los doce a\u00f1os de edad. La finalidad de la Educaci\u00f3n primaria es<\/p><\/div>\n<div class=\"blog-btn\"><a href=\"https:\/\/site.educa.madrid.org\/cp.mariadevillota.madrid\/index.php\/educacion-primaria\/\" class=\"home-blog-btn\">Leer m\u00e1s<\/a><\/p>\n","protected":false},"author":3,"featured_media":0,"parent":0,"menu_order":0,"comment_status":"closed","ping_status":"closed","template":"","meta":{"footnotes":""},"folder":[],"class_list":["post-338","page","type-page","status-publish","hentry"],"rttpg_featured_image_url":null,"rttpg_author":{"display_name":"cp.mariadevillota.madrid","author_link":"https:\/\/site.educa.madrid.org\/cp.mariadevillota.madrid\/index.php\/author\/cuenta_cp-mariadevillota-madrid\/"},"rttpg_comment":0,"rttpg_category":false,"rttpg_excerpt":"PRIMARIA 1\u00ba a 6\u00ba \u201cEnse\u00f1ar no es transferir el conocimiento, sino crear las posibilidades para su propia posibilidad o construcci\u00f3n\u201d. Paulo Freire. Entendemos la Educaci\u00f3n Primaria como una etapa educativa que comprende seis cursos acad\u00e9micos, que se cursar\u00e1n ordinariamente entre los seis y los doce a\u00f1os de edad. La finalidad de la Educaci\u00f3n primaria esLeer&hellip;","post_mailing_queue_ids":[],"_links":{"self":[{"href":"https:\/\/site.educa.madrid.org\/cp.mariadevillota.madrid\/index.php\/wp-json\/wp\/v2\/pages\/338","targetHints":{"allow":["GET"]}}],"collection":[{"href":"https:\/\/site.educa.madrid.org\/cp.mariadevillota.madrid\/index.php\/wp-json\/wp\/v2\/pages"}],"about":[{"href":"https:\/\/site.educa.madrid.org\/cp.mariadevillota.madrid\/index.php\/wp-json\/wp\/v2\/types\/page"}],"author":[{"embeddable":true,"href":"https:\/\/site.educa.madrid.org\/cp.mariadevillota.madrid\/index.php\/wp-json\/wp\/v2\/users\/3"}],"replies":[{"embeddable":true,"href":"https:\/\/site.educa.madrid.org\/cp.mariadevillota.madrid\/index.php\/wp-json\/wp\/v2\/comments?post=338"}],"version-history":[{"count":15,"href":"https:\/\/site.educa.madrid.org\/cp.mariadevillota.madrid\/index.php\/wp-json\/wp\/v2\/pages\/338\/revisions"}],"predecessor-version":[{"id":15701,"href":"https:\/\/site.educa.madrid.org\/cp.mariadevillota.madrid\/index.php\/wp-json\/wp\/v2\/pages\/338\/revisions\/15701"}],"wp:attachment":[{"href":"https:\/\/site.educa.madrid.org\/cp.mariadevillota.madrid\/index.php\/wp-json\/wp\/v2\/media?parent=338"}],"wp:term":[{"taxonomy":"folder","embeddable":true,"href":"https:\/\/site.educa.madrid.org\/cp.mariadevillota.madrid\/index.php\/wp-json\/wp\/v2\/folder?post=338"}],"curies":[{"name":"wp","href":"https:\/\/api.w.org\/{rel}","templated":true}]}}